{"id":614,"date":"2023-01-19T11:28:50","date_gmt":"2023-01-19T10:28:50","guid":{"rendered":"https:\/\/blogsaverroes.juntadeandalucia.es\/ceipjosehurtado\/?page_id=614"},"modified":"2025-04-10T15:57:33","modified_gmt":"2025-04-10T14:57:33","slug":"periodico","status":"publish","type":"page","link":"https:\/\/blogsaverroes.juntadeandalucia.es\/ceipjosehurtado\/periodico\/","title":{"rendered":"Peri\u00f3dico"},"content":{"rendered":"<p style=\"text-align: justify\">Bienvenidos a la p\u00e1gina web del &#8220;Duende Hurtado&#8221;.<\/p>\n<p style=\"text-align: justify\">Aqu\u00ed encontrar\u00e1s enlaces a las noticias, v\u00eddeos y podcasts de nuestro peri\u00f3dico.<br \/>\n<img loading=\"lazy\" decoding=\"async\" src=\"https:\/\/blogsaverroes.juntadeandalucia.es\/ceipjosehurtado\/files\/2023\/01\/periodico.jpg\" alt=\"\" width=\"525\" height=\"324\"><\/p>\n","protected":false},"excerpt":{"rendered":"<p>Bienvenidos a la p\u00e1gina web del &#8220;Duende Hurtado&#8221;. Aqu\u00ed encontrar\u00e1s enlaces a las noticias, v\u00eddeos y podcasts de nuestro peri\u00f3dico.<\/p>\n","protected":false},"author":15504,"featured_media":591,"parent":0,"menu_order":0,"comment_status":"closed","ping_status":"closed","template":"","meta":{"ngg_post_thumbnail":0,"footnotes":""},"aioseo_notices":[],"_links":{"self":[{"href":"https:\/\/blogsaverroes.juntadeandalucia.es\/ceipjosehurtado\/wp-json\/wp\/v2\/pages\/614"}],"collection":[{"href":"https:\/\/blogsaverroes.juntadeandalucia.es\/ceipjosehurtado\/wp-json\/wp\/v2\/pages"}],"about":[{"href":"https:\/\/blogsaverroes.juntadeandalucia.es\/ceipjosehurtado\/wp-json\/wp\/v2\/types\/page"}],"author":[{"embeddable":true,"href":"https:\/\/blogsaverroes.juntadeandalucia.es\/ceipjosehurtado\/wp-json\/wp\/v2\/users\/15504"}],"replies":[{"embeddable":true,"href":"https:\/\/blogsaverroes.juntadeandalucia.es\/ceipjosehurtado\/wp-json\/wp\/v2\/comments?post=614"}],"version-history":[{"count":7,"href":"https:\/\/blogsaverroes.juntadeandalucia.es\/ceipjosehurtado\/wp-json\/wp\/v2\/pages\/614\/revisions"}],"predecessor-version":[{"id":1408,"href":"https:\/\/blogsaverroes.juntadeandalucia.es\/ceipjosehurtado\/wp-json\/wp\/v2\/pages\/614\/revisions\/1408"}],"wp:featuredmedia":[{"embeddable":true,"href":"https:\/\/blogsaverroes.juntadeandalucia.es\/ceipjosehurtado\/wp-json\/wp\/v2\/media\/591"}],"wp:attachment":[{"href":"https:\/\/blogsaverroes.juntadeandalucia.es\/ceipjosehurtado\/wp-json\/wp\/v2\/media?parent=614"}],"curies":[{"name":"wp","href":"https:\/\/api.w.org\/{rel}","templated":true}]}}