{"id":636,"date":"2023-01-26T11:18:01","date_gmt":"2023-01-26T10:18:01","guid":{"rendered":"https:\/\/blogsaverroes.juntadeandalucia.es\/ceipjosehurtado\/?page_id=636"},"modified":"2025-04-10T15:56:05","modified_gmt":"2025-04-10T14:56:05","slug":"nuestra-historia-2","status":"publish","type":"page","link":"https:\/\/blogsaverroes.juntadeandalucia.es\/ceipjosehurtado\/nuestra-historia-2\/","title":{"rendered":"Nuestra Historia"},"content":{"rendered":"<p style=\"text-align: justify\">El&nbsp;<strong>CEIP Jos\u00e9 Hurtado<\/strong>&nbsp;tiene una larga historia que contar. El solar que ocupa en la actualidad fue, en otro tiempo, convento, c\u00e1rcel y descampado de juegos para los ni\u00f1os&nbsp;<em>gre\u00f1\u00faos<\/em>&nbsp;del Realejo.<\/p>\n<p style=\"text-align: justify\">&nbsp; &nbsp; En los a\u00f1os 20, el arquitecto <strong>Alfredo Rodr\u00edguez Orgaz<\/strong> proyect\u00f3 la construcci\u00f3n de un grupo escolar en el descampado, enmarcado en las corrientes pedag\u00f3gicas de la II Rep\u00fablica. Pero, el colegio,&nbsp; con importantes cambios en los planos originales, no se inaugur\u00f3 hasta el a\u00f1o 56, con el nombre de <strong>Divisi\u00f3n Azul.<\/strong>&nbsp;En aquellos tiempos, el edificio luc\u00eda dos magn\u00edficos relieves en cada una de sus puertas principales, realizados por el afamado escultor granadino&nbsp;<strong>Francisco L\u00f3pez Burgos<\/strong>. Son los mismos que a\u00fan conserva en la actualidad, y que son una de las se\u00f1as de identidad de nuestro Centro.<\/p>\n<p style=\"text-align: justify\"><a href=\"http:\/\/ceipjosehurtado.files.wordpress.com\/2011\/03\/colegio-relieve-portada2.jpg\"><img decoding=\"async\" title=\"CEIP, Jos\u00e9 Hurtado\" src=\"http:\/\/ceipjosehurtado.files.wordpress.com\/2011\/03\/colegio-relieve-portada2.jpg?w=640\" alt=\"\"><\/a>&nbsp; &nbsp; &nbsp;Los nombres de estos grandes art\u00edfices son los que han hecho a nuestro colegio especial. El inmueble est\u00e1 incluido en el&nbsp;<strong>Cat\u00e1logo General del Patrimonio Hist\u00f3rico Andaluz<\/strong>, con un nivel A2 de protecci\u00f3n en el Plan Especial de Reforma Interior y Cat\u00e1logo del \u00c1rea Centro de Granada. Es el \u00fanico colegio que se mantiene en pie de los proyectados por Alfredo Rodr\u00edguez Orgaz, ejemplo de las corrientes higienistas al uso desde los a\u00f1os 20 en la construcci\u00f3n de escuelas y colegios, y ejemplo de la implantaci\u00f3n masiva de equipamientos escolares durante la II Rep\u00fablica.<\/p>\n<p style=\"text-align: justify\">&nbsp; &nbsp; Uno de los maestros del antiguo colegio,&nbsp;<strong>Jos\u00e9 Hurtado Abril<\/strong>, destac\u00f3 por su amor a los ni\u00f1os y ni\u00f1as, por su compromiso y sus firmes convicciones&nbsp; acerca de la importante labor de la educaci\u00f3n en la sociedad. Jos\u00e9 Hurtado ejerci\u00f3 como maestro en este colegio hasta el d\u00eda de su jubilaci\u00f3n. Entonces, se le ofreci\u00f3 que el centro escolar llevara su nombre. \u201cEl d\u00eda de mi jubilaci\u00f3n me ofrecieron el gran regalo del cambio de nombre que yo, aunque creo no merecer, aceptar\u00e9 de todo coraz\u00f3n\u201d, declar\u00f3 en aquel momento.<\/p>\n<p style=\"text-align: justify\">&nbsp; &nbsp; &nbsp;Despu\u00e9s de su jubilaci\u00f3n el maestro Jos\u00e9 Hurtado continu\u00f3 visitando el colegio. El d\u00eda de su santo, invitaba a todos los maestros y maestras a desayunar en la cafeter\u00eda de enfrente. En sus visitas, siempre aprovechaba la ocasi\u00f3n para hablarles a ni\u00f1os\/as y maestros\/as de la importancia del trabajo docente, de lo necesario que es estimular a los peque\u00f1os\/as para que estudien y aprendan. Don Jos\u00e9 Hurtado Abril estaba convencido de que <strong>\u201cla buena educaci\u00f3n es el sustento fundamental del ser humano\u201d.<\/strong><\/p>\n<p style=\"margin-top: 12px;margin-bottom: 12px;color: #000000;font-family: Tahoma, Arial, Helvetica, sans-serif;font-size: 13px;text-align: justify\">&nbsp;<\/p>\n","protected":false},"excerpt":{"rendered":"<p>El&nbsp;CEIP Jos\u00e9 Hurtado&nbsp;tiene una larga historia que contar. El solar que ocupa en la actualidad fue, en otro tiempo, convento, c\u00e1rcel y descampado de juegos para los ni\u00f1os&nbsp;gre\u00f1\u00faos&nbsp;del Realejo. &nbsp; &nbsp; En los a\u00f1os 20, el arquitecto Alfredo Rodr\u00edguez Orgaz proyect\u00f3 la construcci\u00f3n de un grupo escolar en el descampado, enmarcado en las corrientes pedag\u00f3gicas &hellip; <\/p>\n<p class=\"link-more\"><a href=\"https:\/\/blogsaverroes.juntadeandalucia.es\/ceipjosehurtado\/nuestra-historia-2\/\" class=\"more-link\">Continuar leyendo<span class=\"screen-reader-text\"> &#8220;Nuestra Historia&#8221;<\/span><\/a><\/p>\n","protected":false},"author":15506,"featured_media":656,"parent":0,"menu_order":0,"comment_status":"closed","ping_status":"closed","template":"","meta":{"ngg_post_thumbnail":0,"footnotes":""},"aioseo_notices":[],"_links":{"self":[{"href":"https:\/\/blogsaverroes.juntadeandalucia.es\/ceipjosehurtado\/wp-json\/wp\/v2\/pages\/636"}],"collection":[{"href":"https:\/\/blogsaverroes.juntadeandalucia.es\/ceipjosehurtado\/wp-json\/wp\/v2\/pages"}],"about":[{"href":"https:\/\/blogsaverroes.juntadeandalucia.es\/ceipjosehurtado\/wp-json\/wp\/v2\/types\/page"}],"author":[{"embeddable":true,"href":"https:\/\/blogsaverroes.juntadeandalucia.es\/ceipjosehurtado\/wp-json\/wp\/v2\/users\/15506"}],"replies":[{"embeddable":true,"href":"https:\/\/blogsaverroes.juntadeandalucia.es\/ceipjosehurtado\/wp-json\/wp\/v2\/comments?post=636"}],"version-history":[{"count":18,"href":"https:\/\/blogsaverroes.juntadeandalucia.es\/ceipjosehurtado\/wp-json\/wp\/v2\/pages\/636\/revisions"}],"predecessor-version":[{"id":1407,"href":"https:\/\/blogsaverroes.juntadeandalucia.es\/ceipjosehurtado\/wp-json\/wp\/v2\/pages\/636\/revisions\/1407"}],"wp:featuredmedia":[{"embeddable":true,"href":"https:\/\/blogsaverroes.juntadeandalucia.es\/ceipjosehurtado\/wp-json\/wp\/v2\/media\/656"}],"wp:attachment":[{"href":"https:\/\/blogsaverroes.juntadeandalucia.es\/ceipjosehurtado\/wp-json\/wp\/v2\/media?parent=636"}],"curies":[{"name":"wp","href":"https:\/\/api.w.org\/{rel}","templated":true}]}}