{"id":141,"date":"2019-03-01T10:00:24","date_gmt":"2019-03-01T10:00:24","guid":{"rendered":"http:\/\/blogsaverroes.juntadeandalucia.es\/pre\/ceip\/?page_id=141"},"modified":"2026-02-25T20:01:35","modified_gmt":"2026-02-25T19:01:35","slug":"escolarizacion","status":"publish","type":"page","link":"https:\/\/blogsaverroes.juntadeandalucia.es\/ceipjoseluissanchez\/escolarizacion\/","title":{"rendered":"Escolarizaci\u00f3n curso 2026-2027"},"content":{"rendered":"<p>Comienza el periodo de admisi\u00f3n para los alumnos\/as de nueva incorporaci\u00f3n para el curso escolar 2026\/2027.<\/p>\n<p>Las solicitudes podr\u00e1n presentarse desde el 1 al 31 de marzo, tanto por v\u00eda telem\u00e1tica en la secretar\u00eda virtual de la Junta de Andaluc\u00eda,&nbsp; como presencialmente en la Secretar\u00eda del centro en horario de 12:00 a 14:00 horas.<\/p>\n<p>Adjuntamos la solicitud para su cumplimentaci\u00f3n.<\/p>\n<p><a href=\"https:\/\/blogsaverroes.juntadeandalucia.es\/ceipjoseluissanchez\/files\/2025\/02\/3_Anexo-III-Admision.pdf\">3_Anexo III Admisi\u00f3n<\/a><\/p>\n<p>&nbsp;<\/p>\n<p><a href=\"https:\/\/blogsaverroes.juntadeandalucia.es\/ceipjoseluissanchez\/files\/2026\/02\/Instrucciones-escolarizacion-2026-2027.pdf\">Instrucciones escolarizaci\u00f3n 2026-2027<\/a><\/p>\n","protected":false},"excerpt":{"rendered":"<p>Comienza el periodo de admisi\u00f3n para los alumnos\/as de nueva incorporaci\u00f3n para el curso escolar 2026\/2027. Las solicitudes podr\u00e1n presentarse desde el 1 al 31 de marzo, tanto por v\u00eda telem\u00e1tica en la secretar\u00eda&#46;&#46;&#46;<\/p>\n","protected":false},"author":1,"featured_media":0,"parent":0,"menu_order":0,"comment_status":"closed","ping_status":"open","template":"","meta":{"ngg_post_thumbnail":0,"footnotes":"","_mc_calendar":[]},"aioseo_notices":[],"_links":{"self":[{"href":"https:\/\/blogsaverroes.juntadeandalucia.es\/ceipjoseluissanchez\/wp-json\/wp\/v2\/pages\/141"}],"collection":[{"href":"https:\/\/blogsaverroes.juntadeandalucia.es\/ceipjoseluissanchez\/wp-json\/wp\/v2\/pages"}],"about":[{"href":"https:\/\/blogsaverroes.juntadeandalucia.es\/ceipjoseluissanchez\/wp-json\/wp\/v2\/types\/page"}],"author":[{"embeddable":true,"href":"https:\/\/blogsaverroes.juntadeandalucia.es\/ceipjoseluissanchez\/wp-json\/wp\/v2\/users\/1"}],"replies":[{"embeddable":true,"href":"https:\/\/blogsaverroes.juntadeandalucia.es\/ceipjoseluissanchez\/wp-json\/wp\/v2\/comments?post=141"}],"version-history":[{"count":24,"href":"https:\/\/blogsaverroes.juntadeandalucia.es\/ceipjoseluissanchez\/wp-json\/wp\/v2\/pages\/141\/revisions"}],"predecessor-version":[{"id":5561,"href":"https:\/\/blogsaverroes.juntadeandalucia.es\/ceipjoseluissanchez\/wp-json\/wp\/v2\/pages\/141\/revisions\/5561"}],"wp:attachment":[{"href":"https:\/\/blogsaverroes.juntadeandalucia.es\/ceipjoseluissanchez\/wp-json\/wp\/v2\/media?parent=141"}],"curies":[{"name":"wp","href":"https:\/\/api.w.org\/{rel}","templated":true}]}}