{"id":2644,"date":"2019-05-09T16:50:02","date_gmt":"2019-05-09T16:50:02","guid":{"rendered":"https:\/\/blogsaverroes.juntadeandalucia.es\/ceipjoseluissanchez\/?page_id=2644"},"modified":"2019-05-10T05:08:05","modified_gmt":"2019-05-10T05:08:05","slug":"recomendaciones","status":"publish","type":"page","link":"https:\/\/blogsaverroes.juntadeandalucia.es\/ceipjoseluissanchez\/recomendaciones\/","title":{"rendered":"Recomendaciones"},"content":{"rendered":"<h2><span style=\"font-size: 18pt\"><strong><span style=\"font-family: 'comic sans ms', sans-serif\">EL PUNTO<\/span><\/strong><\/span><a href=\"https:\/\/blogsaverroes.juntadeandalucia.es\/ceipjoseluissanchez\/files\/2019\/05\/el_punto-.jpg\"><br \/>\n<img loading=\"lazy\" decoding=\"async\" class=\"aligncenter size-full wp-image-2637\" src=\"https:\/\/blogsaverroes.juntadeandalucia.es\/ceipjoseluissanchez\/files\/2019\/05\/el_punto-.jpg\" alt=\"\" width=\"731\" height=\"569\" srcset=\"https:\/\/blogsaverroes.juntadeandalucia.es\/ceipjoseluissanchez\/files\/2019\/05\/el_punto-.jpg 731w, https:\/\/blogsaverroes.juntadeandalucia.es\/ceipjoseluissanchez\/files\/2019\/05\/el_punto--300x234.jpg 300w, https:\/\/blogsaverroes.juntadeandalucia.es\/ceipjoseluissanchez\/files\/2019\/05\/el_punto--24x19.jpg 24w, https:\/\/blogsaverroes.juntadeandalucia.es\/ceipjoseluissanchez\/files\/2019\/05\/el_punto--36x28.jpg 36w, https:\/\/blogsaverroes.juntadeandalucia.es\/ceipjoseluissanchez\/files\/2019\/05\/el_punto--48x37.jpg 48w\" sizes=\"(max-width: 731px) 100vw, 731px\" \/><\/a><span style=\"font-family: 'comic sans ms', sans-serif;font-size: 14pt;color: #ff6600\">Puedes ver el v\u00eddeo <a href=\"https:\/\/www.youtube.com\/watch?v=d8GzMfhe1mM\">aqu\u00ed<\/a><\/span><\/h2>\n<p>&nbsp;<\/p>\n<p><span style=\"color: #333399\"><span style=\"font-family: 'comic sans ms', sans-serif;font-size: 18pt\"><strong>EL CAZO DE LORENZO<\/strong><\/span><\/span><\/p>\n<p><a href=\"https:\/\/blogsaverroes.juntadeandalucia.es\/ceipjoseluissanchez\/files\/2019\/05\/el-cazo-de-lorenzo.jpg\"><img loading=\"lazy\" decoding=\"async\" class=\"aligncenter size-full wp-image-2653\" src=\"https:\/\/blogsaverroes.juntadeandalucia.es\/ceipjoseluissanchez\/files\/2019\/05\/el-cazo-de-lorenzo.jpg\" alt=\"\" width=\"912\" height=\"600\" srcset=\"https:\/\/blogsaverroes.juntadeandalucia.es\/ceipjoseluissanchez\/files\/2019\/05\/el-cazo-de-lorenzo.jpg 912w, https:\/\/blogsaverroes.juntadeandalucia.es\/ceipjoseluissanchez\/files\/2019\/05\/el-cazo-de-lorenzo-300x197.jpg 300w, https:\/\/blogsaverroes.juntadeandalucia.es\/ceipjoseluissanchez\/files\/2019\/05\/el-cazo-de-lorenzo-768x505.jpg 768w, https:\/\/blogsaverroes.juntadeandalucia.es\/ceipjoseluissanchez\/files\/2019\/05\/el-cazo-de-lorenzo-24x16.jpg 24w, https:\/\/blogsaverroes.juntadeandalucia.es\/ceipjoseluissanchez\/files\/2019\/05\/el-cazo-de-lorenzo-36x24.jpg 36w, https:\/\/blogsaverroes.juntadeandalucia.es\/ceipjoseluissanchez\/files\/2019\/05\/el-cazo-de-lorenzo-48x32.jpg 48w\" sizes=\"(max-width: 912px) 100vw, 912px\" \/><\/a><\/p>\n<p><span style=\"font-family: 'comic sans ms', sans-serif;font-size: 14pt\"><span style=\"color: #333399\">Puedes ver el v\u00eddeo<\/span> <a href=\"https:\/\/www.youtube.com\/watch?v=5pUmAOTQqCg\">aqu\u00ed<\/a><\/span><\/p>\n<p>&nbsp;<\/p>\n<p>&nbsp;<\/p>\n<p>&nbsp;<\/p>\n","protected":false},"excerpt":{"rendered":"<p>EL PUNTO Puedes ver el v\u00eddeo aqu\u00ed &nbsp; EL CAZO DE LORENZO Puedes ver el v\u00eddeo aqu\u00ed &nbsp; &nbsp; &nbsp;<\/p>\n","protected":false},"author":7222,"featured_media":0,"parent":0,"menu_order":0,"comment_status":"closed","ping_status":"closed","template":"","meta":{"ngg_post_thumbnail":0,"footnotes":"","_mc_calendar":[]},"aioseo_notices":[],"_links":{"self":[{"href":"https:\/\/blogsaverroes.juntadeandalucia.es\/ceipjoseluissanchez\/wp-json\/wp\/v2\/pages\/2644"}],"collection":[{"href":"https:\/\/blogsaverroes.juntadeandalucia.es\/ceipjoseluissanchez\/wp-json\/wp\/v2\/pages"}],"about":[{"href":"https:\/\/blogsaverroes.juntadeandalucia.es\/ceipjoseluissanchez\/wp-json\/wp\/v2\/types\/page"}],"author":[{"embeddable":true,"href":"https:\/\/blogsaverroes.juntadeandalucia.es\/ceipjoseluissanchez\/wp-json\/wp\/v2\/users\/7222"}],"replies":[{"embeddable":true,"href":"https:\/\/blogsaverroes.juntadeandalucia.es\/ceipjoseluissanchez\/wp-json\/wp\/v2\/comments?post=2644"}],"version-history":[{"count":5,"href":"https:\/\/blogsaverroes.juntadeandalucia.es\/ceipjoseluissanchez\/wp-json\/wp\/v2\/pages\/2644\/revisions"}],"predecessor-version":[{"id":2666,"href":"https:\/\/blogsaverroes.juntadeandalucia.es\/ceipjoseluissanchez\/wp-json\/wp\/v2\/pages\/2644\/revisions\/2666"}],"wp:attachment":[{"href":"https:\/\/blogsaverroes.juntadeandalucia.es\/ceipjoseluissanchez\/wp-json\/wp\/v2\/media?parent=2644"}],"curies":[{"name":"wp","href":"https:\/\/api.w.org\/{rel}","templated":true}]}}