{"id":35,"date":"2015-03-13T08:21:43","date_gmt":"2015-03-13T08:21:43","guid":{"rendered":"http:\/\/blogsaverroes.juntadeandalucia.es\/pre\/ceip\/?page_id=35"},"modified":"2025-11-09T21:40:33","modified_gmt":"2025-11-09T20:40:33","slug":"el-centro-2","status":"publish","type":"page","link":"https:\/\/blogsaverroes.juntadeandalucia.es\/ceipjoseluissanchez\/informacion\/el-centro-2\/","title":{"rendered":"Datos del centro"},"content":{"rendered":"<p>LOCALIZACI\u00d3N DE SAN MART\u00cdN&nbsp; DEL TESORILLO (C\u00e1diz):<\/p>\n<p><a href=\"https:\/\/maps.app.goo.gl\/i3jvLkQaSXVwRF3u5\"><img loading=\"lazy\" decoding=\"async\" class=\"aligncenter size-large wp-image-5092\" src=\"https:\/\/blogsaverroes.juntadeandalucia.es\/ceipjoseluissanchez\/files\/2025\/11\/tesorillo-imagen-1024x576.jpg\" alt=\"\" width=\"1024\" height=\"576\" srcset=\"https:\/\/blogsaverroes.juntadeandalucia.es\/ceipjoseluissanchez\/files\/2025\/11\/tesorillo-imagen-1024x576.jpg 1024w, https:\/\/blogsaverroes.juntadeandalucia.es\/ceipjoseluissanchez\/files\/2025\/11\/tesorillo-imagen-300x169.jpg 300w, https:\/\/blogsaverroes.juntadeandalucia.es\/ceipjoseluissanchez\/files\/2025\/11\/tesorillo-imagen-768x432.jpg 768w, https:\/\/blogsaverroes.juntadeandalucia.es\/ceipjoseluissanchez\/files\/2025\/11\/tesorillo-imagen-1536x863.jpg 1536w, https:\/\/blogsaverroes.juntadeandalucia.es\/ceipjoseluissanchez\/files\/2025\/11\/tesorillo-imagen.jpg 2048w\" sizes=\"(max-width: 1024px) 100vw, 1024px\" \/><\/a><\/p>\n<p>&nbsp;<\/p>\n<p>El centro consta de dos edificios:<\/p>\n<p>&nbsp; &nbsp; &nbsp; &nbsp; &nbsp; &nbsp; &nbsp; &nbsp; &nbsp; &nbsp; &nbsp; &nbsp; &nbsp; &nbsp; &nbsp; &nbsp; &nbsp; &nbsp; &nbsp; &nbsp; &nbsp; &nbsp; &nbsp; &nbsp; &nbsp; &nbsp; &nbsp; &nbsp; &nbsp; &nbsp; &nbsp; &nbsp; &nbsp; &nbsp; &nbsp; &nbsp; &nbsp; &nbsp; &nbsp; &nbsp; &nbsp; &nbsp;Calle Grupo Escolar s\/n. <a href=\"https:\/\/www.google.com\/maps\/place\/Papeler%C3%ADa,+prensa+y+regalos+M+Jes%C3%BAs\/@36.3421715,-5.3218782,661m\/data=!3m2!1e3!4b1!4m5!3m4!1s0xd0cdc98290966f1:0x512a25bf2b839af8!8m2!3d36.3421715!4d-5.320529\"><br \/>\n<img loading=\"lazy\" decoding=\"async\" class=\"aligncenter size-large wp-image-4578\" src=\"https:\/\/blogsaverroes.juntadeandalucia.es\/ceipjoseluissanchez\/files\/2022\/12\/WhatsApp-Image-2022-12-05-at-11.31.45-1024x768.jpeg\" alt=\"\" width=\"586\" height=\"440\" srcset=\"https:\/\/blogsaverroes.juntadeandalucia.es\/ceipjoseluissanchez\/files\/2022\/12\/WhatsApp-Image-2022-12-05-at-11.31.45-1024x768.jpeg 1024w, https:\/\/blogsaverroes.juntadeandalucia.es\/ceipjoseluissanchez\/files\/2022\/12\/WhatsApp-Image-2022-12-05-at-11.31.45-300x225.jpeg 300w, https:\/\/blogsaverroes.juntadeandalucia.es\/ceipjoseluissanchez\/files\/2022\/12\/WhatsApp-Image-2022-12-05-at-11.31.45-768x576.jpeg 768w, https:\/\/blogsaverroes.juntadeandalucia.es\/ceipjoseluissanchez\/files\/2022\/12\/WhatsApp-Image-2022-12-05-at-11.31.45-1536x1152.jpeg 1536w, https:\/\/blogsaverroes.juntadeandalucia.es\/ceipjoseluissanchez\/files\/2022\/12\/WhatsApp-Image-2022-12-05-at-11.31.45.jpeg 1600w\" sizes=\"(max-width: 586px) 100vw, 586px\" \/><\/a><\/p>\n<p>Telf.: 956 67 09 18<\/p>\n<p>&nbsp; &nbsp; &nbsp; &nbsp; &nbsp; &nbsp; &nbsp; &nbsp; &nbsp; &nbsp; &nbsp; &nbsp; &nbsp; &nbsp; &nbsp; &nbsp; &nbsp; &nbsp; &nbsp; &nbsp; &nbsp; &nbsp; &nbsp; &nbsp; &nbsp; &nbsp; &nbsp; &nbsp; &nbsp; &nbsp; &nbsp; &nbsp; &nbsp; &nbsp; &nbsp; &nbsp; &nbsp; &nbsp; &nbsp; &nbsp; &nbsp; Calle T\u00fanel, N.\u00ba 23<\/p>\n<p><a href=\"https:\/\/maps.app.goo.gl\/fRFpa5Mm5RYVzGvw8\"><img loading=\"lazy\" decoding=\"async\" class=\"aligncenter size-full wp-image-4422\" src=\"https:\/\/blogsaverroes.juntadeandalucia.es\/ceipjoseluissanchez\/files\/2022\/12\/WhatsApp-Image-2022-12-02-at-11.22.43.jpeg\" alt=\"\" width=\"940\" height=\"788\" srcset=\"https:\/\/blogsaverroes.juntadeandalucia.es\/ceipjoseluissanchez\/files\/2022\/12\/WhatsApp-Image-2022-12-02-at-11.22.43.jpeg 940w, https:\/\/blogsaverroes.juntadeandalucia.es\/ceipjoseluissanchez\/files\/2022\/12\/WhatsApp-Image-2022-12-02-at-11.22.43-300x251.jpeg 300w, https:\/\/blogsaverroes.juntadeandalucia.es\/ceipjoseluissanchez\/files\/2022\/12\/WhatsApp-Image-2022-12-02-at-11.22.43-768x644.jpeg 768w\" sizes=\"(max-width: 940px) 100vw, 940px\" \/><\/a><\/p>\n<p>&nbsp;<\/p>\n<p>&nbsp;<\/p>\n<p>Telf.:956 67 09 18<\/p>\n<p>ESCUDO:<\/p>\n<p><a href=\"https:\/\/blogsaverroes.juntadeandalucia.es\/ceipjoseluissanchez\/files\/2022\/12\/escudo-colegio-scaled.jpg\"><img loading=\"lazy\" decoding=\"async\" class=\"size-large wp-image-4524\" src=\"https:\/\/blogsaverroes.juntadeandalucia.es\/ceipjoseluissanchez\/files\/2022\/12\/escudo-colegio-1024x1024.jpg\" alt=\"\" width=\"586\" height=\"586\" srcset=\"https:\/\/blogsaverroes.juntadeandalucia.es\/ceipjoseluissanchez\/files\/2022\/12\/escudo-colegio-1024x1024.jpg 1024w, https:\/\/blogsaverroes.juntadeandalucia.es\/ceipjoseluissanchez\/files\/2022\/12\/escudo-colegio-300x300.jpg 300w, https:\/\/blogsaverroes.juntadeandalucia.es\/ceipjoseluissanchez\/files\/2022\/12\/escudo-colegio-150x150.jpg 150w, https:\/\/blogsaverroes.juntadeandalucia.es\/ceipjoseluissanchez\/files\/2022\/12\/escudo-colegio-768x768.jpg 768w, https:\/\/blogsaverroes.juntadeandalucia.es\/ceipjoseluissanchez\/files\/2022\/12\/escudo-colegio-1536x1536.jpg 1536w, https:\/\/blogsaverroes.juntadeandalucia.es\/ceipjoseluissanchez\/files\/2022\/12\/escudo-colegio-2048x2048.jpg 2048w, https:\/\/blogsaverroes.juntadeandalucia.es\/ceipjoseluissanchez\/files\/2022\/12\/escudo-colegio-scaled.jpg 1600w\" sizes=\"(max-width: 586px) 100vw, 586px\" \/><\/a><\/p>\n<p>Correo electr\u00f3nico:&nbsp;<a href=\"11003655.edu@juntadeandalucia.es\">11003655.edu@juntadeandalucia.es<\/a><\/p>\n<p>&nbsp;<\/p>\n","protected":false},"excerpt":{"rendered":"<p>LOCALIZACI\u00d3N DE SAN MART\u00cdN&nbsp; DEL TESORILLO (C\u00e1diz): &nbsp; El centro consta de dos edificios: &nbsp; &nbsp; &nbsp; &nbsp; &nbsp; &nbsp; &nbsp; &nbsp; &nbsp; &nbsp; &nbsp; &nbsp; &nbsp; &nbsp; &nbsp; &nbsp; &nbsp; &nbsp; &nbsp; &nbsp;&#46;&#46;&#46;<\/p>\n","protected":false},"author":1,"featured_media":0,"parent":1725,"menu_order":0,"comment_status":"closed","ping_status":"open","template":"","meta":{"ngg_post_thumbnail":0,"footnotes":"","_mc_calendar":[]},"aioseo_notices":[],"_links":{"self":[{"href":"https:\/\/blogsaverroes.juntadeandalucia.es\/ceipjoseluissanchez\/wp-json\/wp\/v2\/pages\/35"}],"collection":[{"href":"https:\/\/blogsaverroes.juntadeandalucia.es\/ceipjoseluissanchez\/wp-json\/wp\/v2\/pages"}],"about":[{"href":"https:\/\/blogsaverroes.juntadeandalucia.es\/ceipjoseluissanchez\/wp-json\/wp\/v2\/types\/page"}],"author":[{"embeddable":true,"href":"https:\/\/blogsaverroes.juntadeandalucia.es\/ceipjoseluissanchez\/wp-json\/wp\/v2\/users\/1"}],"replies":[{"embeddable":true,"href":"https:\/\/blogsaverroes.juntadeandalucia.es\/ceipjoseluissanchez\/wp-json\/wp\/v2\/comments?post=35"}],"version-history":[{"count":35,"href":"https:\/\/blogsaverroes.juntadeandalucia.es\/ceipjoseluissanchez\/wp-json\/wp\/v2\/pages\/35\/revisions"}],"predecessor-version":[{"id":5126,"href":"https:\/\/blogsaverroes.juntadeandalucia.es\/ceipjoseluissanchez\/wp-json\/wp\/v2\/pages\/35\/revisions\/5126"}],"up":[{"embeddable":true,"href":"https:\/\/blogsaverroes.juntadeandalucia.es\/ceipjoseluissanchez\/wp-json\/wp\/v2\/pages\/1725"}],"wp:attachment":[{"href":"https:\/\/blogsaverroes.juntadeandalucia.es\/ceipjoseluissanchez\/wp-json\/wp\/v2\/media?parent=35"}],"curies":[{"name":"wp","href":"https:\/\/api.w.org\/{rel}","templated":true}]}}