{"id":42,"date":"2021-12-03T08:40:47","date_gmt":"2021-12-03T07:40:47","guid":{"rendered":"http:\/\/blogsaverroes.juntadeandalucia.es\/pre\/ceip\/?page_id=42"},"modified":"2022-12-03T12:30:25","modified_gmt":"2022-12-03T11:30:25","slug":"equipo-directivo","status":"publish","type":"page","link":"https:\/\/blogsaverroes.juntadeandalucia.es\/ceipjoseluissanchez\/equipo-directivo\/","title":{"rendered":"Equipo directivo"},"content":{"rendered":"<p style=\"text-align: center\"><strong><a href=\"https:\/\/blogsaverroes.juntadeandalucia.es\/ceipjoseluissanchez\/files\/2022\/12\/equipo-directivo.jpg\"><img loading=\"lazy\" decoding=\"async\" class=\"aligncenter size-full wp-image-4568\" src=\"https:\/\/blogsaverroes.juntadeandalucia.es\/ceipjoseluissanchez\/files\/2022\/12\/equipo-directivo.jpg\" alt=\"\" width=\"340\" height=\"353\" srcset=\"https:\/\/blogsaverroes.juntadeandalucia.es\/ceipjoseluissanchez\/files\/2022\/12\/equipo-directivo.jpg 340w, https:\/\/blogsaverroes.juntadeandalucia.es\/ceipjoseluissanchez\/files\/2022\/12\/equipo-directivo-289x300.jpg 289w\" sizes=\"(max-width: 340px) 100vw, 340px\" \/><\/a>Direcci\u00f3n:<\/strong> Mar\u00eda Teresa Rojas Clavijo<\/p>\n<p style=\"text-align: center\"><strong>Jefatura de estudios:<\/strong> Enrique Del Alc\u00e1zar Delgado<\/p>\n<p style=\"text-align: center\"><strong>Secretar\u00eda:<\/strong> Mar\u00eda Rosa Ba\u00f1asco Oliva<\/p>\n","protected":false},"excerpt":{"rendered":"<p>Direcci\u00f3n: Mar\u00eda Teresa Rojas Clavijo Jefatura de estudios: Enrique Del Alc\u00e1zar Delgado Secretar\u00eda: Mar\u00eda Rosa Ba\u00f1asco Oliva<\/p>\n","protected":false},"author":1,"featured_media":0,"parent":0,"menu_order":0,"comment_status":"closed","ping_status":"open","template":"","meta":{"ngg_post_thumbnail":0,"footnotes":"","_mc_calendar":[]},"aioseo_notices":[],"_links":{"self":[{"href":"https:\/\/blogsaverroes.juntadeandalucia.es\/ceipjoseluissanchez\/wp-json\/wp\/v2\/pages\/42"}],"collection":[{"href":"https:\/\/blogsaverroes.juntadeandalucia.es\/ceipjoseluissanchez\/wp-json\/wp\/v2\/pages"}],"about":[{"href":"https:\/\/blogsaverroes.juntadeandalucia.es\/ceipjoseluissanchez\/wp-json\/wp\/v2\/types\/page"}],"author":[{"embeddable":true,"href":"https:\/\/blogsaverroes.juntadeandalucia.es\/ceipjoseluissanchez\/wp-json\/wp\/v2\/users\/1"}],"replies":[{"embeddable":true,"href":"https:\/\/blogsaverroes.juntadeandalucia.es\/ceipjoseluissanchez\/wp-json\/wp\/v2\/comments?post=42"}],"version-history":[{"count":8,"href":"https:\/\/blogsaverroes.juntadeandalucia.es\/ceipjoseluissanchez\/wp-json\/wp\/v2\/pages\/42\/revisions"}],"predecessor-version":[{"id":4569,"href":"https:\/\/blogsaverroes.juntadeandalucia.es\/ceipjoseluissanchez\/wp-json\/wp\/v2\/pages\/42\/revisions\/4569"}],"wp:attachment":[{"href":"https:\/\/blogsaverroes.juntadeandalucia.es\/ceipjoseluissanchez\/wp-json\/wp\/v2\/media?parent=42"}],"curies":[{"name":"wp","href":"https:\/\/api.w.org\/{rel}","templated":true}]}}