{"id":438,"date":"2019-05-08T11:30:31","date_gmt":"2019-05-08T11:30:31","guid":{"rendered":"http:\/\/blogsaverroes.juntadeandalucia.es\/pre\/ceip\/?page_id=438"},"modified":"2019-05-09T11:53:32","modified_gmt":"2019-05-09T11:53:32","slug":"materiales-recursos","status":"publish","type":"page","link":"https:\/\/blogsaverroes.juntadeandalucia.es\/ceipjoseluissanchez\/ed-primaria-3o-ciclo\/materiales-recursos\/","title":{"rendered":"E.P. 3\u00ba ciclo. Materiales, recursos&#8230;"},"content":{"rendered":"<h4><strong><span style=\"color: #ff0000\">REPASAMOS LAS FRACCIONES<\/span><\/strong><\/h4>\n<p><a href=\"https:\/\/www.matematicasonline.es\/Isftic\/fracciones\/menu.html\"><img loading=\"lazy\" decoding=\"async\" class=\"aligncenter wp-image-2620 size-full\" src=\"https:\/\/blogsaverroes.juntadeandalucia.es\/ceipjoseluissanchez\/files\/2019\/04\/Tercer-ciclo-1.jpg\" alt=\"\" width=\"817\" height=\"583\" srcset=\"https:\/\/blogsaverroes.juntadeandalucia.es\/ceipjoseluissanchez\/files\/2019\/04\/Tercer-ciclo-1.jpg 817w, https:\/\/blogsaverroes.juntadeandalucia.es\/ceipjoseluissanchez\/files\/2019\/04\/Tercer-ciclo-1-300x214.jpg 300w, https:\/\/blogsaverroes.juntadeandalucia.es\/ceipjoseluissanchez\/files\/2019\/04\/Tercer-ciclo-1-768x548.jpg 768w, https:\/\/blogsaverroes.juntadeandalucia.es\/ceipjoseluissanchez\/files\/2019\/04\/Tercer-ciclo-1-24x17.jpg 24w, https:\/\/blogsaverroes.juntadeandalucia.es\/ceipjoseluissanchez\/files\/2019\/04\/Tercer-ciclo-1-36x26.jpg 36w, https:\/\/blogsaverroes.juntadeandalucia.es\/ceipjoseluissanchez\/files\/2019\/04\/Tercer-ciclo-1-48x34.jpg 48w\" sizes=\"(max-width: 817px) 100vw, 817px\" \/><\/a><\/p>\n<h4><strong><span style=\"color: #000080\">MEDIDAS DE LOS \u00c1NGULOS<\/span><\/strong><\/h4>\n<p><a href=\"https:\/\/www.matematicasonline.es\/flash\/medida_angulos.html\"><img loading=\"lazy\" decoding=\"async\" class=\"aligncenter wp-image-2618 size-full\" src=\"https:\/\/blogsaverroes.juntadeandalucia.es\/ceipjoseluissanchez\/files\/2019\/04\/Tercer-ciclo2.jpg\" alt=\"\" width=\"326\" height=\"238\" srcset=\"https:\/\/blogsaverroes.juntadeandalucia.es\/ceipjoseluissanchez\/files\/2019\/04\/Tercer-ciclo2.jpg 326w, https:\/\/blogsaverroes.juntadeandalucia.es\/ceipjoseluissanchez\/files\/2019\/04\/Tercer-ciclo2-300x219.jpg 300w, https:\/\/blogsaverroes.juntadeandalucia.es\/ceipjoseluissanchez\/files\/2019\/04\/Tercer-ciclo2-24x18.jpg 24w, https:\/\/blogsaverroes.juntadeandalucia.es\/ceipjoseluissanchez\/files\/2019\/04\/Tercer-ciclo2-36x26.jpg 36w, https:\/\/blogsaverroes.juntadeandalucia.es\/ceipjoseluissanchez\/files\/2019\/04\/Tercer-ciclo2-48x35.jpg 48w\" sizes=\"(max-width: 326px) 100vw, 326px\" \/><\/a><\/p>\n<h4>&nbsp;<\/h4>\n<h4>Animals in our world<\/h4>\n<p><a title=\"Animals\" href=\"http:\/\/agrega.juntadeandalucia.es\/visualizar\/es\/es-an_2010032213_9120327\/false\" target=\"_blank\" rel=\"noopener\"><img loading=\"lazy\" decoding=\"async\" class=\"alignnone size-medium wp-image-1599\" src=\"https:\/\/blogsaverroes.juntadeandalucia.es\/ceipjoseluissanchez\/files\/2015\/03\/animales-300x225.jpg\" alt=\"animales\" width=\"300\" height=\"225\" srcset=\"https:\/\/blogsaverroes.juntadeandalucia.es\/ceipjoseluissanchez\/files\/2015\/03\/animales-300x225.jpg 300w, https:\/\/blogsaverroes.juntadeandalucia.es\/ceipjoseluissanchez\/files\/2015\/03\/animales.jpg 800w\" sizes=\"(max-width: 300px) 100vw, 300px\" \/><\/a><\/p>\n<p>En esta secuencia did\u00e1ctica utilizaremos el tema de los animales para trabajar el Present simple incidiendo especialmente en la forma interrogativa (preguntas y respuestas) y en la tercera persona del singular. L\u00f3gicamente incidiremos tambi\u00e9n en los pronombres interrogativos. Veremos c\u00f3mo y d\u00f3nde viven animales y mascotas (tambi\u00e9n de d\u00f3nde proceden) sus h\u00e1bitos lo que comen, los compararemos y describiremos.<\/p>\n<p>&nbsp;<\/p>\n<p>&nbsp;<\/p>\n<p><a href=\"http:\/\/www.eltanquematematico.es\/juego_tablas\/tablas_index_p.html\">JUEGO TABLAS DE MULTIPLICAR<\/a>&nbsp;<\/p>\n<p><a href=\"http:\/\/www.eltanquematematico.es\/juego_tablas\/tablas_index_p.html\"><img loading=\"lazy\" decoding=\"async\" class=\"aligncenter wp-image-2368 size-full\" src=\"https:\/\/blogsaverroes.juntadeandalucia.es\/ceipjoseluissanchez\/files\/2015\/03\/Tablas-de-multiplicar.jpg\" alt=\"\" width=\"879\" height=\"625\" srcset=\"https:\/\/blogsaverroes.juntadeandalucia.es\/ceipjoseluissanchez\/files\/2015\/03\/Tablas-de-multiplicar.jpg 879w, https:\/\/blogsaverroes.juntadeandalucia.es\/ceipjoseluissanchez\/files\/2015\/03\/Tablas-de-multiplicar-300x213.jpg 300w, https:\/\/blogsaverroes.juntadeandalucia.es\/ceipjoseluissanchez\/files\/2015\/03\/Tablas-de-multiplicar-24x17.jpg 24w, https:\/\/blogsaverroes.juntadeandalucia.es\/ceipjoseluissanchez\/files\/2015\/03\/Tablas-de-multiplicar-36x26.jpg 36w, https:\/\/blogsaverroes.juntadeandalucia.es\/ceipjoseluissanchez\/files\/2015\/03\/Tablas-de-multiplicar-48x34.jpg 48w\" sizes=\"(max-width: 879px) 100vw, 879px\" \/><\/a><\/p>\n<h4>&nbsp;<\/h4>\n<p>&nbsp;<\/p>\n<p><a href=\"http:\/\/www.educa.jcyl.es\/educacyl\/cm\/gallery\/recursos%20edebe\/index.htm\">ACTIVIDADES LENGUA Y MATEM\u00c1TICAS<br \/>\n<img loading=\"lazy\" decoding=\"async\" class=\"aligncenter wp-image-2377 size-full\" src=\"https:\/\/blogsaverroes.juntadeandalucia.es\/ceipjoseluissanchez\/files\/2019\/04\/Activi-lengua-y-matematicas.jpg\" alt=\"ACTIVIDADES LENGUA Y MATEM\u00c1TICAS\" width=\"802\" height=\"593\" srcset=\"https:\/\/blogsaverroes.juntadeandalucia.es\/ceipjoseluissanchez\/files\/2019\/04\/Activi-lengua-y-matematicas.jpg 802w, https:\/\/blogsaverroes.juntadeandalucia.es\/ceipjoseluissanchez\/files\/2019\/04\/Activi-lengua-y-matematicas-300x222.jpg 300w, https:\/\/blogsaverroes.juntadeandalucia.es\/ceipjoseluissanchez\/files\/2019\/04\/Activi-lengua-y-matematicas-24x18.jpg 24w, https:\/\/blogsaverroes.juntadeandalucia.es\/ceipjoseluissanchez\/files\/2019\/04\/Activi-lengua-y-matematicas-36x27.jpg 36w, https:\/\/blogsaverroes.juntadeandalucia.es\/ceipjoseluissanchez\/files\/2019\/04\/Activi-lengua-y-matematicas-48x35.jpg 48w\" sizes=\"(max-width: 802px) 100vw, 802px\" \/><\/a><\/p>\n","protected":false},"excerpt":{"rendered":"<p>REPASAMOS LAS FRACCIONES MEDIDAS DE LOS \u00c1NGULOS &nbsp; Animals in our world En esta secuencia did\u00e1ctica utilizaremos el tema de los animales para trabajar el Present simple incidiendo especialmente en la forma interrogativa (preguntas&#46;&#46;&#46;<\/p>\n","protected":false},"author":1,"featured_media":0,"parent":436,"menu_order":0,"comment_status":"closed","ping_status":"open","template":"page-sc.php","meta":{"ngg_post_thumbnail":0,"footnotes":"","_mc_calendar":[]},"aioseo_notices":[],"_links":{"self":[{"href":"https:\/\/blogsaverroes.juntadeandalucia.es\/ceipjoseluissanchez\/wp-json\/wp\/v2\/pages\/438"}],"collection":[{"href":"https:\/\/blogsaverroes.juntadeandalucia.es\/ceipjoseluissanchez\/wp-json\/wp\/v2\/pages"}],"about":[{"href":"https:\/\/blogsaverroes.juntadeandalucia.es\/ceipjoseluissanchez\/wp-json\/wp\/v2\/types\/page"}],"author":[{"embeddable":true,"href":"https:\/\/blogsaverroes.juntadeandalucia.es\/ceipjoseluissanchez\/wp-json\/wp\/v2\/users\/1"}],"replies":[{"embeddable":true,"href":"https:\/\/blogsaverroes.juntadeandalucia.es\/ceipjoseluissanchez\/wp-json\/wp\/v2\/comments?post=438"}],"version-history":[{"count":11,"href":"https:\/\/blogsaverroes.juntadeandalucia.es\/ceipjoseluissanchez\/wp-json\/wp\/v2\/pages\/438\/revisions"}],"predecessor-version":[{"id":2621,"href":"https:\/\/blogsaverroes.juntadeandalucia.es\/ceipjoseluissanchez\/wp-json\/wp\/v2\/pages\/438\/revisions\/2621"}],"up":[{"embeddable":true,"href":"https:\/\/blogsaverroes.juntadeandalucia.es\/ceipjoseluissanchez\/wp-json\/wp\/v2\/pages\/436"}],"wp:attachment":[{"href":"https:\/\/blogsaverroes.juntadeandalucia.es\/ceipjoseluissanchez\/wp-json\/wp\/v2\/media?parent=438"}],"curies":[{"name":"wp","href":"https:\/\/api.w.org\/{rel}","templated":true}]}}