{"id":4528,"date":"2022-12-03T11:19:30","date_gmt":"2022-12-03T10:19:30","guid":{"rendered":"https:\/\/blogsaverroes.juntadeandalucia.es\/ceipjoseluissanchez\/?page_id=4528"},"modified":"2022-12-03T11:40:29","modified_gmt":"2022-12-03T10:40:29","slug":"ipasen","status":"publish","type":"page","link":"https:\/\/blogsaverroes.juntadeandalucia.es\/ceipjoseluissanchez\/ipasen\/","title":{"rendered":"iPasen"},"content":{"rendered":"<p>iPasen es la&nbsp;<b>aplicaci\u00f3n m\u00f3vil de la Consejer\u00eda &nbsp;que permite la comunicaci\u00f3n entre los distintos miembros de la comunidad educativa<\/b>&nbsp;(tutores\/as legales, alumnado, cargos directivos y profesorado).<\/p>\n<p>Adjuntamos v\u00eddeos explicativos para que las familias puedan registrarse en iPasen y para que puedan recuperar su contrase\u00f1a.<\/p>\n<p>&nbsp;<\/p>\n<p><iframe loading=\"lazy\" title=\"Autologin, recordar contrase\u00f1a y cambio de contrase\u00f1a\" width=\"500\" height=\"281\" src=\"https:\/\/www.youtube.com\/embed\/toQjQCEWVxQ?start=25&#038;feature=oembed&#038;wmode=opaque\" frameborder=\"0\" allow=\"accelerometer; autoplay; clipboard-write; encrypted-media; gyroscope; picture-in-picture; web-share\" referrerpolicy=\"strict-origin-when-cross-origin\" allowfullscreen><\/iframe><\/p>\n<p><iframe loading=\"lazy\" title=\"iPASEN 2: Recuperar Acceso\" width=\"500\" height=\"281\" src=\"https:\/\/www.youtube.com\/embed\/OR7r9OcG8sE?start=50&#038;feature=oembed&#038;wmode=opaque\" frameborder=\"0\" allow=\"accelerometer; autoplay; clipboard-write; encrypted-media; gyroscope; picture-in-picture; web-share\" referrerpolicy=\"strict-origin-when-cross-origin\" allowfullscreen><\/iframe><\/p>\n","protected":false},"excerpt":{"rendered":"<p>iPasen es la&nbsp;aplicaci\u00f3n m\u00f3vil de la Consejer\u00eda &nbsp;que permite la comunicaci\u00f3n entre los distintos miembros de la comunidad educativa&nbsp;(tutores\/as legales, alumnado, cargos directivos y profesorado). Adjuntamos v\u00eddeos explicativos para que las familias puedan registrarse&#46;&#46;&#46;<\/p>\n","protected":false},"author":7222,"featured_media":0,"parent":0,"menu_order":0,"comment_status":"closed","ping_status":"closed","template":"","meta":{"ngg_post_thumbnail":0,"footnotes":"","_mc_calendar":[]},"aioseo_notices":[],"_links":{"self":[{"href":"https:\/\/blogsaverroes.juntadeandalucia.es\/ceipjoseluissanchez\/wp-json\/wp\/v2\/pages\/4528"}],"collection":[{"href":"https:\/\/blogsaverroes.juntadeandalucia.es\/ceipjoseluissanchez\/wp-json\/wp\/v2\/pages"}],"about":[{"href":"https:\/\/blogsaverroes.juntadeandalucia.es\/ceipjoseluissanchez\/wp-json\/wp\/v2\/types\/page"}],"author":[{"embeddable":true,"href":"https:\/\/blogsaverroes.juntadeandalucia.es\/ceipjoseluissanchez\/wp-json\/wp\/v2\/users\/7222"}],"replies":[{"embeddable":true,"href":"https:\/\/blogsaverroes.juntadeandalucia.es\/ceipjoseluissanchez\/wp-json\/wp\/v2\/comments?post=4528"}],"version-history":[{"count":4,"href":"https:\/\/blogsaverroes.juntadeandalucia.es\/ceipjoseluissanchez\/wp-json\/wp\/v2\/pages\/4528\/revisions"}],"predecessor-version":[{"id":4546,"href":"https:\/\/blogsaverroes.juntadeandalucia.es\/ceipjoseluissanchez\/wp-json\/wp\/v2\/pages\/4528\/revisions\/4546"}],"wp:attachment":[{"href":"https:\/\/blogsaverroes.juntadeandalucia.es\/ceipjoseluissanchez\/wp-json\/wp\/v2\/media?parent=4528"}],"curies":[{"name":"wp","href":"https:\/\/api.w.org\/{rel}","templated":true}]}}