{"id":4535,"date":"2022-12-03T11:21:19","date_gmt":"2022-12-03T10:21:19","guid":{"rendered":"https:\/\/blogsaverroes.juntadeandalucia.es\/ceipjoseluissanchez\/?page_id=4535"},"modified":"2022-12-03T11:43:11","modified_gmt":"2022-12-03T10:43:11","slug":"classroom","status":"publish","type":"page","link":"https:\/\/blogsaverroes.juntadeandalucia.es\/ceipjoseluissanchez\/classroom\/","title":{"rendered":"Classroom"},"content":{"rendered":"<p>Google Classroom es una herramienta dise\u00f1ada para apoyar a los docentes y estudiantes en la realizaci\u00f3n de sus clases de forma virtual.&nbsp;<\/p>\n<p>Las familias pueden generar la contrase\u00f1a de classroom, para sus hijos\/as, desde su iPasen.<\/p>\n<p>Adjuntamos un v\u00eddeo explicativo.<\/p>\n<p><iframe loading=\"lazy\" title=\"Conocer usuario y contrase\u00f1a mail g.educaand.es alumnado\" width=\"500\" height=\"281\" src=\"https:\/\/www.youtube.com\/embed\/zOanzI08qSg?start=17&#038;feature=oembed&#038;wmode=opaque\" frameborder=\"0\" allow=\"accelerometer; autoplay; clipboard-write; encrypted-media; gyroscope; picture-in-picture; web-share\" referrerpolicy=\"strict-origin-when-cross-origin\" allowfullscreen><\/iframe><\/p>\n","protected":false},"excerpt":{"rendered":"<p>Google Classroom es una herramienta dise\u00f1ada para apoyar a los docentes y estudiantes en la realizaci\u00f3n de sus clases de forma virtual.&nbsp; Las familias pueden generar la contrase\u00f1a de classroom, para sus hijos\/as, desde&#46;&#46;&#46;<\/p>\n","protected":false},"author":7222,"featured_media":0,"parent":0,"menu_order":0,"comment_status":"closed","ping_status":"closed","template":"","meta":{"ngg_post_thumbnail":0,"footnotes":"","_mc_calendar":[]},"aioseo_notices":[],"_links":{"self":[{"href":"https:\/\/blogsaverroes.juntadeandalucia.es\/ceipjoseluissanchez\/wp-json\/wp\/v2\/pages\/4535"}],"collection":[{"href":"https:\/\/blogsaverroes.juntadeandalucia.es\/ceipjoseluissanchez\/wp-json\/wp\/v2\/pages"}],"about":[{"href":"https:\/\/blogsaverroes.juntadeandalucia.es\/ceipjoseluissanchez\/wp-json\/wp\/v2\/types\/page"}],"author":[{"embeddable":true,"href":"https:\/\/blogsaverroes.juntadeandalucia.es\/ceipjoseluissanchez\/wp-json\/wp\/v2\/users\/7222"}],"replies":[{"embeddable":true,"href":"https:\/\/blogsaverroes.juntadeandalucia.es\/ceipjoseluissanchez\/wp-json\/wp\/v2\/comments?post=4535"}],"version-history":[{"count":4,"href":"https:\/\/blogsaverroes.juntadeandalucia.es\/ceipjoseluissanchez\/wp-json\/wp\/v2\/pages\/4535\/revisions"}],"predecessor-version":[{"id":4547,"href":"https:\/\/blogsaverroes.juntadeandalucia.es\/ceipjoseluissanchez\/wp-json\/wp\/v2\/pages\/4535\/revisions\/4547"}],"wp:attachment":[{"href":"https:\/\/blogsaverroes.juntadeandalucia.es\/ceipjoseluissanchez\/wp-json\/wp\/v2\/media?parent=4535"}],"curies":[{"name":"wp","href":"https:\/\/api.w.org\/{rel}","templated":true}]}}