{"id":5095,"date":"2025-11-09T20:33:18","date_gmt":"2025-11-09T19:33:18","guid":{"rendered":"https:\/\/blogsaverroes.juntadeandalucia.es\/ceipjoseluissanchez\/?page_id=5095"},"modified":"2025-11-09T20:33:18","modified_gmt":"2025-11-09T19:33:18","slug":"historia","status":"publish","type":"page","link":"https:\/\/blogsaverroes.juntadeandalucia.es\/ceipjoseluissanchez\/historia\/","title":{"rendered":"HISTORIA"},"content":{"rendered":"<h3 data-start=\"275\" data-end=\"298\">Or\u00edgenes y nombre<\/h3>\n<ul data-start=\"299\" data-end=\"1009\">\n<li data-start=\"299\" data-end=\"574\">\n<p data-start=\"301\" data-end=\"574\">El centro lleva el nombre de Jos\u00e9 Luis S\u00e1nchez S\u00e1nchez, maestro y director en San Mart\u00edn del Tesorillo (natural de Medina Sidonia, C\u00e1diz, nacido en 1908) que dedic\u00f3 buena parte de su vida profesional a la ense\u00f1anza en esta localidad.<\/p>\n<\/li>\n<li data-start=\"575\" data-end=\"780\">\n<p data-start=\"577\" data-end=\"780\">En su biograf\u00eda consta que solicit\u00f3 la jubilaci\u00f3n en 1965 por motivos de salud despu\u00e9s de una larga trayectoria como profesor nacional en San Mart\u00edn del Tesorillo.&nbsp;<\/p>\n<\/li>\n<li data-start=\"781\" data-end=\"897\">\n<p data-start=\"783\" data-end=\"897\">Por su labor, fue condecorado con la \u201cCruz de Alfonso X el Sabio\u201d en 1970.&nbsp;<\/p>\n<\/li>\n<li data-start=\"898\" data-end=\"1009\">\n<p data-start=\"900\" data-end=\"1009\">Con todo ello, el centro educativo adopta su nombre, lo cual refleja el reconocimiento local hacia su figura.<a href=\"https:\/\/blogsaverroes.juntadeandalucia.es\/ceipjoseluissanchez\/files\/2025\/11\/MAESTRO.png\"><img loading=\"lazy\" decoding=\"async\" class=\"aligncenter size-full wp-image-5096\" src=\"https:\/\/blogsaverroes.juntadeandalucia.es\/ceipjoseluissanchez\/files\/2025\/11\/MAESTRO.png\" alt=\"\" width=\"659\" height=\"371\" srcset=\"https:\/\/blogsaverroes.juntadeandalucia.es\/ceipjoseluissanchez\/files\/2025\/11\/MAESTRO.png 659w, https:\/\/blogsaverroes.juntadeandalucia.es\/ceipjoseluissanchez\/files\/2025\/11\/MAESTRO-300x169.png 300w\" sizes=\"(max-width: 659px) 100vw, 659px\" \/><\/a><\/p>\n<h3 data-start=\"1678\" data-end=\"1717\">Evoluci\u00f3n educativa y metodolog\u00eda<\/h3>\n<ul data-start=\"1718\" data-end=\"2437\">\n<li data-start=\"1718\" data-end=\"1933\">\n<p data-start=\"1720\" data-end=\"1933\">En la investigaci\u00f3n hist\u00f3rica se indica que el maestro Jos\u00e9 Luis S\u00e1nchez foment\u00f3 salidas al campo con sus alumnos como m\u00e9todo did\u00e1ctico, lo cual era innovador para su \u00e9poca.&nbsp;<\/p>\n<\/li>\n<li data-start=\"1934\" data-end=\"2159\">\n<p data-start=\"1936\" data-end=\"2159\">Actualmente el centro apuesta por metodolog\u00edas activas, trabajo cooperativo y un enfoque de educaci\u00f3n ambiental que involucra al alumnado, al profesorado y a la comunidad educativa.&nbsp;<\/p>\n<\/li>\n<li data-start=\"2160\" data-end=\"2437\">\n<p data-start=\"2162\" data-end=\"2437\">Se apuesta por la multiculturalidad y la educaci\u00f3n en valores.<a href=\"https:\/\/blogsaverroes.juntadeandalucia.es\/ceipjoseluissanchez\/files\/2025\/11\/rutas.jpg\"><img loading=\"lazy\" decoding=\"async\" class=\"aligncenter size-full wp-image-5097\" src=\"https:\/\/blogsaverroes.juntadeandalucia.es\/ceipjoseluissanchez\/files\/2025\/11\/rutas.jpg\" alt=\"\" width=\"400\" height=\"300\" srcset=\"https:\/\/blogsaverroes.juntadeandalucia.es\/ceipjoseluissanchez\/files\/2025\/11\/rutas.jpg 400w, https:\/\/blogsaverroes.juntadeandalucia.es\/ceipjoseluissanchez\/files\/2025\/11\/rutas-300x225.jpg 300w\" sizes=\"(max-width: 400px) 100vw, 400px\" \/><\/a><a href=\"https:\/\/blogsaverroes.juntadeandalucia.es\/ceipjoseluissanchez\/files\/2025\/11\/puente.jpg\"><img loading=\"lazy\" decoding=\"async\" class=\"aligncenter size-full wp-image-5098\" src=\"https:\/\/blogsaverroes.juntadeandalucia.es\/ceipjoseluissanchez\/files\/2025\/11\/puente.jpg\" alt=\"\" width=\"400\" height=\"300\" srcset=\"https:\/\/blogsaverroes.juntadeandalucia.es\/ceipjoseluissanchez\/files\/2025\/11\/puente.jpg 400w, https:\/\/blogsaverroes.juntadeandalucia.es\/ceipjoseluissanchez\/files\/2025\/11\/puente-300x225.jpg 300w\" sizes=\"(max-width: 400px) 100vw, 400px\" \/><\/a><\/p>\n<\/li>\n<\/ul>\n<\/li>\n<\/ul>\n","protected":false},"excerpt":{"rendered":"<p>Or\u00edgenes y nombre El centro lleva el nombre de Jos\u00e9 Luis S\u00e1nchez S\u00e1nchez, maestro y director en San Mart\u00edn del Tesorillo (natural de Medina Sidonia, C\u00e1diz, nacido en 1908) que dedic\u00f3 buena parte de&#46;&#46;&#46;<\/p>\n","protected":false},"author":7222,"featured_media":0,"parent":0,"menu_order":0,"comment_status":"closed","ping_status":"closed","template":"","meta":{"ngg_post_thumbnail":0,"footnotes":"","_mc_calendar":[]},"aioseo_notices":[],"_links":{"self":[{"href":"https:\/\/blogsaverroes.juntadeandalucia.es\/ceipjoseluissanchez\/wp-json\/wp\/v2\/pages\/5095"}],"collection":[{"href":"https:\/\/blogsaverroes.juntadeandalucia.es\/ceipjoseluissanchez\/wp-json\/wp\/v2\/pages"}],"about":[{"href":"https:\/\/blogsaverroes.juntadeandalucia.es\/ceipjoseluissanchez\/wp-json\/wp\/v2\/types\/page"}],"author":[{"embeddable":true,"href":"https:\/\/blogsaverroes.juntadeandalucia.es\/ceipjoseluissanchez\/wp-json\/wp\/v2\/users\/7222"}],"replies":[{"embeddable":true,"href":"https:\/\/blogsaverroes.juntadeandalucia.es\/ceipjoseluissanchez\/wp-json\/wp\/v2\/comments?post=5095"}],"version-history":[{"count":1,"href":"https:\/\/blogsaverroes.juntadeandalucia.es\/ceipjoseluissanchez\/wp-json\/wp\/v2\/pages\/5095\/revisions"}],"predecessor-version":[{"id":5100,"href":"https:\/\/blogsaverroes.juntadeandalucia.es\/ceipjoseluissanchez\/wp-json\/wp\/v2\/pages\/5095\/revisions\/5100"}],"wp:attachment":[{"href":"https:\/\/blogsaverroes.juntadeandalucia.es\/ceipjoseluissanchez\/wp-json\/wp\/v2\/media?parent=5095"}],"curies":[{"name":"wp","href":"https:\/\/api.w.org\/{rel}","templated":true}]}}