{"id":871,"date":"2015-03-16T07:25:46","date_gmt":"2015-03-16T07:25:46","guid":{"rendered":"http:\/\/blogsaverroes.juntadeandalucia.es\/pre\/ceip\/?page_id=106"},"modified":"2025-11-11T20:44:21","modified_gmt":"2025-11-11T19:44:21","slug":"actividades-extraescolares","status":"publish","type":"page","link":"https:\/\/blogsaverroes.juntadeandalucia.es\/ceipjoseluissanchez\/actividades-extraescolares\/","title":{"rendered":"Actividades extraescolares"},"content":{"rendered":"<p><a href=\"https:\/\/blogsaverroes.juntadeandalucia.es\/ceipjoseluissanchez\/files\/2015\/03\/en.construccion-e1551455156146.jpg\"><img decoding=\"async\" src=\"https:\/\/www.juntadeandalucia.es\/export\/drupaljda\/art-2941706_1920.jpg\"><\/a><\/p>\n<p>Las actividades extraescolares tienen lugar en horario de tarde, hasta las 18:00 horas , y abarcan aspectos como la lectura, el deporte, la m\u00fasica, entre otras actividades l\u00fadicas y formativas.<\/p>\n<p>Las actividades extraescolares tienen un car\u00e1cter voluntario para el alumnado y en ning\u00fan caso forman parte del proceso de evaluaci\u00f3n del alumnado. La atenci\u00f3n a este tipo de alumnado se realiza con personal que cuenta con la formaci\u00f3n y cualificaci\u00f3n adecuada a las actividades a desarrollar.<\/p>\n<p>&nbsp;<\/p>\n","protected":false},"excerpt":{"rendered":"<p>Las actividades extraescolares tienen lugar en horario de tarde, hasta las 18:00 horas , y abarcan aspectos como la lectura, el deporte, la m\u00fasica, entre otras actividades l\u00fadicas y formativas. Las actividades extraescolares tienen&#46;&#46;&#46;<\/p>\n","protected":false},"author":1,"featured_media":0,"parent":0,"menu_order":0,"comment_status":"closed","ping_status":"open","template":"","meta":{"ngg_post_thumbnail":0,"footnotes":"","_mc_calendar":[]},"aioseo_notices":[],"_links":{"self":[{"href":"https:\/\/blogsaverroes.juntadeandalucia.es\/ceipjoseluissanchez\/wp-json\/wp\/v2\/pages\/871"}],"collection":[{"href":"https:\/\/blogsaverroes.juntadeandalucia.es\/ceipjoseluissanchez\/wp-json\/wp\/v2\/pages"}],"about":[{"href":"https:\/\/blogsaverroes.juntadeandalucia.es\/ceipjoseluissanchez\/wp-json\/wp\/v2\/types\/page"}],"author":[{"embeddable":true,"href":"https:\/\/blogsaverroes.juntadeandalucia.es\/ceipjoseluissanchez\/wp-json\/wp\/v2\/users\/1"}],"replies":[{"embeddable":true,"href":"https:\/\/blogsaverroes.juntadeandalucia.es\/ceipjoseluissanchez\/wp-json\/wp\/v2\/comments?post=871"}],"version-history":[{"count":10,"href":"https:\/\/blogsaverroes.juntadeandalucia.es\/ceipjoseluissanchez\/wp-json\/wp\/v2\/pages\/871\/revisions"}],"predecessor-version":[{"id":5132,"href":"https:\/\/blogsaverroes.juntadeandalucia.es\/ceipjoseluissanchez\/wp-json\/wp\/v2\/pages\/871\/revisions\/5132"}],"wp:attachment":[{"href":"https:\/\/blogsaverroes.juntadeandalucia.es\/ceipjoseluissanchez\/wp-json\/wp\/v2\/media?parent=871"}],"curies":[{"name":"wp","href":"https:\/\/api.w.org\/{rel}","templated":true}]}}