{"id":2351,"date":"2021-02-19T16:40:17","date_gmt":"2021-02-19T15:40:17","guid":{"rendered":"https:\/\/blogsaverroes.juntadeandalucia.es\/ceipjosemariadelcampo\/?page_id=2351"},"modified":"2024-11-15T12:45:01","modified_gmt":"2024-11-15T11:45:01","slug":"moodle-centros-2","status":"publish","type":"page","link":"https:\/\/blogsaverroes.juntadeandalucia.es\/ceipjosemariadelcampo\/moodle-centros-2\/","title":{"rendered":"Moodle Centros"},"content":{"rendered":"<p>[et_pb_section fb_built=&#8221;1&#8243; _builder_version=&#8221;4.16&#8243; custom_padding=&#8221;0px||0px|&#8221; z_index_tablet=&#8221;500&#8243; box_shadow_horizontal_tablet=&#8221;0px&#8221; box_shadow_vertical_tablet=&#8221;0px&#8221; box_shadow_blur_tablet=&#8221;40px&#8221; box_shadow_spread_tablet=&#8221;0px&#8221; locked=&#8221;off&#8221; global_colors_info=&#8221;{}&#8221;][et_pb_row column_structure=&#8221;2_3,1_3&#8243; _builder_version=&#8221;4.16&#8243; _module_preset=&#8221;default&#8221; custom_margin=&#8221;|134px||auto||&#8221; border_width_bottom=&#8221;6px&#8221; global_colors_info=&#8221;{}&#8221;][et_pb_column type=&#8221;2_3&#8243; _builder_version=&#8221;4.16&#8243; _module_preset=&#8221;default&#8221; global_colors_info=&#8221;{}&#8221;][et_pb_image src=&#8221;https:\/\/blogsaverroes.juntadeandalucia.es\/ceipjosemariadelcampo\/files\/2021\/02\/Logo-Moodle-centros-.png&#8221; title_text=&#8221;Logo-Moodle-centros-&#8221; _builder_version=&#8221;4.24.2&#8243; _module_preset=&#8221;default&#8221; custom_padding=&#8221;|277px||||&#8221; hover_enabled=&#8221;0&#8243; global_colors_info=&#8221;{}&#8221; sticky_enabled=&#8221;0&#8243; min_height=&#8221;189px&#8221;][\/et_pb_image][\/et_pb_column][et_pb_column type=&#8221;1_3&#8243; _builder_version=&#8221;4.16&#8243; _module_preset=&#8221;default&#8221; global_colors_info=&#8221;{}&#8221;][et_pb_text _builder_version=&#8221;4.16&#8243; _module_preset=&#8221;default&#8221; text_font_size=&#8221;19px&#8221; width=&#8221;116%&#8221; custom_margin=&#8221;100px|95px||-50px|false|false&#8221; custom_padding=&#8221;|0px||0px||&#8221; global_colors_info=&#8221;{}&#8221;]<\/p>\n<h1 style=\"text-align: center\"><\/h1>\n<h1 style=\"text-align: center\"><\/h1>\n<h1 style=\"text-align: center\"><span style=\"font-size: 36pt;font-family: verdana, geneva, sans-serif\"><strong>TUTORIALES<\/strong><\/span><\/h1>\n<p>[\/et_pb_text][\/et_pb_column][\/et_pb_row][et_pb_row _builder_version=&#8221;4.16&#8243; locked=&#8221;off&#8221; global_colors_info=&#8221;{}&#8221;][et_pb_column type=&#8221;4_4&#8243; _builder_version=&#8221;4.16&#8243; custom_padding=&#8221;|||&#8221; global_colors_info=&#8221;{}&#8221; custom_padding__hover=&#8221;|||&#8221;][et_pb_toggle title=&#8221;\u00bfQu\u00e9 es Moodle Centros?&#8221; open_toggle_text_color=&#8221;#0c71c3&#8243; closed_toggle_text_color=&#8221;#ffffff&#8221; closed_toggle_background_color=&#8221;#00457A&#8221; _builder_version=&#8221;4.24.2&#8243; _module_preset=&#8221;default&#8221; title_text_color=&#8221;#ffffff&#8221; title_font=&#8221;|700|||||||&#8221; text_orientation=&#8221;justified&#8221; hover_enabled=&#8221;0&#8243; global_colors_info=&#8221;{}&#8221; sticky_enabled=&#8221;0&#8243;]<\/p>\n<p>La Consejer\u00eda de Desarrollo Educativo y Formaci\u00f3n Profesional pone a disposici\u00f3n de todos los centros educativos sostenidos con fondos p\u00fablicos un espacio en la plataforma<span>\u00a0<\/span><span><a href=\"https:\/\/educacionadistancia.juntadeandalucia.es\/centros\/\" target=\"_blank\" rel=\"noopener\">Moodle Centros<\/a><\/span>, alojada y atendida de forma centralizada desde los Servicios Centrales.<\/p>\n<p><a href=\"https:\/\/educacionadistancia.juntadeandalucia.es\/centros\/\" target=\"_blank\" rel=\"noopener\"><span>Moodle Centros<\/span><\/a>\u00a0 es una herramienta de gesti\u00f3n de aprendizaje (LMS), de Software Libre y gratuito, que est\u00e1 concebida para ayudar al profesorado a crear comunidades de aprendizaje en l\u00ednea, facilitando la gesti\u00f3n de contenidos, la comunicaci\u00f3n y la evaluaci\u00f3n. Su dise\u00f1o est\u00e1 inspirado en el constructivismo y en el aprendizaje cooperativo.<\/p>\n<p>[\/et_pb_toggle][et_pb_toggle title=&#8221;C\u00f3mo obtener las claves de acceso&#8221; open_toggle_text_color=&#8221;#0c71c3&#8243; closed_toggle_text_color=&#8221;#ffffff&#8221; closed_toggle_background_color=&#8221;#00457A&#8221; _builder_version=&#8221;4.24.2&#8243; _module_preset=&#8221;default&#8221; title_text_color=&#8221;#ffffff&#8221; title_font=&#8221;|700|||||||&#8221; text_orientation=&#8221;justified&#8221; width=&#8221;100%&#8221; link_option_url=&#8221;https:\/\/youtu.be\/zOanzI08qSg?feature=shared&#8221; hover_enabled=&#8221;0&#8243; global_colors_info=&#8221;{}&#8221; sticky_enabled=&#8221;0&#8243;]<\/p>\n<ul>\n<li style=\"text-align: justify\">Para acceder a Moodle Centros es necesario conocer el usuario y contrase\u00f1a de cada alumno.<\/li>\n<li style=\"text-align: justify\">\u00bfC\u00f3mo? A trav\u00e9s de la App iPasen. En una<span>\u00a0<\/span><strong>comunicaci\u00f3n<\/strong><span>\u00a0anclada<\/span>\u00a0en<span>\u00a0<\/span><strong>iPasen de los padres\/tutores<\/strong><span>\u00a0<\/span>se les informa del usuario IdEA <span style=\"color: #ff0000\">(no confundir con la clave iANDE)<\/span> de sus tutelados y la posibilidad de<span>\u00a0<\/span><strong>cambiar<\/strong><span>\u00a0<\/span>la contrase\u00f1a si no la recuerdan<span>\u00a0<\/span><\/li>\n<\/ul>\n<p><iframe loading=\"lazy\" title=\"6- IPasen y Moodle Centros. Primer acceso para ver usuario y contrase\u00f1a.\" width=\"1080\" height=\"608\" src=\"https:\/\/www.youtube.com\/embed\/qQEREiZSSZA?feature=oembed\"  allow=\"accelerometer; autoplay; clipboard-write; encrypted-media; gyroscope; picture-in-picture; web-share\" referrerpolicy=\"strict-origin-when-cross-origin\" allowfullscreen><\/iframe><\/p>\n<p><strong><\/strong><\/p>\n<p>[\/et_pb_toggle][et_pb_toggle title=&#8221;\u00bfLas familias pueden acceder a Moodle Centros con su usuario Pasen?&#8221; open_toggle_text_color=&#8221;#0c71c3&#8243; closed_toggle_text_color=&#8221;#ffffff&#8221; closed_toggle_background_color=&#8221;#00457A&#8221; _builder_version=&#8221;4.24.2&#8243; _module_preset=&#8221;default&#8221; title_text_color=&#8221;#ffffff&#8221; title_font=&#8221;|700|||||||&#8221; text_orientation=&#8221;justified&#8221; hover_enabled=&#8221;0&#8243; global_colors_info=&#8221;{}&#8221; sticky_enabled=&#8221;0&#8243;]<\/p>\n<p><strong>No<\/strong><span>, solo puede acceder el profesorado y el alumnado.<\/span><br \/><span>La comunicaci\u00f3n del centro con las familias se realizar\u00e1 por otros medios, preferentemente PASEN.<\/span><\/p>\n<p>[\/et_pb_toggle][\/et_pb_column][\/et_pb_row][\/et_pb_section][et_pb_section fb_built=&#8221;1&#8243; _builder_version=&#8221;4.24.2&#8243; _module_preset=&#8221;default&#8221; global_colors_info=&#8221;{}&#8221;][et_pb_row _builder_version=&#8221;4.24.2&#8243; _module_preset=&#8221;default&#8221;][et_pb_column _builder_version=&#8221;4.24.2&#8243; _module_preset=&#8221;default&#8221; type=&#8221;4_4&#8243;][et_pb_text _builder_version=&#8221;4.24.2&#8243; _module_preset=&#8221;default&#8221; hover_enabled=&#8221;0&#8243; sticky_enabled=&#8221;0&#8243;]<\/p>\n<p><a href=\"https:\/\/educacionadistancia.juntadeandalucia.es\/centros\/sevilla\/login\/index.php\" target=\"_blank\" rel=\"noopener\"><img loading=\"lazy\" decoding=\"async\" src=\"https:\/\/blogsaverroes.juntadeandalucia.es\/ceipjosemariadelcampo\/files\/2021\/02\/ENTRAR-EN-MOODLE-300x79.jpeg\" width=\"300\" height=\"79\" alt=\"\" class=\"wp-image-2389 aligncenter size-medium\" srcset=\"https:\/\/blogsaverroes.juntadeandalucia.es\/ceipjosemariadelcampo\/files\/2021\/02\/ENTRAR-EN-MOODLE-300x79.jpeg 300w, https:\/\/blogsaverroes.juntadeandalucia.es\/ceipjosemariadelcampo\/files\/2021\/02\/ENTRAR-EN-MOODLE.jpeg 436w\" sizes=\"(max-width: 300px) 100vw, 300px\" \/><\/a><\/p>\n<p>[\/et_pb_text][\/et_pb_column][\/et_pb_row][\/et_pb_section]<\/p>\n","protected":false},"excerpt":{"rendered":"<p>TUTORIALESLa Consejer\u00eda de Desarrollo Educativo y Formaci\u00f3n Profesional pone a disposici\u00f3n de todos los centros educativos sostenidos con fondos p\u00fablicos un espacio en la plataforma\u00a0Moodle Centros, alojada y atendida de forma centralizada desde los Servicios Centrales. Moodle Centros\u00a0 es una herramienta de gesti\u00f3n de aprendizaje (LMS), de Software Libre y gratuito, que est\u00e1 concebida para [&hellip;]<\/p>\n","protected":false},"author":12093,"featured_media":0,"parent":0,"menu_order":0,"comment_status":"closed","ping_status":"closed","template":"","meta":{"_et_pb_use_builder":"on","_et_pb_old_content":"","_et_gb_content_width":"","ngg_post_thumbnail":0,"footnotes":""},"aioseo_notices":[],"_links":{"self":[{"href":"https:\/\/blogsaverroes.juntadeandalucia.es\/ceipjosemariadelcampo\/wp-json\/wp\/v2\/pages\/2351"}],"collection":[{"href":"https:\/\/blogsaverroes.juntadeandalucia.es\/ceipjosemariadelcampo\/wp-json\/wp\/v2\/pages"}],"about":[{"href":"https:\/\/blogsaverroes.juntadeandalucia.es\/ceipjosemariadelcampo\/wp-json\/wp\/v2\/types\/page"}],"author":[{"embeddable":true,"href":"https:\/\/blogsaverroes.juntadeandalucia.es\/ceipjosemariadelcampo\/wp-json\/wp\/v2\/users\/12093"}],"replies":[{"embeddable":true,"href":"https:\/\/blogsaverroes.juntadeandalucia.es\/ceipjosemariadelcampo\/wp-json\/wp\/v2\/comments?post=2351"}],"version-history":[{"count":13,"href":"https:\/\/blogsaverroes.juntadeandalucia.es\/ceipjosemariadelcampo\/wp-json\/wp\/v2\/pages\/2351\/revisions"}],"predecessor-version":[{"id":3441,"href":"https:\/\/blogsaverroes.juntadeandalucia.es\/ceipjosemariadelcampo\/wp-json\/wp\/v2\/pages\/2351\/revisions\/3441"}],"wp:attachment":[{"href":"https:\/\/blogsaverroes.juntadeandalucia.es\/ceipjosemariadelcampo\/wp-json\/wp\/v2\/media?parent=2351"}],"curies":[{"name":"wp","href":"https:\/\/api.w.org\/{rel}","templated":true}]}}