{"id":871,"date":"2020-12-18T08:57:29","date_gmt":"2020-12-18T07:57:29","guid":{"rendered":"https:\/\/blogsaverroes.juntadeandalucia.es\/pre\/plantilla-pencil\/?page_id=871"},"modified":"2025-06-03T12:07:18","modified_gmt":"2025-06-03T11:07:18","slug":"comedor-escolar","status":"publish","type":"page","link":"https:\/\/blogsaverroes.juntadeandalucia.es\/ceipjosemariadelcampo\/comedor-escolar\/","title":{"rendered":"Comedor escolar"},"content":{"rendered":"<p>[et_pb_section fb_built=&#8221;1&#8243; _builder_version=&#8221;4.16&#8243; custom_padding=&#8221;0px|4px|0px|||&#8221; z_index_tablet=&#8221;500&#8243; box_shadow_horizontal_tablet=&#8221;0px&#8221; box_shadow_vertical_tablet=&#8221;0px&#8221; box_shadow_blur_tablet=&#8221;40px&#8221; box_shadow_spread_tablet=&#8221;0px&#8221; global_colors_info=&#8221;{}&#8221;][et_pb_row _builder_version=&#8221;4.16&#8243; background_size=&#8221;initial&#8221; background_position=&#8221;top_left&#8221; background_repeat=&#8221;repeat&#8221; global_colors_info=&#8221;{}&#8221;][et_pb_column type=&#8221;4_4&#8243; _builder_version=&#8221;4.16&#8243; custom_padding=&#8221;|||&#8221; global_colors_info=&#8221;{}&#8221; custom_padding__hover=&#8221;|||&#8221;][et_pb_image src=&#8221;https:\/\/blogsaverroes.juntadeandalucia.es\/ceipjosemariadelcampo\/files\/2020\/01\/cabecera-interior-2-1.jpg&#8221; title_text=&#8221;cabecera-interior-2-1&#8243; admin_label=&#8221;Imagen de la portada&#8221; _builder_version=&#8221;4.16&#8243; min_height=&#8221;137px&#8221; z_index_tablet=&#8221;500&#8243; box_shadow_horizontal_tablet=&#8221;0px&#8221; box_shadow_vertical_tablet=&#8221;0px&#8221; box_shadow_blur_tablet=&#8221;40px&#8221; box_shadow_spread_tablet=&#8221;0px&#8221; global_colors_info=&#8221;{}&#8221;][\/et_pb_image][\/et_pb_column][\/et_pb_row][et_pb_row column_structure=&#8221;3_5,2_5&#8243; _builder_version=&#8221;4.16&#8243; background_size=&#8221;initial&#8221; background_position=&#8221;top_left&#8221; background_repeat=&#8221;repeat&#8221; min_height=&#8221;199px&#8221; custom_margin=&#8221;-5px||||false|false&#8221; global_colors_info=&#8221;{}&#8221;][et_pb_column type=&#8221;3_5&#8243; _builder_version=&#8221;4.16&#8243; custom_padding=&#8221;|||&#8221; global_colors_info=&#8221;{}&#8221; custom_padding__hover=&#8221;|||&#8221;][et_pb_text admin_label=&#8221;Texto descriptivo&#8221; _builder_version=&#8221;4.16&#8243; z_index_tablet=&#8221;500&#8243; text_text_shadow_horizontal_length_tablet=&#8221;0px&#8221; text_text_shadow_vertical_length_tablet=&#8221;0px&#8221; text_text_shadow_blur_strength_tablet=&#8221;1px&#8221; link_text_shadow_horizontal_length_tablet=&#8221;0px&#8221; link_text_shadow_vertical_length_tablet=&#8221;0px&#8221; link_text_shadow_blur_strength_tablet=&#8221;1px&#8221; ul_text_shadow_horizontal_length_tablet=&#8221;0px&#8221; ul_text_shadow_vertical_length_tablet=&#8221;0px&#8221; ul_text_shadow_blur_strength_tablet=&#8221;1px&#8221; ol_text_shadow_horizontal_length_tablet=&#8221;0px&#8221; ol_text_shadow_vertical_length_tablet=&#8221;0px&#8221; ol_text_shadow_blur_strength_tablet=&#8221;1px&#8221; quote_text_shadow_horizontal_length_tablet=&#8221;0px&#8221; quote_text_shadow_vertical_length_tablet=&#8221;0px&#8221; quote_text_shadow_blur_strength_tablet=&#8221;1px&#8221; header_text_shadow_horizontal_length_tablet=&#8221;0px&#8221; header_text_shadow_vertical_length_tablet=&#8221;0px&#8221; header_text_shadow_blur_strength_tablet=&#8221;1px&#8221; header_2_text_shadow_horizontal_length_tablet=&#8221;0px&#8221; header_2_text_shadow_vertical_length_tablet=&#8221;0px&#8221; header_2_text_shadow_blur_strength_tablet=&#8221;1px&#8221; header_3_text_shadow_horizontal_length_tablet=&#8221;0px&#8221; header_3_text_shadow_vertical_length_tablet=&#8221;0px&#8221; header_3_text_shadow_blur_strength_tablet=&#8221;1px&#8221; header_4_text_shadow_horizontal_length_tablet=&#8221;0px&#8221; header_4_text_shadow_vertical_length_tablet=&#8221;0px&#8221; header_4_text_shadow_blur_strength_tablet=&#8221;1px&#8221; header_5_text_shadow_horizontal_length_tablet=&#8221;0px&#8221; header_5_text_shadow_vertical_length_tablet=&#8221;0px&#8221; header_5_text_shadow_blur_strength_tablet=&#8221;1px&#8221; header_6_text_shadow_horizontal_length_tablet=&#8221;0px&#8221; header_6_text_shadow_vertical_length_tablet=&#8221;0px&#8221; header_6_text_shadow_blur_strength_tablet=&#8221;1px&#8221; box_shadow_horizontal_tablet=&#8221;0px&#8221; box_shadow_vertical_tablet=&#8221;0px&#8221; box_shadow_blur_tablet=&#8221;40px&#8221; box_shadow_spread_tablet=&#8221;0px&#8221; global_colors_info=&#8221;{}&#8221;]<\/p>\n<h1><span style=\"color: #008000\">Comedor escolar<br \/> <\/span><\/h1>\n<p style=\"text-align: justify\">La empresa que gestiona el servicio de comedor escolar de nuestro Centro es:\u00a0<\/p>\n<p>[\/et_pb_text][\/et_pb_column][et_pb_column type=&#8221;2_5&#8243; _builder_version=&#8221;4.16&#8243; custom_padding=&#8221;|||&#8221; global_colors_info=&#8221;{}&#8221; custom_padding__hover=&#8221;|||&#8221;][et_pb_image src=&#8221;https:\/\/blogsaverroes.juntadeandalucia.es\/ceipjosemariadelcampo\/files\/2024\/09\/colectividades-catering-hermanos-gonzalez-1-e1726130650502.png&#8221; title_text=&#8221;colectividades-catering-hermanos-gonz\u00e1lez&#8221; _builder_version=&#8221;4.24.2&#8243; _module_preset=&#8221;default&#8221; global_colors_info=&#8221;{}&#8221;][\/et_pb_image][\/et_pb_column][\/et_pb_row][et_pb_row _builder_version=&#8221;4.16&#8243; _module_preset=&#8221;default&#8221; min_height=&#8221;74px&#8221; locked=&#8221;off&#8221; global_colors_info=&#8221;{}&#8221;][et_pb_column type=&#8221;4_4&#8243; _builder_version=&#8221;4.16&#8243; _module_preset=&#8221;default&#8221; global_colors_info=&#8221;{}&#8221;][et_pb_text _builder_version=&#8221;4.16&#8243; _module_preset=&#8221;default&#8221; text_font=&#8221;|800|||||||&#8221; text_text_color=&#8221;#e02b20&#8243; text_font_size=&#8221;22px&#8221; border_width_bottom=&#8221;3px&#8221; global_colors_info=&#8221;{}&#8221;]<\/p>\n<p style=\"text-align: center\">INFORMACI\u00d3N DE INTER\u00c9S<\/p>\n<p>[\/et_pb_text][et_pb_text _builder_version=&#8221;4.24.2&#8243; _module_preset=&#8221;default&#8221; width=&#8221;100%&#8221; locked=&#8221;off&#8221; global_colors_info=&#8221;{}&#8221;]<\/p>\n<ul>\n<li>Las solicitudes de alta, baja y bonificaci\u00f3n del servicio de aula matinal pueden solicitarse presencialmente en el horario habitual de la\u00a0 Secretar\u00eda del Centro o descargarlas desde esta p\u00e1gina web en la pesta\u00f1a <span style=\"text-decoration: underline\"><span style=\"color: #0000ff\"><a href=\"https:\/\/blogsaverroes.juntadeandalucia.es\/ceipjosemariadelcampo\/impresos\/\" target=\"_blank\" rel=\"noopener noreferrer\" style=\"color: #0000ff;text-decoration: underline\">Plan de Apertura\/Impresos.<\/a><\/span><\/span><\/li>\n<li>Si realiza un cambio en su n\u00famero de cuenta, lo debe comunicar tanto al Centro\u00a0<span>(de forma presencial, en horario de Secretar\u00eda, o a trav\u00e9s del correo electr\u00f3nico <a href=\"mailto:41004265.secretaria@g.educaand.es\" target=\"_blank\" rel=\"noopener\" title=\"41004265.secretaria@g.educaand.es\"><span style=\"text-decoration: underline;color: #3366ff\"><strong>41004265.secretaria@g.educaand.es<\/strong><\/span><\/a> )<span style=\"color: #333333\">,<\/span> como a la empresa.<\/span><\/li>\n<\/ul>\n<p>[\/et_pb_text][\/et_pb_column][\/et_pb_row][et_pb_row column_structure=&#8221;3_5,2_5&#8243; _builder_version=&#8221;4.16&#8243; _module_preset=&#8221;default&#8221; min_height=&#8221;105px&#8221; custom_margin=&#8221;|auto|-127px|auto||&#8221; global_colors_info=&#8221;{}&#8221;][et_pb_column type=&#8221;3_5&#8243; _builder_version=&#8221;4.16&#8243; _module_preset=&#8221;default&#8221; global_colors_info=&#8221;{}&#8221;][et_pb_toggle title=&#8221;Para saber m\u00e1s&#8221; open_toggle_text_color=&#8221;#003506&#8243; closed_toggle_background_color=&#8221;#fff7a5&#8243; _builder_version=&#8221;4.24.2&#8243; _module_preset=&#8221;default&#8221; title_text_color=&#8221;#6b6b6b&#8221; title_font=&#8221;|600|||||||&#8221; closed_title_font=&#8221;|700|||||||&#8221; min_height=&#8221;61.6px&#8221; custom_margin=&#8221;-15px|-22px|23px||false|false&#8221; custom_padding=&#8221;||0px|||&#8221; hover_enabled=&#8221;0&#8243; border_radii=&#8221;off|18px|18px||&#8221; border_color_all=&#8221;rgba(0,0,0,0)&#8221; global_colors_info=&#8221;{}&#8221; sticky_enabled=&#8221;0&#8243;]<\/p>\n<p><span style=\"color: #3366ff\"><a href=\"https:\/\/blogsaverroes.juntadeandalucia.es\/ceipjosemariadelcampo\/files\/2024\/09\/SEVILLA-UNO-CENTROCircular-a-los-Padres-Ano-2024-2025.pdf\" target=\"_blank\" rel=\"noopener\" style=\"color: #3366ff\">Informaci\u00f3n a las familias usuarias del servicio. Curso 2024\/25<\/a><\/span><\/p>\n<p>[\/et_pb_toggle][et_pb_toggle title=&#8221;Solicitud de bonificaci\u00f3n&#8221; open_toggle_text_color=&#8221;#003506&#8243; closed_toggle_background_color=&#8221;#fff7a5&#8243; _builder_version=&#8221;4.24.2&#8243; _module_preset=&#8221;default&#8221; title_text_color=&#8221;#6b6b6b&#8221; title_font=&#8221;|600|||||||&#8221; closed_title_font=&#8221;|700|||||||&#8221; min_height=&#8221;62.6px&#8221; custom_margin=&#8221;-15px|-22px|31px||false|false&#8221; custom_padding=&#8221;||0px|||&#8221; hover_enabled=&#8221;0&#8243; border_radii=&#8221;off|||18px|18px&#8221; border_color_all=&#8221;rgba(0,0,0,0)&#8221; global_colors_info=&#8221;{}&#8221; sticky_enabled=&#8221;0&#8243;]<\/p>\n<p><span>Las solicitudes de bonificaci\u00f3n para el servicio del aula matinal deber\u00e1n presentarse del<\/span><strong><span>\u00a0<\/span>1 al 7 de septiembre,<span>\u00a0<\/span><\/strong><span>o en los<\/span><strong><span>\u00a0<\/span>tres d\u00edas naturales siguientes<span>\u00a0<\/span><\/strong><span>a la admisi\u00f3n en el servicio del aula matinal, si \u00e9sta se produjera durante el curso escolar.<\/span><\/p>\n<p>[\/et_pb_toggle][\/et_pb_column][et_pb_column type=&#8221;2_5&#8243; _builder_version=&#8221;4.16&#8243; _module_preset=&#8221;default&#8221; global_colors_info=&#8221;{}&#8221;][et_pb_image src=&#8221;https:\/\/blogsaverroes.juntadeandalucia.es\/ceipjosemariadelcampo\/files\/2021\/02\/9ad4895bfebf14aa73544a07b9af6a3d-e1726133098594.jpg&#8221; title_text=&#8221;9ad4895bfebf14aa73544a07b9af6a3d&#8221; align=&#8221;center&#8221; _builder_version=&#8221;4.24.2&#8243; _module_preset=&#8221;default&#8221; global_colors_info=&#8221;{}&#8221;][\/et_pb_image][\/et_pb_column][\/et_pb_row][\/et_pb_section]<\/p>\n","protected":false},"excerpt":{"rendered":"<p>Comedor escolar La empresa que gestiona el servicio de comedor escolar de nuestro Centro es:\u00a0INFORMACI\u00d3N DE INTER\u00c9S Las solicitudes de alta, baja y bonificaci\u00f3n del servicio de aula matinal pueden solicitarse presencialmente en el horario habitual de la\u00a0 Secretar\u00eda del Centro o descargarlas desde esta p\u00e1gina web en la pesta\u00f1a Plan de Apertura\/Impresos. Si realiza [&hellip;]<\/p>\n","protected":false},"author":7051,"featured_media":0,"parent":0,"menu_order":0,"comment_status":"closed","ping_status":"closed","template":"","meta":{"_et_pb_use_builder":"on","_et_pb_old_content":"","_et_gb_content_width":"","ngg_post_thumbnail":0,"footnotes":""},"aioseo_notices":[],"_links":{"self":[{"href":"https:\/\/blogsaverroes.juntadeandalucia.es\/ceipjosemariadelcampo\/wp-json\/wp\/v2\/pages\/871"}],"collection":[{"href":"https:\/\/blogsaverroes.juntadeandalucia.es\/ceipjosemariadelcampo\/wp-json\/wp\/v2\/pages"}],"about":[{"href":"https:\/\/blogsaverroes.juntadeandalucia.es\/ceipjosemariadelcampo\/wp-json\/wp\/v2\/types\/page"}],"author":[{"embeddable":true,"href":"https:\/\/blogsaverroes.juntadeandalucia.es\/ceipjosemariadelcampo\/wp-json\/wp\/v2\/users\/7051"}],"replies":[{"embeddable":true,"href":"https:\/\/blogsaverroes.juntadeandalucia.es\/ceipjosemariadelcampo\/wp-json\/wp\/v2\/comments?post=871"}],"version-history":[{"count":57,"href":"https:\/\/blogsaverroes.juntadeandalucia.es\/ceipjosemariadelcampo\/wp-json\/wp\/v2\/pages\/871\/revisions"}],"predecessor-version":[{"id":3542,"href":"https:\/\/blogsaverroes.juntadeandalucia.es\/ceipjosemariadelcampo\/wp-json\/wp\/v2\/pages\/871\/revisions\/3542"}],"wp:attachment":[{"href":"https:\/\/blogsaverroes.juntadeandalucia.es\/ceipjosemariadelcampo\/wp-json\/wp\/v2\/media?parent=871"}],"curies":[{"name":"wp","href":"https:\/\/api.w.org\/{rel}","templated":true}]}}