{"id":2514,"date":"2024-10-08T20:39:58","date_gmt":"2024-10-08T19:39:58","guid":{"rendered":"https:\/\/blogsaverroes.juntadeandalucia.es\/ceipjosemorenovilla\/?page_id=2514"},"modified":"2025-03-26T16:04:33","modified_gmt":"2025-03-26T14:04:33","slug":"planes-y-programas","status":"publish","type":"page","link":"https:\/\/blogsaverroes.juntadeandalucia.es\/ceipjosemorenovilla\/planes-y-programas\/","title":{"rendered":"PLANES Y PROGRAMAS"},"content":{"rendered":"<table class=\" alignleft\" style=\"height: 120px;width: 63.1%\">\n<tbody>\n<tr>\n<td style=\"width: 99.0431%\"><a href=\"https:\/\/blogsaverroes.juntadeandalucia.es\/ceipjosemorenovilla\/files\/2015\/03\/planes.png\"><img loading=\"lazy\" decoding=\"async\" class=\"aligncenter wp-image-1667\" src=\"https:\/\/blogsaverroes.juntadeandalucia.es\/ceipjosemorenovilla\/files\/2015\/03\/planes-300x150.png\" alt=\"\" width=\"450\" height=\"225\" srcset=\"https:\/\/blogsaverroes.juntadeandalucia.es\/ceipjosemorenovilla\/files\/2015\/03\/planes-300x150.png 300w, https:\/\/blogsaverroes.juntadeandalucia.es\/ceipjosemorenovilla\/files\/2015\/03\/planes-332x166.png 332w, https:\/\/blogsaverroes.juntadeandalucia.es\/ceipjosemorenovilla\/files\/2015\/03\/planes.png 640w\" sizes=\"(max-width: 450px) 100vw, 450px\" \/><\/a><\/td>\n<\/tr>\n<\/tbody>\n<\/table>\n<table style=\"height: 499px;width: 97.6982%\" border=\"0\" width=\"98%\" align=\"center\">\n<tbody>\n<tr style=\"height: 75px\">\n<td style=\"height: 75px\">\n<h2><span style=\"text-decoration: underline\"><strong><span class=\"titulo\">Premios, Proyectos<\/span><\/strong> <strong>e hist\u00f3rico<\/strong><\/span><\/h2>\n<\/td>\n<\/tr>\n<tr style=\"height: 204px\">\n<td style=\"height: 504px\">\n<div class=\"ultimaFila\">\n<ul>\n<li><strong>&nbsp;Centro TIC, gesti\u00f3n (2005\/06)<\/strong><\/li>\n<li><strong>&nbsp;Escuela Espacio de Paz (2005\/06) <\/strong>(vigente)<\/li>\n<li><strong>&nbsp;Deporte en la Escuela (2005\/06)<\/strong><\/li>\n<li><a href=\"https:\/\/blogsaverroes.juntadeandalucia.es\/ceipjosemorenovilla\/servicios\/\"><strong>&nbsp;Plan Apertura: Aula Matinal, Comedor Escolar y Actividades Extraescolares (2005\/06) <\/strong>(vigente)<\/a><\/li>\n<li><strong>&nbsp;Primer premio en el VIII Concurso de p\u00e1ginas web docentes (2005\/06)<\/strong><\/li>\n<li><strong>&nbsp;Coeducaci\u00f3n. Plan de igualdad entre hombres y mujeres (2005\/06) <\/strong>(vigente)<\/li>\n<li><strong>&nbsp;Centro TIC, en la pr\u00e1ctica docente (2006\/07)<\/strong><\/li>\n<li><strong>&nbsp;Proyecto Lector y Plan de uso de la Biblioteca (2007\/2008) <\/strong>(vigente)<\/li>\n<li><strong><a href=\"https:\/\/www.boe.es\/diario_boe\/txt.php?id=BOE-A-2008-20365\" target=\"_blank\" rel=\"nofollow noopener\">&nbsp;III Premio en el concurso nacional de buenas pr\u00e1cticas para la dinamizaci\u00f3n e innovaci\u00f3n de las bibliotecas de los centros escolares 2008.<\/a><\/strong><\/li>\n<li><strong>&nbsp;M\u00e1laga Excelencia Educativa&nbsp; 2010. Por el trabajo realizado en la b\u00fasqueda de la excelencia educativa en los m\u00e1s diversos \u00e1mbitos.<\/strong><\/li>\n<li><strong>&nbsp;Plan TDE (Transformaci\u00f3n Digital Educativa) desde 2020 <\/strong>(vigente)<\/li>\n<li><strong><a title=\"recreos activos e inclusivos\" href=\"https:\/\/blogsaverroes.juntadeandalucia.es\/ceipjosemorenovilla\/recreos-que-transforman_page\/\">Recreos que transforman (recreos activos e inclusivos)<\/a><\/strong><\/li>\n<\/ul>\n<\/div>\n<\/td>\n<\/tr>\n<\/tbody>\n<\/table>\nngg_shortcode_0_placeholder\n","protected":false},"excerpt":{"rendered":"<p>Premios, Proyectos e hist\u00f3rico &nbsp;Centro TIC, gesti\u00f3n (2005\/06) &nbsp;Escuela Espacio de Paz (2005\/06) (vigente) &nbsp;Deporte en la Escuela (2005\/06) &nbsp;Plan Apertura: Aula Matinal, Comedor Escolar y Actividades Extraescolares (2005\/06) (vigente) &nbsp;Primer premio en el VIII Concurso de p\u00e1ginas web docentes (2005\/06) &nbsp;Coeducaci\u00f3n. Plan de igualdad entre hombres y mujeres (2005\/06) (vigente) &nbsp;Centro TIC, en la &hellip; <\/p>\n<p><a class=\"more-link btn\" href=\"https:\/\/blogsaverroes.juntadeandalucia.es\/ceipjosemorenovilla\/planes-y-programas\/\">Seguir leyendo<\/a><\/p>\n","protected":false},"author":1868,"featured_media":0,"parent":0,"menu_order":0,"comment_status":"closed","ping_status":"closed","template":"","meta":{"ngg_post_thumbnail":0,"footnotes":""},"aioseo_notices":[],"_links":{"self":[{"href":"https:\/\/blogsaverroes.juntadeandalucia.es\/ceipjosemorenovilla\/wp-json\/wp\/v2\/pages\/2514"}],"collection":[{"href":"https:\/\/blogsaverroes.juntadeandalucia.es\/ceipjosemorenovilla\/wp-json\/wp\/v2\/pages"}],"about":[{"href":"https:\/\/blogsaverroes.juntadeandalucia.es\/ceipjosemorenovilla\/wp-json\/wp\/v2\/types\/page"}],"author":[{"embeddable":true,"href":"https:\/\/blogsaverroes.juntadeandalucia.es\/ceipjosemorenovilla\/wp-json\/wp\/v2\/users\/1868"}],"replies":[{"embeddable":true,"href":"https:\/\/blogsaverroes.juntadeandalucia.es\/ceipjosemorenovilla\/wp-json\/wp\/v2\/comments?post=2514"}],"version-history":[{"count":19,"href":"https:\/\/blogsaverroes.juntadeandalucia.es\/ceipjosemorenovilla\/wp-json\/wp\/v2\/pages\/2514\/revisions"}],"predecessor-version":[{"id":2960,"href":"https:\/\/blogsaverroes.juntadeandalucia.es\/ceipjosemorenovilla\/wp-json\/wp\/v2\/pages\/2514\/revisions\/2960"}],"wp:attachment":[{"href":"https:\/\/blogsaverroes.juntadeandalucia.es\/ceipjosemorenovilla\/wp-json\/wp\/v2\/media?parent=2514"}],"curies":[{"name":"wp","href":"https:\/\/api.w.org\/{rel}","templated":true}]}}