{"id":870,"date":"2015-03-16T07:24:27","date_gmt":"2015-03-16T07:24:27","guid":{"rendered":"http:\/\/blogsaverroes.juntadeandalucia.es\/pre\/ceip\/?page_id=103"},"modified":"2025-03-18T20:19:28","modified_gmt":"2025-03-18T18:19:28","slug":"aula-matinal","status":"publish","type":"page","link":"https:\/\/blogsaverroes.juntadeandalucia.es\/ceipjosemorenovilla\/aula-matinal\/","title":{"rendered":"Aula Matinal"},"content":{"rendered":"<p>El <strong>Aula Matinal<\/strong> es un servicio que permite la <em><strong>conciliaci\u00f3n familiar<\/strong><\/em>. Abre a las <strong>7:30<\/strong> horas <strong>de lunes a viernes<\/strong>, en d\u00edas<a href=\"https:\/\/blogsaverroes.juntadeandalucia.es\/ceipjosemorenovilla\/files\/2014\/12\/aula_matinal.jpg\"><img loading=\"lazy\" decoding=\"async\" class=\"wp-image-533 alignleft\" src=\"https:\/\/blogsaverroes.juntadeandalucia.es\/ceipjosemorenovilla\/files\/2014\/12\/aula_matinal.jpg\" alt=\"Ni\u00f1os sentados de espaldas en aula viendo proyecci\u00f3n\" width=\"500\" height=\"310\" srcset=\"https:\/\/blogsaverroes.juntadeandalucia.es\/ceipjosemorenovilla\/files\/2014\/12\/aula_matinal.jpg 709w, https:\/\/blogsaverroes.juntadeandalucia.es\/ceipjosemorenovilla\/files\/2014\/12\/aula_matinal-300x186.jpg 300w, https:\/\/blogsaverroes.juntadeandalucia.es\/ceipjosemorenovilla\/files\/2014\/12\/aula_matinal-700x433.jpg 700w, https:\/\/blogsaverroes.juntadeandalucia.es\/ceipjosemorenovilla\/files\/2014\/12\/aula_matinal-332x206.jpg 332w\" sizes=\"(max-width: 500px) 100vw, 500px\" \/><\/a> lectivos, ofreciendo actividades diversas a los estudiantes <span style=\"text-decoration: underline\">hasta el comienzo del horario lectivo<\/span> (9:00 AM).<\/p>\n<p>Puede utilizarse cualquier d\u00eda previa inscripci\u00f3n, adjudicaci\u00f3n de plaza y domicializaci\u00f3n bancaria.<\/p>\n<p>&nbsp;<\/p>\n<p>Apertura de puerta de acceso de Aula Matinal (C\/ Bernardo de la Torre) desde las 07:30 A.M.<\/p>\n<p>Cierre de puerta de acceso a Aula Matinal a las 08:45 AM<\/p>\n<p>Esta actividad forma parte de los <a href=\"https:\/\/blogsaverroes.juntadeandalucia.es\/ceipjosemorenovilla\/servicios\/\">Servicios Complemetarios del centro<\/a>.<\/p>\n<p>&nbsp;<\/p>\n","protected":false},"excerpt":{"rendered":"<p>El Aula Matinal es un servicio que permite la conciliaci\u00f3n familiar. Abre a las 7:30 horas de lunes a viernes, en d\u00edas lectivos, ofreciendo actividades diversas a los estudiantes hasta el comienzo del horario lectivo (9:00 AM). Puede utilizarse cualquier d\u00eda previa inscripci\u00f3n, adjudicaci\u00f3n de plaza y domicializaci\u00f3n bancaria. &nbsp; Apertura de puerta de acceso &hellip; <\/p>\n<p><a class=\"more-link btn\" href=\"https:\/\/blogsaverroes.juntadeandalucia.es\/ceipjosemorenovilla\/aula-matinal\/\">Seguir leyendo<\/a><\/p>\n","protected":false},"author":1,"featured_media":0,"parent":0,"menu_order":0,"comment_status":"closed","ping_status":"open","template":"","meta":{"ngg_post_thumbnail":0,"footnotes":""},"aioseo_notices":[],"_links":{"self":[{"href":"https:\/\/blogsaverroes.juntadeandalucia.es\/ceipjosemorenovilla\/wp-json\/wp\/v2\/pages\/870"}],"collection":[{"href":"https:\/\/blogsaverroes.juntadeandalucia.es\/ceipjosemorenovilla\/wp-json\/wp\/v2\/pages"}],"about":[{"href":"https:\/\/blogsaverroes.juntadeandalucia.es\/ceipjosemorenovilla\/wp-json\/wp\/v2\/types\/page"}],"author":[{"embeddable":true,"href":"https:\/\/blogsaverroes.juntadeandalucia.es\/ceipjosemorenovilla\/wp-json\/wp\/v2\/users\/1"}],"replies":[{"embeddable":true,"href":"https:\/\/blogsaverroes.juntadeandalucia.es\/ceipjosemorenovilla\/wp-json\/wp\/v2\/comments?post=870"}],"version-history":[{"count":21,"href":"https:\/\/blogsaverroes.juntadeandalucia.es\/ceipjosemorenovilla\/wp-json\/wp\/v2\/pages\/870\/revisions"}],"predecessor-version":[{"id":2928,"href":"https:\/\/blogsaverroes.juntadeandalucia.es\/ceipjosemorenovilla\/wp-json\/wp\/v2\/pages\/870\/revisions\/2928"}],"wp:attachment":[{"href":"https:\/\/blogsaverroes.juntadeandalucia.es\/ceipjosemorenovilla\/wp-json\/wp\/v2\/media?parent=870"}],"curies":[{"name":"wp","href":"https:\/\/api.w.org\/{rel}","templated":true}]}}