{"id":99,"date":"2015-03-16T07:22:54","date_gmt":"2015-03-16T07:22:54","guid":{"rendered":"http:\/\/blogsaverroes.juntadeandalucia.es\/pre\/ceip\/?page_id=99"},"modified":"2025-03-18T20:22:37","modified_gmt":"2025-03-18T18:22:37","slug":"comedor-escolar","status":"publish","type":"page","link":"https:\/\/blogsaverroes.juntadeandalucia.es\/ceipjosemorenovilla\/comedor-escolar\/","title":{"rendered":"Comedor escolar"},"content":{"rendered":"<h4>El Servicio de Comedor Escolar comienza a la finalizaci\u00f3n de la jornada escolar (14:00) y contin\u00faa hasta las 16:00 horas.<\/h4>\n<p>Los <strong>comedores escolares<\/strong> son un servicio complementario que resulta de gran utilidad a padres y madres para ayudarles a conciliar la vida laboral y familiar. Tienen una duraci\u00f3n de hasta dos horas desde que acaba la jornada escolar de la ma\u00f1ana (<strong>de 14:00 a 16:00 horas<\/strong>).<\/p>\n<p>Los comedores son adem\u00e1s una pieza importante en todas las medidas dirigidas a mejorar los h\u00e1bitos alimenticios de los ni\u00f1os y ni\u00f1as y prevenir problemas de salud como la obesidad. <a href=\"https:\/\/blogsaverroes.juntadeandalucia.es\/ceipjosemorenovilla\/files\/2014\/12\/comida.jpg\"><img loading=\"lazy\" decoding=\"async\" class=\"aligncenter wp-image-538\" src=\"https:\/\/blogsaverroes.juntadeandalucia.es\/ceipjosemorenovilla\/files\/2014\/12\/comida-300x174.jpg\" alt=\"Fotograf\u00eda de mesa de comedor escolar preparada, con platos y tazones blancos, vasos de colores, cubiertos y mandarinas.\" width=\"500\" height=\"290\" srcset=\"https:\/\/blogsaverroes.juntadeandalucia.es\/ceipjosemorenovilla\/files\/2014\/12\/comida-300x174.jpg 300w, https:\/\/blogsaverroes.juntadeandalucia.es\/ceipjosemorenovilla\/files\/2014\/12\/comida-700x406.jpg 700w, https:\/\/blogsaverroes.juntadeandalucia.es\/ceipjosemorenovilla\/files\/2014\/12\/comida-332x192.jpg 332w, https:\/\/blogsaverroes.juntadeandalucia.es\/ceipjosemorenovilla\/files\/2014\/12\/comida.jpg 709w\" sizes=\"(max-width: 500px) 100vw, 500px\" \/><\/a><\/p>\n<p>Los <strong><em>comedores escolares<\/em><\/strong> de los centros p\u00fablicos andaluces promueven una alimentaci\u00f3n saludable que est\u00e1 supervisada por nutricionistas y que, entre otros aspectos, se caracteriza por:<\/p>\n<ul>\n<li>Una mayor proporci\u00f3n de verdura en los men\u00fas<\/li>\n<li>Fruta fresca como postre al menos cuatro d\u00edas a la semana<\/li>\n<li>Uso de aceite de oliva virgen extra<\/li>\n<li>M\u00e1s pescado que carne, que debe ser magra<\/li>\n<li>Prohibici\u00f3n de los alimentos precocinados y limitaci\u00f3n de los fritos<\/li>\n<li>Apuesta por la dieta mediterr\u00e1nea y los productos ecol\u00f3gicos<\/li>\n<\/ul>\n<p>Esta actividad forma parte de los <a href=\"https:\/\/blogsaverroes.juntadeandalucia.es\/ceipjosemorenovilla\/servicios\/\">Servicios Complemetarios del centro<\/a>.<\/p>\n","protected":false},"excerpt":{"rendered":"<p>El Servicio de Comedor Escolar comienza a la finalizaci\u00f3n de la jornada escolar (14:00) y contin\u00faa hasta las 16:00 horas. Los comedores escolares son un servicio complementario que resulta de gran utilidad a padres y madres para ayudarles a conciliar la vida laboral y familiar. Tienen una duraci\u00f3n de hasta dos horas desde que acaba &hellip; <\/p>\n<p><a class=\"more-link btn\" href=\"https:\/\/blogsaverroes.juntadeandalucia.es\/ceipjosemorenovilla\/comedor-escolar\/\">Seguir leyendo<\/a><\/p>\n","protected":false},"author":1,"featured_media":0,"parent":0,"menu_order":0,"comment_status":"closed","ping_status":"open","template":"","meta":{"ngg_post_thumbnail":0,"footnotes":""},"aioseo_notices":[],"_links":{"self":[{"href":"https:\/\/blogsaverroes.juntadeandalucia.es\/ceipjosemorenovilla\/wp-json\/wp\/v2\/pages\/99"}],"collection":[{"href":"https:\/\/blogsaverroes.juntadeandalucia.es\/ceipjosemorenovilla\/wp-json\/wp\/v2\/pages"}],"about":[{"href":"https:\/\/blogsaverroes.juntadeandalucia.es\/ceipjosemorenovilla\/wp-json\/wp\/v2\/types\/page"}],"author":[{"embeddable":true,"href":"https:\/\/blogsaverroes.juntadeandalucia.es\/ceipjosemorenovilla\/wp-json\/wp\/v2\/users\/1"}],"replies":[{"embeddable":true,"href":"https:\/\/blogsaverroes.juntadeandalucia.es\/ceipjosemorenovilla\/wp-json\/wp\/v2\/comments?post=99"}],"version-history":[{"count":20,"href":"https:\/\/blogsaverroes.juntadeandalucia.es\/ceipjosemorenovilla\/wp-json\/wp\/v2\/pages\/99\/revisions"}],"predecessor-version":[{"id":2931,"href":"https:\/\/blogsaverroes.juntadeandalucia.es\/ceipjosemorenovilla\/wp-json\/wp\/v2\/pages\/99\/revisions\/2931"}],"wp:attachment":[{"href":"https:\/\/blogsaverroes.juntadeandalucia.es\/ceipjosemorenovilla\/wp-json\/wp\/v2\/media?parent=99"}],"curies":[{"name":"wp","href":"https:\/\/api.w.org\/{rel}","templated":true}]}}