{"id":293,"date":"2019-10-17T17:32:37","date_gmt":"2019-10-17T15:32:37","guid":{"rendered":"https:\/\/www.ceipjosenogales.es\/?page_id=293"},"modified":"2019-10-17T17:32:37","modified_gmt":"2019-10-17T15:32:37","slug":"abn","status":"publish","type":"page","link":"https:\/\/blogsaverroes.juntadeandalucia.es\/ceipjosenogales\/abn\/","title":{"rendered":"Escuela Mentora del M\u00e9todo ABN para Matem\u00e1ticas"},"content":{"rendered":"<p>[et_pb_section fb_built=&#8221;1&#8243; fullwidth=&#8221;on&#8221; admin_label=&#8221;Header Section&#8221; _builder_version=&#8221;4.3.2&#8243; background_enable_image=&#8221;off&#8221; background_size=&#8221;contain&#8221; top_divider_height=&#8221;17%&#8221; bottom_divider_color=&#8221;#ffffff&#8221;][et_pb_fullwidth_header title=&#8221;M\u00e9todo ABN para Matem\u00e1ticas&#8221; subhead=&#8221;Somos escuela mentora&#8221; text_orientation=&#8221;center&#8221; _builder_version=&#8221;4.3.2&#8243; title_font=&#8221;Cabin Sketch|700||on|||||&#8221; title_text_align=&#8221;left&#8221; title_text_color=&#8221;#000000&#8243; title_font_size=&#8221;71px&#8221; title_letter_spacing=&#8221;5px&#8221; title_line_height=&#8221;2em&#8221; content_font=&#8221;||||||||&#8221; content_text_align=&#8221;left&#8221; content_font_size=&#8221;16px&#8221; content_line_height=&#8221;2em&#8221; subhead_font=&#8221;Cabin Sketch||||||||&#8221; subhead_text_align=&#8221;left&#8221; subhead_text_color=&#8221;rgba(0,0,0,0.8)&#8221; subhead_font_size=&#8221;28px&#8221; subhead_line_height=&#8221;1.4em&#8221; background_enable_color=&#8221;off&#8221; use_background_color_gradient=&#8221;on&#8221; background_color_gradient_start=&#8221;#ffffff&#8221; background_color_gradient_end=&#8221;rgba(255,255,255,0.51)&#8221; background_color_gradient_direction=&#8221;1deg&#8221; background_image=&#8221;https:\/\/www.ceipjosenogales.es\/wp-content\/uploads\/2019\/10\/abnLR2.jpg&#8221; background_blend=&#8221;overlay&#8221; custom_button_one=&#8221;on&#8221; button_one_text_size=&#8221;16px&#8221; button_one_text_color=&#8221;#ffffff&#8221; button_one_bg_color=&#8221;#ff7355&#8243; button_one_border_width=&#8221;15px&#8221; button_one_border_color=&#8221;rgba(210,159,104,0)&#8221; button_one_border_radius=&#8221;100px&#8221; button_one_letter_spacing=&#8221;0px&#8221; button_one_font=&#8221;Rubik|700|||||||&#8221; button_one_use_icon=&#8221;off&#8221; custom_button_two=&#8221;on&#8221; button_two_text_size=&#8221;16px&#8221; button_two_text_color=&#8221;#ffffff&#8221; button_two_bg_color=&#8221;rgba(0,0,0,0.6)&#8221; button_two_border_width=&#8221;15px&#8221; button_two_border_color=&#8221;rgba(210,159,104,0)&#8221; button_two_border_radius=&#8221;100px&#8221; button_two_letter_spacing=&#8221;0px&#8221; button_two_font=&#8221;Rubik|700|||||||&#8221; button_two_use_icon=&#8221;off&#8221; background_layout=&#8221;light&#8221; height=&#8221;452px&#8221; custom_margin=&#8221;0px||||false|false&#8221; custom_padding=&#8221;4vw||24vw||false|false&#8221; animation_style=&#8221;slide&#8221; animation_direction=&#8221;bottom&#8221; animation_intensity_slide=&#8221;1%&#8221; title_font_size_tablet=&#8221;38px&#8221; title_font_size_phone=&#8221;25px&#8221; title_font_size_last_edited=&#8221;on|desktop&#8221; content_font_size_tablet=&#8221;&#8221; content_font_size_phone=&#8221;16px&#8221; content_font_size_last_edited=&#8221;on|phone&#8221; subhead_font_size_tablet=&#8221;&#8221; subhead_font_size_phone=&#8221;30px&#8221; subhead_font_size_last_edited=&#8221;on|phone&#8221; button_one_border_radius_hover=&#8221;100px&#8221; button_two_border_radius_hover=&#8221;100px&#8221; button_one_bg_color_hover=&#8221;#ff8a70&#8243; button_two_bg_color_hover=&#8221;#ff8a70&#8243; button_one_text_size__hover_enabled=&#8221;off&#8221; button_two_text_size__hover_enabled=&#8221;off&#8221; button_one_text_color__hover_enabled=&#8221;off&#8221; button_two_text_color__hover_enabled=&#8221;off&#8221; button_one_border_width__hover_enabled=&#8221;off&#8221; button_two_border_width__hover_enabled=&#8221;off&#8221; button_one_border_color__hover_enabled=&#8221;off&#8221; button_two_border_color__hover_enabled=&#8221;off&#8221; button_one_border_radius__hover_enabled=&#8221;on&#8221; button_one_border_radius__hover=&#8221;100px&#8221; button_two_border_radius__hover_enabled=&#8221;on&#8221; button_two_border_radius__hover=&#8221;100px&#8221; button_one_letter_spacing__hover_enabled=&#8221;off&#8221; button_two_letter_spacing__hover_enabled=&#8221;off&#8221; button_one_bg_color__hover_enabled=&#8221;on&#8221; button_one_bg_color__hover=&#8221;#ff8a70&#8243; button_two_bg_color__hover_enabled=&#8221;on&#8221; button_two_bg_color__hover=&#8221;#ff8a70&#8243;][\/et_pb_fullwidth_header][\/et_pb_section][et_pb_section fb_built=&#8221;1&#8243; prev_background_color=&#8221;#ffffff&#8221; admin_label=&#8221;Our Mission&#8221; _builder_version=&#8221;4.3.2&#8243; use_background_color_gradient=&#8221;on&#8221; background_color_gradient_start=&#8221;rgba(233,239,243,0)&#8221; background_color_gradient_end=&#8221;#e9eff3&#8243; background_image=&#8221;https:\/\/www.ceipjosenogales.es\/wp-content\/uploads\/2019\/10\/shapes-bg-color.png&#8221; parallax=&#8221;on&#8221; custom_padding=&#8221;54px|0px|80px|0px|false|false&#8221; top_divider_style=&#8221;wave&#8221;][et_pb_row admin_label=&#8221;Mission Row&#8221; _builder_version=&#8221;4.3.2&#8243; locked=&#8221;off&#8221;][et_pb_column type=&#8221;4_4&#8243; _builder_version=&#8221;3.25&#8243; custom_padding=&#8221;|||&#8221; custom_padding__hover=&#8221;|||&#8221;][et_pb_text _builder_version=&#8221;4.3.2&#8243; text_font=&#8221;Open Sans|500|||||||&#8221; text_font_size=&#8221;16px&#8221; text_line_height=&#8221;2em&#8221; header_font=&#8221;||||||||&#8221; header_2_font=&#8221;Rubik|700|||||||&#8221; header_2_font_size=&#8221;40px&#8221; header_2_line_height=&#8221;1.4em&#8221; header_5_font=&#8221;Rubik|700||on|||||&#8221; header_5_text_color=&#8221;#2b76df&#8221; header_5_letter_spacing=&#8221;5px&#8221; header_5_line_height=&#8221;1.5em&#8221; text_orientation=&#8221;center&#8221; max_width=&#8221;700px&#8221; module_alignment=&#8221;center&#8221; custom_margin=&#8221;|||&#8221; custom_margin_tablet=&#8221;0px|||&#8221; custom_margin_last_edited=&#8221;off|desktop&#8221; text_line_height_last_edited=&#8221;off|desktop&#8221; header_2_font_size_tablet=&#8221;&#8221; header_2_font_size_phone=&#8221;30px&#8221; header_2_font_size_last_edited=&#8221;on|phone&#8221;]<\/p>\n<h2><strong><span style=\"font-family: 'Cabin Sketch'\">\u00bfQu\u00e9 es el m\u00e9todo ABN para las matem\u00e1ticas?<\/span><\/strong><\/h2>\n<p>ABN es el acr\u00f3nimo de Abierto Basado en N\u00fameros. Es un m\u00e9todo para aprender matem\u00e1ticas de manera razonada. Se dice que es abierto porque, a diferencia de los algoritmos cl\u00e1sicos, que son cerrados, en este m\u00e9todo son abiertos. Es decir, podemos llegar a resolver un problema matem\u00e1tico de muchas maneras diferentes. Y es basado en n\u00fameros porque, a diferencia de las matem\u00e1ticas tradicionales que se basan en cifras, en el m\u00e9todo ABN trabajamos con n\u00fameros.<\/p>\n<p>[\/et_pb_text][\/et_pb_column][\/et_pb_row][\/et_pb_section][et_pb_section fb_built=&#8221;1&#8243; admin_label=&#8221;Our Mission&#8221; _builder_version=&#8221;4.3.2&#8243; background_color=&#8221;#0c71c3&#8243; background_enable_image=&#8221;off&#8221; parallax=&#8221;on&#8221; custom_padding=&#8221;54px|0px|80px|0px|false|false&#8221;][et_pb_row admin_label=&#8221;Mission Row&#8221; _builder_version=&#8221;4.3.2&#8243; locked=&#8221;off&#8221;][et_pb_column type=&#8221;4_4&#8243; _builder_version=&#8221;3.25&#8243; custom_padding=&#8221;|||&#8221; custom_padding__hover=&#8221;|||&#8221;][et_pb_text _builder_version=&#8221;4.3.2&#8243; text_font=&#8221;Open Sans|500|||||||&#8221; text_text_color=&#8221;#ffffff&#8221; text_font_size=&#8221;16px&#8221; text_line_height=&#8221;2em&#8221; header_font=&#8221;Cabin Sketch||||||||&#8221; header_text_color=&#8221;#ffffff&#8221; header_2_font=&#8221;Rubik|700|||||||&#8221; header_2_font_size=&#8221;40px&#8221; header_2_line_height=&#8221;1.4em&#8221; header_5_font=&#8221;Rubik|700||on|||||&#8221; header_5_text_color=&#8221;#2b76df&#8221; header_5_letter_spacing=&#8221;5px&#8221; header_5_line_height=&#8221;1.5em&#8221; text_orientation=&#8221;center&#8221; max_width=&#8221;700px&#8221; module_alignment=&#8221;center&#8221; custom_margin=&#8221;|||&#8221; custom_margin_tablet=&#8221;0px|||&#8221; custom_margin_last_edited=&#8221;off|desktop&#8221; text_line_height_last_edited=&#8221;off|desktop&#8221; header_2_font_size_tablet=&#8221;&#8221; header_2_font_size_phone=&#8221;30px&#8221; header_2_font_size_last_edited=&#8221;on|phone&#8221; inline_fonts=&#8221;Cabin Sketch&#8221;]<\/p>\n<h2><strong><span style=\"color: #ffffff;font-family: 'Cabin Sketch'\">\u00bfQu\u00e9 beneficios aporta el m\u00e9todo ABN?<\/span><\/strong><\/h2>\n<p>Aprender matem\u00e1ticas con ABN nos trae numerosos beneficios, entre los que podemos destacar los siguientes:<\/p>\n<ul style=\"text-align: left\">\n<li>Las matem\u00e1ticas son m\u00e1s atractivas porque los ni\u00f1os manipulan el resultado en lugar de hacerse una idea abstracta del mismo.<\/li>\n<li>Nos permite atender a la diversidad de una manera m\u00e1s efectiva porque podemos llegar al mismo resultado por distintos caminos. Es decir, ABN se adapta a los ni\u00f1os porque pueden elegir la forma que m\u00e1s f\u00e1cil y c\u00f3moda les parezca para hacer los c\u00e1lculos.<\/li>\n<li>Eleva la autoestima de los ni\u00f1os haciendo que le pierdan el miedo a las matem\u00e1ticas.<\/li>\n<li>Contribuye a desarrollar la creatividad y la l\u00f3gica. Estas habilidades les pueden ser muy \u00fatiles para su vida real y aprendizajes posteriores en otras \u00e1reas.<\/li>\n<li>Los ni\u00f1os comprenden lo que est\u00e1n haciendo en matem\u00e1ticas.<\/li>\n<\/ul>\n<p>[\/et_pb_text][\/et_pb_column][\/et_pb_row][\/et_pb_section][et_pb_section fb_built=&#8221;1&#8243; admin_label=&#8221;Our Mission&#8221; _builder_version=&#8221;4.3.2&#8243; background_color=&#8221;#ff9c02&#8243; background_enable_image=&#8221;off&#8221; parallax=&#8221;on&#8221; custom_padding=&#8221;54px|0px|80px|0px|false|false&#8221;][et_pb_row admin_label=&#8221;Mission Row&#8221; _builder_version=&#8221;4.3.2&#8243; locked=&#8221;off&#8221;][et_pb_column type=&#8221;4_4&#8243; _builder_version=&#8221;3.25&#8243; custom_padding=&#8221;|||&#8221; custom_padding__hover=&#8221;|||&#8221;][et_pb_text _builder_version=&#8221;4.3.3&#8243; text_font=&#8221;Open Sans|500|||||||&#8221; text_text_color=&#8221;#ffffff&#8221; text_font_size=&#8221;16px&#8221; text_line_height=&#8221;2em&#8221; header_font=&#8221;Cabin Sketch||||||||&#8221; header_text_color=&#8221;#ffffff&#8221; header_2_font=&#8221;Rubik|700|||||||&#8221; header_2_font_size=&#8221;40px&#8221; header_2_line_height=&#8221;1.4em&#8221; header_5_font=&#8221;Rubik|700||on|||||&#8221; header_5_text_color=&#8221;#2b76df&#8221; header_5_letter_spacing=&#8221;5px&#8221; header_5_line_height=&#8221;1.5em&#8221; text_orientation=&#8221;center&#8221; max_width=&#8221;700px&#8221; module_alignment=&#8221;center&#8221; custom_margin=&#8221;|||&#8221; custom_margin_tablet=&#8221;0px|||&#8221; custom_margin_last_edited=&#8221;off|desktop&#8221; hover_enabled=&#8221;0&#8243; text_line_height_last_edited=&#8221;off|desktop&#8221; header_2_font_size_tablet=&#8221;&#8221; header_2_font_size_phone=&#8221;30px&#8221; header_2_font_size_last_edited=&#8221;on|phone&#8221; inline_fonts=&#8221;Cabin Sketch&#8221;]<\/p>\n<h2><strong><span style=\"color: #ffffff;font-family: 'Cabin Sketch'\">\u00bfQui\u00e9n lo invent\u00f3?<\/span><\/strong><\/h2>\n<p>El m\u00e9todo ABN fue inventado por el maestro y doctor en Filosof\u00eda y Ciencias de la Educaci\u00f3n <span style=\"color: #283fd3\"><a href=\"http:\/\/algoritmosabn.blogspot.com\/\" target=\"_blank\" title=\"Visita la web del profesor Jaime Mart\u00ednez Moreno\" rel=\"noopener noreferrer\" style=\"color: #283fd3\">Jaime Mart\u00ednez Montero<\/a><\/span>.<\/p>\n<p>[\/et_pb_text][\/et_pb_column][\/et_pb_row][\/et_pb_section][et_pb_section fb_built=&#8221;1&#8243; next_background_color=&#8221;#ffffff&#8221; admin_label=&#8221;Our Mission&#8221; _builder_version=&#8221;4.3.2&#8243; background_color=&#8221;#ff7355&#8243; background_enable_image=&#8221;off&#8221; parallax=&#8221;on&#8221; custom_padding=&#8221;54px|0px|80px|0px|false|false&#8221; bottom_divider_style=&#8221;wave&#8221;][et_pb_row admin_label=&#8221;Mission Row&#8221; _builder_version=&#8221;4.3.2&#8243; locked=&#8221;off&#8221;][et_pb_column type=&#8221;4_4&#8243; _builder_version=&#8221;3.25&#8243; custom_padding=&#8221;|||&#8221; custom_padding__hover=&#8221;|||&#8221;][et_pb_text _builder_version=&#8221;4.3.2&#8243; text_font=&#8221;Open Sans|500|||||||&#8221; text_text_color=&#8221;#ffffff&#8221; text_font_size=&#8221;16px&#8221; text_line_height=&#8221;2em&#8221; header_font=&#8221;Cabin Sketch||||||||&#8221; header_text_color=&#8221;#ffffff&#8221; header_2_font=&#8221;Rubik|700|||||||&#8221; header_2_font_size=&#8221;40px&#8221; header_2_line_height=&#8221;1.4em&#8221; header_5_font=&#8221;Rubik|700||on|||||&#8221; header_5_text_color=&#8221;#2b76df&#8221; header_5_letter_spacing=&#8221;5px&#8221; header_5_line_height=&#8221;1.5em&#8221; text_orientation=&#8221;center&#8221; max_width=&#8221;700px&#8221; module_alignment=&#8221;center&#8221; custom_margin=&#8221;|||&#8221; custom_margin_tablet=&#8221;0px|||&#8221; custom_margin_last_edited=&#8221;off|desktop&#8221; text_line_height_last_edited=&#8221;off|desktop&#8221; header_2_font_size_tablet=&#8221;&#8221; header_2_font_size_phone=&#8221;30px&#8221; header_2_font_size_last_edited=&#8221;on|phone&#8221; inline_fonts=&#8221;Cabin Sketch&#8221;]<\/p>\n<h2><strong><span style=\"color: #ffffff;font-family: 'Cabin Sketch'\">\u00bfDesde cu\u00e1ndo usamos el m\u00e9todo ABN en nuestro colegio?<\/span><\/strong><\/h2>\n<p>Llevamos usando el m\u00e9todo ABN desde el curso acad\u00e9mico 2017\/2018. En la actualidad, todos los alumnos de infantil, primer y segundo ciclo, usan ABN como forma de aprender matem\u00e1ticas.<\/p>\n<p>[\/et_pb_text][\/et_pb_column][\/et_pb_row][\/et_pb_section][et_pb_section fb_built=&#8221;1&#8243; _builder_version=&#8221;4.3.3&#8243; global_module=&#8221;921&#8243; saved_tabs=&#8221;all&#8221;][et_pb_row column_structure=&#8221;2_5,3_5&#8243; _builder_version=&#8221;4.0.9&#8243;][et_pb_column type=&#8221;2_5&#8243; _builder_version=&#8221;4.0.9&#8243;][et_pb_text _builder_version=&#8221;4.0.9&#8243; header_2_font=&#8221;Cabin Sketch||||||||&#8221; header_2_font_size=&#8221;35px&#8221;]<\/p>\n<h2>\u00bfQuieres compartir tus ideas o comentarios? <i class=\"far fa-comments\" aria-hidden=\"true\"><\/i><\/h2>\n<p>Nuestra web es un elemento vivo que hacemos entre todos en el colegio. Por este motivo,\u00a0<strong>nos encantar\u00eda escucharte<\/strong>.<\/p>\n<p>\u00bfTienes una idea que crees podr\u00eda ser interesante para el colegio? \u00bfQu\u00e9 contenido te gustar\u00eda ver en la web del colegio? \u00bfQu\u00e9 te parece lo que estamos haciendo en nuestra web?<\/p>\n<p>Escr\u00edbenos un mensaje rellenando el formulario de la derecha. \u00a1Muchas gracias por tu implicaci\u00f3n!<\/p>\n<p>[\/et_pb_text][\/et_pb_column][et_pb_column type=&#8221;3_5&#8243; _builder_version=&#8221;4.0.9&#8243;][et_pb_contact_form email=&#8221;juancarlos.cera@ceipjosenogales.es&#8221; custom_message=&#8221;Contacto de la web del colegio:<br \/>||et_pb_line_break_holder||%%name%%<br \/>||et_pb_line_break_holder||%%email%%<br \/>||et_pb_line_break_holder||%%message%%||et_pb_line_break_holder||&#8221; success_message=&#8221;\u00a1Gracias por tu mensaje! Si es necesario, nos pondremos en contacto contigo. \u00a1Que tengas un feliz d\u00eda!&#8221; _builder_version=&#8221;4.0.9&#8243; form_field_background_color=&#8221;#88c4dd&#8221; form_field_text_color=&#8221;#0c71c3&#8243; background_color=&#8221;#ffffff&#8221;][et_pb_contact_field field_id=&#8221;Name&#8221; field_title=&#8221;Nombre&#8221; _builder_version=&#8221;4.0.9&#8243; button_text_size__hover_enabled=&#8221;off&#8221; button_one_text_size__hover_enabled=&#8221;off&#8221; button_two_text_size__hover_enabled=&#8221;off&#8221; button_text_color__hover_enabled=&#8221;off&#8221; button_one_text_color__hover_enabled=&#8221;off&#8221; button_two_text_color__hover_enabled=&#8221;off&#8221; button_border_width__hover_enabled=&#8221;off&#8221; button_one_border_width__hover_enabled=&#8221;off&#8221; button_two_border_width__hover_enabled=&#8221;off&#8221; button_border_color__hover_enabled=&#8221;off&#8221; button_one_border_color__hover_enabled=&#8221;off&#8221; button_two_border_color__hover_enabled=&#8221;off&#8221; button_border_radius__hover_enabled=&#8221;off&#8221; button_one_border_radius__hover_enabled=&#8221;off&#8221; button_two_border_radius__hover_enabled=&#8221;off&#8221; button_letter_spacing__hover_enabled=&#8221;off&#8221; button_one_letter_spacing__hover_enabled=&#8221;off&#8221; button_two_letter_spacing__hover_enabled=&#8221;off&#8221; button_bg_color__hover_enabled=&#8221;off&#8221; button_one_bg_color__hover_enabled=&#8221;off&#8221; button_two_bg_color__hover_enabled=&#8221;off&#8221;][\/et_pb_contact_field][et_pb_contact_field field_id=&#8221;Email&#8221; field_title=&#8221;Direcci\u00f3n de correo electr\u00f3nico&#8221; field_type=&#8221;email&#8221; _builder_version=&#8221;3.16&#8243; button_text_size__hover_enabled=&#8221;off&#8221; button_one_text_size__hover_enabled=&#8221;off&#8221; button_two_text_size__hover_enabled=&#8221;off&#8221; button_text_color__hover_enabled=&#8221;off&#8221; button_one_text_color__hover_enabled=&#8221;off&#8221; button_two_text_color__hover_enabled=&#8221;off&#8221; button_border_width__hover_enabled=&#8221;off&#8221; button_one_border_width__hover_enabled=&#8221;off&#8221; button_two_border_width__hover_enabled=&#8221;off&#8221; button_border_color__hover_enabled=&#8221;off&#8221; button_one_border_color__hover_enabled=&#8221;off&#8221; button_two_border_color__hover_enabled=&#8221;off&#8221; button_border_radius__hover_enabled=&#8221;off&#8221; button_one_border_radius__hover_enabled=&#8221;off&#8221; button_two_border_radius__hover_enabled=&#8221;off&#8221; button_letter_spacing__hover_enabled=&#8221;off&#8221; button_one_letter_spacing__hover_enabled=&#8221;off&#8221; button_two_letter_spacing__hover_enabled=&#8221;off&#8221; button_bg_color__hover_enabled=&#8221;off&#8221; button_one_bg_color__hover_enabled=&#8221;off&#8221; button_two_bg_color__hover_enabled=&#8221;off&#8221;][\/et_pb_contact_field][et_pb_contact_field field_id=&#8221;Message&#8221; field_title=&#8221;Mensaje&#8221; field_type=&#8221;text&#8221; fullwidth_field=&#8221;on&#8221; _builder_version=&#8221;3.16&#8243; button_text_size__hover_enabled=&#8221;off&#8221; button_one_text_size__hover_enabled=&#8221;off&#8221; button_two_text_size__hover_enabled=&#8221;off&#8221; button_text_color__hover_enabled=&#8221;off&#8221; button_one_text_color__hover_enabled=&#8221;off&#8221; button_two_text_color__hover_enabled=&#8221;off&#8221; button_border_width__hover_enabled=&#8221;off&#8221; button_one_border_width__hover_enabled=&#8221;off&#8221; button_two_border_width__hover_enabled=&#8221;off&#8221; button_border_color__hover_enabled=&#8221;off&#8221; button_one_border_color__hover_enabled=&#8221;off&#8221; button_two_border_color__hover_enabled=&#8221;off&#8221; button_border_radius__hover_enabled=&#8221;off&#8221; button_one_border_radius__hover_enabled=&#8221;off&#8221; button_two_border_radius__hover_enabled=&#8221;off&#8221; button_letter_spacing__hover_enabled=&#8221;off&#8221; button_one_letter_spacing__hover_enabled=&#8221;off&#8221; button_two_letter_spacing__hover_enabled=&#8221;off&#8221; button_bg_color__hover_enabled=&#8221;off&#8221; button_one_bg_color__hover_enabled=&#8221;off&#8221; button_two_bg_color__hover_enabled=&#8221;off&#8221;][\/et_pb_contact_field][\/et_pb_contact_form][et_pb_text _builder_version=&#8221;4.0.9&#8243;]<\/p>\n<p>Tus datos est\u00e1n seguros con nosotros y s\u00f3lo ser\u00e1n usados para poder ponernos en contacto contigo si es necesario.<\/p>\n<p><strong>Responsable de los datos<\/strong>: C.E.I.P. Jos\u00e9 Nogales, Valverde del Camino (Huelva) &#8211; ESPA\u00d1A<br \/><strong>Finalidad<\/strong>: poder responder a las consultas.<br \/><strong>Legitimaci\u00f3n<\/strong>: tu consentimiento expreso.<br \/><strong>Destinatario<\/strong>: encargados del tratamiento dentro de la U.E. <br \/><strong>Datos almacenados<\/strong>: nombre, direcci\u00f3n de correo electr\u00f3nico y mensaje.<br \/><strong>Derechos<\/strong>: Tienes derecho al acceso, rectificaci\u00f3n y cancelaci\u00f3n de tus datos.<\/p>\n<p>[\/et_pb_text][\/et_pb_column][\/et_pb_row][\/et_pb_section][et_pb_section fb_built=&#8221;1&#8243; admin_label=&#8221;Our Mission&#8221; _builder_version=&#8221;4.3.2&#8243; background_color=&#8221;#ffffff&#8221; background_enable_image=&#8221;off&#8221; parallax=&#8221;on&#8221; custom_padding=&#8221;54px|0px|80px|0px|false|false&#8221;][et_pb_row use_custom_gutter=&#8221;on&#8221; gutter_width=&#8221;1&#8243; make_equal=&#8221;on&#8221; padding_top_bottom_link_1=&#8221;true&#8221; padding_top_bottom_link_2=&#8221;true&#8221; admin_label=&#8221;Two CTA Row&#8221; module_class=&#8221; et_pb_row_fullwidth&#8221; _builder_version=&#8221;4.3.2&#8243; width=&#8221;100%&#8221; width_tablet=&#8221;100%&#8221; width_phone=&#8221;&#8221; width_last_edited=&#8221;on|desktop&#8221; max_width=&#8221;100%&#8221; max_width_tablet=&#8221;100%&#8221; max_width_phone=&#8221;&#8221; max_width_last_edited=&#8221;on|desktop&#8221; min_height=&#8221;198px&#8221; custom_margin=&#8221;4px||-81px||false|false&#8221; custom_margin_tablet=&#8221;||-139px||false|false&#8221; custom_margin_phone=&#8221;&#8221; custom_margin_last_edited=&#8221;on|phone&#8221; custom_padding=&#8221;1px|0px|0px|0px|false|false&#8221; make_fullwidth=&#8221;on&#8221;][et_pb_column type=&#8221;4_4&#8243; _builder_version=&#8221;3.29.3&#8243; background_color_gradient_direction=&#8221;90deg&#8221; background_image=&#8221;https:\/\/www.ceipjosenogales.es\/wp-content\/uploads\/2019\/10\/hierbafooterLR.jpg&#8221; background_size=&#8221;initial&#8221; background_repeat=&#8221;repeat-x&#8221; custom_padding=&#8221;90px|80px|0px|10%|false|false&#8221; custom_padding_tablet=&#8221;|10%||10%||true&#8221; custom_padding_phone=&#8221;&#8221; custom_padding_last_edited=&#8221;on|desktop&#8221; padding_tablet=&#8221;|10%||10%||true&#8221; padding_last_edited=&#8221;on|tablet&#8221; custom_padding__hover=&#8221;|||&#8221;][\/et_pb_column][\/et_pb_row][\/et_pb_section]<\/p>\n","protected":false},"excerpt":{"rendered":"<p>\u00bfQu\u00e9 es el m\u00e9todo ABN para las matem\u00e1ticas? ABN es el acr\u00f3nimo de Abierto Basado en N\u00fameros. Es un m\u00e9todo para aprender matem\u00e1ticas de manera razonada. Se dice que es abierto porque, a diferencia de los algoritmos cl\u00e1sicos, que son cerrados, en este m\u00e9todo son abiertos. Es decir, podemos llegar a resolver un problema matem\u00e1tico [&hellip;]<\/p>\n","protected":false},"author":13039,"featured_media":0,"parent":0,"menu_order":0,"comment_status":"closed","ping_status":"closed","template":"","meta":{"_et_pb_use_builder":"on","_et_pb_old_content":"","_et_gb_content_width":"","ngg_post_thumbnail":0,"footnotes":""},"aioseo_notices":[],"_links":{"self":[{"href":"https:\/\/blogsaverroes.juntadeandalucia.es\/ceipjosenogales\/wp-json\/wp\/v2\/pages\/293"}],"collection":[{"href":"https:\/\/blogsaverroes.juntadeandalucia.es\/ceipjosenogales\/wp-json\/wp\/v2\/pages"}],"about":[{"href":"https:\/\/blogsaverroes.juntadeandalucia.es\/ceipjosenogales\/wp-json\/wp\/v2\/types\/page"}],"author":[{"embeddable":true,"href":"https:\/\/blogsaverroes.juntadeandalucia.es\/ceipjosenogales\/wp-json\/wp\/v2\/users\/13039"}],"replies":[{"embeddable":true,"href":"https:\/\/blogsaverroes.juntadeandalucia.es\/ceipjosenogales\/wp-json\/wp\/v2\/comments?post=293"}],"version-history":[{"count":0,"href":"https:\/\/blogsaverroes.juntadeandalucia.es\/ceipjosenogales\/wp-json\/wp\/v2\/pages\/293\/revisions"}],"wp:attachment":[{"href":"https:\/\/blogsaverroes.juntadeandalucia.es\/ceipjosenogales\/wp-json\/wp\/v2\/media?parent=293"}],"curies":[{"name":"wp","href":"https:\/\/api.w.org\/{rel}","templated":true}]}}