{"id":850,"date":"2020-12-18T08:41:27","date_gmt":"2020-12-18T07:41:27","guid":{"rendered":"https:\/\/blogsaverroes.juntadeandalucia.es\/pre\/plantilla-pencil\/?page_id=850"},"modified":"2026-02-26T13:01:36","modified_gmt":"2026-02-26T12:01:36","slug":"planes-y-proyectos","status":"publish","type":"page","link":"https:\/\/blogsaverroes.juntadeandalucia.es\/ceipjosenogales\/planes-y-proyectos\/","title":{"rendered":"Planes y Proyectos"},"content":{"rendered":"<p>[et_pb_section fb_built=&#8221;1&#8243; _builder_version=&#8221;4.16&#8243; global_colors_info=&#8221;{}&#8221;][et_pb_row _builder_version=&#8221;4.16&#8243; background_size=&#8221;initial&#8221; background_position=&#8221;top_left&#8221; background_repeat=&#8221;repeat&#8221; global_colors_info=&#8221;{}&#8221;][et_pb_column type=&#8221;4_4&#8243; _builder_version=&#8221;4.16&#8243; custom_padding=&#8221;|||&#8221; global_colors_info=&#8221;{}&#8221; custom_padding__hover=&#8221;|||&#8221;][et_pb_image src=&#8221;https:\/\/blogsaverroes.juntadeandalucia.es\/ceipjosenogales\/files\/2020\/02\/elcentro.png&#8221; title_text=&#8221;elcentro&#8221; admin_label=&#8221;Imagen de la portada&#8221; _builder_version=&#8221;4.16&#8243; z_index_tablet=&#8221;500&#8243; box_shadow_horizontal_tablet=&#8221;0px&#8221; box_shadow_vertical_tablet=&#8221;0px&#8221; box_shadow_blur_tablet=&#8221;40px&#8221; box_shadow_spread_tablet=&#8221;0px&#8221; global_colors_info=&#8221;{}&#8221;][\/et_pb_image][et_pb_text admin_label=&#8221;Texto descriptivo&#8221; _builder_version=&#8221;4.16&#8243; z_index_tablet=&#8221;500&#8243; text_text_shadow_horizontal_length_tablet=&#8221;0px&#8221; text_text_shadow_vertical_length_tablet=&#8221;0px&#8221; text_text_shadow_blur_strength_tablet=&#8221;1px&#8221; link_text_shadow_horizontal_length_tablet=&#8221;0px&#8221; link_text_shadow_vertical_length_tablet=&#8221;0px&#8221; link_text_shadow_blur_strength_tablet=&#8221;1px&#8221; ul_text_shadow_horizontal_length_tablet=&#8221;0px&#8221; ul_text_shadow_vertical_length_tablet=&#8221;0px&#8221; ul_text_shadow_blur_strength_tablet=&#8221;1px&#8221; ol_text_shadow_horizontal_length_tablet=&#8221;0px&#8221; ol_text_shadow_vertical_length_tablet=&#8221;0px&#8221; ol_text_shadow_blur_strength_tablet=&#8221;1px&#8221; quote_text_shadow_horizontal_length_tablet=&#8221;0px&#8221; quote_text_shadow_vertical_length_tablet=&#8221;0px&#8221; quote_text_shadow_blur_strength_tablet=&#8221;1px&#8221; header_text_shadow_horizontal_length_tablet=&#8221;0px&#8221; header_text_shadow_vertical_length_tablet=&#8221;0px&#8221; header_text_shadow_blur_strength_tablet=&#8221;1px&#8221; header_2_text_shadow_horizontal_length_tablet=&#8221;0px&#8221; header_2_text_shadow_vertical_length_tablet=&#8221;0px&#8221; header_2_text_shadow_blur_strength_tablet=&#8221;1px&#8221; header_3_text_shadow_horizontal_length_tablet=&#8221;0px&#8221; header_3_text_shadow_vertical_length_tablet=&#8221;0px&#8221; header_3_text_shadow_blur_strength_tablet=&#8221;1px&#8221; header_4_text_shadow_horizontal_length_tablet=&#8221;0px&#8221; header_4_text_shadow_vertical_length_tablet=&#8221;0px&#8221; header_4_text_shadow_blur_strength_tablet=&#8221;1px&#8221; header_5_text_shadow_horizontal_length_tablet=&#8221;0px&#8221; header_5_text_shadow_vertical_length_tablet=&#8221;0px&#8221; header_5_text_shadow_blur_strength_tablet=&#8221;1px&#8221; header_6_text_shadow_horizontal_length_tablet=&#8221;0px&#8221; header_6_text_shadow_vertical_length_tablet=&#8221;0px&#8221; header_6_text_shadow_blur_strength_tablet=&#8221;1px&#8221; box_shadow_horizontal_tablet=&#8221;0px&#8221; box_shadow_vertical_tablet=&#8221;0px&#8221; box_shadow_blur_tablet=&#8221;40px&#8221; box_shadow_spread_tablet=&#8221;0px&#8221; global_colors_info=&#8221;{}&#8221;]<\/p>\n<h2 style=\"text-align: center\">Planes y Proyectos<\/h2>\n<p style=\"text-align: center\">[\/et_pb_text][et_pb_accordion _builder_version=&#8221;4.24.2&#8243; _module_preset=&#8221;default&#8221; hover_enabled=&#8221;0&#8243; global_colors_info=&#8221;{}&#8221; sticky_enabled=&#8221;0&#8243;][et_pb_accordion_item title=&#8221;Compensatoria&#8221; open=&#8221;on&#8221; _builder_version=&#8221;4.16&#8243; _module_preset=&#8221;default&#8221; global_colors_info=&#8221;{}&#8221;]<\/p>\n<p><span>Nuestro centro cree firmente en la equidad e igualdad. La\u00a0<\/span><b>Educaci\u00f3n Compensatoria<\/b><span>\u00a0est\u00e1 destinada a garantizar el acceso, la permanencia y la promoci\u00f3n en el sistema\u00a0<\/span><b>educativo<\/b><span>\u00a0del alumnado en situaci\u00f3n de desventaja social, procedente de minor\u00edas \u00e9tnicas, de colectivos de inmigrantes, as\u00ed como de familias con graves dificultades socioecon\u00f3micas. Para ello, tratamos de ofrecer todas las herramientas necesarias para afrontar el curso en igualdad de oportunidades.<\/span><\/p>\n<p>[\/et_pb_accordion_item][et_pb_accordion_item title=&#8221;Habito de vida saludable&#8221; _builder_version=&#8221;4.24.2&#8243; _module_preset=&#8221;default&#8221; hover_enabled=&#8221;0&#8243; global_colors_info=&#8221;{}&#8221; open=&#8221;off&#8221; sticky_enabled=&#8221;0&#8243;]<\/p>\n<p>Contribuimos al desarrollo de competencias capacidades que permitan al alumnado afrontar los riesgos para la salud m\u00e1s frecuentes en estas edades, favoreciendo la elecci\u00f3n de conductas saludables.<\/p>\n<p>[\/et_pb_accordion_item][et_pb_accordion_item title=&#8221;Transformaci\u00f3n Digital Educativa&#8221; _builder_version=&#8221;4.16&#8243; _module_preset=&#8221;default&#8221; global_colors_info=&#8221;{}&#8221; open=&#8221;off&#8221;]<\/p>\n<p>Proyecto educativo que supone cambios en el centro a nivel t\u00e9cnico y pedag\u00f3gico. Todo para ofrecer el mayor n\u00famero de opciones a la generaci\u00f3n que nos ocupa, inmersa en la era digital, y no se produzca as\u00ed brecha digital.<\/p>\n<p>[\/et_pb_accordion_item][et_pb_accordion_item title=&#8221;Biling\u00fcismo&#8221; _builder_version=&#8221;4.16&#8243; _module_preset=&#8221;default&#8221; global_colors_info=&#8221;{}&#8221; open=&#8221;off&#8221;]<\/p>\n<p>En nuestro centro se imparte lengua inglesa en todos los cursos de Edcucaci\u00f3n Infantil y Primaria y, al menos, el 50% del curr\u00edculo de las materias de Ciencias Naturales y Ciencias Sociales en ingl\u00e9s en toda la etapa de Primaria.<\/p>\n<p>[\/et_pb_accordion_item][et_pb_accordion_item title=&#8221;Mas deporte&#8221; _builder_version=&#8221;4.24.2&#8243; _module_preset=&#8221;default&#8221; hover_enabled=&#8221;0&#8243; global_colors_info=&#8221;{}&#8221; open=&#8221;off&#8221; sticky_enabled=&#8221;0&#8243;]<\/p>\n<p>Programa que se proyecta como veh\u00edculo de iniciaci\u00f3n y promoci\u00f3n deportiva. La finalidad principal es realizar una oferta multideportiva, en horario no lectivo, con la intenci\u00f3n de fomentar el deporte en edad escolar, promocionando la educaci\u00f3n en valores y el desarrollo pleno e integral de la personalidad del&nbsp;alumnado. Valoramos de manera muy positiva la actividad f\u00edsica en el tiempo libre y de ocio de manera l\u00fadica. Fomentando la adherencia a la actividad f\u00edsica como un indicador de salud<\/p>\n<p>[\/et_pb_accordion_item][et_pb_accordion_item title=&#8221;Escuela de Paz&#8221; _builder_version=&#8221;4.16&#8243; _module_preset=&#8221;default&#8221; global_colors_info=&#8221;{}&#8221; open=&#8221;off&#8221;]<\/p>\n<p>Se desarrollan valores, actitudes, habilidades y h\u00e1bitos en aras a conseguir un pleno dearrollo de una Educaci\u00f3n participativa, colaborativa y de igualdad para nuestro alumnado.<\/p>\n<p>[\/et_pb_accordion_item][et_pb_accordion_item title=&#8221;Biblioteca Escolar&#8221; _builder_version=&#8221;4.24.2&#8243; _module_preset=&#8221;default&#8221; global_colors_info=&#8221;{}&#8221; open=&#8221;off&#8221;]<\/p>\n<h2>La Biblioteca Escolar del CEIP Jos\u00e9 Nogales: Un Espacio para Crecer Leyendo<\/h2>\n<p>La biblioteca escolar es mucho m\u00e1s que un lugar lleno de libros; es un espacio vivo donde la imaginaci\u00f3n despega, el conocimiento se expande y los ni\u00f1os y ni\u00f1as descubren el placer de la lectura. En el CEIP Jos\u00e9 Nogales, nuestra biblioteca cumple un papel fundamental en el desarrollo de los h\u00e1bitos lectores y en el aprendizaje de nuestros estudiantes, ofreci\u00e9ndoles herramientas esenciales para su crecimiento acad\u00e9mico y personal.<\/p>\n<h3>Un Mundo de Beneficios<\/h3>\n<p>Visitar la biblioteca es abrir una puerta a infinitas posibilidades. A trav\u00e9s de los libros, nuestros escolares acceden a historias que despiertan su curiosidad, les permiten viajar a mundos lejanos y les ayudan a comprender mejor la realidad que les rodea. Adem\u00e1s, la biblioteca escolar no solo fomenta el gusto por la lectura, sino que tambi\u00e9n fortalece habilidades como el pensamiento cr\u00edtico, la capacidad de an\u00e1lisis y la mejora de la comprensi\u00f3n lectora, competencias clave para su futuro acad\u00e9mico y personal.<\/p>\n<h3>Actividades para Fomentar la Lectura<\/h3>\n<p>Desde el Plan de Biblioteca del CEIP Jos\u00e9 Nogales se organizan diversas actividades dise\u00f1adas para hacer de la lectura una experiencia compartida y enriquecedora:<\/p>\n<ul>\n<li>\n<p><strong>Apadrinamientos lectores<\/strong>: Los estudiantes mayores comparten lecturas con los m\u00e1s peque\u00f1os, fomentando el v\u00ednculo entre compa\u00f1eros y transmitiendo el entusiasmo por los libros.<\/p>\n<\/li>\n<li>\n<p><strong>Lecturas de colecciones en las aulas<\/strong>: A lo largo del curso, las aulas cuentan con selecciones de libros adaptadas a cada edad, permitiendo que la lectura forme parte del d\u00eda a d\u00eda escolar.<\/p>\n<\/li>\n<li>\n<p><strong>Pr\u00e9stamo de libros<\/strong>: Cada estudiante puede llevarse libros a casa, facilitando el acceso a la lectura en el \u00e1mbito familiar y promoviendo el h\u00e1bito lector fuera del colegio.<\/p>\n<\/li>\n<\/ul>\n<h3>Un Espacio para Todos<\/h3>\n<p>La biblioteca del CEIP Jos\u00e9 Nogales es un recurso valioso que toda la comunidad educativa puede y debe aprovechar. Invitamos a estudiantes, familias y docentes a visitarla, descubrir sus tesoros y convertir la lectura en una aliada para el aprendizaje y la diversi\u00f3n. Porque leer es crecer, y en nuestra biblioteca hay un mundo entero esperando ser explorado. \u00a1An\u00edmate a descubrirlo!<\/p>\n<p>[\/et_pb_accordion_item][et_pb_accordion_item title=&#8221;Plan de Igualdad entre hombres y mujeres&#8221; _builder_version=&#8221;4.16&#8243; _module_preset=&#8221;default&#8221; global_colors_info=&#8221;{}&#8221; open=&#8221;off&#8221;]<\/p>\n<p>El profesorado de este claustro comparte la idea de forma conjunta y coordinada para alcanzar una escula justa, encaminados a capacitar al alumnado para vivir en sociedad de forma igualitaria en derechos y responsabilidades para hombres y mejeres.<\/p>\n<p>[\/et_pb_accordion_item][et_pb_accordion_item title=&#8221;Pacto Contra la Violencia de G\u00e9nero&#8221; _builder_version=&#8221;4.16&#8243; _module_preset=&#8221;default&#8221; global_colors_info=&#8221;{}&#8221; open=&#8221;off&#8221;][\/et_pb_accordion_item][\/et_pb_accordion][\/et_pb_column][\/et_pb_row][\/et_pb_section]<\/p>\n","protected":false},"excerpt":{"rendered":"<p>Planes y Proyectos Nuestro centro cree firmente en la equidad e igualdad. La\u00a0Educaci\u00f3n Compensatoria\u00a0est\u00e1 destinada a garantizar el acceso, la permanencia y la promoci\u00f3n en el sistema\u00a0educativo\u00a0del alumnado en situaci\u00f3n de desventaja social, procedente de minor\u00edas \u00e9tnicas, de colectivos de inmigrantes, as\u00ed como de familias con graves dificultades socioecon\u00f3micas. Para ello, tratamos de ofrecer todas [&hellip;]<\/p>\n","protected":false},"author":7051,"featured_media":0,"parent":0,"menu_order":0,"comment_status":"closed","ping_status":"closed","template":"","meta":{"_et_pb_use_builder":"on","_et_pb_old_content":"","_et_gb_content_width":"","ngg_post_thumbnail":0,"footnotes":""},"aioseo_notices":[],"_links":{"self":[{"href":"https:\/\/blogsaverroes.juntadeandalucia.es\/ceipjosenogales\/wp-json\/wp\/v2\/pages\/850"}],"collection":[{"href":"https:\/\/blogsaverroes.juntadeandalucia.es\/ceipjosenogales\/wp-json\/wp\/v2\/pages"}],"about":[{"href":"https:\/\/blogsaverroes.juntadeandalucia.es\/ceipjosenogales\/wp-json\/wp\/v2\/types\/page"}],"author":[{"embeddable":true,"href":"https:\/\/blogsaverroes.juntadeandalucia.es\/ceipjosenogales\/wp-json\/wp\/v2\/users\/7051"}],"replies":[{"embeddable":true,"href":"https:\/\/blogsaverroes.juntadeandalucia.es\/ceipjosenogales\/wp-json\/wp\/v2\/comments?post=850"}],"version-history":[{"count":3,"href":"https:\/\/blogsaverroes.juntadeandalucia.es\/ceipjosenogales\/wp-json\/wp\/v2\/pages\/850\/revisions"}],"predecessor-version":[{"id":2752,"href":"https:\/\/blogsaverroes.juntadeandalucia.es\/ceipjosenogales\/wp-json\/wp\/v2\/pages\/850\/revisions\/2752"}],"wp:attachment":[{"href":"https:\/\/blogsaverroes.juntadeandalucia.es\/ceipjosenogales\/wp-json\/wp\/v2\/media?parent=850"}],"curies":[{"name":"wp","href":"https:\/\/api.w.org\/{rel}","templated":true}]}}