{"id":1221,"date":"2024-05-28T18:22:07","date_gmt":"2024-05-28T17:22:07","guid":{"rendered":"https:\/\/blogsaverroes.juntadeandalucia.es\/ceipjoseoliva\/?page_id=1221"},"modified":"2025-05-12T09:35:03","modified_gmt":"2025-05-12T08:35:03","slug":"pacto-de-estado","status":"publish","type":"page","link":"https:\/\/blogsaverroes.juntadeandalucia.es\/ceipjoseoliva\/pacto-de-estado\/","title":{"rendered":"PACTO DE ESTADO"},"content":{"rendered":"<p>[et_pb_section fb_built=&#8221;1&#8243; _builder_version=&#8221;4.24.2&#8243; _module_preset=&#8221;default&#8221; global_colors_info=&#8221;{}&#8221;][et_pb_row _builder_version=&#8221;4.24.2&#8243; _module_preset=&#8221;default&#8221; global_colors_info=&#8221;{}&#8221;][et_pb_column type=&#8221;4_4&#8243; _builder_version=&#8221;4.24.2&#8243; _module_preset=&#8221;default&#8221; global_colors_info=&#8221;{}&#8221;][et_pb_text _builder_version=&#8221;4.24.2&#8243; _module_preset=&#8221;default&#8221; global_colors_info=&#8221;{}&#8221;]<\/p>\n<h1><span style=\"color: #800080\"><strong>D\u00cdA INTERNACIONAL DE LA ELIMINACI\u00d3N DE LA VIOLENCIA CONTRA LA MUJER<\/strong><\/span><\/h1>\n<p>[\/et_pb_text][et_pb_image src=&#8221;https:\/\/blogsaverroes.juntadeandalucia.es\/ceipjoseoliva\/files\/2024\/05\/banner_prevencion_vg.png&#8221; _builder_version=&#8221;4.24.2&#8243; _module_preset=&#8221;default&#8221; global_colors_info=&#8221;{}&#8221;][\/et_pb_image][\/et_pb_column][\/et_pb_row][et_pb_row _builder_version=&#8221;4.24.2&#8243; _module_preset=&#8221;default&#8221; global_colors_info=&#8221;{}&#8221;][et_pb_column type=&#8221;4_4&#8243; _builder_version=&#8221;4.24.2&#8243; _module_preset=&#8221;default&#8221; global_colors_info=&#8221;{}&#8221;][et_pb_text _builder_version=&#8221;4.24.2&#8243; _module_preset=&#8221;default&#8221; global_colors_info=&#8221;{}&#8221;]<\/p>\n<div dir=\"auto\">&#8220;25N DIA INTERNACIONAL de la ELIMINACI\u00d3N de la VIOLENCIA CONTRA LAS MUJERES\u201d<\/div>\n<div dir=\"auto\">Como cada a\u00f1o, a finales de noviembre conmemoramos este importante d\u00eda en la lucha por una sociedad m\u00e1s justa e igualitaria. Este curso, nuestra compa\u00f1era Nani prepar\u00f3 una serie de actividades como la elaboraci\u00f3n de un muro con envases desechables donde el alumnado escrib\u00eda mensajes. El a\u00f1o lo centramos en LOS JUEGOS OL\u00cdMPICOS y los mensajes iban dirigidos sobre todo a las mujeres deportistas. Siguiendo esta l\u00ednea, tuvimos tres charlas con mujeres deportistas relevantes. Con primer ciclo contamos con nuestra jefa Celes Vizcaino, que nos cont\u00f3 muchas an\u00e9cdotas de su periplo en el mundo del baloncesto y como ha ido superando barreras que la sociedad le impon\u00eda por el hecho de ser mujer. El segundo ciclo pudo contar con varias jugadoras del \u00cdES LA ORDEN de B\u00e1dminton. Donde Huelva es un referente a nivel nacional. Al final de la charla sortearon material deportivo y una camiseta. Por \u00faltimo, el tercer ciclo cont\u00f3 con la presencia del Sporting de Huelva y sus jugadoras nos transmitieron sus vivencias en un deporte tradicionalmente para \u201chombres\u201d pero que a d\u00eda de hoy, y no sin esfuerzo, va abriendo su merecido espacio a estas grandes deportistas. Todas ellas son ejemplos para las pr\u00f3ximas generaciones y referentes positivos tanto para nuestras ni\u00f1as como para nuestros ni\u00f1os. En pos de una sociedad mejor\u2026<\/div>\n<p>[\/et_pb_text][\/et_pb_column][\/et_pb_row][et_pb_row _builder_version=&#8221;4.24.2&#8243; _module_preset=&#8221;default&#8221; global_colors_info=&#8221;{}&#8221;][et_pb_column type=&#8221;4_4&#8243; _builder_version=&#8221;4.24.2&#8243; _module_preset=&#8221;default&#8221; global_colors_info=&#8221;{}&#8221;][et_pb_image src=&#8221;https:\/\/blogsaverroes.juntadeandalucia.es\/ceipjoseoliva\/files\/2024\/05\/12.jpg&#8221; title_text=&#8221;12&#8243; _builder_version=&#8221;4.24.2&#8243; _module_preset=&#8221;default&#8221; global_colors_info=&#8221;{}&#8221;][\/et_pb_image][et_pb_image src=&#8221;https:\/\/blogsaverroes.juntadeandalucia.es\/ceipjoseoliva\/files\/2024\/05\/9.jpg&#8221; title_text=&#8221;9&#8243; _builder_version=&#8221;4.24.2&#8243; _module_preset=&#8221;default&#8221; global_colors_info=&#8221;{}&#8221;][\/et_pb_image][et_pb_image src=&#8221;https:\/\/blogsaverroes.juntadeandalucia.es\/ceipjoseoliva\/files\/2024\/05\/6.jpg&#8221; title_text=&#8221;6&#8243; _builder_version=&#8221;4.24.2&#8243; _module_preset=&#8221;default&#8221; global_colors_info=&#8221;{}&#8221;][\/et_pb_image][et_pb_image src=&#8221;https:\/\/blogsaverroes.juntadeandalucia.es\/ceipjoseoliva\/files\/2024\/05\/4.jpg&#8221; title_text=&#8221;4&#8243; _builder_version=&#8221;4.24.2&#8243; _module_preset=&#8221;default&#8221; global_colors_info=&#8221;{}&#8221;][\/et_pb_image][et_pb_image src=&#8221;https:\/\/blogsaverroes.juntadeandalucia.es\/ceipjoseoliva\/files\/2024\/05\/10.jpg&#8221; title_text=&#8221;10&#8243; _builder_version=&#8221;4.24.2&#8243; _module_preset=&#8221;default&#8221; global_colors_info=&#8221;{}&#8221;][\/et_pb_image][et_pb_image src=&#8221;https:\/\/blogsaverroes.juntadeandalucia.es\/ceipjoseoliva\/files\/2024\/05\/5.jpg&#8221; title_text=&#8221;5&#8243; _builder_version=&#8221;4.24.2&#8243; _module_preset=&#8221;default&#8221; global_colors_info=&#8221;{}&#8221;][\/et_pb_image][et_pb_image src=&#8221;https:\/\/blogsaverroes.juntadeandalucia.es\/ceipjoseoliva\/files\/2024\/05\/3.jpg&#8221; title_text=&#8221;3&#8243; _builder_version=&#8221;4.24.2&#8243; _module_preset=&#8221;default&#8221; global_colors_info=&#8221;{}&#8221;][\/et_pb_image][\/et_pb_column][\/et_pb_row][et_pb_row _builder_version=&#8221;4.24.2&#8243; _module_preset=&#8221;default&#8221; global_colors_info=&#8221;{}&#8221;][et_pb_column type=&#8221;4_4&#8243; _builder_version=&#8221;4.24.2&#8243; _module_preset=&#8221;default&#8221; global_colors_info=&#8221;{}&#8221;][et_pb_text _builder_version=&#8221;4.24.2&#8243; _module_preset=&#8221;default&#8221; custom_padding=&#8221;0px|||||&#8221; global_colors_info=&#8221;{}&#8221;]<\/p>\n<h1><span style=\"color: #000080\"><strong>DIA DE LA PAZ<\/strong><\/span><\/h1>\n<p>[\/et_pb_text][\/et_pb_column][\/et_pb_row][et_pb_row _builder_version=&#8221;4.24.2&#8243; _module_preset=&#8221;default&#8221; global_colors_info=&#8221;{}&#8221;][et_pb_column type=&#8221;4_4&#8243; _builder_version=&#8221;4.24.2&#8243; _module_preset=&#8221;default&#8221; global_colors_info=&#8221;{}&#8221;][et_pb_text _builder_version=&#8221;4.24.2&#8243; _module_preset=&#8221;default&#8221; global_colors_info=&#8221;{}&#8221;]<\/p>\n<div dir=\"auto\">D\u00cdA de LA PAZ: &#8220;El l\u00e1piz m\u00e1gico de MALALA&#8221;<\/div>\n<div dir=\"auto\">Con motivo de la celebraci\u00f3n del D\u00eda de la Paz tuvimos la visita de una persona muy especial y con una historia de valent\u00eda y lucha por sus derechos y el de tantas ni\u00f1as como fue ella, excluidas de la escuela por el hecho de ser ni\u00f1a. Malala no se rindi\u00f3 y junto a su &#8220;l\u00e1piz m\u00e1gico&#8221; consigui\u00f3 cumplir sus sue\u00f1os. Nuestro alumnado de infantil, primer y segundo ciclo de primaria pudo conocer de cerca esta preciosa historia que tanto nos inspira. Malala consigue cambiar el mundo para mejorarlo, y en este sentido, nuestro alumnado m\u00e1s peque\u00f1o firm\u00f3 un compromiso con ella. Gracias por tanto Malala.<\/div>\n<p>[\/et_pb_text][\/et_pb_column][\/et_pb_row][et_pb_row _builder_version=&#8221;4.24.2&#8243; _module_preset=&#8221;default&#8221; global_colors_info=&#8221;{}&#8221;][et_pb_column type=&#8221;4_4&#8243; _builder_version=&#8221;4.24.2&#8243; _module_preset=&#8221;default&#8221; global_colors_info=&#8221;{}&#8221;][et_pb_image src=&#8221;https:\/\/blogsaverroes.juntadeandalucia.es\/ceipjoseoliva\/files\/2024\/05\/417518073_238917095927422_1856255631699758019_n.jpg&#8221; title_text=&#8221;417518073_238917095927422_1856255631699758019_n&#8221; _builder_version=&#8221;4.24.2&#8243; _module_preset=&#8221;default&#8221; global_colors_info=&#8221;{}&#8221;][\/et_pb_image][et_pb_image src=&#8221;https:\/\/blogsaverroes.juntadeandalucia.es\/ceipjoseoliva\/files\/2024\/05\/417463991_238917322594066_5467514966702615092_n.jpg&#8221; title_text=&#8221;417463991_238917322594066_5467514966702615092_n&#8221; _builder_version=&#8221;4.24.2&#8243; _module_preset=&#8221;default&#8221; global_colors_info=&#8221;{}&#8221;][\/et_pb_image][et_pb_image src=&#8221;https:\/\/blogsaverroes.juntadeandalucia.es\/ceipjoseoliva\/files\/2024\/05\/417453236_238917429260722_1282024757048231131_n.jpg&#8221; title_text=&#8221;417453236_238917429260722_1282024757048231131_n&#8221; _builder_version=&#8221;4.24.2&#8243; _module_preset=&#8221;default&#8221; global_colors_info=&#8221;{}&#8221;][\/et_pb_image][et_pb_image src=&#8221;https:\/\/blogsaverroes.juntadeandalucia.es\/ceipjoseoliva\/files\/2024\/05\/417450909_238917532594045_843148058720178871_n.jpg&#8221; title_text=&#8221;417450909_238917532594045_843148058720178871_n&#8221; _builder_version=&#8221;4.24.2&#8243; _module_preset=&#8221;default&#8221; global_colors_info=&#8221;{}&#8221;][\/et_pb_image][\/et_pb_column][\/et_pb_row][et_pb_row _builder_version=&#8221;4.24.2&#8243; _module_preset=&#8221;default&#8221; global_colors_info=&#8221;{}&#8221;][et_pb_column type=&#8221;4_4&#8243; _builder_version=&#8221;4.24.2&#8243; _module_preset=&#8221;default&#8221; global_colors_info=&#8221;{}&#8221;][et_pb_text _builder_version=&#8221;4.24.2&#8243; _module_preset=&#8221;default&#8221; global_colors_info=&#8221;{}&#8221;]<\/p>\n<h1><span style=\"color: #000080\"><strong>D\u00cdA DE LA MUJER<\/strong><\/span><\/h1>\n<p>&nbsp;<br \/>\n[\/et_pb_text][\/et_pb_column][\/et_pb_row][et_pb_row _builder_version=&#8221;4.24.2&#8243; _module_preset=&#8221;default&#8221; global_colors_info=&#8221;{}&#8221;][et_pb_column type=&#8221;4_4&#8243; _builder_version=&#8221;4.24.2&#8243; _module_preset=&#8221;default&#8221; global_colors_info=&#8221;{}&#8221;][et_pb_text _builder_version=&#8221;4.24.2&#8243; _module_preset=&#8221;default&#8221; global_colors_info=&#8221;{}&#8221;]<\/p>\n<div dir=\"auto\">CONCURSO FOTOGR\u00c1FICO<\/div>\n<div dir=\"auto\">&#8220;Mujer y deporte&#8221;<\/div>\n<div dir=\"auto\">Entre las celebraciones por el 8M se desarrollo el primer concurso fotogr\u00e1fico &#8220;Mujer y deporte&#8221;, participando todo el alumnado de infantil y primaria. Las fotograf\u00edas estan expuestas en el hall del centro y ha sido un \u00e9xito de participaci\u00f3n, con instant\u00e1neas de una gran calidad. El jurado que dictamin\u00f3 l@s premiados estuvo formado por los fot\u00f3grafos Alfonso Villase\u00f1or y Francis Garc\u00eda, la presidenta del AMPA Ana Bel\u00e9n Blanqui\u00f1o, nuestra secretaria Charo Gavilan y nuestra directora Diana Antequera.<\/div>\n<p>[\/et_pb_text][\/et_pb_column][\/et_pb_row][et_pb_row _builder_version=&#8221;4.24.2&#8243; _module_preset=&#8221;default&#8221; global_colors_info=&#8221;{}&#8221;][et_pb_column type=&#8221;4_4&#8243; _builder_version=&#8221;4.24.2&#8243; _module_preset=&#8221;default&#8221; global_colors_info=&#8221;{}&#8221;][et_pb_image src=&#8221;https:\/\/blogsaverroes.juntadeandalucia.es\/ceipjoseoliva\/files\/2024\/05\/418986188_264424663376665_4989942258658240190_n.jpg&#8221; title_text=&#8221;418986188_264424663376665_4989942258658240190_n&#8221; _builder_version=&#8221;4.24.2&#8243; _module_preset=&#8221;default&#8221; global_colors_info=&#8221;{}&#8221;][\/et_pb_image][et_pb_image src=&#8221;https:\/\/blogsaverroes.juntadeandalucia.es\/ceipjoseoliva\/files\/2024\/05\/417522845_264425003376631_1088617191942223166_n.jpg&#8221; title_text=&#8221;417522845_264425003376631_1088617191942223166_n&#8221; _builder_version=&#8221;4.24.2&#8243; _module_preset=&#8221;default&#8221; global_colors_info=&#8221;{}&#8221;][\/et_pb_image][et_pb_image src=&#8221;https:\/\/blogsaverroes.juntadeandalucia.es\/ceipjoseoliva\/files\/2024\/05\/418170666_264424683376663_5352039533387714105_n.jpg&#8221; title_text=&#8221;418170666_264424683376663_5352039533387714105_n&#8221; _builder_version=&#8221;4.24.2&#8243; _module_preset=&#8221;default&#8221; global_colors_info=&#8221;{}&#8221;][\/et_pb_image][et_pb_image src=&#8221;https:\/\/blogsaverroes.juntadeandalucia.es\/ceipjoseoliva\/files\/2024\/05\/417543147_264424690043329_6601064486352698581_n.jpg&#8221; title_text=&#8221;417543147_264424690043329_6601064486352698581_n&#8221; _builder_version=&#8221;4.24.2&#8243; _module_preset=&#8221;default&#8221; global_colors_info=&#8221;{}&#8221;][\/et_pb_image][et_pb_image src=&#8221;https:\/\/blogsaverroes.juntadeandalucia.es\/ceipjoseoliva\/files\/2024\/05\/417692365_264424643376667_3350694286843349487_n.jpg&#8221; title_text=&#8221;417692365_264424643376667_3350694286843349487_n&#8221; _builder_version=&#8221;4.24.2&#8243; _module_preset=&#8221;default&#8221; global_colors_info=&#8221;{}&#8221;][\/et_pb_image][\/et_pb_column][\/et_pb_row][\/et_pb_section]<\/p>\n","protected":false},"excerpt":{"rendered":"<p>D\u00cdA INTERNACIONAL DE LA ELIMINACI\u00d3N DE LA VIOLENCIA CONTRA LA MUJER &#8220;25N DIA INTERNACIONAL de la ELIMINACI\u00d3N de la VIOLENCIA CONTRA LAS MUJERES\u201d Como cada a\u00f1o, a finales de noviembre conmemoramos este importante d\u00eda en la lucha por una sociedad m\u00e1s justa e igualitaria. Este curso, nuestra compa\u00f1era Nani prepar\u00f3 una serie de actividades como [&hellip;]<\/p>\n","protected":false},"author":18233,"featured_media":0,"parent":0,"menu_order":0,"comment_status":"closed","ping_status":"closed","template":"","meta":{"_et_pb_use_builder":"on","_et_pb_old_content":"","_et_gb_content_width":"","ngg_post_thumbnail":0,"footnotes":""},"aioseo_notices":[],"_links":{"self":[{"href":"https:\/\/blogsaverroes.juntadeandalucia.es\/ceipjoseoliva\/wp-json\/wp\/v2\/pages\/1221"}],"collection":[{"href":"https:\/\/blogsaverroes.juntadeandalucia.es\/ceipjoseoliva\/wp-json\/wp\/v2\/pages"}],"about":[{"href":"https:\/\/blogsaverroes.juntadeandalucia.es\/ceipjoseoliva\/wp-json\/wp\/v2\/types\/page"}],"author":[{"embeddable":true,"href":"https:\/\/blogsaverroes.juntadeandalucia.es\/ceipjoseoliva\/wp-json\/wp\/v2\/users\/18233"}],"replies":[{"embeddable":true,"href":"https:\/\/blogsaverroes.juntadeandalucia.es\/ceipjoseoliva\/wp-json\/wp\/v2\/comments?post=1221"}],"version-history":[{"count":12,"href":"https:\/\/blogsaverroes.juntadeandalucia.es\/ceipjoseoliva\/wp-json\/wp\/v2\/pages\/1221\/revisions"}],"predecessor-version":[{"id":1926,"href":"https:\/\/blogsaverroes.juntadeandalucia.es\/ceipjoseoliva\/wp-json\/wp\/v2\/pages\/1221\/revisions\/1926"}],"wp:attachment":[{"href":"https:\/\/blogsaverroes.juntadeandalucia.es\/ceipjoseoliva\/wp-json\/wp\/v2\/media?parent=1221"}],"curies":[{"name":"wp","href":"https:\/\/api.w.org\/{rel}","templated":true}]}}