{"id":2629,"date":"2016-04-01T12:36:17","date_gmt":"2016-04-01T11:36:17","guid":{"rendered":"http:\/\/blogsaverroes.juntadeandalucia.es\/ceipjoseramon\/?page_id=2629"},"modified":"2022-02-01T09:37:53","modified_gmt":"2022-02-01T08:37:53","slug":"aula-informatica","status":"publish","type":"page","link":"https:\/\/blogsaverroes.juntadeandalucia.es\/ceipjoseramon\/aula-informatica\/","title":{"rendered":"AULA INFORM\u00c1TICA"},"content":{"rendered":"<p style=\"text-align: justify\">Nuestro centro cuenta con aula de inform\u00e1tica dotada con 14 ordenadores de sobremesa para el alumnado y 1 proyector. Este aula ha sido renovada en el curso 20-21, por lo que los equipos se encuentran totalmente actualizados y con un funcionamiento \u00f3ptimo.<\/p>\n<p>Adem\u00e1s el centro dispone de 2 carros con port\u00e1tiles a disposici\u00f3n de cualquier docente que lo requiera. Esto hace que se pueda disponer de los recursos TIC en cualquier lugar y momento.<\/p>\n<p>&nbsp;<\/p>\n","protected":false},"excerpt":{"rendered":"<p>Nuestro centro cuenta con aula de inform\u00e1tica dotada con 14 ordenadores de sobremesa para el alumnado y 1 proyector. Este aula ha sido renovada en el curso 20-21, por lo que los equipos se&#46;&#46;&#46;<\/p>\n","protected":false},"author":2537,"featured_media":0,"parent":0,"menu_order":0,"comment_status":"open","ping_status":"open","template":"","meta":{"ngg_post_thumbnail":0,"footnotes":"","_mc_calendar":[]},"aioseo_notices":[],"_links":{"self":[{"href":"https:\/\/blogsaverroes.juntadeandalucia.es\/ceipjoseramon\/wp-json\/wp\/v2\/pages\/2629"}],"collection":[{"href":"https:\/\/blogsaverroes.juntadeandalucia.es\/ceipjoseramon\/wp-json\/wp\/v2\/pages"}],"about":[{"href":"https:\/\/blogsaverroes.juntadeandalucia.es\/ceipjoseramon\/wp-json\/wp\/v2\/types\/page"}],"author":[{"embeddable":true,"href":"https:\/\/blogsaverroes.juntadeandalucia.es\/ceipjoseramon\/wp-json\/wp\/v2\/users\/2537"}],"replies":[{"embeddable":true,"href":"https:\/\/blogsaverroes.juntadeandalucia.es\/ceipjoseramon\/wp-json\/wp\/v2\/comments?post=2629"}],"version-history":[{"count":9,"href":"https:\/\/blogsaverroes.juntadeandalucia.es\/ceipjoseramon\/wp-json\/wp\/v2\/pages\/2629\/revisions"}],"predecessor-version":[{"id":5032,"href":"https:\/\/blogsaverroes.juntadeandalucia.es\/ceipjoseramon\/wp-json\/wp\/v2\/pages\/2629\/revisions\/5032"}],"wp:attachment":[{"href":"https:\/\/blogsaverroes.juntadeandalucia.es\/ceipjoseramon\/wp-json\/wp\/v2\/media?parent=2629"}],"curies":[{"name":"wp","href":"https:\/\/api.w.org\/{rel}","templated":true}]}}