{"id":4053,"date":"2020-01-14T10:53:30","date_gmt":"2020-01-14T09:53:30","guid":{"rendered":"http:\/\/blogsaverroes.juntadeandalucia.es\/ceipjoseramon\/?page_id=4053"},"modified":"2025-05-09T09:15:42","modified_gmt":"2025-05-09T08:15:42","slug":"pasen","status":"publish","type":"page","link":"https:\/\/blogsaverroes.juntadeandalucia.es\/ceipjoseramon\/pasen\/","title":{"rendered":"PASEN"},"content":{"rendered":"\t\t<div data-elementor-type=\"wp-page\" data-elementor-id=\"4053\" class=\"elementor elementor-4053\">\n\t\t\t\t\t\t<section class=\"elementor-section elementor-top-section elementor-element elementor-element-41b3ffe9 elementor-section-boxed elementor-section-height-default elementor-section-height-default\" data-id=\"41b3ffe9\" data-element_type=\"section\">\n\t\t\t\t\t\t<div class=\"elementor-container elementor-column-gap-default\">\n\t\t\t\t\t<div class=\"elementor-column elementor-col-100 elementor-top-column elementor-element elementor-element-57437868\" data-id=\"57437868\" data-element_type=\"column\">\n\t\t\t<div class=\"elementor-widget-wrap elementor-element-populated\">\n\t\t\t\t\t\t<div class=\"elementor-element elementor-element-4b8b81be elementor-widget elementor-widget-text-editor\" data-id=\"4b8b81be\" data-element_type=\"widget\" data-widget_type=\"text-editor.default\">\n\t\t\t\t<div class=\"elementor-widget-container\">\n\t\t\t\t\t\t\t\t\t<p>\u00a0 \u00a0 <a href=\"https:\/\/blogsaverroes.juntadeandalucia.es\/ceipjoseramon\/files\/2020\/01\/pasen-para-moviles.jpg\"><img decoding=\"async\" class=\"size-medium wp-image-4059 alignleft\" src=\"https:\/\/blogsaverroes.juntadeandalucia.es\/ceipjoseramon\/files\/2020\/01\/pasen-para-moviles-300x147.jpg\" alt=\"\" width=\"300\" height=\"147\" srcset=\"https:\/\/blogsaverroes.juntadeandalucia.es\/ceipjoseramon\/files\/2020\/01\/pasen-para-moviles-300x147.jpg 300w, https:\/\/blogsaverroes.juntadeandalucia.es\/ceipjoseramon\/files\/2020\/01\/pasen-para-moviles-24x12.jpg 24w, https:\/\/blogsaverroes.juntadeandalucia.es\/ceipjoseramon\/files\/2020\/01\/pasen-para-moviles-36x18.jpg 36w, https:\/\/blogsaverroes.juntadeandalucia.es\/ceipjoseramon\/files\/2020\/01\/pasen-para-moviles-48x23.jpg 48w, https:\/\/blogsaverroes.juntadeandalucia.es\/ceipjoseramon\/files\/2020\/01\/pasen-para-moviles.jpg 321w\" sizes=\"(max-width: 300px) 100vw, 300px\" \/><\/a><\/p><p style=\"text-align: justify\">\u00a0 \u00a0<strong><span style=\"color: #000000\"> \u00a0Desde el centro queremos facilitar el m\u00e1ximo posible la comunicaci\u00f3n con todas las familias de nuestro alumnado, para ello vamos a comenzar a usar la herramienta IPASEN. Esta herramienta es una aplicaci\u00f3n oficial desarrollada por la Consejer\u00eda de Educaci\u00f3n que nos permitir\u00e1 realizar diversas funciones que nos faciliten el contacto diario entre familia y escuela. Para poder integrarla poco a poco en la vida diaria del centro comenzaremos utiliz\u00e1ndola para que las familias puedan justificar las ausencias de sus hijos e hijas, as\u00ed como para que los docentes puedan comunicarles alg\u00fan asunto de inter\u00e9s para la educaci\u00f3n del alumnado. Aunque en ning\u00fan caso estas comunicaciones sustituir\u00e1n a las reuniones de tutor\u00eda.<\/span><\/strong><\/p><p><strong><span style=\"color: #000000\">\u00a0 \u00a0 \u00a0A continuaci\u00f3n, les dejamos el enlace a unos v\u00eddeos explicativos sobre aspectos b\u00e1sicos:<\/span><\/strong><\/p><p><strong><span style=\"color: #000000\"> <a href=\"https:\/\/www.youtube.com\/watch?v=Gywfd_XncSA\" target=\"_blank\" rel=\"noopener\">1. DARSE DE ALTA EN IPASEN<\/a><br \/><\/span><\/strong><\/p><p><a href=\"https:\/\/www.youtube.com\/watch?v=OR7r9OcG8sE&amp;list=PLmkFps6Bh12GaYrcdUb6G1cVmPA0ESNfV&amp;index=5\" target=\"_blank\" rel=\"noopener\"><strong><span style=\"color: #000000\">2. RECUPERAR ACCESO<\/span><\/strong><\/a><\/p><p><a href=\"https:\/\/www.youtube.com\/watch?v=WRvJEhelN0Y&amp;list=PLmkFps6Bh12F567tCDMQTgnzU5Y2d0i4t\" target=\"_blank\" rel=\"noopener\"><span style=\"color: #000000\"><strong>3. GESTI\u00d3N DE TUTOR\u00cdAS<\/strong><\/span><\/a><\/p><p><a href=\"https:\/\/www.youtube.com\/watch?v=BzsH8tJCN28&amp;list=PLmkFps6Bh12GaYrcdUb6G1cVmPA0ESNfV&amp;index=1\" target=\"_blank\" rel=\"noopener\"><strong><span style=\"color: #000000\">4. AUTORIZACIONES Y FIRMAS<\/span><\/strong><\/a><\/p><p><a href=\"https:\/\/www.youtube.com\/watch?v=K7s5wXWcEdc&amp;list=PLmkFps6Bh12GaYrcdUb6G1cVmPA0ESNfV&amp;index=2\" target=\"_blank\" rel=\"noopener\"><span style=\"color: #000000\"><strong>5. PUNTO DE RECOGIDA DE DOCUMENTOS<\/strong><\/span><\/a><\/p>\t\t\t\t\t\t\t\t<\/div>\n\t\t\t\t<\/div>\n\t\t\t\t\t<\/div>\n\t\t<\/div>\n\t\t\t\t\t<\/div>\n\t\t<\/section>\n\t\t\t\t<section class=\"elementor-section elementor-top-section elementor-element elementor-element-0c775cf elementor-section-boxed elementor-section-height-default elementor-section-height-default\" data-id=\"0c775cf\" data-element_type=\"section\">\n\t\t\t\t\t\t<div class=\"elementor-container elementor-column-gap-default\">\n\t\t\t\t\t<div class=\"elementor-column elementor-col-20 elementor-top-column elementor-element elementor-element-5d65bbf\" data-id=\"5d65bbf\" data-element_type=\"column\">\n\t\t\t<div class=\"elementor-widget-wrap elementor-element-populated\">\n\t\t\t\t\t\t<div class=\"elementor-element elementor-element-4e96512 elementor-widget elementor-widget-video\" data-id=\"4e96512\" data-element_type=\"widget\" data-settings=\"{&quot;youtube_url&quot;:&quot;https:\\\/\\\/www.youtube.com\\\/watch?v=Gywfd_XncSA&quot;,&quot;video_type&quot;:&quot;youtube&quot;,&quot;controls&quot;:&quot;yes&quot;}\" data-widget_type=\"video.default\">\n\t\t\t\t<div class=\"elementor-widget-container\">\n\t\t\t\t\t\t\t<div class=\"elementor-wrapper elementor-open-inline\">\n\t\t\t<div class=\"elementor-video\"><\/div>\t\t<\/div>\n\t\t\t\t\t\t<\/div>\n\t\t\t\t<\/div>\n\t\t\t\t\t<\/div>\n\t\t<\/div>\n\t\t\t\t<div class=\"elementor-column elementor-col-20 elementor-top-column elementor-element elementor-element-59c3472\" data-id=\"59c3472\" data-element_type=\"column\">\n\t\t\t<div class=\"elementor-widget-wrap elementor-element-populated\">\n\t\t\t\t\t\t<div class=\"elementor-element elementor-element-972a3e3 elementor-widget elementor-widget-video\" data-id=\"972a3e3\" data-element_type=\"widget\" data-settings=\"{&quot;youtube_url&quot;:&quot;https:\\\/\\\/www.youtube.com\\\/watch?v=OR7r9OcG8sE&amp;list=PLmkFps6Bh12GaYrcdUb6G1cVmPA0ESNfV&amp;index=6&quot;,&quot;video_type&quot;:&quot;youtube&quot;,&quot;controls&quot;:&quot;yes&quot;}\" data-widget_type=\"video.default\">\n\t\t\t\t<div class=\"elementor-widget-container\">\n\t\t\t\t\t\t\t<div class=\"elementor-wrapper elementor-open-inline\">\n\t\t\t<div class=\"elementor-video\"><\/div>\t\t<\/div>\n\t\t\t\t\t\t<\/div>\n\t\t\t\t<\/div>\n\t\t\t\t\t<\/div>\n\t\t<\/div>\n\t\t\t\t<div class=\"elementor-column elementor-col-20 elementor-top-column elementor-element elementor-element-f11176a\" data-id=\"f11176a\" data-element_type=\"column\">\n\t\t\t<div class=\"elementor-widget-wrap elementor-element-populated\">\n\t\t\t\t\t\t<div class=\"elementor-element elementor-element-9402dcf elementor-widget elementor-widget-video\" data-id=\"9402dcf\" data-element_type=\"widget\" data-settings=\"{&quot;youtube_url&quot;:&quot;https:\\\/\\\/www.youtube.com\\\/watch?v=WRvJEhelN0Y&amp;list=PLmkFps6Bh12F567tCDMQTgnzU5Y2d0i4t&quot;,&quot;video_type&quot;:&quot;youtube&quot;,&quot;controls&quot;:&quot;yes&quot;}\" data-widget_type=\"video.default\">\n\t\t\t\t<div class=\"elementor-widget-container\">\n\t\t\t\t\t\t\t<div class=\"elementor-wrapper elementor-open-inline\">\n\t\t\t<div class=\"elementor-video\"><\/div>\t\t<\/div>\n\t\t\t\t\t\t<\/div>\n\t\t\t\t<\/div>\n\t\t\t\t\t<\/div>\n\t\t<\/div>\n\t\t\t\t<div class=\"elementor-column elementor-col-20 elementor-top-column elementor-element elementor-element-c6c2445\" data-id=\"c6c2445\" data-element_type=\"column\">\n\t\t\t<div class=\"elementor-widget-wrap elementor-element-populated\">\n\t\t\t\t\t\t<div class=\"elementor-element elementor-element-c70aa90 elementor-widget elementor-widget-video\" data-id=\"c70aa90\" data-element_type=\"widget\" data-settings=\"{&quot;youtube_url&quot;:&quot;https:\\\/\\\/www.youtube.com\\\/watch?v=BzsH8tJCN28&amp;list=PLmkFps6Bh12GaYrcdUb6G1cVmPA0ESNfV&amp;index=1&quot;,&quot;video_type&quot;:&quot;youtube&quot;,&quot;controls&quot;:&quot;yes&quot;}\" data-widget_type=\"video.default\">\n\t\t\t\t<div class=\"elementor-widget-container\">\n\t\t\t\t\t\t\t<div class=\"elementor-wrapper elementor-open-inline\">\n\t\t\t<div class=\"elementor-video\"><\/div>\t\t<\/div>\n\t\t\t\t\t\t<\/div>\n\t\t\t\t<\/div>\n\t\t\t\t\t<\/div>\n\t\t<\/div>\n\t\t\t\t<div class=\"elementor-column elementor-col-20 elementor-top-column elementor-element elementor-element-f670dbc\" data-id=\"f670dbc\" data-element_type=\"column\">\n\t\t\t<div class=\"elementor-widget-wrap elementor-element-populated\">\n\t\t\t\t\t\t<div class=\"elementor-element elementor-element-b95fb68 elementor-widget elementor-widget-video\" data-id=\"b95fb68\" data-element_type=\"widget\" data-settings=\"{&quot;youtube_url&quot;:&quot;https:\\\/\\\/www.youtube.com\\\/watch?v=K7s5wXWcEdc&amp;list=PLmkFps6Bh12GaYrcdUb6G1cVmPA0ESNfV&amp;index=2&quot;,&quot;video_type&quot;:&quot;youtube&quot;,&quot;controls&quot;:&quot;yes&quot;}\" data-widget_type=\"video.default\">\n\t\t\t\t<div class=\"elementor-widget-container\">\n\t\t\t\t\t\t\t<div class=\"elementor-wrapper elementor-open-inline\">\n\t\t\t<div class=\"elementor-video\"><\/div>\t\t<\/div>\n\t\t\t\t\t\t<\/div>\n\t\t\t\t<\/div>\n\t\t\t\t\t<\/div>\n\t\t<\/div>\n\t\t\t\t\t<\/div>\n\t\t<\/section>\n\t\t\t\t<\/div>\n\t\t","protected":false},"excerpt":{"rendered":"<p>\u00a0 \u00a0 \u00a0 \u00a0 \u00a0Desde el centro queremos facilitar el m\u00e1ximo posible la comunicaci\u00f3n con todas las familias de nuestro alumnado, para ello vamos a comenzar a usar la herramienta IPASEN. Esta herramienta es&#46;&#46;&#46;<\/p>\n","protected":false},"author":2537,"featured_media":0,"parent":0,"menu_order":0,"comment_status":"closed","ping_status":"closed","template":"","meta":{"ngg_post_thumbnail":0,"footnotes":"","_mc_calendar":[]},"aioseo_notices":[],"_links":{"self":[{"href":"https:\/\/blogsaverroes.juntadeandalucia.es\/ceipjoseramon\/wp-json\/wp\/v2\/pages\/4053"}],"collection":[{"href":"https:\/\/blogsaverroes.juntadeandalucia.es\/ceipjoseramon\/wp-json\/wp\/v2\/pages"}],"about":[{"href":"https:\/\/blogsaverroes.juntadeandalucia.es\/ceipjoseramon\/wp-json\/wp\/v2\/types\/page"}],"author":[{"embeddable":true,"href":"https:\/\/blogsaverroes.juntadeandalucia.es\/ceipjoseramon\/wp-json\/wp\/v2\/users\/2537"}],"replies":[{"embeddable":true,"href":"https:\/\/blogsaverroes.juntadeandalucia.es\/ceipjoseramon\/wp-json\/wp\/v2\/comments?post=4053"}],"version-history":[{"count":20,"href":"https:\/\/blogsaverroes.juntadeandalucia.es\/ceipjoseramon\/wp-json\/wp\/v2\/pages\/4053\/revisions"}],"predecessor-version":[{"id":5571,"href":"https:\/\/blogsaverroes.juntadeandalucia.es\/ceipjoseramon\/wp-json\/wp\/v2\/pages\/4053\/revisions\/5571"}],"wp:attachment":[{"href":"https:\/\/blogsaverroes.juntadeandalucia.es\/ceipjoseramon\/wp-json\/wp\/v2\/media?parent=4053"}],"curies":[{"name":"wp","href":"https:\/\/api.w.org\/{rel}","templated":true}]}}