{"id":4072,"date":"2020-01-28T11:09:52","date_gmt":"2020-01-28T10:09:52","guid":{"rendered":"http:\/\/blogsaverroes.juntadeandalucia.es\/ceipjoseramon\/?page_id=4072"},"modified":"2024-10-16T09:56:01","modified_gmt":"2024-10-16T08:56:01","slug":"organigrama-19-20","status":"publish","type":"page","link":"https:\/\/blogsaverroes.juntadeandalucia.es\/ceipjoseramon\/organigrama-19-20\/","title":{"rendered":"Organigrama"},"content":{"rendered":"\t\t<div data-elementor-type=\"wp-page\" data-elementor-id=\"4072\" class=\"elementor elementor-4072\">\n\t\t\t\t\t\t<section class=\"elementor-section elementor-top-section elementor-element elementor-element-3f26b352 elementor-section-boxed elementor-section-height-default elementor-section-height-default\" data-id=\"3f26b352\" data-element_type=\"section\">\n\t\t\t\t\t\t<div class=\"elementor-container elementor-column-gap-default\">\n\t\t\t\t\t<div class=\"elementor-column elementor-col-100 elementor-top-column elementor-element elementor-element-b05cb8b\" data-id=\"b05cb8b\" data-element_type=\"column\">\n\t\t\t<div class=\"elementor-widget-wrap elementor-element-populated\">\n\t\t\t\t\t\t<div class=\"elementor-element elementor-element-16a37cbc elementor-widget elementor-widget-text-editor\" data-id=\"16a37cbc\" data-element_type=\"widget\" data-widget_type=\"text-editor.default\">\n\t\t\t\t<div class=\"elementor-widget-container\">\n\t\t\t\t\t\t\t\t\t<p style=\"text-align: justify\"><span style=\"color: #000000\">La organizaci\u00f3n de un centro es muy importante, es el elemento que permite optimizar todos los recursos a nuestro alcance. Dentro de esos recursos podemos encontrar los personales o humanos, los cuales se distribuyen dentro del organigrama del centro. Esta distribuci\u00f3n supone repartir tareas y responsabilidades, pero tambi\u00e9n nos permite sacar el m\u00e1ximo rendimiento de los recursos personales con los que contamos.<\/span>\u00a0<\/p>\t\t\t\t\t\t\t\t<\/div>\n\t\t\t\t<\/div>\n\t\t\t\t\t<\/div>\n\t\t<\/div>\n\t\t\t\t\t<\/div>\n\t\t<\/section>\n\t\t\t\t<section class=\"elementor-section elementor-top-section elementor-element elementor-element-db2da54 elementor-section-boxed elementor-section-height-default elementor-section-height-default\" data-id=\"db2da54\" data-element_type=\"section\">\n\t\t\t\t\t\t<div class=\"elementor-container elementor-column-gap-default\">\n\t\t\t\t\t<div class=\"elementor-column elementor-col-100 elementor-top-column elementor-element elementor-element-8be7696\" data-id=\"8be7696\" data-element_type=\"column\">\n\t\t\t<div class=\"elementor-widget-wrap elementor-element-populated\">\n\t\t\t\t\t\t<div class=\"elementor-element elementor-element-e0229a6 elementor-widget elementor-widget-html\" data-id=\"e0229a6\" data-element_type=\"widget\" data-widget_type=\"html.default\">\n\t\t\t\t<div class=\"elementor-widget-container\">\n\t\t\t\t\t<iframe src=\"https:\/\/drive.google.com\/file\/d\/1DDcChfJ3CCCIVWmFmPBgamlltdrB7eaV\/preview\" width=\"640\" height=\"480\"><\/iframe>\t\t\t\t<\/div>\n\t\t\t\t<\/div>\n\t\t\t\t\t<\/div>\n\t\t<\/div>\n\t\t\t\t\t<\/div>\n\t\t<\/section>\n\t\t\t\t<\/div>\n\t\t","protected":false},"excerpt":{"rendered":"<p>La organizaci\u00f3n de un centro es muy importante, es el elemento que permite optimizar todos los recursos a nuestro alcance. Dentro de esos recursos podemos encontrar los personales o humanos, los cuales se distribuyen&#46;&#46;&#46;<\/p>\n","protected":false},"author":2537,"featured_media":0,"parent":0,"menu_order":0,"comment_status":"closed","ping_status":"closed","template":"","meta":{"ngg_post_thumbnail":0,"footnotes":"","_mc_calendar":[]},"aioseo_notices":[],"_links":{"self":[{"href":"https:\/\/blogsaverroes.juntadeandalucia.es\/ceipjoseramon\/wp-json\/wp\/v2\/pages\/4072"}],"collection":[{"href":"https:\/\/blogsaverroes.juntadeandalucia.es\/ceipjoseramon\/wp-json\/wp\/v2\/pages"}],"about":[{"href":"https:\/\/blogsaverroes.juntadeandalucia.es\/ceipjoseramon\/wp-json\/wp\/v2\/types\/page"}],"author":[{"embeddable":true,"href":"https:\/\/blogsaverroes.juntadeandalucia.es\/ceipjoseramon\/wp-json\/wp\/v2\/users\/2537"}],"replies":[{"embeddable":true,"href":"https:\/\/blogsaverroes.juntadeandalucia.es\/ceipjoseramon\/wp-json\/wp\/v2\/comments?post=4072"}],"version-history":[{"count":28,"href":"https:\/\/blogsaverroes.juntadeandalucia.es\/ceipjoseramon\/wp-json\/wp\/v2\/pages\/4072\/revisions"}],"predecessor-version":[{"id":5550,"href":"https:\/\/blogsaverroes.juntadeandalucia.es\/ceipjoseramon\/wp-json\/wp\/v2\/pages\/4072\/revisions\/5550"}],"wp:attachment":[{"href":"https:\/\/blogsaverroes.juntadeandalucia.es\/ceipjoseramon\/wp-json\/wp\/v2\/media?parent=4072"}],"curies":[{"name":"wp","href":"https:\/\/api.w.org\/{rel}","templated":true}]}}