{"id":4754,"date":"2020-12-01T11:25:05","date_gmt":"2020-12-01T10:25:05","guid":{"rendered":"http:\/\/blogsaverroes.juntadeandalucia.es\/ceipjoseramon\/?page_id=4754"},"modified":"2020-12-01T11:27:54","modified_gmt":"2020-12-01T10:27:54","slug":"classroom","status":"publish","type":"page","link":"https:\/\/blogsaverroes.juntadeandalucia.es\/ceipjoseramon\/classroom\/","title":{"rendered":"CLASSROOM"},"content":{"rendered":"<p style=\"text-align: justify\">\u00a1Bienvenidas familias! El confinamiento nos hizo plantearnos muchas cosas como centro educativo y creemos necesario seguir avanzando en el uso de plataformas educativas que nos permitan aumentar el abanico de posibilidades que ofrecemos a nuestro alumnado. Adem\u00e1s, en los tiempos que corren la escuela no puede volver la cara al desarrollo tecnol\u00f3gico y a las maravillosas posibilidades y recursos que ofrece.&nbsp;<\/p>\n<p style=\"text-align: justify\">Dentro de todas estas reflexiones nuestro primer paso ha sido tomar la decisi\u00f3n de utilizar la plataforma GSUITE for education. Dentro de esta plataforma contamos con todas las herramientas educativas que pone a nuestra disposici\u00f3n GOOGLE y todo lo realizado se lleva a cabo en un entorno seguro con un control m\u00e1s exhaustivo de los datos personales que se utilizan.&nbsp;<\/p>\n<p style=\"text-align: justify\">En el siguiente v\u00eddeo pod\u00e9is ver un tutorial sobre lo que es Google Classroom como alumno\/familia y las funcionalidades que tiene. En el v\u00eddeo viene mucha informaci\u00f3n pero, no os agobi\u00e9is porque en el cole iremos poco a poco. Los maestros os iremos acompa\u00f1ando para que todo funcione bien y pod\u00e9is consultarnos todas las dudas que os surjan.&nbsp;<\/p>\n<p><iframe src=\"\/\/www.youtube.com\/embed\/MycvBy8LSN4\" width=\"560\" height=\"314\"><\/iframe><\/p>\n","protected":false},"excerpt":{"rendered":"<p>\u00a1Bienvenidas familias! El confinamiento nos hizo plantearnos muchas cosas como centro educativo y creemos necesario seguir avanzando en el uso de plataformas educativas que nos permitan aumentar el abanico de posibilidades que ofrecemos a&#46;&#46;&#46;<\/p>\n","protected":false},"author":2537,"featured_media":0,"parent":0,"menu_order":0,"comment_status":"closed","ping_status":"closed","template":"","meta":{"ngg_post_thumbnail":0,"footnotes":"","_mc_calendar":[]},"aioseo_notices":[],"_links":{"self":[{"href":"https:\/\/blogsaverroes.juntadeandalucia.es\/ceipjoseramon\/wp-json\/wp\/v2\/pages\/4754"}],"collection":[{"href":"https:\/\/blogsaverroes.juntadeandalucia.es\/ceipjoseramon\/wp-json\/wp\/v2\/pages"}],"about":[{"href":"https:\/\/blogsaverroes.juntadeandalucia.es\/ceipjoseramon\/wp-json\/wp\/v2\/types\/page"}],"author":[{"embeddable":true,"href":"https:\/\/blogsaverroes.juntadeandalucia.es\/ceipjoseramon\/wp-json\/wp\/v2\/users\/2537"}],"replies":[{"embeddable":true,"href":"https:\/\/blogsaverroes.juntadeandalucia.es\/ceipjoseramon\/wp-json\/wp\/v2\/comments?post=4754"}],"version-history":[{"count":3,"href":"https:\/\/blogsaverroes.juntadeandalucia.es\/ceipjoseramon\/wp-json\/wp\/v2\/pages\/4754\/revisions"}],"predecessor-version":[{"id":4758,"href":"https:\/\/blogsaverroes.juntadeandalucia.es\/ceipjoseramon\/wp-json\/wp\/v2\/pages\/4754\/revisions\/4758"}],"wp:attachment":[{"href":"https:\/\/blogsaverroes.juntadeandalucia.es\/ceipjoseramon\/wp-json\/wp\/v2\/media?parent=4754"}],"curies":[{"name":"wp","href":"https:\/\/api.w.org\/{rel}","templated":true}]}}