{"id":4830,"date":"2021-02-13T09:07:53","date_gmt":"2021-02-13T08:07:53","guid":{"rendered":"http:\/\/blogsaverroes.juntadeandalucia.es\/ceipjoseramon\/?page_id=4830"},"modified":"2024-02-22T00:35:18","modified_gmt":"2024-02-21T23:35:18","slug":"aula-especifica","status":"publish","type":"page","link":"https:\/\/blogsaverroes.juntadeandalucia.es\/ceipjoseramon\/aula-especifica\/","title":{"rendered":"Aula Arco\u00edris"},"content":{"rendered":"\t\t<div data-elementor-type=\"wp-page\" data-elementor-id=\"4830\" class=\"elementor elementor-4830\">\n\t\t\t\t\t\t<section class=\"elementor-section elementor-top-section elementor-element elementor-element-3c057bb7 elementor-section-boxed elementor-section-height-default elementor-section-height-default\" data-id=\"3c057bb7\" data-element_type=\"section\">\n\t\t\t\t\t\t<div class=\"elementor-container elementor-column-gap-default\">\n\t\t\t\t\t<div class=\"elementor-column elementor-col-100 elementor-top-column elementor-element elementor-element-35fd8238\" data-id=\"35fd8238\" data-element_type=\"column\">\n\t\t\t<div class=\"elementor-widget-wrap elementor-element-populated\">\n\t\t\t\t\t\t<div class=\"elementor-element elementor-element-43ec3340 elementor-widget elementor-widget-text-editor\" data-id=\"43ec3340\" data-element_type=\"widget\" data-widget_type=\"text-editor.default\">\n\t\t\t\t<div class=\"elementor-widget-container\">\n\t\t\t\t\t\t\t\t\t<p style=\"text-align: justify\"><span style=\"color: #000000\">El curso 2019-2020 se cre\u00f3 el aula Arco\u00edris, en el curso 2020-2021 se realizaron las obras pertinentes para adaptar el espacio a las necesidades del alumnado. La dotaci\u00f3n de espacios adecuados es un primer paso para una ense\u00f1anza de calidad. Desde entonces poco a poco todos los a\u00f1os se va mejorando el aula y dotando de mejores recursos.<\/span><\/p><p>\u00a0<\/p>\t\t\t\t\t\t\t\t<\/div>\n\t\t\t\t<\/div>\n\t\t\t\t\t<\/div>\n\t\t<\/div>\n\t\t\t\t\t<\/div>\n\t\t<\/section>\n\t\t\t\t<section class=\"elementor-section elementor-top-section elementor-element elementor-element-c0ce744 elementor-section-boxed elementor-section-height-default elementor-section-height-default\" data-id=\"c0ce744\" data-element_type=\"section\">\n\t\t\t\t\t\t<div class=\"elementor-container elementor-column-gap-default\">\n\t\t\t\t\t<div class=\"elementor-column elementor-col-100 elementor-top-column elementor-element elementor-element-96356e9\" data-id=\"96356e9\" data-element_type=\"column\">\n\t\t\t<div class=\"elementor-widget-wrap elementor-element-populated\">\n\t\t\t\t\t\t<div class=\"elementor-element elementor-element-1c0c229 elementor-invisible elementor-widget elementor-widget-image\" data-id=\"1c0c229\" data-element_type=\"widget\" data-settings=\"{&quot;_animation&quot;:&quot;fadeInUp&quot;}\" data-widget_type=\"image.default\">\n\t\t\t\t<div class=\"elementor-widget-container\">\n\t\t\t\t\t\t\t\t\t\t\t\t\t\t\t<img decoding=\"async\" src=\"https:\/\/blogsaverroes.juntadeandalucia.es\/ceipjoseramon\/files\/elementor\/thumbs\/WhatsApp-Image-2024-02-20-at-11.49.57-1-qk5oxd6c9hudopvzlcdj29bu5709s20ila342n9810.jpeg\" title=\"WhatsApp Image 2024-02-20 at 11.49.57 (1)\" alt=\"WhatsApp Image 2024-02-20 at 11.49.57 (1)\" loading=\"lazy\" \/>\t\t\t\t\t\t\t\t\t\t\t\t\t\t\t<\/div>\n\t\t\t\t<\/div>\n\t\t\t\t\t<\/div>\n\t\t<\/div>\n\t\t\t\t\t<\/div>\n\t\t<\/section>\n\t\t\t\t<section class=\"elementor-section elementor-top-section elementor-element elementor-element-00e3baf elementor-section-boxed elementor-section-height-default elementor-section-height-default\" data-id=\"00e3baf\" data-element_type=\"section\">\n\t\t\t\t\t\t<div class=\"elementor-container elementor-column-gap-default\">\n\t\t\t\t\t<div class=\"elementor-column elementor-col-100 elementor-top-column elementor-element elementor-element-c06c532\" data-id=\"c06c532\" data-element_type=\"column\">\n\t\t\t<div class=\"elementor-widget-wrap elementor-element-populated\">\n\t\t\t\t\t\t<div class=\"elementor-element elementor-element-947422a elementor-invisible elementor-widget elementor-widget-image\" data-id=\"947422a\" data-element_type=\"widget\" data-settings=\"{&quot;_animation&quot;:&quot;fadeInRight&quot;}\" data-widget_type=\"image.default\">\n\t\t\t\t<div class=\"elementor-widget-container\">\n\t\t\t\t\t\t\t\t\t\t\t\t\t\t\t<img decoding=\"async\" src=\"https:\/\/blogsaverroes.juntadeandalucia.es\/ceipjoseramon\/files\/elementor\/thumbs\/WhatsApp-Image-2024-02-20-at-11.49.57-qk5oxf20n5wybxt9ad6s78urbyr07g7z9je3176fok.jpeg\" title=\"WhatsApp Image 2024-02-20 at 11.49.57\" alt=\"WhatsApp Image 2024-02-20 at 11.49.57\" loading=\"lazy\" \/>\t\t\t\t\t\t\t\t\t\t\t\t\t\t\t<\/div>\n\t\t\t\t<\/div>\n\t\t\t\t\t<\/div>\n\t\t<\/div>\n\t\t\t\t\t<\/div>\n\t\t<\/section>\n\t\t\t\t<section class=\"elementor-section elementor-top-section elementor-element elementor-element-c1e388f elementor-section-boxed elementor-section-height-default elementor-section-height-default\" data-id=\"c1e388f\" data-element_type=\"section\">\n\t\t\t\t\t\t<div class=\"elementor-container elementor-column-gap-default\">\n\t\t\t\t\t<div class=\"elementor-column elementor-col-100 elementor-top-column elementor-element elementor-element-0c3d308\" data-id=\"0c3d308\" data-element_type=\"column\">\n\t\t\t<div class=\"elementor-widget-wrap elementor-element-populated\">\n\t\t\t\t\t\t<div class=\"elementor-element elementor-element-6b167f4 elementor-invisible elementor-widget elementor-widget-image\" data-id=\"6b167f4\" data-element_type=\"widget\" data-settings=\"{&quot;_animation&quot;:&quot;fadeInLeft&quot;}\" data-widget_type=\"image.default\">\n\t\t\t\t<div class=\"elementor-widget-container\">\n\t\t\t\t\t\t\t\t\t\t\t\t\t\t\t<img decoding=\"async\" src=\"https:\/\/blogsaverroes.juntadeandalucia.es\/ceipjoseramon\/files\/elementor\/thumbs\/WhatsApp-Image-2024-02-20-at-11.49.57-2-qk5oxbanvtrt1hypwbk9x9swyf9jcnt1x0s543c0dg.jpeg\" title=\"WhatsApp Image 2024-02-20 at 11.49.57 (2)\" alt=\"WhatsApp Image 2024-02-20 at 11.49.57 (2)\" loading=\"lazy\" \/>\t\t\t\t\t\t\t\t\t\t\t\t\t\t\t<\/div>\n\t\t\t\t<\/div>\n\t\t\t\t\t<\/div>\n\t\t<\/div>\n\t\t\t\t\t<\/div>\n\t\t<\/section>\n\t\t\t\t<\/div>\n\t\t","protected":false},"excerpt":{"rendered":"<p>El curso 2019-2020 se cre\u00f3 el aula Arco\u00edris, en el curso 2020-2021 se realizaron las obras pertinentes para adaptar el espacio a las necesidades del alumnado. La dotaci\u00f3n de espacios adecuados es un primer&#46;&#46;&#46;<\/p>\n","protected":false},"author":2537,"featured_media":0,"parent":0,"menu_order":0,"comment_status":"closed","ping_status":"closed","template":"","meta":{"ngg_post_thumbnail":0,"footnotes":"","_mc_calendar":[]},"aioseo_notices":[],"_links":{"self":[{"href":"https:\/\/blogsaverroes.juntadeandalucia.es\/ceipjoseramon\/wp-json\/wp\/v2\/pages\/4830"}],"collection":[{"href":"https:\/\/blogsaverroes.juntadeandalucia.es\/ceipjoseramon\/wp-json\/wp\/v2\/pages"}],"about":[{"href":"https:\/\/blogsaverroes.juntadeandalucia.es\/ceipjoseramon\/wp-json\/wp\/v2\/types\/page"}],"author":[{"embeddable":true,"href":"https:\/\/blogsaverroes.juntadeandalucia.es\/ceipjoseramon\/wp-json\/wp\/v2\/users\/2537"}],"replies":[{"embeddable":true,"href":"https:\/\/blogsaverroes.juntadeandalucia.es\/ceipjoseramon\/wp-json\/wp\/v2\/comments?post=4830"}],"version-history":[{"count":5,"href":"https:\/\/blogsaverroes.juntadeandalucia.es\/ceipjoseramon\/wp-json\/wp\/v2\/pages\/4830\/revisions"}],"predecessor-version":[{"id":5470,"href":"https:\/\/blogsaverroes.juntadeandalucia.es\/ceipjoseramon\/wp-json\/wp\/v2\/pages\/4830\/revisions\/5470"}],"wp:attachment":[{"href":"https:\/\/blogsaverroes.juntadeandalucia.es\/ceipjoseramon\/wp-json\/wp\/v2\/media?parent=4830"}],"curies":[{"name":"wp","href":"https:\/\/api.w.org\/{rel}","templated":true}]}}