{"id":49,"date":"2015-03-13T08:47:05","date_gmt":"2015-03-13T08:47:05","guid":{"rendered":"http:\/\/blogsaverroes.juntadeandalucia.es\/pre\/ceip\/?page_id=49"},"modified":"2024-05-13T10:54:20","modified_gmt":"2024-05-13T10:54:20","slug":"proyecto-educativo","status":"publish","type":"page","link":"https:\/\/blogsaverroes.juntadeandalucia.es\/ceipjosesalazar\/proyecto-educativo\/","title":{"rendered":"Proyecto Educativo"},"content":{"rendered":"<p><a href=\"https:\/\/blogsaverroes.juntadeandalucia.es\/ceipjosesalazar\/files\/2015\/03\/aula_matinal.jpg\"><img loading=\"lazy\" decoding=\"async\" class=\"wp-image-226 alignright\" src=\"https:\/\/blogsaverroes.juntadeandalucia.es\/ceipjosesalazar\/files\/2015\/03\/aula_matinal.jpg\" alt=\"\" width=\"444\" height=\"275\" srcset=\"https:\/\/blogsaverroes.juntadeandalucia.es\/ceipjosesalazar\/files\/2015\/03\/aula_matinal.jpg 709w, https:\/\/blogsaverroes.juntadeandalucia.es\/ceipjosesalazar\/files\/2015\/03\/aula_matinal-300x185.jpg 300w\" sizes=\"(max-width: 444px) 100vw, 444px\" \/><\/a>El <strong>proyecto educativo<\/strong> del centro define su identidad y los valores que gu\u00edan su labor educativa en un entorno espec\u00edfico. No se limita solo al plan de estudios, sino que tambi\u00e9n abarca aspectos culturales que hacen del centro un elemento dinamizador de la zona donde est\u00e1 ubicado.<\/p>\n<p>En \u00e9l se establecen objetivos particulares basados en la realidad del centro y en las leyes educativas vigentes. Se toman en cuenta los principios y directrices de cada etapa educativa, as\u00ed como las especificaciones de la normativa educativa, como la Ley Org\u00e1nica para la Mejora de la Calidad Educativa (LOMCE) y la Ley de Educaci\u00f3n (LOE).<\/p>\n<p>Para obtener m\u00e1s informaci\u00f3n sobre nuestro proyecto educativo completo, pulse sobre el siguiente enlace:<\/p>\n<p><a href=\"https:\/\/blogsaverroes.juntadeandalucia.es\/ceipjosesalazar\/files\/2020\/11\/PLAN-DE-CENTRO-ACTUALIZACI\u00d3N-11.11.20.pdf\">PLAN DE CENTRO ACTUALIZACI\u00d3N 11.11.20<\/a><\/p>\n","protected":false},"excerpt":{"rendered":"<p>El proyecto educativo del centro define su identidad y los valores que gu\u00edan su labor educativa en un entorno espec\u00edfico. No se limita solo al plan de estudios, sino que tambi\u00e9n abarca aspectos culturales&#46;&#46;&#46;<\/p>\n","protected":false},"author":1,"featured_media":2785,"parent":0,"menu_order":0,"comment_status":"closed","ping_status":"open","template":"page-cs.php","meta":{"ngg_post_thumbnail":0,"footnotes":"","_mc_calendar":[]},"aioseo_notices":[],"_links":{"self":[{"href":"https:\/\/blogsaverroes.juntadeandalucia.es\/ceipjosesalazar\/wp-json\/wp\/v2\/pages\/49"}],"collection":[{"href":"https:\/\/blogsaverroes.juntadeandalucia.es\/ceipjosesalazar\/wp-json\/wp\/v2\/pages"}],"about":[{"href":"https:\/\/blogsaverroes.juntadeandalucia.es\/ceipjosesalazar\/wp-json\/wp\/v2\/types\/page"}],"author":[{"embeddable":true,"href":"https:\/\/blogsaverroes.juntadeandalucia.es\/ceipjosesalazar\/wp-json\/wp\/v2\/users\/1"}],"replies":[{"embeddable":true,"href":"https:\/\/blogsaverroes.juntadeandalucia.es\/ceipjosesalazar\/wp-json\/wp\/v2\/comments?post=49"}],"version-history":[{"count":12,"href":"https:\/\/blogsaverroes.juntadeandalucia.es\/ceipjosesalazar\/wp-json\/wp\/v2\/pages\/49\/revisions"}],"predecessor-version":[{"id":2407,"href":"https:\/\/blogsaverroes.juntadeandalucia.es\/ceipjosesalazar\/wp-json\/wp\/v2\/pages\/49\/revisions\/2407"}],"wp:featuredmedia":[{"embeddable":true,"href":"https:\/\/blogsaverroes.juntadeandalucia.es\/ceipjosesalazar\/wp-json\/wp\/v2\/media\/2785"}],"wp:attachment":[{"href":"https:\/\/blogsaverroes.juntadeandalucia.es\/ceipjosesalazar\/wp-json\/wp\/v2\/media?parent=49"}],"curies":[{"name":"wp","href":"https:\/\/api.w.org\/{rel}","templated":true}]}}