{"id":82,"date":"2015-03-16T06:59:55","date_gmt":"2015-03-16T06:59:55","guid":{"rendered":"http:\/\/blogsaverroes.juntadeandalucia.es\/pre\/ceip\/?page_id=82"},"modified":"2024-05-13T10:32:19","modified_gmt":"2024-05-13T10:32:19","slug":"horarios","status":"publish","type":"page","link":"https:\/\/blogsaverroes.juntadeandalucia.es\/ceipjosesalazar\/horarios\/","title":{"rendered":"Horarios"},"content":{"rendered":"<p>&nbsp;<\/p>\n<p>Horario Aula Matinal: de 07:30 a 09:00 horas, de lunes a viernes.<\/p>\n<p>Horario lectivo del centro: de 09:00 a 14:00 de lunes a viernes.<\/p>\n<p>Horario PROA: martes y jueves de 16:00 a 18:00 horas.<\/p>\n<p>Horario de atenci\u00f3n a familias: lunes de 16:00 a 17:00, con cita previa y de forma, preferentemente, telem\u00e1tica<\/p>\n<p>Horario de atenci\u00f3n al p\u00fablico: los lunes, mi\u00e9rcoles y jueves &nbsp;de 10:00 a 11:00, siempre con cita previa.<\/p>\n<p>Horario de secretar\u00eda: de 10:00 a 11:00 de lunes a viernes.<\/p>\n","protected":false},"excerpt":{"rendered":"<p>&nbsp; Horario Aula Matinal: de 07:30 a 09:00 horas, de lunes a viernes. Horario lectivo del centro: de 09:00 a 14:00 de lunes a viernes. Horario PROA: martes y jueves de 16:00 a 18:00&#46;&#46;&#46;<\/p>\n","protected":false},"author":1,"featured_media":2755,"parent":0,"menu_order":0,"comment_status":"closed","ping_status":"open","template":"page-cs.php","meta":{"ngg_post_thumbnail":0,"footnotes":"","_mc_calendar":[]},"aioseo_notices":[],"_links":{"self":[{"href":"https:\/\/blogsaverroes.juntadeandalucia.es\/ceipjosesalazar\/wp-json\/wp\/v2\/pages\/82"}],"collection":[{"href":"https:\/\/blogsaverroes.juntadeandalucia.es\/ceipjosesalazar\/wp-json\/wp\/v2\/pages"}],"about":[{"href":"https:\/\/blogsaverroes.juntadeandalucia.es\/ceipjosesalazar\/wp-json\/wp\/v2\/types\/page"}],"author":[{"embeddable":true,"href":"https:\/\/blogsaverroes.juntadeandalucia.es\/ceipjosesalazar\/wp-json\/wp\/v2\/users\/1"}],"replies":[{"embeddable":true,"href":"https:\/\/blogsaverroes.juntadeandalucia.es\/ceipjosesalazar\/wp-json\/wp\/v2\/comments?post=82"}],"version-history":[{"count":8,"href":"https:\/\/blogsaverroes.juntadeandalucia.es\/ceipjosesalazar\/wp-json\/wp\/v2\/pages\/82\/revisions"}],"predecessor-version":[{"id":2774,"href":"https:\/\/blogsaverroes.juntadeandalucia.es\/ceipjosesalazar\/wp-json\/wp\/v2\/pages\/82\/revisions\/2774"}],"wp:featuredmedia":[{"embeddable":true,"href":"https:\/\/blogsaverroes.juntadeandalucia.es\/ceipjosesalazar\/wp-json\/wp\/v2\/media\/2755"}],"wp:attachment":[{"href":"https:\/\/blogsaverroes.juntadeandalucia.es\/ceipjosesalazar\/wp-json\/wp\/v2\/media?parent=82"}],"curies":[{"name":"wp","href":"https:\/\/api.w.org\/{rel}","templated":true}]}}