{"id":871,"date":"2015-03-16T07:25:46","date_gmt":"2015-03-16T07:25:46","guid":{"rendered":"http:\/\/blogsaverroes.juntadeandalucia.es\/pre\/ceip\/?page_id=106"},"modified":"2024-05-13T10:30:34","modified_gmt":"2024-05-13T10:30:34","slug":"actividades-extraescolares","status":"publish","type":"page","link":"https:\/\/blogsaverroes.juntadeandalucia.es\/ceipjosesalazar\/actividades-extraescolares\/","title":{"rendered":"Actividades extraescolares"},"content":{"rendered":"<p style=\"text-align: left\">Las actividades extraescolares tienen lugar en horario de tarde, hasta las 18.00, y abarcan aspectos como la lectura, el deporte, la m\u00fasica, la inform\u00e1tica, los idiomas, la danza o el teatro, entre otras actividades l\u00fadicas y formativas.<\/p>\n<p style=\"text-align: left\">Para hacer posible la realizaci\u00f3n de estas actividades fuera del horario lectivo, los centros pueden abrir sus instalaciones hasta las 18.00 todos los d\u00edas lectivos con excepci\u00f3n de los viernes, en los que el cierre se establece a las 16.00.<\/p>\n<p>&nbsp;<\/p>\n<p>Oferta de actividades extraescolares para el curso escolar 2020\/2021.<\/p>\n<ul>\n<li>\u00c1rabe: Lunes y mi\u00e9rcoles &nbsp;de 16:00 horas a 18:00 horas.<\/li>\n<li>Ingl\u00e9s: Martes y jueves de 16:00 horas a 18:00 horas.<\/li>\n<\/ul>\n<p>Puede solicitar cualquier actividad, previa inscripci\u00f3n y domicializaci\u00f3n bancaria.<\/p>\n<p>El precio de cada actividad es de 15.40 \u20ac al mes.<\/p>\n<p>Desc\u00e1rgate&nbsp;<a href=\"https:\/\/portals.ced.junta-andalucia.es\/educacion\/portals\/delegate\/content\/6c4342f7-1581-4c26-bc7e-2e49b4b64cee\/Anexo%20II.-%20Servicio%20de%20Aula%20Matinal,%20Comedor%20Escolar%20y%20actividades%20Extraescolares\">aqu\u00ed<\/a> el formulario, rell\u00e9nalo y env\u00edalo por email a 04002283.edu@juntadeandalucia.es o entr\u00e9galo en la secretar\u00eda del Colegio.<\/p>\n<p>&nbsp;<\/p>\n<p>&nbsp;<\/p>\n<p>&nbsp;<\/p>\n<p>&nbsp;<\/p>\n<p>&nbsp;<\/p>\n","protected":false},"excerpt":{"rendered":"<p>Las actividades extraescolares tienen lugar en horario de tarde, hasta las 18.00, y abarcan aspectos como la lectura, el deporte, la m\u00fasica, la inform\u00e1tica, los idiomas, la danza o el teatro, entre otras actividades&#46;&#46;&#46;<\/p>\n","protected":false},"author":1,"featured_media":2760,"parent":0,"menu_order":0,"comment_status":"closed","ping_status":"open","template":"page-cs.php","meta":{"ngg_post_thumbnail":0,"footnotes":"","_mc_calendar":[]},"aioseo_notices":[],"_links":{"self":[{"href":"https:\/\/blogsaverroes.juntadeandalucia.es\/ceipjosesalazar\/wp-json\/wp\/v2\/pages\/871"}],"collection":[{"href":"https:\/\/blogsaverroes.juntadeandalucia.es\/ceipjosesalazar\/wp-json\/wp\/v2\/pages"}],"about":[{"href":"https:\/\/blogsaverroes.juntadeandalucia.es\/ceipjosesalazar\/wp-json\/wp\/v2\/types\/page"}],"author":[{"embeddable":true,"href":"https:\/\/blogsaverroes.juntadeandalucia.es\/ceipjosesalazar\/wp-json\/wp\/v2\/users\/1"}],"replies":[{"embeddable":true,"href":"https:\/\/blogsaverroes.juntadeandalucia.es\/ceipjosesalazar\/wp-json\/wp\/v2\/comments?post=871"}],"version-history":[{"count":12,"href":"https:\/\/blogsaverroes.juntadeandalucia.es\/ceipjosesalazar\/wp-json\/wp\/v2\/pages\/871\/revisions"}],"predecessor-version":[{"id":2773,"href":"https:\/\/blogsaverroes.juntadeandalucia.es\/ceipjosesalazar\/wp-json\/wp\/v2\/pages\/871\/revisions\/2773"}],"wp:featuredmedia":[{"embeddable":true,"href":"https:\/\/blogsaverroes.juntadeandalucia.es\/ceipjosesalazar\/wp-json\/wp\/v2\/media\/2760"}],"wp:attachment":[{"href":"https:\/\/blogsaverroes.juntadeandalucia.es\/ceipjosesalazar\/wp-json\/wp\/v2\/media?parent=871"}],"curies":[{"name":"wp","href":"https:\/\/api.w.org\/{rel}","templated":true}]}}