{"id":1070,"date":"2022-01-31T12:15:10","date_gmt":"2022-01-31T11:15:10","guid":{"rendered":"https:\/\/blogsaverroes.juntadeandalucia.es\/ceipjosesaramago\/?page_id=1070"},"modified":"2022-05-31T10:00:04","modified_gmt":"2022-05-31T09:00:04","slug":"escolarizacion","status":"publish","type":"page","link":"https:\/\/blogsaverroes.juntadeandalucia.es\/ceipjosesaramago\/escolarizacion\/","title":{"rendered":"Escolarizaci\u00f3n"},"content":{"rendered":"<h2>Admisi\u00f3n y matriculaci\u00f3n<\/h2>\n<p>El proceso de admisi\u00f3n y matriculaci\u00f3n de alumnado en centros p\u00fablicos tiene dos rangos de fechas diferenciados:<\/p>\n<ul>\n<li><a href=\"https:\/\/blogsaverroes.juntadeandalucia.es\/ceipjosesaramago\/admision\/\">Admisi\u00f3n<\/a>: se realiza del 1 al 31 de marzo para alumnado de nuevo ingreso.<\/li>\n<li><a href=\"https:\/\/blogsaverroes.juntadeandalucia.es\/ceipjosesaramago\/matriculacion\/\">Matriculaci\u00f3n<\/a>: se realiza del 1 al 8 de junio y tienen que rellenarlo todo el alumnado del centro, tanto el de nuevo ingreso como el que ya est\u00e1 en el centro.<\/li>\n<\/ul>\n","protected":false},"excerpt":{"rendered":"<p>Admisi\u00f3n y matriculaci\u00f3n El proceso de admisi\u00f3n y matriculaci\u00f3n de alumnado en centros p\u00fablicos tiene dos rangos de fechas diferenciados: Admisi\u00f3n: se realiza del 1&hellip;<\/p>\n","protected":false},"author":10459,"featured_media":0,"parent":0,"menu_order":0,"comment_status":"closed","ping_status":"closed","template":"","meta":{"ngg_post_thumbnail":0,"footnotes":""},"aioseo_notices":[],"_links":{"self":[{"href":"https:\/\/blogsaverroes.juntadeandalucia.es\/ceipjosesaramago\/wp-json\/wp\/v2\/pages\/1070"}],"collection":[{"href":"https:\/\/blogsaverroes.juntadeandalucia.es\/ceipjosesaramago\/wp-json\/wp\/v2\/pages"}],"about":[{"href":"https:\/\/blogsaverroes.juntadeandalucia.es\/ceipjosesaramago\/wp-json\/wp\/v2\/types\/page"}],"author":[{"embeddable":true,"href":"https:\/\/blogsaverroes.juntadeandalucia.es\/ceipjosesaramago\/wp-json\/wp\/v2\/users\/10459"}],"replies":[{"embeddable":true,"href":"https:\/\/blogsaverroes.juntadeandalucia.es\/ceipjosesaramago\/wp-json\/wp\/v2\/comments?post=1070"}],"version-history":[{"count":13,"href":"https:\/\/blogsaverroes.juntadeandalucia.es\/ceipjosesaramago\/wp-json\/wp\/v2\/pages\/1070\/revisions"}],"predecessor-version":[{"id":1258,"href":"https:\/\/blogsaverroes.juntadeandalucia.es\/ceipjosesaramago\/wp-json\/wp\/v2\/pages\/1070\/revisions\/1258"}],"wp:attachment":[{"href":"https:\/\/blogsaverroes.juntadeandalucia.es\/ceipjosesaramago\/wp-json\/wp\/v2\/media?parent=1070"}],"curies":[{"name":"wp","href":"https:\/\/api.w.org\/{rel}","templated":true}]}}