{"id":1106,"date":"2022-02-23T11:13:32","date_gmt":"2022-02-23T10:13:32","guid":{"rendered":"https:\/\/blogsaverroes.juntadeandalucia.es\/ceipjosesaramago\/?page_id=1106"},"modified":"2024-03-13T11:28:31","modified_gmt":"2024-03-13T10:28:31","slug":"admision","status":"publish","type":"page","link":"https:\/\/blogsaverroes.juntadeandalucia.es\/ceipjosesaramago\/admision\/","title":{"rendered":"Admisi\u00f3n"},"content":{"rendered":"<h2>ADMISI\u00d3N<\/h2>\n<p>El proceso de admisi\u00f3n de nuevo alumnado se extiende desde el 1 al 31 de marzo del presente curso escolar. Tienen m\u00e1s abajo documentos con informaci\u00f3n variada:<\/p>\n<p><iframe loading=\"lazy\" src=\"https:\/\/drive.google.com\/file\/d\/11B-vxiAtvWLvqGkJ0hhOsKyPARuoZrXF\/preview\" width=\"640\" height=\"480\"><\/iframe><\/p>\n<p>&nbsp;<\/p>\n","protected":false},"excerpt":{"rendered":"<p>ADMISI\u00d3N El proceso de admisi\u00f3n de nuevo alumnado se extiende desde el 1 al 31 de marzo del presente curso escolar. Tienen m\u00e1s abajo documentos&hellip;<\/p>\n","protected":false},"author":10459,"featured_media":0,"parent":0,"menu_order":0,"comment_status":"closed","ping_status":"closed","template":"","meta":{"ngg_post_thumbnail":0,"footnotes":""},"aioseo_notices":[],"_links":{"self":[{"href":"https:\/\/blogsaverroes.juntadeandalucia.es\/ceipjosesaramago\/wp-json\/wp\/v2\/pages\/1106"}],"collection":[{"href":"https:\/\/blogsaverroes.juntadeandalucia.es\/ceipjosesaramago\/wp-json\/wp\/v2\/pages"}],"about":[{"href":"https:\/\/blogsaverroes.juntadeandalucia.es\/ceipjosesaramago\/wp-json\/wp\/v2\/types\/page"}],"author":[{"embeddable":true,"href":"https:\/\/blogsaverroes.juntadeandalucia.es\/ceipjosesaramago\/wp-json\/wp\/v2\/users\/10459"}],"replies":[{"embeddable":true,"href":"https:\/\/blogsaverroes.juntadeandalucia.es\/ceipjosesaramago\/wp-json\/wp\/v2\/comments?post=1106"}],"version-history":[{"count":20,"href":"https:\/\/blogsaverroes.juntadeandalucia.es\/ceipjosesaramago\/wp-json\/wp\/v2\/pages\/1106\/revisions"}],"predecessor-version":[{"id":1371,"href":"https:\/\/blogsaverroes.juntadeandalucia.es\/ceipjosesaramago\/wp-json\/wp\/v2\/pages\/1106\/revisions\/1371"}],"wp:attachment":[{"href":"https:\/\/blogsaverroes.juntadeandalucia.es\/ceipjosesaramago\/wp-json\/wp\/v2\/media?parent=1106"}],"curies":[{"name":"wp","href":"https:\/\/api.w.org\/{rel}","templated":true}]}}