{"id":1110,"date":"2022-02-23T11:14:16","date_gmt":"2022-02-23T10:14:16","guid":{"rendered":"https:\/\/blogsaverroes.juntadeandalucia.es\/ceipjosesaramago\/?page_id=1110"},"modified":"2022-06-01T09:39:48","modified_gmt":"2022-06-01T08:39:48","slug":"matriculacion","status":"publish","type":"page","link":"https:\/\/blogsaverroes.juntadeandalucia.es\/ceipjosesaramago\/matriculacion\/","title":{"rendered":"Matriculaci\u00f3n"},"content":{"rendered":"<h2>MATRICULACI\u00d3N<\/h2>\n<p>El periodo para realizar la matriculaci\u00f3n en nuestro centro ser\u00e1 el comprendido entre el 1 y el 8 de junio del presente curso escolar.<\/p>\n<p>Para la presentaci\u00f3n de las solicitudes en el centro escolar podr\u00e1n acudir en el siguiente horario:<\/p>\n<ul>\n<li>De lunes a jueves, de 9:15 a 11:15 y de 11:45 a 13:00<\/li>\n<\/ul>\n<p>Para la descarga de documentaci\u00f3n para los servicios complementarios pueden hacerlo desde nuestra <a href=\"https:\/\/blogsaverroes.juntadeandalucia.es\/ceipjosesaramago\/secretaria-virtual\/\">Secretar\u00eda Virtual<\/a>.<\/p>\n","protected":false},"excerpt":{"rendered":"<p>MATRICULACI\u00d3N El periodo para realizar la matriculaci\u00f3n en nuestro centro ser\u00e1 el comprendido entre el 1 y el 8 de junio del presente curso escolar.&hellip;<\/p>\n","protected":false},"author":10459,"featured_media":0,"parent":0,"menu_order":0,"comment_status":"closed","ping_status":"closed","template":"","meta":{"ngg_post_thumbnail":0,"footnotes":""},"aioseo_notices":[],"_links":{"self":[{"href":"https:\/\/blogsaverroes.juntadeandalucia.es\/ceipjosesaramago\/wp-json\/wp\/v2\/pages\/1110"}],"collection":[{"href":"https:\/\/blogsaverroes.juntadeandalucia.es\/ceipjosesaramago\/wp-json\/wp\/v2\/pages"}],"about":[{"href":"https:\/\/blogsaverroes.juntadeandalucia.es\/ceipjosesaramago\/wp-json\/wp\/v2\/types\/page"}],"author":[{"embeddable":true,"href":"https:\/\/blogsaverroes.juntadeandalucia.es\/ceipjosesaramago\/wp-json\/wp\/v2\/users\/10459"}],"replies":[{"embeddable":true,"href":"https:\/\/blogsaverroes.juntadeandalucia.es\/ceipjosesaramago\/wp-json\/wp\/v2\/comments?post=1110"}],"version-history":[{"count":8,"href":"https:\/\/blogsaverroes.juntadeandalucia.es\/ceipjosesaramago\/wp-json\/wp\/v2\/pages\/1110\/revisions"}],"predecessor-version":[{"id":1274,"href":"https:\/\/blogsaverroes.juntadeandalucia.es\/ceipjosesaramago\/wp-json\/wp\/v2\/pages\/1110\/revisions\/1274"}],"wp:attachment":[{"href":"https:\/\/blogsaverroes.juntadeandalucia.es\/ceipjosesaramago\/wp-json\/wp\/v2\/media?parent=1110"}],"curies":[{"name":"wp","href":"https:\/\/api.w.org\/{rel}","templated":true}]}}