{"id":64,"date":"2020-01-09T11:41:42","date_gmt":"2020-01-09T10:41:42","guid":{"rendered":"http:\/\/blogsaverroes.juntadeandalucia.es\/pre\/nuevoceipv2\/?page_id=64"},"modified":"2022-05-11T09:46:08","modified_gmt":"2022-05-11T08:46:08","slug":"biblioteca","status":"publish","type":"page","link":"https:\/\/blogsaverroes.juntadeandalucia.es\/ceipjosesaramago\/biblioteca\/","title":{"rendered":"Biblioteca"},"content":{"rendered":"<h2>Biblioteca<\/h2>\n<p>Nuestra biblioteca es un espacio \u00fanico lleno de magia, adem\u00e1s de much\u00edsimos libros y juegos educativos que sirve para transportarte al lugar m\u00e1gico donde viven las historias m\u00e1s fant\u00e1sticas que puedas imaginar.<\/p>\n<p>Para estar al tanto de las actividades ten\u00e9is dos opciones. Una es un blog educativo: <a href=\"https:\/\/blogsaverroes.juntadeandalucia.es\/labibliotecadelsaramago\/\">Blog Biblioteca del Saramago <\/a>&nbsp;y tambi\u00e9n cuenta con un perfil en facebook: <a title=\"Facebook Biblio del Saramago\" href=\"https:\/\/www.facebook.com\/La-Biblio-del-Saramago-104969195172437\/\">Facebook Biblio del Saramago<\/a><\/p>\n<p>&nbsp;<\/p>\n","protected":false},"excerpt":{"rendered":"<p>Biblioteca Nuestra biblioteca es un espacio \u00fanico lleno de magia, adem\u00e1s de much\u00edsimos libros y juegos educativos que sirve para transportarte al lugar m\u00e1gico donde&hellip;<\/p>\n","protected":false},"author":13357,"featured_media":1199,"parent":0,"menu_order":0,"comment_status":"closed","ping_status":"closed","template":"","meta":{"ngg_post_thumbnail":0,"footnotes":""},"aioseo_notices":[],"_links":{"self":[{"href":"https:\/\/blogsaverroes.juntadeandalucia.es\/ceipjosesaramago\/wp-json\/wp\/v2\/pages\/64"}],"collection":[{"href":"https:\/\/blogsaverroes.juntadeandalucia.es\/ceipjosesaramago\/wp-json\/wp\/v2\/pages"}],"about":[{"href":"https:\/\/blogsaverroes.juntadeandalucia.es\/ceipjosesaramago\/wp-json\/wp\/v2\/types\/page"}],"author":[{"embeddable":true,"href":"https:\/\/blogsaverroes.juntadeandalucia.es\/ceipjosesaramago\/wp-json\/wp\/v2\/users\/13357"}],"replies":[{"embeddable":true,"href":"https:\/\/blogsaverroes.juntadeandalucia.es\/ceipjosesaramago\/wp-json\/wp\/v2\/comments?post=64"}],"version-history":[{"count":6,"href":"https:\/\/blogsaverroes.juntadeandalucia.es\/ceipjosesaramago\/wp-json\/wp\/v2\/pages\/64\/revisions"}],"predecessor-version":[{"id":1200,"href":"https:\/\/blogsaverroes.juntadeandalucia.es\/ceipjosesaramago\/wp-json\/wp\/v2\/pages\/64\/revisions\/1200"}],"wp:featuredmedia":[{"embeddable":true,"href":"https:\/\/blogsaverroes.juntadeandalucia.es\/ceipjosesaramago\/wp-json\/wp\/v2\/media\/1199"}],"wp:attachment":[{"href":"https:\/\/blogsaverroes.juntadeandalucia.es\/ceipjosesaramago\/wp-json\/wp\/v2\/media?parent=64"}],"curies":[{"name":"wp","href":"https:\/\/api.w.org\/{rel}","templated":true}]}}