{"id":995,"date":"2021-11-02T10:57:01","date_gmt":"2021-11-02T09:57:01","guid":{"rendered":"https:\/\/blogsaverroes.juntadeandalucia.es\/ceipjosesaramago\/?page_id=995"},"modified":"2022-05-11T10:37:17","modified_gmt":"2022-05-11T09:37:17","slug":"protocolo-covid","status":"publish","type":"page","link":"https:\/\/blogsaverroes.juntadeandalucia.es\/ceipjosesaramago\/protocolo-covid\/","title":{"rendered":"Protocolo COVID"},"content":{"rendered":"<h2>Protocolo COVID<\/h2>\n<p>En nuestro centro disponemos de un Protocolo COVID actualizado a la \u00faltima normativa publicada por la Consejer\u00eda de Educaci\u00f3n de Andaluc\u00eda.<\/p>\n<p>Pueden descargarlo en el siguiente enlace:<\/p>\n<p><a href=\"https:\/\/blogsaverroes.juntadeandalucia.es\/ceipjosesaramago\/files\/2021\/11\/PROTOCOLO-CIVID-21-22.docx.pdf\" rel=\"attachment wp-att-1002\">Protocolo COVID<\/a><\/p>\n","protected":false},"excerpt":{"rendered":"<p>Protocolo COVID En nuestro centro disponemos de un Protocolo COVID actualizado a la \u00faltima normativa publicada por la Consejer\u00eda de Educaci\u00f3n de Andaluc\u00eda. Pueden descargarlo&hellip;<\/p>\n","protected":false},"author":10459,"featured_media":0,"parent":0,"menu_order":0,"comment_status":"closed","ping_status":"closed","template":"","meta":{"ngg_post_thumbnail":0,"footnotes":""},"aioseo_notices":[],"_links":{"self":[{"href":"https:\/\/blogsaverroes.juntadeandalucia.es\/ceipjosesaramago\/wp-json\/wp\/v2\/pages\/995"}],"collection":[{"href":"https:\/\/blogsaverroes.juntadeandalucia.es\/ceipjosesaramago\/wp-json\/wp\/v2\/pages"}],"about":[{"href":"https:\/\/blogsaverroes.juntadeandalucia.es\/ceipjosesaramago\/wp-json\/wp\/v2\/types\/page"}],"author":[{"embeddable":true,"href":"https:\/\/blogsaverroes.juntadeandalucia.es\/ceipjosesaramago\/wp-json\/wp\/v2\/users\/10459"}],"replies":[{"embeddable":true,"href":"https:\/\/blogsaverroes.juntadeandalucia.es\/ceipjosesaramago\/wp-json\/wp\/v2\/comments?post=995"}],"version-history":[{"count":5,"href":"https:\/\/blogsaverroes.juntadeandalucia.es\/ceipjosesaramago\/wp-json\/wp\/v2\/pages\/995\/revisions"}],"predecessor-version":[{"id":1221,"href":"https:\/\/blogsaverroes.juntadeandalucia.es\/ceipjosesaramago\/wp-json\/wp\/v2\/pages\/995\/revisions\/1221"}],"wp:attachment":[{"href":"https:\/\/blogsaverroes.juntadeandalucia.es\/ceipjosesaramago\/wp-json\/wp\/v2\/media?parent=995"}],"curies":[{"name":"wp","href":"https:\/\/api.w.org\/{rel}","templated":true}]}}