{"id":35,"date":"2015-03-13T08:21:43","date_gmt":"2015-03-13T08:21:43","guid":{"rendered":"http:\/\/blogsaverroes.juntadeandalucia.es\/pre\/ceip\/?page_id=35"},"modified":"2025-02-10T17:43:02","modified_gmt":"2025-02-10T17:43:02","slug":"el-centro-2","status":"publish","type":"page","link":"https:\/\/blogsaverroes.juntadeandalucia.es\/ceipjosevegabarrios\/el-centro-2\/","title":{"rendered":"Datos del centro"},"content":{"rendered":"<p><a href=\"https:\/\/blogsaverroes.juntadeandalucia.es\/ceipjosevegabarrios\/files\/2024\/04\/frontal-jvb.png\"><img loading=\"lazy\" decoding=\"async\" class=\" wp-image-4445 aligncenter\" src=\"https:\/\/blogsaverroes.juntadeandalucia.es\/ceipjosevegabarrios\/files\/2024\/04\/frontal-jvb-300x68.png\" alt=\"\" width=\"450\" height=\"102\" srcset=\"https:\/\/blogsaverroes.juntadeandalucia.es\/ceipjosevegabarrios\/files\/2024\/04\/frontal-jvb-300x68.png 300w, https:\/\/blogsaverroes.juntadeandalucia.es\/ceipjosevegabarrios\/files\/2024\/04\/frontal-jvb-1024x232.png 1024w, https:\/\/blogsaverroes.juntadeandalucia.es\/ceipjosevegabarrios\/files\/2024\/04\/frontal-jvb-768x174.png 768w, https:\/\/blogsaverroes.juntadeandalucia.es\/ceipjosevegabarrios\/files\/2024\/04\/frontal-jvb.png 1502w\" sizes=\"(max-width: 450px) 100vw, 450px\" \/><\/a><\/p>\n<h2 style=\"text-align: center\"><strong>Colegio P\u00fablico de Educaci\u00f3n Infantil y Primaria Jos\u00e9 de la Vega Barrios<\/strong><\/h2>\n<p>&nbsp;<\/p>\n<p><strong>OFERTA EDUCATIVA<\/strong><\/p>\n<ul>\n<li>Segundo Ciclo de Educaci\u00f3n Infantil (3 a 5 a\u00f1os)<\/li>\n<li>Educaci\u00f3n Primaria<\/li>\n<li>Educaci\u00f3n B\u00e1sica Especial\n<ul>\n<li>Audici\u00f3n y lenguaje de apoyo a la integraci\u00f3n.<\/li>\n<li>Educaci\u00f3n especial de apoyo a la integraci\u00f3n.<\/li>\n<\/ul>\n<\/li>\n<\/ul>\n<p><strong>SERVICIOS COMPLEMENTARIOS<\/strong><\/p>\n<ul>\n<li>Servicio de Transporte escolar&nbsp;\n<ul>\n<li>Pinar de los Franceses<\/li>\n<li>Marquesado<\/li>\n<\/ul>\n<\/li>\n<li>Comedor de Gesti\u00f3n Directa (Cocina propia)<\/li>\n<li>Aula Matinal (07:30-09:00)<\/li>\n<li>Actividades Extraescolares (L-J de 16:00 a 18:00)<\/li>\n<\/ul>\n<p style=\"text-align: center\"><strong>CONTACTO<\/strong><\/p>\n<p style=\"text-align: center\"><strong>Direcci\u00f3n:<\/strong>&nbsp; Plaza de Panzacola s\/n, Chiclana de la Frontera 11130 C\u00e1diz<strong><br \/>\nTel\u00e9fono: <\/strong>956 24 39 27<\/p>\n<p>&nbsp;<\/p>\n<h3>Im\u00e1genes Relacionadas:<\/h3>","protected":false},"excerpt":{"rendered":"<p>Colegio P\u00fablico de Educaci\u00f3n Infantil y Primaria Jos\u00e9 de la Vega Barrios &nbsp; OFERTA EDUCATIVA Segundo Ciclo de Educaci\u00f3n Infantil (3 a 5 a\u00f1os) Educaci\u00f3n Primaria Educaci\u00f3n B\u00e1sica Especial Audici\u00f3n y lenguaje de apoyo&#46;&#46;&#46;<\/p>\n","protected":false},"author":1,"featured_media":0,"parent":0,"menu_order":0,"comment_status":"closed","ping_status":"open","template":"","meta":{"ngg_post_thumbnail":0,"footnotes":"","_mc_calendar":[]},"aioseo_notices":[],"_links":{"self":[{"href":"https:\/\/blogsaverroes.juntadeandalucia.es\/ceipjosevegabarrios\/wp-json\/wp\/v2\/pages\/35"}],"collection":[{"href":"https:\/\/blogsaverroes.juntadeandalucia.es\/ceipjosevegabarrios\/wp-json\/wp\/v2\/pages"}],"about":[{"href":"https:\/\/blogsaverroes.juntadeandalucia.es\/ceipjosevegabarrios\/wp-json\/wp\/v2\/types\/page"}],"author":[{"embeddable":true,"href":"https:\/\/blogsaverroes.juntadeandalucia.es\/ceipjosevegabarrios\/wp-json\/wp\/v2\/users\/1"}],"replies":[{"embeddable":true,"href":"https:\/\/blogsaverroes.juntadeandalucia.es\/ceipjosevegabarrios\/wp-json\/wp\/v2\/comments?post=35"}],"version-history":[{"count":46,"href":"https:\/\/blogsaverroes.juntadeandalucia.es\/ceipjosevegabarrios\/wp-json\/wp\/v2\/pages\/35\/revisions"}],"predecessor-version":[{"id":4574,"href":"https:\/\/blogsaverroes.juntadeandalucia.es\/ceipjosevegabarrios\/wp-json\/wp\/v2\/pages\/35\/revisions\/4574"}],"wp:attachment":[{"href":"https:\/\/blogsaverroes.juntadeandalucia.es\/ceipjosevegabarrios\/wp-json\/wp\/v2\/media?parent=35"}],"curies":[{"name":"wp","href":"https:\/\/api.w.org\/{rel}","templated":true}]}}