{"id":4272,"date":"2023-04-24T12:02:07","date_gmt":"2023-04-24T12:02:07","guid":{"rendered":"https:\/\/blogsaverroes.juntadeandalucia.es\/ceipjosevegabarrios\/?page_id=4272"},"modified":"2023-04-24T15:56:10","modified_gmt":"2023-04-24T15:56:10","slug":"proa-andalucia","status":"publish","type":"page","link":"https:\/\/blogsaverroes.juntadeandalucia.es\/ceipjosevegabarrios\/proa-andalucia\/","title":{"rendered":"PROA Andaluc\u00eda"},"content":{"rendered":"<p>ACCIONES CONFINANCIADAS CON EL FONDO SOCIAL EUROPEO:<\/p>\n<p>El PROA Andaluc\u00eda se concibe como un conjunto de actuaciones dirigidas a mejorar el grado de adquisici\u00f3n de las competencias clave y la motivaci\u00f3n del alumnado con necesidades espec\u00edficas de apoyo educativo por precisar acciones de car\u00e1cter compensatorio, que en el caso del alumnado de origen extranjero, adem\u00e1s, pretenden conseguir un nivel adecuado de uso del espa\u00f1ol como lengua vehicular. Dichas acciones est\u00e1n dirigidas a evitar el riesgo de abandono temprano del sistema educativo, y complementar las acciones encaminadas a la mejora del \u00e9xito escolar, que se desarrollan en los centros docentes p\u00fablicos andaluces.<\/p>\n<p><strong>Acompa\u00f1amiento Escolar.<\/strong><\/p>\n<p>El Acompa\u00f1amiento Escolar es una actuaci\u00f3n dirigida a mejorar la adquisici\u00f3n de las competencias clave, especialmente en comunicaci\u00f3n ling\u00fc\u00edstica y razonamiento matem\u00e1tico, del alumnado con necesidades espec\u00edficas de apoyo educativo que precisa acciones de car\u00e1cter compensatorio. Por tanto, se concibe como una medida motivadora, a la vez que favorecedora del \u00e9xito escolar, as\u00ed como una importante v\u00eda para la prevenci\u00f3n del absentismo y abandono escolar temprano.<\/p>\n<p>El Fondo Social Europeo (FSE) tiene entre sus misiones promover el aumento y la mejora del capital humano y facilitar el acceso de los ciudadanos y ciudadanas europeas a mejores puestos de trabajo. La educaci\u00f3n, la formaci\u00f3n profesional y el aprendizaje permanente ofrecen a las personas la oportunidad de acceder a nuevas cualificaciones que posibilitan mejorar su empleabilidad, contribuyendo con ello a la competitividad y cohesi\u00f3n social.<\/p>\n<p>Las retribuciones del Profesorado de este centro que imparte las ense\u00f1anzas detalladas a continuaci\u00f3n son cofinanciadas a trav\u00e9s del Programa Operativo Fondo Social Europeo.&nbsp;<\/p>\n<p><a href=\"https:\/\/blogsaverroes.juntadeandalucia.es\/ceipjosevegabarrios\/files\/2023\/04\/Foto-de-Als-1.jpg\"><img loading=\"lazy\" decoding=\"async\" class=\"aligncenter size-medium wp-image-4273\" src=\"https:\/\/blogsaverroes.juntadeandalucia.es\/ceipjosevegabarrios\/files\/2023\/04\/Foto-de-Als-1-212x300.jpg\" alt=\"\" width=\"212\" height=\"300\" srcset=\"https:\/\/blogsaverroes.juntadeandalucia.es\/ceipjosevegabarrios\/files\/2023\/04\/Foto-de-Als-1-212x300.jpg 212w, https:\/\/blogsaverroes.juntadeandalucia.es\/ceipjosevegabarrios\/files\/2023\/04\/Foto-de-Als-1-724x1024.jpg 724w, https:\/\/blogsaverroes.juntadeandalucia.es\/ceipjosevegabarrios\/files\/2023\/04\/Foto-de-Als-1-768x1086.jpg 768w, https:\/\/blogsaverroes.juntadeandalucia.es\/ceipjosevegabarrios\/files\/2023\/04\/Foto-de-Als-1-1086x1536.jpg 1086w, https:\/\/blogsaverroes.juntadeandalucia.es\/ceipjosevegabarrios\/files\/2023\/04\/Foto-de-Als-1.jpg 1131w\" sizes=\"(max-width: 212px) 100vw, 212px\" \/><\/a><\/p>\n<h3>Im\u00e1genes Relacionadas:<\/h3>","protected":false},"excerpt":{"rendered":"<p>ACCIONES CONFINANCIADAS CON EL FONDO SOCIAL EUROPEO: El PROA Andaluc\u00eda se concibe como un conjunto de actuaciones dirigidas a mejorar el grado de adquisici\u00f3n de las competencias clave y la motivaci\u00f3n del alumnado con&#46;&#46;&#46;<\/p>\n","protected":false},"author":2354,"featured_media":0,"parent":0,"menu_order":0,"comment_status":"closed","ping_status":"closed","template":"","meta":{"ngg_post_thumbnail":0,"footnotes":"","_mc_calendar":[]},"aioseo_notices":[],"_links":{"self":[{"href":"https:\/\/blogsaverroes.juntadeandalucia.es\/ceipjosevegabarrios\/wp-json\/wp\/v2\/pages\/4272"}],"collection":[{"href":"https:\/\/blogsaverroes.juntadeandalucia.es\/ceipjosevegabarrios\/wp-json\/wp\/v2\/pages"}],"about":[{"href":"https:\/\/blogsaverroes.juntadeandalucia.es\/ceipjosevegabarrios\/wp-json\/wp\/v2\/types\/page"}],"author":[{"embeddable":true,"href":"https:\/\/blogsaverroes.juntadeandalucia.es\/ceipjosevegabarrios\/wp-json\/wp\/v2\/users\/2354"}],"replies":[{"embeddable":true,"href":"https:\/\/blogsaverroes.juntadeandalucia.es\/ceipjosevegabarrios\/wp-json\/wp\/v2\/comments?post=4272"}],"version-history":[{"count":6,"href":"https:\/\/blogsaverroes.juntadeandalucia.es\/ceipjosevegabarrios\/wp-json\/wp\/v2\/pages\/4272\/revisions"}],"predecessor-version":[{"id":4295,"href":"https:\/\/blogsaverroes.juntadeandalucia.es\/ceipjosevegabarrios\/wp-json\/wp\/v2\/pages\/4272\/revisions\/4295"}],"wp:attachment":[{"href":"https:\/\/blogsaverroes.juntadeandalucia.es\/ceipjosevegabarrios\/wp-json\/wp\/v2\/media?parent=4272"}],"curies":[{"name":"wp","href":"https:\/\/api.w.org\/{rel}","templated":true}]}}