{"id":77,"date":"2015-03-16T06:54:56","date_gmt":"2015-03-16T06:54:56","guid":{"rendered":"http:\/\/blogsaverroes.juntadeandalucia.es\/pre\/ceip\/?page_id=77"},"modified":"2024-05-22T17:56:09","modified_gmt":"2024-05-22T17:56:09","slug":"secretaria","status":"publish","type":"page","link":"https:\/\/blogsaverroes.juntadeandalucia.es\/ceipjosevegabarrios\/secretaria\/","title":{"rendered":"Secretar\u00eda"},"content":{"rendered":"<p><a href=\"https:\/\/blogsaverroes.juntadeandalucia.es\/ceipjosevegabarrios\/files\/2024\/05\/post-de-instagram-dia-de-la-secretaria-organico-salmon-pastel.png\"><img loading=\"lazy\" decoding=\"async\" class=\"size-medium wp-image-4459 alignleft\" src=\"https:\/\/blogsaverroes.juntadeandalucia.es\/ceipjosevegabarrios\/files\/2024\/05\/post-de-instagram-dia-de-la-secretaria-organico-salmon-pastel-300x300.png\" alt=\"\" width=\"300\" height=\"300\" srcset=\"https:\/\/blogsaverroes.juntadeandalucia.es\/ceipjosevegabarrios\/files\/2024\/05\/post-de-instagram-dia-de-la-secretaria-organico-salmon-pastel-300x300.png 300w, https:\/\/blogsaverroes.juntadeandalucia.es\/ceipjosevegabarrios\/files\/2024\/05\/post-de-instagram-dia-de-la-secretaria-organico-salmon-pastel-1024x1024.png 1024w, https:\/\/blogsaverroes.juntadeandalucia.es\/ceipjosevegabarrios\/files\/2024\/05\/post-de-instagram-dia-de-la-secretaria-organico-salmon-pastel-150x150.png 150w, https:\/\/blogsaverroes.juntadeandalucia.es\/ceipjosevegabarrios\/files\/2024\/05\/post-de-instagram-dia-de-la-secretaria-organico-salmon-pastel-768x768.png 768w, https:\/\/blogsaverroes.juntadeandalucia.es\/ceipjosevegabarrios\/files\/2024\/05\/post-de-instagram-dia-de-la-secretaria-organico-salmon-pastel.png 1080w\" sizes=\"(max-width: 300px) 100vw, 300px\" \/><\/a>La <strong>Secretar\u00eda<\/strong> desarrolla muchas funciones importantes en la vida de un centro, especialmente en la relaci\u00f3n que mantiene con las familias en los diferentes tr\u00e1mites administrativos a lo largo de la escolarizaci\u00f3n: admisi\u00f3n, matr\u00edcula, comedor escolar, becas, etc.<\/p>\n<p>El horario de Secretar\u00eda funciona de 9 a 11 horas para informar de tr\u00e1mites a realizar, plazos, documentaci\u00f3n, matriculaci\u00f3n, etc., &nbsp;as\u00ed como del Plan de Apertura: Aula Matinal, Comedor, Actividades Extraescolares.<\/p>\n<p><strong>Secretaria del Centro: Sara S\u00e1nchez Garc\u00eda.<\/strong><\/p>\n<p><strong>Administrativa: Pepa R\u00edos Mart\u00ednez. &nbsp; <\/strong><\/p>\n<p><strong>Tel\u00e9fono: 956243927<\/strong><\/p>\n<h3>Im\u00e1genes Relacionadas:<\/h3>","protected":false},"excerpt":{"rendered":"<p>La Secretar\u00eda desarrolla muchas funciones importantes en la vida de un centro, especialmente en la relaci\u00f3n que mantiene con las familias en los diferentes tr\u00e1mites administrativos a lo largo de la escolarizaci\u00f3n: admisi\u00f3n, matr\u00edcula,&#46;&#46;&#46;<\/p>\n","protected":false},"author":1,"featured_media":0,"parent":0,"menu_order":0,"comment_status":"closed","ping_status":"open","template":"","meta":{"ngg_post_thumbnail":0,"footnotes":"","_mc_calendar":[]},"aioseo_notices":[],"_links":{"self":[{"href":"https:\/\/blogsaverroes.juntadeandalucia.es\/ceipjosevegabarrios\/wp-json\/wp\/v2\/pages\/77"}],"collection":[{"href":"https:\/\/blogsaverroes.juntadeandalucia.es\/ceipjosevegabarrios\/wp-json\/wp\/v2\/pages"}],"about":[{"href":"https:\/\/blogsaverroes.juntadeandalucia.es\/ceipjosevegabarrios\/wp-json\/wp\/v2\/types\/page"}],"author":[{"embeddable":true,"href":"https:\/\/blogsaverroes.juntadeandalucia.es\/ceipjosevegabarrios\/wp-json\/wp\/v2\/users\/1"}],"replies":[{"embeddable":true,"href":"https:\/\/blogsaverroes.juntadeandalucia.es\/ceipjosevegabarrios\/wp-json\/wp\/v2\/comments?post=77"}],"version-history":[{"count":15,"href":"https:\/\/blogsaverroes.juntadeandalucia.es\/ceipjosevegabarrios\/wp-json\/wp\/v2\/pages\/77\/revisions"}],"predecessor-version":[{"id":4457,"href":"https:\/\/blogsaverroes.juntadeandalucia.es\/ceipjosevegabarrios\/wp-json\/wp\/v2\/pages\/77\/revisions\/4457"}],"wp:attachment":[{"href":"https:\/\/blogsaverroes.juntadeandalucia.es\/ceipjosevegabarrios\/wp-json\/wp\/v2\/media?parent=77"}],"curies":[{"name":"wp","href":"https:\/\/api.w.org\/{rel}","templated":true}]}}