{"id":103,"date":"2020-05-17T00:49:12","date_gmt":"2020-05-16T22:49:12","guid":{"rendered":"https:\/\/blogsaverroes.juntadeandalucia.es\/ceipjrj\/?page_id=103"},"modified":"2024-10-14T16:40:58","modified_gmt":"2024-10-14T14:40:58","slug":"actividades-extraescolares","status":"publish","type":"page","link":"https:\/\/blogsaverroes.juntadeandalucia.es\/ceipjrj\/actividades-extraescolares\/","title":{"rendered":"Actividades extraescolares"},"content":{"rendered":"<p><span style=\"font-weight: 400;color: #000000\">Las actividades extraescolares suponen el dise\u00f1o de la organizaci\u00f3n, planificaci\u00f3n y desarrollo de las actividades extraescolares previstas en los planes de apertura de los Centros Escolares, siguiendo el acuerdo de potenciar el m\u00e1ximo aprovechamiento de los centros docentes para poder ampliar as\u00ed la oferta de servicios educativos. De esta forma, se cubren las necesidades socio-educativas de la mayor parte del alumnado, abogando por una educaci\u00f3n integral de los ni\u00f1os y ni\u00f1as en edad escolar.<\/span><\/p>\n<p><span style=\"font-weight: 400;color: #000000\">Estas actividades tienen un car\u00e1cter voluntario para el alumnado y en ning\u00fan caso forman parte del proceso de evaluaci\u00f3n del alumnado. La atenci\u00f3n a este tipo de alumnado se realiza con personal que cuenta con la formaci\u00f3n y cualificaci\u00f3n adecuada a las actividades a desarrollar.<\/span><\/p>\n<p><span style=\"font-weight: 400;color: #000000\">La empresa que atiende este servicio es EducaJunior, Servicios educativos.<\/span><\/p>\n<ul>\n<li style=\"font-weight: 400\"><span style=\"font-weight: 400;color: #000000\">Coordinadora: Carmen<\/span><\/li>\n<li style=\"font-weight: 400\"><span style=\"font-weight: 400;color: #000000\">Tlf: 690 25 69 91<\/span><\/li>\n<\/ul>\n<p><span style=\"font-weight: 400;color: #000000\">Las actividades extraescolares desarrolladas en nuestro centro son las siguientes:&nbsp;<\/span><\/p>\n<p>&nbsp;<\/p>\n<ul>\n<li><strong><span style=\"font-size: 14pt;color: #000000\">PLAN DE ACOMPA\u00d1AMIENTO<\/span><\/strong><\/li>\n<\/ul>\n<p><span style=\"font-weight: 400;color: #000000\">El Programa de Acompa\u00f1amiento Escolar surge para mejorar el \u00edndice de \u00e9xito escolar de nuestro alumnado. Supone una dotaci\u00f3n a estos centros de recursos adicionales a los ordinarios, con objeto de permitir una intervenci\u00f3n educativa m\u00e1s personalizada y adaptada a las necesidades de los mismos. A trav\u00e9s de estos recursos se act\u00faa sobre una parte del alumnado en campos que se consideran esenciales para que sus perspectivas escolares aumenten.<\/span><\/p>\n<ul>\n<li style=\"font-weight: 400\"><span style=\"font-weight: 400;color: #000000\">&nbsp;plan de acompa\u00f1amiento escolar, de lunes a mi\u00e9rcoles de 16:00 a 18:00<\/span><\/li>\n<li style=\"font-weight: 400\"><span style=\"font-weight: 400;color: #000000\">&nbsp;plan de acompa\u00f1amiento ling\u00fc\u00edstico para el alumnado inmigrante, de martes&nbsp; 16:00 a 18:00<\/span><\/li>\n<li style=\"font-weight: 400\"><span style=\"font-weight: 400;color: #000000\">Participantes: Alumnado de 2\u00ba y 3\u00ba Ciclo de Educaci\u00f3n Primaria.<\/span><\/li>\n<\/ul>\n<p>&nbsp;<\/p>\n<ul>\n<li style=\"font-weight: 400\"><em><span style=\"font-weight: 400;color: #000000\">Programa de acompa\u00f1amiento en lengua extranjera (A\u00daN POR DEFINIR)<\/span><\/em><\/li>\n<\/ul>\n<h2>&nbsp;<\/h2>\n<ul>\n<li><strong><span style=\"font-size: 14pt;color: #000000\">+ DEPORTE<\/span><\/strong><\/li>\n<\/ul>\n<p><span style=\"font-weight: 400;color: #000000\">Con el Programa Escuelas Deportivas pretendemos reforzar la adquisici\u00f3n de actitudes positivas y valores, permitiendo al alumnado participante estimular y reforzar sus competencias sociales. La pr\u00e1ctica de actividad f\u00edsica conlleva la educaci\u00f3n en la tolerancia, la integraci\u00f3n, el respeto a la diversidad, la solidaridad y el compa\u00f1erismo.<\/span><\/p>\n<p><span style=\"font-weight: 400;color: #000000\">Participantes:&nbsp;<\/span><\/p>\n<ul>\n<li style=\"font-weight: 400\"><span style=\"font-weight: 400;color: #000000\">&nbsp;A\u00daN POR DEFINIR<\/span><\/li>\n<\/ul>\n<p><span style=\"font-weight: 400;color: #000000\">Deportes ofertados:&nbsp;<\/span><\/p>\n<ul>\n<li style=\"font-weight: 400\"><span style=\"color: #000000\">A\u00daN POR DEFINIR<\/span><\/li>\n<\/ul>\n<p>&nbsp;<\/p>\n<p><strong><span style=\"font-size: 14pt;color: #000000\">Otras actividades ofertadas.<\/span><\/strong><\/p>\n<p><span style=\"font-weight: 400;color: #000000\">La empresa que atiende las siguientes actividades es EducaJunior, Servicios educativos.<\/span><\/p>\n<ul>\n<li style=\"font-weight: 400\"><span style=\"font-weight: 400;color: #000000\">Coordinadora: Carmen<\/span><\/li>\n<li style=\"font-weight: 400\"><span style=\"font-weight: 400;color: #000000\">Tlf: 690 25 69 91<\/span><\/li>\n<\/ul>\n<p>&nbsp;<\/p>\n<p><img fetchpriority=\"high\" decoding=\"async\" class=\"alignnone  wp-image-857\" src=\"https:\/\/blogsaverroes.juntadeandalucia.es\/ceipjrj\/files\/2024\/10\/Horario-actividades-Extraescolares-24-25-sin-viernes-CEIP-JUAN-RAMON-JIMENEZ-2-1-2.pdf-300x212.png\" alt=\"\" width=\"964\" height=\"681\" srcset=\"https:\/\/blogsaverroes.juntadeandalucia.es\/ceipjrj\/files\/2024\/10\/Horario-actividades-Extraescolares-24-25-sin-viernes-CEIP-JUAN-RAMON-JIMENEZ-2-1-2.pdf-300x212.png 300w, https:\/\/blogsaverroes.juntadeandalucia.es\/ceipjrj\/files\/2024\/10\/Horario-actividades-Extraescolares-24-25-sin-viernes-CEIP-JUAN-RAMON-JIMENEZ-2-1-2.pdf-1024x724.png 1024w, https:\/\/blogsaverroes.juntadeandalucia.es\/ceipjrj\/files\/2024\/10\/Horario-actividades-Extraescolares-24-25-sin-viernes-CEIP-JUAN-RAMON-JIMENEZ-2-1-2.pdf-768x543.png 768w, https:\/\/blogsaverroes.juntadeandalucia.es\/ceipjrj\/files\/2024\/10\/Horario-actividades-Extraescolares-24-25-sin-viernes-CEIP-JUAN-RAMON-JIMENEZ-2-1-2.pdf-1536x1086.png 1536w, https:\/\/blogsaverroes.juntadeandalucia.es\/ceipjrj\/files\/2024\/10\/Horario-actividades-Extraescolares-24-25-sin-viernes-CEIP-JUAN-RAMON-JIMENEZ-2-1-2.pdf-2048x1448.png 2048w\" sizes=\"(max-width: 964px) 100vw, 964px\" \/><\/p>\n","protected":false},"excerpt":{"rendered":"<p>&#46;&#46;&#46;<\/p>\n","protected":false},"author":4364,"featured_media":0,"parent":0,"menu_order":0,"comment_status":"closed","ping_status":"closed","template":"","meta":{"ngg_post_thumbnail":0,"footnotes":""},"aioseo_notices":[],"_links":{"self":[{"href":"https:\/\/blogsaverroes.juntadeandalucia.es\/ceipjrj\/wp-json\/wp\/v2\/pages\/103"}],"collection":[{"href":"https:\/\/blogsaverroes.juntadeandalucia.es\/ceipjrj\/wp-json\/wp\/v2\/pages"}],"about":[{"href":"https:\/\/blogsaverroes.juntadeandalucia.es\/ceipjrj\/wp-json\/wp\/v2\/types\/page"}],"author":[{"embeddable":true,"href":"https:\/\/blogsaverroes.juntadeandalucia.es\/ceipjrj\/wp-json\/wp\/v2\/users\/4364"}],"replies":[{"embeddable":true,"href":"https:\/\/blogsaverroes.juntadeandalucia.es\/ceipjrj\/wp-json\/wp\/v2\/comments?post=103"}],"version-history":[{"count":5,"href":"https:\/\/blogsaverroes.juntadeandalucia.es\/ceipjrj\/wp-json\/wp\/v2\/pages\/103\/revisions"}],"predecessor-version":[{"id":858,"href":"https:\/\/blogsaverroes.juntadeandalucia.es\/ceipjrj\/wp-json\/wp\/v2\/pages\/103\/revisions\/858"}],"wp:attachment":[{"href":"https:\/\/blogsaverroes.juntadeandalucia.es\/ceipjrj\/wp-json\/wp\/v2\/media?parent=103"}],"curies":[{"name":"wp","href":"https:\/\/api.w.org\/{rel}","templated":true}]}}