{"id":132,"date":"2020-05-17T20:23:35","date_gmt":"2020-05-17T18:23:35","guid":{"rendered":"https:\/\/blogsaverroes.juntadeandalucia.es\/ceipjrj\/?page_id=132"},"modified":"2024-10-14T16:59:44","modified_gmt":"2024-10-14T14:59:44","slug":"organigrama","status":"publish","type":"page","link":"https:\/\/blogsaverroes.juntadeandalucia.es\/ceipjrj\/organigrama\/","title":{"rendered":"Organigrama"},"content":{"rendered":"<p><span style=\"color: #000000\">Estimadas familias, con alegr\u00eda y satisfacci\u00f3n nos dirigimos a vosotros para agradeceros la confianza depositada en nuestro centro. Las maestras y maestros que formamos parte del Colegio Juan Ram\u00f3n Jim\u00e9nez somos un equipo de profesionales de la ense\u00f1anza que, a\u00f1o tras a\u00f1o, quiere seguir dando respuesta a las necesidades que demanda nuestra Comunidad Educativa.<\/span><\/p>\n<p><span style=\"color: #000000\">Os animamos a trabajar de manera conjunta en la formaci\u00f3n de vuestros hijos y nuestro alumnado con el objetivo de proporcionarles las competencias y valores necesarios para desenvolverse en un mundo global y comprometerse con la mejora de su entorno.&nbsp;<\/span><\/p>\n<p>&nbsp;<\/p>\n<p><strong><span style=\"color: #000000\">NUESTRO EQUIPO DIRECTIVO<\/span><\/strong><\/p>\n<table style=\"width: 36.6565%;height: 204px\">\n<tbody>\n<tr style=\"height: 56px\">\n<td style=\"height: 56px\" width=\"187\"><strong><span style=\"color: #000000\">DIRECTORA<\/span><\/strong><\/td>\n<td style=\"height: 56px\" width=\"312\"><span style=\"color: #000000\">Ariana Moreno Espinosa<\/span><\/td>\n<\/tr>\n<tr style=\"height: 92px\">\n<td style=\"height: 92px\" width=\"187\"><strong><span style=\"color: #000000\">JEFA DE ESTUDIOS<\/span><\/strong><\/td>\n<td style=\"height: 92px\" width=\"312\"><span style=\"color: #000000\">Patricia Garc\u00eda Gallardo<\/span><\/td>\n<\/tr>\n<tr style=\"height: 56px\">\n<td style=\"height: 56px\" width=\"187\"><span style=\"color: #000000\">S<strong>ECRETAR\u00cdA<\/strong><\/span><\/td>\n<td style=\"height: 56px\" width=\"312\"><span style=\"color: #000000\">Javier Manzorro Garc\u00eda<\/span><\/td>\n<\/tr>\n<\/tbody>\n<\/table>\n<p>&nbsp;<\/p>\n<p>&nbsp;<\/p>\n<p><strong><span style=\"color: #000000\">CLAUSTRO DE PROFESORADO<\/span><\/strong><\/p>\n<table style=\"width: 30.3357%;height: 417px\">\n<tbody>\n<tr style=\"height: 24px\">\n<td style=\"height: 24px;width: 7.41627%\"><span style=\"color: #000000\">EEA<\/span><\/td>\n<td style=\"height: 24px;width: 90.6699%\"><span style=\"color: #000000\">Gemma Ruiz Nieto<\/span><\/td>\n<\/tr>\n<tr style=\"height: 24px\">\n<td style=\"height: 24px;width: 7.41627%\"><span style=\"color: #000000\">EEB<\/span><\/td>\n<td style=\"height: 24px;width: 90.6699%\"><span style=\"color: #000000\">Gloria Bego\u00f1a Dom\u00ednguez Valdivia<\/span><\/td>\n<\/tr>\n<tr style=\"height: 24px\">\n<td style=\"height: 24px;width: 7.41627%\"><span style=\"color: #000000\">I 3A<\/span><\/td>\n<td style=\"height: 24px;width: 90.6699%\"><span style=\"color: #000000\">M\u00aa \u00c1ngeles Cabello Torres <em>(Coordinadora&nbsp; de Infantil)<\/em><\/span><\/td>\n<\/tr>\n<tr style=\"height: 24px\">\n<td style=\"height: 24px;width: 7.41627%\"><span style=\"color: #000000\">I 4A<\/span><\/td>\n<td style=\"height: 24px;width: 90.6699%\"><span style=\"color: #000000\">Encarnaci\u00f3n Morales Cobos<\/span><\/td>\n<\/tr>\n<tr style=\"height: 24px\">\n<td style=\"height: 24px;width: 7.41627%\"><span style=\"color: #000000\">I 5A<\/span><\/td>\n<td style=\"height: 24px;width: 90.6699%\"><span style=\"color: #000000\">Teresa Rodr\u00edguez Mayor<\/span><\/td>\n<\/tr>\n<tr style=\"height: 10px\">\n<td style=\"height: 10px;width: 7.41627%\">&nbsp;<\/td>\n<td style=\"height: 10px;width: 90.6699%\">&nbsp;<\/td>\n<\/tr>\n<tr style=\"height: 23px\">\n<td style=\"height: 23px;width: 7.41627%\"><span style=\"color: #000000\">1\u00ba B<\/span><\/td>\n<td style=\"height: 23px;width: 90.6699%\"><span style=\"color: #000000\">&nbsp;Laila Abouyab Ram\u00edrez<\/span><\/td>\n<\/tr>\n<tr style=\"height: 24px\">\n<td style=\"height: 24px;width: 7.41627%\"><span style=\"color: #000000\">2\u00baA<\/span><\/td>\n<td style=\"height: 24px;width: 90.6699%\"><span style=\"color: #000000\">M\u00aa Pilar Valdivieso Mart\u00ednez <em>(Coordinadora&nbsp; de Primer ciclo)<\/em><\/span><\/td>\n<\/tr>\n<tr style=\"height: 24px\">\n<td style=\"height: 24px;width: 7.41627%\">2\u00baB<\/td>\n<td style=\"height: 24px;width: 90.6699%\"><span style=\"color: #000000\">M\u00aa Luz S\u00e1nchez Aguilera&nbsp;<\/span><\/td>\n<\/tr>\n<tr style=\"height: 24px\">\n<td style=\"height: 24px;width: 7.41627%\"><span style=\"color: #000000\">3\u00ba A<\/span><\/td>\n<td style=\"height: 24px;width: 90.6699%\"><span style=\"color: #000000\">Gloria L\u00f3pez Soto<\/span><\/td>\n<\/tr>\n<tr style=\"height: 24px\">\n<td style=\"height: 24px;width: 7.41627%\">3\u00baB<\/td>\n<td style=\"height: 24px;width: 90.6699%\"><span style=\"color: #000000\">Carlos Garc\u00eda Esteban&nbsp;<\/span><\/td>\n<\/tr>\n<tr style=\"height: 24px\">\n<td style=\"height: 24px;width: 7.41627%\">&nbsp;<\/td>\n<td style=\"height: 24px;width: 90.6699%\">&nbsp;<\/td>\n<\/tr>\n<tr style=\"height: 24px\">\n<td style=\"height: 24px;width: 7.41627%\"><span style=\"color: #000000\">4\u00baA<\/span><\/td>\n<td style=\"height: 24px;width: 90.6699%\"><span style=\"color: #000000\">Carmen Polo Chicano <em>(Coordinadora de Segundo Ciclo)<\/em><\/span><\/td>\n<\/tr>\n<tr style=\"height: 24px\">\n<td style=\"height: 24px;width: 7.41627%\"><span style=\"color: #000000\">4\u00baB<\/span><\/td>\n<td style=\"height: 24px;width: 90.6699%\"><span style=\"color: #000000\">Gema Fern\u00e1ndez Castro&nbsp;<\/span><\/td>\n<\/tr>\n<tr style=\"height: 24px\">\n<td style=\"height: 24px;width: 7.41627%\"><span style=\"color: #000000\">5\u00baA<\/span><\/td>\n<td style=\"height: 24px;width: 90.6699%\"><span style=\"color: #000000\">Jose Manuel Cuenca Rojo<\/span><\/td>\n<\/tr>\n<tr style=\"height: 24px\">\n<td style=\"height: 24px;width: 7.41627%\"><span style=\"color: #000000\">5\u00baB<\/span><\/td>\n<td style=\"height: 24px;width: 90.6699%\"><span style=\"color: #000000\">Andr\u00e9s S\u00e1ez C\u00e1ceres <em>(Coordinador de Tercer Ciclo)<\/em><\/span><\/td>\n<\/tr>\n<tr style=\"height: 24px\">\n<td style=\"height: 24px;width: 7.41627%\"><span style=\"color: #000000\">6\u00baA<\/span><\/td>\n<td style=\"height: 24px;width: 90.6699%\"><span style=\"color: #000000\">M\u00aa Auxiliadora Burgos Bravo<\/span><\/td>\n<\/tr>\n<tr style=\"height: 24px\">\n<td style=\"height: 24px;width: 7.41627%\"><span style=\"color: #000000\">6\u00baB<\/span><\/td>\n<td style=\"height: 24px;width: 90.6699%\"><span style=\"color: #000000\">&nbsp;Jose Ignacio Gonz\u00e1lez S\u00e1nchez&nbsp;<\/span><\/td>\n<\/tr>\n<\/tbody>\n<\/table>\n<p>&nbsp;<\/p>\n<p><span style=\"color: #000000\">&nbsp;&nbsp;&nbsp;&nbsp;&nbsp;&nbsp;&nbsp;&nbsp;&nbsp;&nbsp;&nbsp;<\/span><\/p>\n<p><strong><span style=\"color: #000000\">ESPECIALISTAS<\/span><\/strong><\/p>\n<table style=\"width: 36.2281%;height: 648px\">\n<tbody>\n<tr style=\"height: 96px\">\n<td style=\"height: 96px\">Educaci\u00f3n F\u00edsica<\/td>\n<td style=\"height: 96px\"><span style=\"color: #000000\">Jose Manuel Cuenca Rojo<\/span><\/p>\n<p>Gema Fern\u00e1ndez Castro<\/td>\n<\/tr>\n<tr style=\"height: 216px\">\n<td style=\"height: 216px\">Franc\u00e9s<\/p>\n<p>&nbsp;<\/p>\n<p>Ingl\u00e9s<\/td>\n<td style=\"height: 216px\"><span style=\"color: #000000\">Carlos Garc\u00eda Esteban&nbsp;<\/span><\/p>\n<p>&nbsp;<\/p>\n<p><span style=\"color: #000000\">Guillermo Esteban \u00c1lvarez<\/span><\/p>\n<p><span style=\"color: #000000\">Gloria L\u00f3pez Soto<\/span><\/p>\n<p><span style=\"color: #000000\">M\u00aa Luz S\u00e1nchez Aguilera&nbsp;<\/span><\/td>\n<\/tr>\n<tr style=\"height: 24px\">\n<td style=\"height: 24px\">M\u00fasica<\/td>\n<td style=\"height: 24px\"><span style=\"color: #000000\">Jose Ignacio Gonz\u00e1lez S\u00e1nchez&nbsp;<\/span><\/td>\n<\/tr>\n<tr style=\"height: 24px\">\n<td style=\"height: 24px\">Pedagog\u00eda Terap\u00e9utica<\/td>\n<td style=\"height: 24px\">Azahara L\u00f3pez Fr\u00edas<\/td>\n<\/tr>\n<tr style=\"height: 96px\">\n<td style=\"height: 96px\">Audici\u00f3n y Lenguaje<\/td>\n<td style=\"height: 96px\">Sandra Gonz\u00e1lez Conejo<\/p>\n<p>M\u00aa Jos\u00e9 Garc\u00eda Gallego<\/td>\n<\/tr>\n<tr style=\"height: 24px\">\n<td style=\"height: 24px\">Orientadora<\/td>\n<td style=\"height: 24px\">Isabel Perea Benedi<\/td>\n<\/tr>\n<tr style=\"height: 24px\">\n<td style=\"height: 24px\">&nbsp;<\/td>\n<td style=\"height: 24px\">&nbsp;<\/td>\n<\/tr>\n<tr style=\"height: 24px\">\n<td style=\"height: 24px\">ZTS<\/td>\n<td style=\"height: 24px\">Pablo P\u00e9rez Ram\u00edrez<\/td>\n<\/tr>\n<tr style=\"height: 24px\">\n<td style=\"height: 24px\">Refuerzo 1\u00ba ,2\u00ba 3\u00ba PRIMARIA<\/td>\n<td style=\"height: 24px\">Guillermo Esteban \u00c1lvarez<\/td>\n<\/tr>\n<tr style=\"height: 24px\">\n<td style=\"height: 24px\">Refuerzo 4\u00ba, 5\u00ba y 6\u00ba PRIMARIA<\/td>\n<td style=\"height: 24px\">Raquel Ben\u00edtez Erdozain<\/td>\n<\/tr>\n<tr style=\"height: 24px\">\n<td style=\"height: 24px\">&nbsp;<\/td>\n<td style=\"height: 24px\">&nbsp;<\/td>\n<\/tr>\n<tr style=\"height: 24px\">\n<td style=\"height: 24px\">&nbsp;<\/td>\n<td style=\"height: 24px\">&nbsp;<\/td>\n<\/tr>\n<tr style=\"height: 24px\">\n<td style=\"height: 24px\">Religi\u00f3n<\/td>\n<td style=\"height: 24px\">Margarita Fern\u00e1ndez Garrido<\/td>\n<\/tr>\n<\/tbody>\n<\/table>\n<p>&nbsp;<\/p>\n<p>&nbsp;<\/p>\n<p><strong><span style=\"color: #000000\">PERSONAL NO DOCENTE<\/span><\/strong><\/p>\n<table>\n<tbody>\n<tr>\n<td width=\"262\">EDUCADORA<\/td>\n<td width=\"302\"><span style=\"color: #000000\">Isabel M\u00aa Mart\u00ednez Mena<\/span><\/td>\n<\/tr>\n<tr>\n<td width=\"262\"><span style=\"color: #000000\">PTIS<\/span><\/td>\n<td width=\"302\"><span style=\"color: #000000\">Isabel M\u00aa Merch\u00e1n Rumbo<\/span><\/p>\n<p>Rosario Macarena Reina Castillo<\/p>\n<p>M\u00aa Josefa Torres Guerrero<\/td>\n<\/tr>\n<tr>\n<td width=\"262\"><span style=\"color: #000000\">FISIOTERAPEUTA<\/span><\/td>\n<td width=\"302\"><span style=\"color: #000000\">Raquel Cecilia Martos Bolivar<\/span><\/td>\n<\/tr>\n<\/tbody>\n<\/table>\n<p>&nbsp;<\/p>\n<p>&nbsp;<\/p>\n<p><strong><span style=\"color: #000000\">PERSONAL ADMINISTRACI\u00d3N Y SERVICIOS<\/span><\/strong><\/p>\n<table>\n<tbody>\n<tr>\n<td width=\"262\"><span style=\"color: #000000\">ADMINISTRATIVO<\/span><\/td>\n<td width=\"302\"><span style=\"color: #000000\">M\u00aa Mar Garc\u00eda Sol\u00eds<\/span><\/td>\n<\/tr>\n<tr>\n<td width=\"262\"><span style=\"color: #000000\">CONSERJES<\/span><\/td>\n<td width=\"302\"><span style=\"color: #000000\">Alejandro Morillo<\/span><\/td>\n<\/tr>\n<tr>\n<td width=\"262\"><span style=\"color: #000000\">MONITORES ESCOLARES (Educajunior)<\/span><\/td>\n<td width=\"302\"><span style=\"color: #000000\">Carmen Catalina<\/span><\/td>\n<\/tr>\n<\/tbody>\n<\/table>\n<p>&nbsp;<\/p>\n<p>&nbsp;<\/p>\n<p><span style=\"color: #000000\"><strong>C<span style=\"color: #000000\">ONSEJO ESCOLAR<\/span><\/strong><\/span><\/p>\n<table width=\"707\">\n<tbody>\n<tr>\n<td width=\"395\"><span style=\"color: #000000\">PRESIDENTA<\/span><\/td>\n<td width=\"312\"><span style=\"color: #000000\">Ariana Moreno Espinosa<\/span><\/td>\n<\/tr>\n<tr>\n<td width=\"395\"><span style=\"color: #000000\">JEFA DE ESTUDIOS<\/span><\/td>\n<td width=\"312\"><span style=\"color: #000000\">Patricia Garc\u00eda Gallardo<\/span><\/td>\n<\/tr>\n<tr>\n<td width=\"395\"><span style=\"color: #000000\">SECRETARIA<\/span><\/td>\n<td width=\"312\"><span style=\"color: #000000\">Javier Manzorro Garc\u00eda<\/span><\/td>\n<\/tr>\n<tr>\n<td width=\"395\"><span style=\"color: #000000\">REPRESENTANTES DEL PROFESORADO<\/span><\/td>\n<td width=\"312\"><span style=\"color: #000000\">Raquel Ben\u00edtez Erdozain<\/span><\/p>\n<p><span style=\"color: #000000\">M\u00aa Auxiliadora Burgos Bravo<\/span><\/p>\n<p><span style=\"color: #000000\">Gema Fern\u00e1ndez Castro<\/span><\/p>\n<p><span style=\"color: #000000\">Carmen Polo Chicano<\/span><\/p>\n<p><span style=\"color: #000000\">Mar\u00eda de la Luz S\u00e1nchez Aguilera<\/span><\/p>\n<p><span style=\"color: #000000\">Mar\u00eda del Pilar Valdivielso Mart\u00ednez<\/span><\/td>\n<\/tr>\n<tr>\n<td width=\"395\"><span style=\"color: #000000\">REPRESENTANTES MADRES\/PADRES<\/span><\/td>\n<td width=\"312\"><span style=\"color: #000000\">Irene Fern\u00e1ndez Fern\u00e1ndez<\/span><\/p>\n<p><span style=\"color: #000000\">Maria Jes\u00fas Gonz\u00e1lez<\/span><\/p>\n<p><span style=\"color: #000000\">Jorge Figueroba S\u00e1nchez<\/span><\/p>\n<p><span style=\"color: #000000\">Roc\u00edo Mart\u00edn Fern\u00e1ndez<\/span><\/p>\n<p><span style=\"color: #000000\">Diego Tapia Mill\u00e1n<\/span><\/td>\n<\/tr>\n<tr>\n<td width=\"395\"><span style=\"color: #000000\">REPRESENTANTE DEL AMPA<\/span><\/td>\n<td width=\"312\"><span style=\"color: #000000\">Ildefonso Morales Gil<\/span><\/td>\n<\/tr>\n<tr>\n<td width=\"395\"><span style=\"color: #000000\">REPRESENTANTE DEL AYUNTAMIENTO<\/span><\/td>\n<td width=\"312\"><em><span style=\"color: #000000\">A\u00daN POR DEFINIR<\/span><\/em><\/td>\n<\/tr>\n<\/tbody>\n<\/table>\n","protected":false},"excerpt":{"rendered":"<p>&#46;&#46;&#46;<\/p>\n","protected":false},"author":4364,"featured_media":0,"parent":0,"menu_order":0,"comment_status":"closed","ping_status":"closed","template":"","meta":{"ngg_post_thumbnail":0,"footnotes":""},"aioseo_notices":[],"_links":{"self":[{"href":"https:\/\/blogsaverroes.juntadeandalucia.es\/ceipjrj\/wp-json\/wp\/v2\/pages\/132"}],"collection":[{"href":"https:\/\/blogsaverroes.juntadeandalucia.es\/ceipjrj\/wp-json\/wp\/v2\/pages"}],"about":[{"href":"https:\/\/blogsaverroes.juntadeandalucia.es\/ceipjrj\/wp-json\/wp\/v2\/types\/page"}],"author":[{"embeddable":true,"href":"https:\/\/blogsaverroes.juntadeandalucia.es\/ceipjrj\/wp-json\/wp\/v2\/users\/4364"}],"replies":[{"embeddable":true,"href":"https:\/\/blogsaverroes.juntadeandalucia.es\/ceipjrj\/wp-json\/wp\/v2\/comments?post=132"}],"version-history":[{"count":9,"href":"https:\/\/blogsaverroes.juntadeandalucia.es\/ceipjrj\/wp-json\/wp\/v2\/pages\/132\/revisions"}],"predecessor-version":[{"id":861,"href":"https:\/\/blogsaverroes.juntadeandalucia.es\/ceipjrj\/wp-json\/wp\/v2\/pages\/132\/revisions\/861"}],"wp:attachment":[{"href":"https:\/\/blogsaverroes.juntadeandalucia.es\/ceipjrj\/wp-json\/wp\/v2\/media?parent=132"}],"curies":[{"name":"wp","href":"https:\/\/api.w.org\/{rel}","templated":true}]}}