{"id":146,"date":"2020-05-18T13:37:19","date_gmt":"2020-05-18T11:37:19","guid":{"rendered":"https:\/\/blogsaverroes.juntadeandalucia.es\/ceipjrj\/?page_id=146"},"modified":"2024-10-14T16:42:37","modified_gmt":"2024-10-14T14:42:37","slug":"proyecto-de-centro","status":"publish","type":"page","link":"https:\/\/blogsaverroes.juntadeandalucia.es\/ceipjrj\/proyecto-de-centro\/","title":{"rendered":"Proyecto de Centro"},"content":{"rendered":"<p>El presente Proyecto Educativo de Centro&nbsp; ser\u00e1 el instrumento para la planificaci\u00f3n que enumera y define las notas de identidad del Centro, establece el marco de referencia global y los planteamientos educativos de car\u00e1cter general que nos definen y distinguen, formula las finalidades educativas que pretendemos conseguir, adapta el curr\u00edculo establecido en propuestas globales de intervenci\u00f3n did\u00e1ctica y expresa la estructura organizativa del Centro.<\/p>\n<p><strong>El enlace se actualizar\u00e1 en cuanto se apruebe el Proyecto para este curso escolar 24\/25<\/strong><\/p>\n<p>&nbsp;<\/p>\n","protected":false},"excerpt":{"rendered":"<p>&#46;&#46;&#46;<\/p>\n","protected":false},"author":4364,"featured_media":0,"parent":0,"menu_order":0,"comment_status":"closed","ping_status":"closed","template":"","meta":{"ngg_post_thumbnail":0,"footnotes":""},"aioseo_notices":[],"_links":{"self":[{"href":"https:\/\/blogsaverroes.juntadeandalucia.es\/ceipjrj\/wp-json\/wp\/v2\/pages\/146"}],"collection":[{"href":"https:\/\/blogsaverroes.juntadeandalucia.es\/ceipjrj\/wp-json\/wp\/v2\/pages"}],"about":[{"href":"https:\/\/blogsaverroes.juntadeandalucia.es\/ceipjrj\/wp-json\/wp\/v2\/types\/page"}],"author":[{"embeddable":true,"href":"https:\/\/blogsaverroes.juntadeandalucia.es\/ceipjrj\/wp-json\/wp\/v2\/users\/4364"}],"replies":[{"embeddable":true,"href":"https:\/\/blogsaverroes.juntadeandalucia.es\/ceipjrj\/wp-json\/wp\/v2\/comments?post=146"}],"version-history":[{"count":7,"href":"https:\/\/blogsaverroes.juntadeandalucia.es\/ceipjrj\/wp-json\/wp\/v2\/pages\/146\/revisions"}],"predecessor-version":[{"id":859,"href":"https:\/\/blogsaverroes.juntadeandalucia.es\/ceipjrj\/wp-json\/wp\/v2\/pages\/146\/revisions\/859"}],"wp:attachment":[{"href":"https:\/\/blogsaverroes.juntadeandalucia.es\/ceipjrj\/wp-json\/wp\/v2\/media?parent=146"}],"curies":[{"name":"wp","href":"https:\/\/api.w.org\/{rel}","templated":true}]}}