{"id":36,"date":"2020-05-16T21:01:22","date_gmt":"2020-05-16T19:01:22","guid":{"rendered":"https:\/\/blogsaverroes.juntadeandalucia.es\/ceipjrj\/?page_id=36"},"modified":"2023-05-23T11:52:48","modified_gmt":"2023-05-23T09:52:48","slug":"centro","status":"publish","type":"page","link":"https:\/\/blogsaverroes.juntadeandalucia.es\/ceipjrj\/","title":{"rendered":"Nuestro colegio"},"content":{"rendered":"<p><img fetchpriority=\"high\" decoding=\"async\" class=\"wp-image-732 alignleft\" src=\"https:\/\/blogsaverroes.juntadeandalucia.es\/ceipjrj\/files\/2023\/05\/MG_5302-Editar-300x200.jpg\" alt=\"\" width=\"455\" height=\"303\" srcset=\"https:\/\/blogsaverroes.juntadeandalucia.es\/ceipjrj\/files\/2023\/05\/MG_5302-Editar-300x200.jpg 300w, https:\/\/blogsaverroes.juntadeandalucia.es\/ceipjrj\/files\/2023\/05\/MG_5302-Editar-1024x683.jpg 1024w, https:\/\/blogsaverroes.juntadeandalucia.es\/ceipjrj\/files\/2023\/05\/MG_5302-Editar-768x512.jpg 768w, https:\/\/blogsaverroes.juntadeandalucia.es\/ceipjrj\/files\/2023\/05\/MG_5302-Editar-1536x1024.jpg 1536w, https:\/\/blogsaverroes.juntadeandalucia.es\/ceipjrj\/files\/2023\/05\/MG_5302-Editar-2048x1365.jpg 2048w\" sizes=\"(max-width: 455px) 100vw, 455px\" \/><\/p>\n<p><span style=\"font-weight: 400\">En el Colegio Juan Ram\u00f3n Jim\u00e9nez llevamos m\u00e1s de veinte a\u00f1os educando a ni\u00f1os y ni\u00f1as residentes en diferentes puntos de esta localidad de Marbella. Cuando elaboramos esta p\u00e1gina web nuestro objetivo es que sea un punto de referencia para todos los que busquen informaci\u00f3n actualizada de nuestro centro o simplemente deseen conocer nuestra realidad en el d\u00eda a d\u00eda.<\/span><\/p>\n<p><span style=\"font-weight: 400\">Esperamos que sea tambi\u00e9n para los diferentes sectores que forman nuestra comunidad educativa un v\u00ednculo de relaci\u00f3n.<\/span><\/p>\n<p><span style=\"font-weight: 400\">Como Directora del Colegio Juan Ram\u00f3n Jim\u00e9nez y, en nombre de toda la comunidad, le doy la bienvenida a este portal digital, un proyecto m\u00e1s de este equipo en su deseo de cercan\u00eda y mayor visibilidad hacia las familias. Espero que la informaci\u00f3n contenida en esta web acerca del centro les resulte interesante.<\/span><\/p>\n<p><span style=\"font-weight: 400\">La elecci\u00f3n de un colegio para una familia no es balad\u00ed, de ello este grupo docente es consciente. Es por ello, que durante todos estos a\u00f1os hemos procurado guiar a los alumnos en las etapas de Infantil, Primaria y Educaci\u00f3n Especial, intentando sacar de cada ni\u00f1o y cada ni\u00f1a lo mejor: desarrollando al m\u00e1ximo su potencial y buscando su formaci\u00f3n integral como persona. La educaci\u00f3n, en este mundo complejo, debe ser una tarea compartida por todos.<\/span><\/p>\n<p>&nbsp;<\/p>\n<p><span style=\"font-weight: 400\">Como Directora del Colegio Juan Ram\u00f3n Jim\u00e9nez espero que las familias encuentren esa ense\u00f1anza de calidad que esperan para sus hijos e hijas y que nuestro centro satisfaga plenamente sus expectativas.<\/span><\/p>\n<p style=\"text-align: right\"><span style=\"font-weight: 400\">&nbsp;&nbsp;&nbsp;&nbsp;&nbsp;&nbsp;&nbsp;&nbsp;&nbsp;&nbsp;&nbsp;&nbsp;&nbsp;&nbsp;&nbsp;&nbsp;&nbsp;&nbsp;&nbsp;&nbsp;&nbsp;&nbsp;&nbsp;&nbsp;&nbsp;&nbsp;&nbsp;&nbsp;&nbsp;&nbsp;&nbsp;&nbsp;&nbsp;&nbsp;&nbsp;&nbsp;&nbsp;&nbsp;&nbsp;&nbsp;&nbsp;&nbsp;&nbsp;&nbsp;&nbsp;&nbsp;&nbsp;&nbsp;&nbsp;&nbsp;&nbsp;&nbsp;&nbsp;&nbsp;&nbsp;&nbsp;&nbsp;&nbsp;&nbsp;&nbsp;&nbsp;&nbsp;&nbsp;&nbsp;&nbsp;&nbsp;&nbsp;<\/span> <span style=\"font-weight: 400\">Saludos cordiales<\/span><\/p>\n<p style=\"text-align: right\"><span style=\"font-weight: 400\">Ariana Moreno<\/span><\/p>\n<p style=\"text-align: right\"><span style=\"font-weight: 400\">Directora<\/span><\/p>\n","protected":false},"excerpt":{"rendered":"<p>&#46;&#46;&#46;<\/p>\n","protected":false},"author":4364,"featured_media":0,"parent":0,"menu_order":0,"comment_status":"closed","ping_status":"closed","template":"","meta":{"ngg_post_thumbnail":0,"footnotes":""},"aioseo_notices":[],"_links":{"self":[{"href":"https:\/\/blogsaverroes.juntadeandalucia.es\/ceipjrj\/wp-json\/wp\/v2\/pages\/36"}],"collection":[{"href":"https:\/\/blogsaverroes.juntadeandalucia.es\/ceipjrj\/wp-json\/wp\/v2\/pages"}],"about":[{"href":"https:\/\/blogsaverroes.juntadeandalucia.es\/ceipjrj\/wp-json\/wp\/v2\/types\/page"}],"author":[{"embeddable":true,"href":"https:\/\/blogsaverroes.juntadeandalucia.es\/ceipjrj\/wp-json\/wp\/v2\/users\/4364"}],"replies":[{"embeddable":true,"href":"https:\/\/blogsaverroes.juntadeandalucia.es\/ceipjrj\/wp-json\/wp\/v2\/comments?post=36"}],"version-history":[{"count":4,"href":"https:\/\/blogsaverroes.juntadeandalucia.es\/ceipjrj\/wp-json\/wp\/v2\/pages\/36\/revisions"}],"predecessor-version":[{"id":733,"href":"https:\/\/blogsaverroes.juntadeandalucia.es\/ceipjrj\/wp-json\/wp\/v2\/pages\/36\/revisions\/733"}],"wp:attachment":[{"href":"https:\/\/blogsaverroes.juntadeandalucia.es\/ceipjrj\/wp-json\/wp\/v2\/media?parent=36"}],"curies":[{"name":"wp","href":"https:\/\/api.w.org\/{rel}","templated":true}]}}