{"id":50,"date":"2020-05-16T23:40:56","date_gmt":"2020-05-16T21:40:56","guid":{"rendered":"https:\/\/blogsaverroes.juntadeandalucia.es\/ceipjrj\/?page_id=50"},"modified":"2023-05-24T21:06:48","modified_gmt":"2023-05-24T19:06:48","slug":"secretaria","status":"publish","type":"page","link":"https:\/\/blogsaverroes.juntadeandalucia.es\/ceipjrj\/secretaria\/","title":{"rendered":"Secretar\u00eda"},"content":{"rendered":"<p><span style=\"font-weight: 400\">La Secretar\u00eda es el lugar de recepci\u00f3n y acogida de todas las personas que acuden al centro. En ella atendemos vuestras dudas, sugerencias y gestiones administrativas dentro del horario escolar.<\/span><\/p>\n<p><span style=\"font-weight: 400\">Atenci\u00f3n personal:<\/span><\/p>\n<ul>\n<li style=\"font-weight: 400\"><strong>Secretar\u00eda<\/strong><span style=\"font-weight: 400\"><strong>:<\/strong> &nbsp; <\/span><span style=\"font-weight: 400\">Lunes a Jueves&nbsp; 9:00 a 10:30 y 13:30 a 14:00 y los viernes de 13:00 a 14:00<\/span><\/li>\n<li style=\"font-weight: 400\"><strong>Atenci\u00f3n telef\u00f3nica:<\/strong><span style=\"font-weight: 400\"> De <\/span><span style=\"font-weight: 400\">Lunes a Jueves&nbsp; 9:00 a 10:30 y 13:30 a 14:00 y los Viernes de 13:00 a 14:00<\/span><\/li>\n<li style=\"font-weight: 400\"><span style=\"font-weight: 400\"><strong>Administrativo:<\/strong>&nbsp; &nbsp; &nbsp; Jose Mesa<\/span><\/li>\n<\/ul>\n<p><span style=\"font-weight: 400\">Tambi\u00e9n, os pod\u00e9is poner en contacto con nosotros a trav\u00e9s del <strong>correo electr\u00f3nico <a href=\"mailto:admiceipjuanramonjimenez@gmail.com\" target=\"_blank\" rel=\"noopener noreferrer\">admiceipjuanramonjimenez@gmail.com<\/a><\/strong><\/span><\/p>\n<p><span style=\"font-weight: 400\">Desde esta secci\u00f3n virtual podr\u00e1s acceder a toda la documentaci\u00f3n necesaria para realizar los distintos tr\u00e1mites con el Centro.<\/span><\/p>\n<p><span style=\"font-weight: 400\">Dicha documentaci\u00f3n tendr\u00e1 que ser rellenada y entregada posteriormente en Secretar\u00eda, en su horario de atenci\u00f3n al p\u00fablico, para su correspondiente registro de entrada.<\/span><\/p>\n<p><span style=\"font-weight: 400\">Tambi\u00e9n existe la posibilidad de la Secretar\u00eda Virtual de los Centros Educativos para la presentaci\u00f3n telem\u00e1tica de documentaci\u00f3n.<\/span><\/p>\n<p><span style=\"font-weight: 400\">En las siguiente enlace pueden acceder a informaci\u00f3n sobre la Secretar\u00eda Virtual y a diferente documentaci\u00f3n de Secretar\u00eda (impresos):<\/span><\/p>\n<p><span style=\"font-size: 14pt\"><strong><a href=\"https:\/\/www.juntadeandalucia.es\/educacion\/secretariavirtual\/\" target=\"_blank\" rel=\"noopener noreferrer\">Secretar\u00eda virtual<\/a>&nbsp;<\/strong><\/span><\/p>\n<p><a href=\"https:\/\/blogsaverroes.juntadeandalucia.es\/ceipjrj\/solicitudes\/\" target=\"_blank\" rel=\"noopener noreferrer\"><span style=\"font-size: 14pt\"><strong>Solicitudes e impresos<\/strong><\/span><\/a><\/p>\n","protected":false},"excerpt":{"rendered":"<p>&#46;&#46;&#46;<\/p>\n","protected":false},"author":4364,"featured_media":0,"parent":0,"menu_order":0,"comment_status":"closed","ping_status":"closed","template":"","meta":{"ngg_post_thumbnail":0,"footnotes":""},"aioseo_notices":[],"_links":{"self":[{"href":"https:\/\/blogsaverroes.juntadeandalucia.es\/ceipjrj\/wp-json\/wp\/v2\/pages\/50"}],"collection":[{"href":"https:\/\/blogsaverroes.juntadeandalucia.es\/ceipjrj\/wp-json\/wp\/v2\/pages"}],"about":[{"href":"https:\/\/blogsaverroes.juntadeandalucia.es\/ceipjrj\/wp-json\/wp\/v2\/types\/page"}],"author":[{"embeddable":true,"href":"https:\/\/blogsaverroes.juntadeandalucia.es\/ceipjrj\/wp-json\/wp\/v2\/users\/4364"}],"replies":[{"embeddable":true,"href":"https:\/\/blogsaverroes.juntadeandalucia.es\/ceipjrj\/wp-json\/wp\/v2\/comments?post=50"}],"version-history":[{"count":4,"href":"https:\/\/blogsaverroes.juntadeandalucia.es\/ceipjrj\/wp-json\/wp\/v2\/pages\/50\/revisions"}],"predecessor-version":[{"id":820,"href":"https:\/\/blogsaverroes.juntadeandalucia.es\/ceipjrj\/wp-json\/wp\/v2\/pages\/50\/revisions\/820"}],"wp:attachment":[{"href":"https:\/\/blogsaverroes.juntadeandalucia.es\/ceipjrj\/wp-json\/wp\/v2\/media?parent=50"}],"curies":[{"name":"wp","href":"https:\/\/api.w.org\/{rel}","templated":true}]}}