{"id":54,"date":"2020-05-16T23:42:31","date_gmt":"2020-05-16T21:42:31","guid":{"rendered":"https:\/\/blogsaverroes.juntadeandalucia.es\/ceipjrj\/?page_id=54"},"modified":"2023-05-23T12:41:16","modified_gmt":"2023-05-23T10:41:16","slug":"planes-y-proyectos","status":"publish","type":"page","link":"https:\/\/blogsaverroes.juntadeandalucia.es\/ceipjrj\/planes-y-proyectos\/","title":{"rendered":"Planes y programas"},"content":{"rendered":"<p><span style=\"font-weight: 400\">Cada vez es m\u00e1s compleja la realidad social de nuestro tiempo. Esto hace que sea necesario abordar, desde el sistema educativo, todos aquellos aspectos de la misma que puedan ser mejorados a trav\u00e9s de la educaci\u00f3n, para ello se ha dise\u00f1ado y se va completando continuamente un variado programa de actuaciones para desarrollar las distintas tem\u00e1ticas y aspectos que preocupan en nuestra sociedad, tanto en los centros educativos como fuera de ellos.<\/span><\/p>\n<p><span style=\"font-weight: 400\">Abarcan desde la salud y la prevenci\u00f3n a la seguridad vial, desde el medio ambiente y el consumo responsable hasta la lectura y las bibliotecas escolares, las conmemoraciones de hechos o personajes relevantes, nuestra cultura andaluza&#8230; Todo ello agrupado por tem\u00e1ticas para facilitar su localizaci\u00f3n y desarrollado en portales educativos espec\u00edficos.&nbsp;<\/span><\/p>\n<p><span style=\"font-weight: 400\">Teniendo en cuenta todo ello, nuestro centro lleva a cabo los siguientes Planes y Proyectos Educativos:<\/span><\/p>\n<ul>\n<li style=\"font-weight: 400\"><span style=\"font-weight: 400\">Biblioteca escolar<\/span><\/li>\n<li style=\"font-weight: 400\"><span style=\"font-weight: 400\">Red Andaluza Escuela: Espacio de Paz.<\/span><\/li>\n<li style=\"font-weight: 400\"><span style=\"font-weight: 400\">Convivencia escolar<\/span><\/li>\n<li style=\"font-weight: 400\"><span style=\"font-weight: 400\">Programa de Educaci\u00f3n Inclusiva<\/span><\/li>\n<li style=\"font-weight: 400\"><span style=\"font-weight: 400\">Plan de Igualdad de g\u00e9nero en Educaci\u00f3n.<\/span><\/li>\n<li style=\"font-weight: 400\"><span style=\"font-weight: 400\">Prevenci\u00f3n de la Violencia de G\u00e9nero<\/span><\/li>\n<li style=\"font-weight: 400\"><span style=\"font-weight: 400\">Plan de Salud Laboral y P.R.L.<\/span><\/li>\n<li style=\"font-weight: 400\"><span style=\"font-weight: 400\">Transformaci\u00f3n Digital Educativa (TDE).<\/span><\/li>\n<li style=\"font-weight: 400\"><span style=\"font-weight: 400\">Impulsa<\/span><\/li>\n<li style=\"font-weight: 400\"><span style=\"font-weight: 400\">Plan de Apertura de Centros Docentes.<\/span><\/li>\n<li style=\"font-weight: 400\"><span style=\"font-weight: 400\">Programa para la Innovaci\u00f3n: HHVS: \u00abCreciendo en Salud\u00bb.<\/span><\/li>\n<li style=\"font-weight: 400\"><span style=\"font-weight: 400\">Programa para la Innovaci\u00f3n ALDEA B: Educaci\u00f3n ambiental para la sostenibilidad.<\/span><\/li>\n<li style=\"font-weight: 400\"><span style=\"font-weight: 400\">Pr\u00e1cticum Grado Maestro Universidad de M\u00e1laga<\/span><\/li>\n<\/ul>\n","protected":false},"excerpt":{"rendered":"<p>&#46;&#46;&#46;<\/p>\n","protected":false},"author":4364,"featured_media":0,"parent":0,"menu_order":0,"comment_status":"closed","ping_status":"closed","template":"","meta":{"ngg_post_thumbnail":0,"footnotes":""},"aioseo_notices":[],"_links":{"self":[{"href":"https:\/\/blogsaverroes.juntadeandalucia.es\/ceipjrj\/wp-json\/wp\/v2\/pages\/54"}],"collection":[{"href":"https:\/\/blogsaverroes.juntadeandalucia.es\/ceipjrj\/wp-json\/wp\/v2\/pages"}],"about":[{"href":"https:\/\/blogsaverroes.juntadeandalucia.es\/ceipjrj\/wp-json\/wp\/v2\/types\/page"}],"author":[{"embeddable":true,"href":"https:\/\/blogsaverroes.juntadeandalucia.es\/ceipjrj\/wp-json\/wp\/v2\/users\/4364"}],"replies":[{"embeddable":true,"href":"https:\/\/blogsaverroes.juntadeandalucia.es\/ceipjrj\/wp-json\/wp\/v2\/comments?post=54"}],"version-history":[{"count":3,"href":"https:\/\/blogsaverroes.juntadeandalucia.es\/ceipjrj\/wp-json\/wp\/v2\/pages\/54\/revisions"}],"predecessor-version":[{"id":738,"href":"https:\/\/blogsaverroes.juntadeandalucia.es\/ceipjrj\/wp-json\/wp\/v2\/pages\/54\/revisions\/738"}],"wp:attachment":[{"href":"https:\/\/blogsaverroes.juntadeandalucia.es\/ceipjrj\/wp-json\/wp\/v2\/media?parent=54"}],"curies":[{"name":"wp","href":"https:\/\/api.w.org\/{rel}","templated":true}]}}