{"id":65,"date":"2020-05-16T23:48:43","date_gmt":"2020-05-16T21:48:43","guid":{"rendered":"https:\/\/blogsaverroes.juntadeandalucia.es\/ceipjrj\/?page_id=65"},"modified":"2023-05-23T12:46:50","modified_gmt":"2023-05-23T10:46:50","slug":"ampa-platero","status":"publish","type":"page","link":"https:\/\/blogsaverroes.juntadeandalucia.es\/ceipjrj\/ampa-platero\/","title":{"rendered":"AMPA Platero"},"content":{"rendered":"<p><img fetchpriority=\"high\" decoding=\"async\" class=\"size-medium wp-image-740 alignright\" src=\"https:\/\/blogsaverroes.juntadeandalucia.es\/ceipjrj\/files\/2023\/05\/22814385_1441185042665297_8348138876602253711_n-300x300.jpg\" alt=\"\" width=\"300\" height=\"300\" srcset=\"https:\/\/blogsaverroes.juntadeandalucia.es\/ceipjrj\/files\/2023\/05\/22814385_1441185042665297_8348138876602253711_n-300x300.jpg 300w, https:\/\/blogsaverroes.juntadeandalucia.es\/ceipjrj\/files\/2023\/05\/22814385_1441185042665297_8348138876602253711_n-150x150.jpg 150w, https:\/\/blogsaverroes.juntadeandalucia.es\/ceipjrj\/files\/2023\/05\/22814385_1441185042665297_8348138876602253711_n-80x80.jpg 80w, https:\/\/blogsaverroes.juntadeandalucia.es\/ceipjrj\/files\/2023\/05\/22814385_1441185042665297_8348138876602253711_n-320x320.jpg 320w, https:\/\/blogsaverroes.juntadeandalucia.es\/ceipjrj\/files\/2023\/05\/22814385_1441185042665297_8348138876602253711_n.jpg 587w\" sizes=\"(max-width: 300px) 100vw, 300px\" \/>El AMPA es una parte importante del funcionamiento del centro, ya que es una de las v\u00edas a trav\u00e9s de las cual las familias participan en el desarrollo de las actividades de la escuela.<\/p>\n<p><strong>\u00bfQu\u00e9 actividades concretas lleva a cabo el AMPA en el colegio?<\/strong><br \/>\nSe encargan tanto de la formaci\u00f3n, como de cursos, charlas, actividades educativas, culturales, deportivas, recreativas y l\u00fadicas, marc\u00e1ndose como objetivos primordiales el conocimiento y la relaci\u00f3n de sus asociados, es decir, una interacci\u00f3n de las familias con el centro.&nbsp;<\/p>\n<p>Las actividades organizadas por el AMPA tienen el objetivo de&nbsp;<strong>mejorar la calidad de la ense\u00f1anza<\/strong>&nbsp;y la formaci\u00f3n de los alumnos, pero tambi\u00e9n su desarrollo personal dentro del propio centro.<\/p>\n<p>Tambi\u00e9n establecen v\u00edas de informaci\u00f3n entre el propio centro y las familias, utilizando para ello todos los recursos necesarios.&nbsp;<\/p>\n<p>&nbsp;<\/p>\n<p><span style=\"font-size: 14pt\"><a href=\"https:\/\/drive.google.com\/file\/d\/1CqQ1WKC-W9TYQNEkubx88C9u7crmXXZD\/view\"><b>INSCR\u00cdBETE<\/b><\/a><\/span><\/p>\n","protected":false},"excerpt":{"rendered":"<p>&#46;&#46;&#46;<\/p>\n","protected":false},"author":4364,"featured_media":0,"parent":0,"menu_order":0,"comment_status":"closed","ping_status":"closed","template":"","meta":{"ngg_post_thumbnail":0,"footnotes":""},"aioseo_notices":[],"_links":{"self":[{"href":"https:\/\/blogsaverroes.juntadeandalucia.es\/ceipjrj\/wp-json\/wp\/v2\/pages\/65"}],"collection":[{"href":"https:\/\/blogsaverroes.juntadeandalucia.es\/ceipjrj\/wp-json\/wp\/v2\/pages"}],"about":[{"href":"https:\/\/blogsaverroes.juntadeandalucia.es\/ceipjrj\/wp-json\/wp\/v2\/types\/page"}],"author":[{"embeddable":true,"href":"https:\/\/blogsaverroes.juntadeandalucia.es\/ceipjrj\/wp-json\/wp\/v2\/users\/4364"}],"replies":[{"embeddable":true,"href":"https:\/\/blogsaverroes.juntadeandalucia.es\/ceipjrj\/wp-json\/wp\/v2\/comments?post=65"}],"version-history":[{"count":5,"href":"https:\/\/blogsaverroes.juntadeandalucia.es\/ceipjrj\/wp-json\/wp\/v2\/pages\/65\/revisions"}],"predecessor-version":[{"id":739,"href":"https:\/\/blogsaverroes.juntadeandalucia.es\/ceipjrj\/wp-json\/wp\/v2\/pages\/65\/revisions\/739"}],"wp:attachment":[{"href":"https:\/\/blogsaverroes.juntadeandalucia.es\/ceipjrj\/wp-json\/wp\/v2\/media?parent=65"}],"curies":[{"name":"wp","href":"https:\/\/api.w.org\/{rel}","templated":true}]}}