{"id":681,"date":"2021-05-31T11:35:21","date_gmt":"2021-05-31T09:35:21","guid":{"rendered":"https:\/\/blogsaverroes.juntadeandalucia.es\/ceipjrj\/?page_id=681"},"modified":"2023-05-24T18:48:19","modified_gmt":"2023-05-24T16:48:19","slug":"matriculacion-20-21","status":"publish","type":"page","link":"https:\/\/blogsaverroes.juntadeandalucia.es\/ceipjrj\/matriculacion-20-21\/","title":{"rendered":"Preguntas y respuestas"},"content":{"rendered":"<ul>\n<li><strong>\u00bfEs segura la matriculaci\u00f3n telem\u00e1tica?<\/strong><\/li>\n<\/ul>\n<p>Sin ninguna duda. El a\u00f1o pasado<strong>&nbsp;m\u00e1s de la mitad&nbsp;<\/strong>de las matr\u00edculas de todo el colegio se hicieron de forma telem\u00e1tica. Es adem\u00e1s una forma muy c\u00f3moda para la familia, que no tiene que desplazarse hasta el cole en un horario determinado. Tambi\u00e9n administrativamente es m\u00e1s eficiente recibir las matr\u00edculas por esta v\u00eda.<\/p>\n<ul>\n<li><strong>\u00bfD\u00f3nde hacemos de la matriculaci\u00f3n?<\/strong><\/li>\n<\/ul>\n<p>A trav\u00e9s de la<strong>&nbsp;<\/strong><a href=\"https:\/\/www.juntadeandalucia.es\/educacion\/secretariavirtual\/accesoTramite\/365\/\" target=\"_blank\" rel=\"noreferrer noopener\"><strong>Secretar\u00eda Virtual<\/strong><\/a><\/p>\n<div class=\"wp-block-image\">\n<figure class=\"aligncenter is-resized\"><a href=\"https:\/\/www.juntadeandalucia.es\/educacion\/secretariavirtual\/\" target=\"_blank\" rel=\"noopener noreferrer\"><img decoding=\"async\" src=\"https:\/\/www.juntadeandalucia.es\/educacion\/secretariavirtual\/images\/logo_secretaria_virtual.svg\" alt=\"Secretar\u00eda Virtual de los centros docentes andaluces\" width=\"363\" height=\"81\"><\/a><\/figure>\n<\/div>\n<ul>\n<li><strong>\u00bfCu\u00e1ndo estar\u00e1 disponible el sobre electr\u00f3nico de matr\u00edcula?<\/strong><\/li>\n<\/ul>\n<p>A partir del d\u00eda&nbsp;<strong>1 de junio y hasta el 8<\/strong>. Ambos inclusive.<\/p>\n<ul>\n<li><strong>\u00bfSe puede acceder a la matr\u00edcula antes del d\u00eda 1?<\/strong><\/li>\n<\/ul>\n<p>No. La matr\u00edcula se abre a partir del d\u00eda 1 de junio. Antes no se puede acceder al formulario.<\/p>\n<ul>\n<li><strong>\u00bfQu\u00e9 alumnado es el que debe realizar la matr\u00edcula?<\/strong><\/li>\n<\/ul>\n<p><strong>TODO<\/strong>&nbsp;el alumnado. Tanto los alumnos de nuevo ingreso, como los que ya est\u00e1n matriculados durante este curso en el colegio.<\/p>\n<ul>\n<li><strong>\u00bfUna vez hemos entrado a la Secretar\u00eda Virtual, c\u00f3mo accedemos al tr\u00e1mite?<\/strong><\/li>\n<\/ul>\n<p>Usando nuestra clave iANDE que tenemos en la mensajer\u00eda de nuestra app de iPASEN. Pod\u00e9is ver el proceso en este v\u00eddeo<\/p>\n<figure class=\"wp-block-embed is-type-video is-provider-youtube wp-block-embed-youtube wp-embed-aspect-16-9 wp-has-aspect-ratio\">\n<div class=\"wp-block-embed__wrapper\">\n<div class=\"video-container\"><iframe src=\"https:\/\/www.youtube.com\/embed\/2rxUDxH-9EM?feature=oembed&amp;wmode=opaque\" width=\"500\" height=\"281\" frameborder=\"0\"><\/iframe><\/div>\n<\/div>\n<\/figure>\n<ul>\n<li><strong>\u00bfY si mi hijo\/a se escolariza por primera vez y a\u00fan no tengo la aplicaci\u00f3n iPASEN?<\/strong><\/li>\n<\/ul>\n<p>La clave iANDE ser\u00e1 enviada por el colegio a trav\u00e9s de SMS al tel\u00e9fono m\u00f3vil facilitado en el formulario de la admisi\u00f3n antes del d\u00eda 1 de junio.<\/p>\n<ul>\n<li><strong>No he recibido por SMS la clave iANDE para realizar la matr\u00edcula<\/strong><\/li>\n<\/ul>\n<p>Puedes llamar al colegio y te la volveremos a enviar.<\/p>\n<ul>\n<li><strong>\u00bfC\u00f3mo se rellena la matr\u00edcula?<\/strong><\/li>\n<\/ul>\n<p>En este&nbsp;<strong>v\u00eddeo<\/strong><a href=\"https:\/\/drive.google.com\/file\/d\/1vhubODJeAWkB2BHaC7bTX_WvDMyNL8e9\/view?usp=sharing\" target=\"_blank\" rel=\"noreferrer noopener\"><strong>&nbsp;<\/strong><\/a>pueden ustedes ver el proceso de cumplimentaci\u00f3n de la matr\u00edcula.<\/p>\n<figure class=\"wp-block-embed is-type-video is-provider-youtube wp-block-embed-youtube wp-embed-aspect-16-9 wp-has-aspect-ratio\">\n<div class=\"wp-block-embed__wrapper\">\n<div class=\"video-container\"><iframe src=\"https:\/\/www.youtube.com\/embed\/sVg3hihZBgU?feature=oembed&amp;wmode=opaque\" width=\"500\" height=\"281\" frameborder=\"0\"><\/iframe><\/div>\n<\/div>\n<\/figure>\n<ul>\n<li><strong>\u00bfHace falta alguna documentaci\u00f3n para la matr\u00edcula?<\/strong><\/li>\n<\/ul>\n<p>Ninguna, solamente proporcionar los datos adecuadamente. S\u00ed ser\u00e1 necesario aportar documentaci\u00f3n para optar a los servicios del Plan de Apertura (Aula matinal, comedor y actividades extraescolares).<\/p>\n<p>&nbsp;<\/p>\n<p>&nbsp;<\/p>\n<p class=\"has-text-align-center\" style=\"text-align: center\"><span style=\"font-size: 14pt\"><strong>DOCUMENTACI\u00d3N NECESARIA PARA ACREDITAR LAS CIRCUNSTANCIAS DECLARADAS EN RELACI\u00d3N A LOS SERVICIOS DEL PLAN DE APERTURA.<\/strong><\/span><\/p>\n<p>&nbsp;<\/p>\n<ol>\n<li><strong>ACREDITACI\u00d3N DE GUARDA Y CUSTODIA EJERCIDA POR SOLO UNO DE LOS REPRESENTANTES LEGALES.<\/strong><\/li>\n<\/ol>\n<p>Presentar una copia compulsada del libro de familia o el documento judicial acreditativo de esa circunstancia.<\/p>\n<p>&nbsp;<\/p>\n<ol start=\"2\">\n<li><strong>ACREDITACI\u00d3N DE LA ACTIVIDAD LABORAL O PROFESIONAL DE LAS PERSONAS QUE OSTENTAN LA GUARDA Y CUSTODIA DEL ALUMNO\/A.<\/strong><\/li>\n<\/ol>\n<p>Debe presentar cada uno de los progenitores que lo aleguen en la solicitud, uno o los dos, seg\u00fan cada caso:<\/p>\n<p><strong>TRABAJADORES POR CUENTA AJENA:<\/strong><\/p>\n<p>a) Informe de vida laboral o certificado de la unidad de personal de su destino como funcionario.<\/p>\n<p>b) Certificaci\u00f3n de la empresa justificativo de la duraci\u00f3n de la jornada, as\u00ed como el horario de trabajo.<\/p>\n<p><strong>EN ESTE V\u00cdDEO PUEDES VER COMO SOLICITAR LA VIDA LABORAL SIN CERTIFICADO ELECTR\u00d3NICO.<\/strong><\/p>\n<figure class=\"wp-block-embed is-type-video is-provider-youtube wp-block-embed-youtube wp-embed-aspect-4-3 wp-has-aspect-ratio\">\n<div class=\"wp-block-embed__wrapper\">\n<div class=\"video-container\"><iframe src=\"https:\/\/www.youtube.com\/embed\/dykYaYMwjrg?feature=oembed&amp;wmode=opaque\" width=\"500\" height=\"375\" frameborder=\"0\"><\/iframe><\/div>\n<\/div>\n<\/figure>\n<p><strong>TRABAJADORES POR CUENTA PROPIA:<\/strong><\/p>\n<ul>\n<li><strong>Certificaci\u00f3n demostrativa del alta en el Impuesto de Actividades Econ\u00f3micas y una declaraci\u00f3n responsable de la persona interesada sobre la vigencia de la misma y del horario que requiere la actividad.<\/strong><\/li>\n<\/ul>\n<p>En el supuesto de que no exista obligaci\u00f3n legal de estar dado de alta en el Impuesto de Actividades Econ\u00f3micas, se acreditar\u00e1 mediante la presentaci\u00f3n de alguno de los siguientes documentos:<\/p>\n<p>a) Alta en el Censo de empresarios, profesionales y retenedores, para aquellas personas que desarrollen actividades empresariales o profesionales, incluidas las agr\u00edcolas, forestales, ganaderas o pesqueras.<\/p>\n<p>b) Copia autenticada de la correspondiente licencia de apertura expedida por el Ayuntamiento respectivo.<\/p>\n<p>c) Copia sellada de la declaraci\u00f3n responsable o comunicaci\u00f3n previa correspondiente presentada ante el Ayuntamiento.<\/p>\n<p>d) Alta en la Seguridad Social y una declaraci\u00f3n responsable de la persona interesada sobre la vigencia de la misma.<\/p>\n<p>&nbsp;<\/p>\n<p><strong>3.- ACREDITACI\u00d3N DE CURSAR ESTUDIOS CONDUCENTES A TITULACI\u00d3N ACAD\u00c9MICA OFICIAL.<\/strong><\/p>\n<p>Presentar certificado expedido por el centro docente donde figure estar matriculado y el horario lectivo.<\/p>\n<p>&nbsp;<\/p>\n<p><strong>4.- ACREDITACI\u00d3N DE SITUACI\u00d3N DE DIFICULTAD SOCIAL EXTREMA O RIESGO DE EXCLUSI\u00d3N.<\/strong><\/p>\n<p>Certificaci\u00f3n expedida al efecto por la persona titular de los servicios sociales provinciales donde resida la persona solicitante.<\/p>\n<p>&nbsp;<\/p>\n<p><strong>5.- ACREDITACI\u00d3N DE SITUACI\u00d3N DE TUTELA O GUARDA DE LA ADMINISTRACI\u00d3N DE LA JUNTA DE ANDALUC\u00cdA.<\/strong><\/p>\n<p>Certificaci\u00f3n expedida por la Consejer\u00eda competente en materia de protecci\u00f3n de menores.<\/p>\n<p>&nbsp;<\/p>\n<p><strong>6.- ACREDITACI\u00d3N DE HIJO\/A DE MUJERES V\u00cdCTIMAS DE LA VIOLENCIA DE G\u00c9NERO.<\/strong><\/p>\n<p>En el caso de hijos o hijas de mujeres atendidas en centros de acogida para mujeres v\u00edctimas de la violencia de g\u00e9nero, ser\u00e1 necesaria la certificaci\u00f3n de la entidad titular del centro de acogida.<\/p>\n<p>&nbsp;<\/p>\n<p><strong>7.- ACREDITACI\u00d3N DE SITUACI\u00d3N DE V\u00cdCTIMA DE TERRORISMO.<\/strong><\/p>\n<p>Certificaci\u00f3n expedida por la Consejer\u00eda competente en materia de v\u00edctimas de terrorismo.<\/p>\n<p>&nbsp;<\/p>\n<p><strong>8.- ACREDITACI\u00d3N DE SITUACI\u00d3N DE DEPENDENCIA.<\/strong><\/p>\n<p>Certificaci\u00f3n expedida por la Consejer\u00eda competente en materia de dependencia y servicios sociales.<\/p>\n<p>&nbsp;<\/p>\n<p><strong>9. &#8211; PERTENECER A FAMILIA MONOPARENTAL.<\/strong><\/p>\n<p>Copia autenticada del libro de familia o documento judicial de monoparentalidad y, en su caso, la orden judicial de alejamiento en vigor.<\/p>\n<p>&nbsp;<\/p>\n<p>Las&nbsp;<strong>BONIFICACIONES<\/strong>&nbsp;podr\u00e1n solicitarlas todas aquellas familias que opten a algunos de los servicios del Plan de Apertura.&nbsp;<strong>El plazo es del 1 al 7 de Septiembre.<\/strong><\/p>\n<p>Las familias de los usuarios del Plan PRAI (SYGA),&nbsp;<strong>NO<\/strong>&nbsp;tienen que solicitar bonificaci\u00f3n al comedor escolar, solo deben hacerlo en el caso que hayan solicitado alg\u00fan otro servicio como el Aula Matinal o las Actividades Extraescolares.<\/p>\n<p>&nbsp;<\/p>\n<p class=\"has-text-align-center\" style=\"text-align: center\"><span style=\"font-size: 14pt\"><strong>CALENDARIO SERVICIOS PLAN DE APERTURA<\/strong><\/span><\/p>\n<div class=\"wp-block-image\">\n<figure class=\"aligncenter size-large\">\n<table>\n<tbody>\n<tr>\n<td width=\"283\"><strong>Del 1 al 8 de Junio<\/strong><\/td>\n<td width=\"283\">Presentaci\u00f3n de las SOLICITUDES de admisi\u00f3n.<\/td>\n<\/tr>\n<tr>\n<td width=\"283\"><strong>Por determinar<\/strong><\/td>\n<td width=\"283\">Publicaci\u00f3n de la lista PROVISIONAL de admitidos y suplentes.<\/td>\n<\/tr>\n<tr>\n<td width=\"283\"><strong>Por determinar<\/strong><\/td>\n<td width=\"283\">Plazo de ALEGACIONES ante la Direcci\u00f3n del centro.<\/td>\n<\/tr>\n<tr>\n<td width=\"283\"><strong>Por determinar<\/strong><\/td>\n<td width=\"283\">Publicaci\u00f3n de la lista DEFINITIVA de admitidos y suplentes.<\/td>\n<\/tr>\n<tr>\n<td width=\"283\"><strong>Por determinar<\/strong><\/td>\n<td width=\"283\">RECURSO DE ALZADA ante la Deleganci\u00f3n de Educaci\u00f3n (1 Mes).<\/td>\n<\/tr>\n<tr>\n<td width=\"283\"><strong>Por determinar<\/strong><\/td>\n<td width=\"283\">Solicitud de BONIFICACIONES. Los usuarios del comedor del plan SYGA&nbsp;<u>NO<\/u>&nbsp;tienen que presentar solicitud de bonificaciones en el caso de que s\u00f3lo utilicen ese servicio.<\/td>\n<\/tr>\n<tr>\n<td width=\"283\"><strong>Por determinar<\/strong><\/td>\n<td width=\"283\">Listado de bonificaciones PROVISIONALES. Presentaci\u00f3n de alegaciones: 10 d\u00edas h\u00e1biles ante la direcci\u00f3n del centro.<\/td>\n<\/tr>\n<tr>\n<td width=\"283\"><strong>Por determinar<\/strong><\/td>\n<td width=\"283\">Comunicaci\u00f3n INDIVIDUALIZADA de las bonificaciones otorgadas.<\/td>\n<\/tr>\n<\/tbody>\n<\/table>\n<\/figure>\n<\/div>\n<p><strong>IMPORTANTE<\/strong>: Rogamos y aconsejamos en todo lo posible, que tanto la presentaci\u00f3n de la matr\u00edcula como la solicitud de los servicios del Plan de Apertura se haga TELEM\u00c1TICAMENTE.<\/p>\n<p>&nbsp;<\/p>\n<p>&nbsp;<\/p>\n<p style=\"text-align: center\"><span style=\"font-size: 14pt;color: #ff0000\"><strong>\u00bfQU\u00c9 HAGO SI HE TENIDO MUCHOS PROBLEMAS PARA ACCEDER DE MANERA TELEM\u00c1TICA A LA MATRICULACI\u00d3N?<\/strong><\/span><\/p>\n<p><span style=\"font-size: 12pt\"><strong>Elegir una opci\u00f3n.<\/strong><\/span><\/p>\n<ol style=\"list-style-type: lower-alpha\">\n<li><span style=\"font-size: 12pt\"><strong>Mandar un email a admiceipjuanramonjimenez@gmail.com&nbsp; &nbsp;<\/strong><\/span><\/li>\n<li><span style=\"font-size: 12pt\">Solicitar una <strong>cita en el tel\u00e9fono 671 534 195.&nbsp;<\/strong><\/span><\/li>\n<\/ol>\n<p><span style=\"font-size: 12pt\">En ambos casos, deb\u00e9is tener los formularios correspondientes de matriculaci\u00f3n y solicitud de servicios que se encuentran disponibles (en formato digital) para cada etapa educativa, en el apartado \u201cSolicitudes \/ Impresos\u201d, en la pesta\u00f1a de SECRETAR\u00cdA de nuestra p\u00e1gina web, as\u00ed como en el Portal de Escolarizaci\u00f3n de la Consejer\u00eda de Educaci\u00f3n y Deporte.<\/span><\/p>\n<p>&nbsp;<\/p>\n<p><span style=\"text-decoration: underline\">Adem\u00e1s de los impresos anteriores, esta documentaci\u00f3n es necesaria para la matriculaci\u00f3n presencial:<\/span><\/p>\n<ul>\n<li>Fotocopia de DNI\/PASAPORTE (padre, tutores legales y alumnos\/as (si lo tiene) todo el alumnado).<\/li>\n<li>2 fotograf\u00edas recientes tama\u00f1o carnet, con el nombre (todo el alumnado)<\/li>\n<li>Certificado de empadronamiento (alumnado nuevo o cambio de domicilio)<\/li>\n<li>Libro de familia (alumnado nuevo)<\/li>\n<li>Fotocopia de la cartilla de vacunaci\u00f3n (alumnado nuevo)<\/li>\n<li>Otros documentos de inter\u00e9s:\n<ul>\n<li>Documento oficial que demuestre familia monoparental.<\/li>\n<li>Sentencia guardia y custodia de los tutores legales del alumnado.<\/li>\n<\/ul>\n<\/li>\n<\/ul>\n<p>&nbsp;<\/p>\n","protected":false},"excerpt":{"rendered":"<p>&#46;&#46;&#46;<\/p>\n","protected":false},"author":4364,"featured_media":695,"parent":0,"menu_order":0,"comment_status":"closed","ping_status":"closed","template":"","meta":{"ngg_post_thumbnail":0,"footnotes":""},"aioseo_notices":[],"_links":{"self":[{"href":"https:\/\/blogsaverroes.juntadeandalucia.es\/ceipjrj\/wp-json\/wp\/v2\/pages\/681"}],"collection":[{"href":"https:\/\/blogsaverroes.juntadeandalucia.es\/ceipjrj\/wp-json\/wp\/v2\/pages"}],"about":[{"href":"https:\/\/blogsaverroes.juntadeandalucia.es\/ceipjrj\/wp-json\/wp\/v2\/types\/page"}],"author":[{"embeddable":true,"href":"https:\/\/blogsaverroes.juntadeandalucia.es\/ceipjrj\/wp-json\/wp\/v2\/users\/4364"}],"replies":[{"embeddable":true,"href":"https:\/\/blogsaverroes.juntadeandalucia.es\/ceipjrj\/wp-json\/wp\/v2\/comments?post=681"}],"version-history":[{"count":8,"href":"https:\/\/blogsaverroes.juntadeandalucia.es\/ceipjrj\/wp-json\/wp\/v2\/pages\/681\/revisions"}],"predecessor-version":[{"id":760,"href":"https:\/\/blogsaverroes.juntadeandalucia.es\/ceipjrj\/wp-json\/wp\/v2\/pages\/681\/revisions\/760"}],"wp:featuredmedia":[{"embeddable":true,"href":"https:\/\/blogsaverroes.juntadeandalucia.es\/ceipjrj\/wp-json\/wp\/v2\/media\/695"}],"wp:attachment":[{"href":"https:\/\/blogsaverroes.juntadeandalucia.es\/ceipjrj\/wp-json\/wp\/v2\/media?parent=681"}],"curies":[{"name":"wp","href":"https:\/\/api.w.org\/{rel}","templated":true}]}}