{"id":744,"date":"2023-05-23T13:15:53","date_gmt":"2023-05-23T11:15:53","guid":{"rendered":"https:\/\/blogsaverroes.juntadeandalucia.es\/ceipjrj\/?page_id=744"},"modified":"2023-05-23T13:17:58","modified_gmt":"2023-05-23T11:17:58","slug":"secretaria-virtual","status":"publish","type":"page","link":"https:\/\/blogsaverroes.juntadeandalucia.es\/ceipjrj\/secretaria-virtual\/","title":{"rendered":"Secretar\u00eda virtual"},"content":{"rendered":"<p><span style=\"font-weight: 400\">La Secretar\u00eda Virtual de los Centros Educativos es una plataforma que permite la presentaci\u00f3n telem\u00e1tica de documentaci\u00f3n. Est\u00e1 especialmente presente en los procesos de admisi\u00f3n y matriculaci\u00f3n del alumnado. En algunas ocasiones el acceso es con el usuario y contrase\u00f1a de S\u00e9neca o Pasen, en otras con la clave iAnde, NIF\u2026.<\/span><\/p>\n<ul>\n<li style=\"font-weight: 400\"><span style=\"font-weight: 400\">Acceso a la <\/span><b>Secretar\u00eda Virtual <\/b><span style=\"font-weight: 400\">para consultas y solicitudes:<\/span><\/li>\n<\/ul>\n<p><span style=\"font-weight: 400\"><img decoding=\"async\" class=\"size-medium wp-image-745 aligncenter\" src=\"https:\/\/blogsaverroes.juntadeandalucia.es\/ceipjrj\/files\/2023\/05\/Captura-de-pantalla-2020-07-10-a-las-17.58.23-300x74.png\" alt=\"\" width=\"300\" height=\"74\" srcset=\"https:\/\/blogsaverroes.juntadeandalucia.es\/ceipjrj\/files\/2023\/05\/Captura-de-pantalla-2020-07-10-a-las-17.58.23-300x74.png 300w, https:\/\/blogsaverroes.juntadeandalucia.es\/ceipjrj\/files\/2023\/05\/Captura-de-pantalla-2020-07-10-a-las-17.58.23.png 379w\" sizes=\"(max-width: 300px) 100vw, 300px\" \/><\/span><\/p>\n<ul>\n<li style=\"font-weight: 400\"><span style=\"font-weight: 400\">Acceso a <\/span><b>Presentaci\u00f3n Electr\u00f3nica General en Centros Educativos<\/b><span style=\"font-weight: 400\">. En este enlace podr\u00e1n: <\/span><b>Presentar alegaciones, reclamaciones, solicitudes de certificados, presentar documentaci\u00f3n y cualquier otro tr\u00e1mite <\/b><span style=\"font-weight: 400\">que sea de su inter\u00e9s. El <\/span><b>c\u00f3digo de nuestro centro es: 29011187.<\/b><\/li>\n<\/ul>\n<p>&nbsp;<\/p>\n<p style=\"text-align: center\"><a href=\"https:\/\/www.juntadeandalucia.es\/educacion\/secretariavirtual\/accesoTramite\/462\/\"><strong>ACCESO PRESENTACI\u00d3N ELECTR\u00d3NICA GENERAL EN CENTROS EDUCATIVOS<\/strong><\/a><\/p>\n<p>&nbsp;<\/p>\n<p><b>Tutoriales<\/b><span style=\"font-weight: 400\"> de inter\u00e9s para el proceso de Escolarizaci\u00f3n:<\/span><\/p>\n<ul>\n<li style=\"font-weight: 400;text-align: left\"><strong>Sobre de matr\u00edcula:<\/strong><\/li>\n<\/ul>\n<p><span style=\"font-weight: 400\"><iframe src=\"\/\/www.youtube.com\/embed\/V0U7eX0L7ro\" width=\"560\" height=\"314\"><\/iframe><\/span><\/p>\n<p>&nbsp;<\/p>\n<ul>\n<li><strong>iANDe:<\/strong><\/li>\n<\/ul>\n<p><iframe src=\"\/\/www.youtube.com\/embed\/p8bqMdBsLd4\" width=\"560\" height=\"314\"><\/iframe><\/p>\n","protected":false},"excerpt":{"rendered":"<p>&#46;&#46;&#46;<\/p>\n","protected":false},"author":10476,"featured_media":0,"parent":0,"menu_order":0,"comment_status":"closed","ping_status":"closed","template":"","meta":{"ngg_post_thumbnail":0,"footnotes":""},"aioseo_notices":[],"_links":{"self":[{"href":"https:\/\/blogsaverroes.juntadeandalucia.es\/ceipjrj\/wp-json\/wp\/v2\/pages\/744"}],"collection":[{"href":"https:\/\/blogsaverroes.juntadeandalucia.es\/ceipjrj\/wp-json\/wp\/v2\/pages"}],"about":[{"href":"https:\/\/blogsaverroes.juntadeandalucia.es\/ceipjrj\/wp-json\/wp\/v2\/types\/page"}],"author":[{"embeddable":true,"href":"https:\/\/blogsaverroes.juntadeandalucia.es\/ceipjrj\/wp-json\/wp\/v2\/users\/10476"}],"replies":[{"embeddable":true,"href":"https:\/\/blogsaverroes.juntadeandalucia.es\/ceipjrj\/wp-json\/wp\/v2\/comments?post=744"}],"version-history":[{"count":1,"href":"https:\/\/blogsaverroes.juntadeandalucia.es\/ceipjrj\/wp-json\/wp\/v2\/pages\/744\/revisions"}],"predecessor-version":[{"id":748,"href":"https:\/\/blogsaverroes.juntadeandalucia.es\/ceipjrj\/wp-json\/wp\/v2\/pages\/744\/revisions\/748"}],"wp:attachment":[{"href":"https:\/\/blogsaverroes.juntadeandalucia.es\/ceipjrj\/wp-json\/wp\/v2\/media?parent=744"}],"curies":[{"name":"wp","href":"https:\/\/api.w.org\/{rel}","templated":true}]}}