{"id":784,"date":"2023-05-24T19:45:56","date_gmt":"2023-05-24T17:45:56","guid":{"rendered":"https:\/\/blogsaverroes.juntadeandalucia.es\/ceipjrj\/?page_id=784"},"modified":"2023-05-24T19:45:56","modified_gmt":"2023-05-24T17:45:56","slug":"bonificacion-servicios-complementarios","status":"publish","type":"page","link":"https:\/\/blogsaverroes.juntadeandalucia.es\/ceipjrj\/bonificacion-servicios-complementarios\/","title":{"rendered":"Bonificaci\u00f3n servicios complementarios"},"content":{"rendered":"<p><span style=\"font-weight: 400\">El Decreto 6\/2017, de 16 de enero, y la <\/span><a href=\"https:\/\/www.juntadeandalucia.es\/boja\/2017\/78\/1\"><span style=\"font-weight: 400\">Orden del 17 de abril de 2017<\/span><\/a><span style=\"font-weight: 400\">,&nbsp; tienen por objeto regular la organizaci\u00f3n, funcionamiento y gesti\u00f3n de los servicios complementarios de aula matinal, comedor escolar y actividades extraescolares, regulando la contribuci\u00f3n de las familias en el coste de \u00e9stos servicios, su establecimiento como precio p\u00fablico, los supuestos de gratuidad y la previsi\u00f3n de posibles bonificaciones.<\/span><\/p>\n<p><span style=\"font-weight: 400\">1) La solicitud de bonificaciones\/gratuidad deber\u00e1 realizarse del 1 al 7 de septiembre.<\/span><\/p>\n<p><span style=\"font-weight: 400\">El alumnado suplente en cada uno de los servicios complementarios, en caso de resultar admitido, tendr\u00e1 un plazo de tres d\u00edas h\u00e1biles contados a partir del siguiente al de la notificaci\u00f3n de admisi\u00f3n para solicitar, en su caso, la bonificaci\u00f3n que pudiera corresponderle.<\/span><\/p>\n<p><span style=\"font-weight: 400\">En el caso de solicitudes de admisi\u00f3n en los servicios complementarios presentadas a lo largo del curso, la bonificaci\u00f3n deber\u00e1 solicitarse conjuntamente con aqu\u00e9lla.<\/span><\/p>\n<p><span style=\"font-weight: 400\">2) Las solicitudes de bonificaci\u00f3n podr\u00e1n realizarse telem\u00e1ticamente a trav\u00e9s de la Secretar\u00eda Virtual, para lo cual se habilitar\u00e1 <\/span><a href=\"https:\/\/www.juntadeandalucia.es\/educacion\/secretariavirtual\/accesoTramite\/381\/\"><span style=\"font-weight: 400\">este enlace para realizar su tramitaci\u00f3n<\/span><\/a><span style=\"font-weight: 400\">.<\/span><\/p>\n<p>&nbsp;<\/p>\n<p><a href=\"https:\/\/www.juntadeandalucia.es\/educacion\/secretariavirtual\/accesoTramite\/381\/\"><b>ACCESO SECRETARIA VIRTUAL<\/b><\/a><\/p>\n<p><span style=\"font-weight: 400\">El cuadro 4.2 de la solicitud debe venir firmado por todos los miembros de la unidad familiar mayores de 16 a\u00f1os. En este caso, este documento deber\u00e1 ser presentado en el centro.<\/span><\/p>\n<p><span style=\"font-weight: 400\">&nbsp;<\/span><\/p>\n<table>\n<tbody>\n<tr>\n<td><span style=\"font-weight: 400\">En caso de imposibilidad para realizarla en el cole en horario de secretar\u00eda.<\/span><\/p>\n<p><span style=\"font-weight: 400\">Lunes a Jueves&nbsp; de 9:00 a 10:30 y de 13:30 a 14:00 y Viernes de 13:00 a 14:00<\/span><\/td>\n<\/tr>\n<\/tbody>\n<\/table>\n<p><span style=\"font-weight: 400\">&nbsp;<\/span><\/p>\n<p><span style=\"font-weight: 400\">3) Debe considerarse a efectos de las bonificaciones que la unidad familiar es la compuesta por una o varias personas que convivan en el mismo domicilio, acreditando dicha circunstancia mediante el correspondiente certificado de empadronamiento, y se encuentren relacionadas entre s\u00ed por v\u00ednculo de matrimonio o uni\u00f3n de hecho, parentesco hasta el segundo grado o adopci\u00f3n.<\/span><\/p>\n<p><span style=\"font-weight: 400\">Por defecto, se presupone constituida por los padres y los hijos, debi\u00e9ndose justificar para incluir otras personas.<\/span><span style=\"font-weight: 400\"><br \/>\n<\/span><span style=\"font-weight: 400\">La relaci\u00f3n de parentesco se computar\u00e1 a partir de los usuarios de los servicios.<\/span><\/p>\n<p><span style=\"font-weight: 400\">&nbsp;<\/span><\/p>\n<p><span style=\"font-weight: 400\">4) Las situaciones documentadas en el proceso de admisi\u00f3n se trasladaran a la pantalla de solicitudes de bonificaci\u00f3n, si bien ser\u00e1n editables por el centro (dificultad social extrema, victima del terrorismo, tutela de la administraci\u00f3n o violencia de g\u00e9nero) y solo ser\u00e1 necesaria la aportaci\u00f3n de documentaci\u00f3n adicional o actualizada si la persona solicitante no estuvo incluida en el Plan SYGA en el curso anterior con la documentaci\u00f3n correspondiente (en este caso se requerir\u00e1 el Anexo IV\/VI) o lo est\u00e1 actualmente en situaciones de violencia de g\u00e9nero o tutela de la administraci\u00f3n.<\/span><\/p>\n","protected":false},"excerpt":{"rendered":"<p>&#46;&#46;&#46;<\/p>\n","protected":false},"author":10476,"featured_media":0,"parent":0,"menu_order":0,"comment_status":"closed","ping_status":"closed","template":"","meta":{"ngg_post_thumbnail":0,"footnotes":""},"aioseo_notices":[],"_links":{"self":[{"href":"https:\/\/blogsaverroes.juntadeandalucia.es\/ceipjrj\/wp-json\/wp\/v2\/pages\/784"}],"collection":[{"href":"https:\/\/blogsaverroes.juntadeandalucia.es\/ceipjrj\/wp-json\/wp\/v2\/pages"}],"about":[{"href":"https:\/\/blogsaverroes.juntadeandalucia.es\/ceipjrj\/wp-json\/wp\/v2\/types\/page"}],"author":[{"embeddable":true,"href":"https:\/\/blogsaverroes.juntadeandalucia.es\/ceipjrj\/wp-json\/wp\/v2\/users\/10476"}],"replies":[{"embeddable":true,"href":"https:\/\/blogsaverroes.juntadeandalucia.es\/ceipjrj\/wp-json\/wp\/v2\/comments?post=784"}],"version-history":[{"count":1,"href":"https:\/\/blogsaverroes.juntadeandalucia.es\/ceipjrj\/wp-json\/wp\/v2\/pages\/784\/revisions"}],"predecessor-version":[{"id":785,"href":"https:\/\/blogsaverroes.juntadeandalucia.es\/ceipjrj\/wp-json\/wp\/v2\/pages\/784\/revisions\/785"}],"wp:attachment":[{"href":"https:\/\/blogsaverroes.juntadeandalucia.es\/ceipjrj\/wp-json\/wp\/v2\/media?parent=784"}],"curies":[{"name":"wp","href":"https:\/\/api.w.org\/{rel}","templated":true}]}}