{"id":802,"date":"2023-05-24T20:24:18","date_gmt":"2023-05-24T18:24:18","guid":{"rendered":"https:\/\/blogsaverroes.juntadeandalucia.es\/ceipjrj\/?page_id=802"},"modified":"2024-02-23T14:45:01","modified_gmt":"2024-02-23T13:45:01","slug":"puertas-abiertas","status":"publish","type":"page","link":"https:\/\/blogsaverroes.juntadeandalucia.es\/ceipjrj\/puertas-abiertas\/","title":{"rendered":"Puertas abiertas"},"content":{"rendered":"<p><span style=\"font-weight: 400\">Un a\u00f1o m\u00e1s comienza el proceso de Escolarizaci\u00f3n para el pr\u00f3ximo curso 2024\/2025.<\/span><\/p>\n<p><span style=\"font-weight: 400\">Estaremos encantados de recibirles y ense\u00f1arles c\u00f3mo funciona nuestro centro el pr\u00f3ximo<\/span><b> lunes 4 de marzo a las 17:00h<\/b><\/p>\n<h3><img fetchpriority=\"high\" decoding=\"async\" class=\"alignnone wp-image-841\" src=\"https:\/\/blogsaverroes.juntadeandalucia.es\/ceipjrj\/files\/2024\/02\/puertas-abiertas-300x300.png\" alt=\"\" width=\"446\" height=\"446\" srcset=\"https:\/\/blogsaverroes.juntadeandalucia.es\/ceipjrj\/files\/2024\/02\/puertas-abiertas-300x300.png 300w, https:\/\/blogsaverroes.juntadeandalucia.es\/ceipjrj\/files\/2024\/02\/puertas-abiertas-1024x1024.png 1024w, https:\/\/blogsaverroes.juntadeandalucia.es\/ceipjrj\/files\/2024\/02\/puertas-abiertas-150x150.png 150w, https:\/\/blogsaverroes.juntadeandalucia.es\/ceipjrj\/files\/2024\/02\/puertas-abiertas-768x768.png 768w, https:\/\/blogsaverroes.juntadeandalucia.es\/ceipjrj\/files\/2024\/02\/puertas-abiertas-80x80.png 80w, https:\/\/blogsaverroes.juntadeandalucia.es\/ceipjrj\/files\/2024\/02\/puertas-abiertas-320x320.png 320w, https:\/\/blogsaverroes.juntadeandalucia.es\/ceipjrj\/files\/2024\/02\/puertas-abiertas.png 1080w\" sizes=\"(max-width: 446px) 100vw, 446px\" \/><\/h3>\n<p><span style=\"font-weight: 400\">Asimismo, os dejamos una presentaci\u00f3n lo m\u00e1s completa posible con datos relevantes sobre nuestro centro.&nbsp;<\/span><\/p>\n<h4><a href=\"https:\/\/view.genial.ly\/640ae86e9d7319001156de5b\/presentation-jornada-de-puertas-abiertas\"><b>Pincha aqu\u00ed<\/b><\/a> <span style=\"font-weight: 400\">para ver la presentaci\u00f3n<\/span><\/h4>\n","protected":false},"excerpt":{"rendered":"<p>&#46;&#46;&#46;<\/p>\n","protected":false},"author":10476,"featured_media":0,"parent":0,"menu_order":0,"comment_status":"closed","ping_status":"closed","template":"","meta":{"ngg_post_thumbnail":0,"footnotes":""},"aioseo_notices":[],"_links":{"self":[{"href":"https:\/\/blogsaverroes.juntadeandalucia.es\/ceipjrj\/wp-json\/wp\/v2\/pages\/802"}],"collection":[{"href":"https:\/\/blogsaverroes.juntadeandalucia.es\/ceipjrj\/wp-json\/wp\/v2\/pages"}],"about":[{"href":"https:\/\/blogsaverroes.juntadeandalucia.es\/ceipjrj\/wp-json\/wp\/v2\/types\/page"}],"author":[{"embeddable":true,"href":"https:\/\/blogsaverroes.juntadeandalucia.es\/ceipjrj\/wp-json\/wp\/v2\/users\/10476"}],"replies":[{"embeddable":true,"href":"https:\/\/blogsaverroes.juntadeandalucia.es\/ceipjrj\/wp-json\/wp\/v2\/comments?post=802"}],"version-history":[{"count":5,"href":"https:\/\/blogsaverroes.juntadeandalucia.es\/ceipjrj\/wp-json\/wp\/v2\/pages\/802\/revisions"}],"predecessor-version":[{"id":844,"href":"https:\/\/blogsaverroes.juntadeandalucia.es\/ceipjrj\/wp-json\/wp\/v2\/pages\/802\/revisions\/844"}],"wp:attachment":[{"href":"https:\/\/blogsaverroes.juntadeandalucia.es\/ceipjrj\/wp-json\/wp\/v2\/media?parent=802"}],"curies":[{"name":"wp","href":"https:\/\/api.w.org\/{rel}","templated":true}]}}