{"id":99,"date":"2020-05-17T00:39:10","date_gmt":"2020-05-16T22:39:10","guid":{"rendered":"https:\/\/blogsaverroes.juntadeandalucia.es\/ceipjrj\/?page_id=99"},"modified":"2023-05-24T19:27:30","modified_gmt":"2023-05-24T17:27:30","slug":"aula-matinal","status":"publish","type":"page","link":"https:\/\/blogsaverroes.juntadeandalucia.es\/ceipjrj\/aula-matinal\/","title":{"rendered":"Aula Matinal"},"content":{"rendered":"<p><span style=\"font-weight: 400\">Es una actividad promovida por la Junta de Andaluc\u00eda para dar respuesta a la creciente demanda originada por las exigencias laborales de las familias.<\/span><\/p>\n<p><span style=\"font-weight: 400\">La empresa contratada por la Administraci\u00f3n Educativa para atender este servicio es LUDOCIENCIA.&nbsp;<\/span><\/p>\n<ul>\n<li style=\"font-weight: 400\"><span style=\"font-weight: 400\">E-mail:<\/span> <a href=\"mailto:patricia@ludociencia.es\"><span style=\"font-weight: 400\">patricia@ludociencia.es<\/span><\/a><span style=\"font-weight: 400\">; <\/span><a href=\"mailto:info@ludociencia.es\"><span style=\"font-weight: 400\">info@ludociencia.es<\/span><\/a><\/li>\n<li style=\"font-weight: 400\"><span style=\"font-weight: 400\">Tlf: 954 151 096; 675 638 616<\/span><\/li>\n<\/ul>\n<p><span style=\"font-weight: 400\">El horario de apertura de esta actividad es 7:30 horas y finaliza a las 9:00 horas. Los monitores se encargar\u00e1n de la apertura de las instalaciones y puesta en marcha de esta actividad,&nbsp; acompa\u00f1ar\u00e1n al alumnado a sus filas\/clases&nbsp; para el inicio de su jornada escolar.<\/span><\/p>\n<p><span style=\"font-weight: 400\">Si necesita usar el servicio debe saber que:<\/span><\/p>\n<ul>\n<li style=\"font-weight: 400\"><span style=\"font-weight: 400\">La solicitud<\/span><span style=\"font-weight: 400\"> del servicio se realizar\u00e1 en la secretar\u00eda del centro, del 1 al 8 de Junio con la matr\u00edcula, as\u00ed como la solicitud de bonificaci\u00f3n.<\/span><span style=\"font-weight: 400\"><br \/>\n<\/span><span style=\"font-weight: 400\">Los recibos ser\u00e1n mensuales y con cantidad fija. Durante todo el curso se abonar\u00e1n los recibos (entre el d\u00eda 8 y el 10) por domiciliaci\u00f3n bancaria.<\/span><\/li>\n<li style=\"font-weight: 400\"><span style=\"font-weight: 400\">Bajas y modificaciones<\/span><span style=\"font-weight: 400\"> tienen que ser comunicadas en secretar\u00eda antes de final de mes anterior.<\/span><\/li>\n<li style=\"font-weight: 400\"><span style=\"font-weight: 400\">Precios (mensual):<\/span>\n<ul>\n<li style=\"font-weight: 400\"><span style=\"font-weight: 400\">0%&nbsp; bonificaci\u00f3n 16.81&nbsp; \u20ac&nbsp;&nbsp;&nbsp;&nbsp;<\/span><\/li>\n<li style=\"font-weight: 400\"><span style=\"font-weight: 400\">10% bonificaci\u00f3n &nbsp; 15.13&nbsp; \u20ac<\/span><\/li>\n<li style=\"font-weight: 400\"><span style=\"font-weight: 400\">18% bonificaci\u00f3n&nbsp; 13.78&nbsp; \u20ac<\/span><\/li>\n<li style=\"font-weight: 400\"><span style=\"font-weight: 400\">26% bonificaci\u00f3n&nbsp; 12.44&nbsp; \u20ac<\/span><\/li>\n<li style=\"font-weight: 400\"><span style=\"font-weight: 400\">34% bonificaci\u00f3n&nbsp; 11.10&nbsp; \u20ac<\/span><\/li>\n<li style=\"font-weight: 400\"><span style=\"font-weight: 400\">42% bonificaci\u00f3n&nbsp; &nbsp; 9.75&nbsp; \u20ac<\/span><\/li>\n<li style=\"font-weight: 400\"><span style=\"font-weight: 400\">50% bonificaci\u00f3n &nbsp; 8.41&nbsp; \u20ac&nbsp;&nbsp;<\/span><\/li>\n<\/ul>\n<\/li>\n<\/ul>\n","protected":false},"excerpt":{"rendered":"<p>&#46;&#46;&#46;<\/p>\n","protected":false},"author":4364,"featured_media":0,"parent":0,"menu_order":0,"comment_status":"closed","ping_status":"closed","template":"","meta":{"ngg_post_thumbnail":0,"footnotes":""},"aioseo_notices":[],"_links":{"self":[{"href":"https:\/\/blogsaverroes.juntadeandalucia.es\/ceipjrj\/wp-json\/wp\/v2\/pages\/99"}],"collection":[{"href":"https:\/\/blogsaverroes.juntadeandalucia.es\/ceipjrj\/wp-json\/wp\/v2\/pages"}],"about":[{"href":"https:\/\/blogsaverroes.juntadeandalucia.es\/ceipjrj\/wp-json\/wp\/v2\/types\/page"}],"author":[{"embeddable":true,"href":"https:\/\/blogsaverroes.juntadeandalucia.es\/ceipjrj\/wp-json\/wp\/v2\/users\/4364"}],"replies":[{"embeddable":true,"href":"https:\/\/blogsaverroes.juntadeandalucia.es\/ceipjrj\/wp-json\/wp\/v2\/comments?post=99"}],"version-history":[{"count":4,"href":"https:\/\/blogsaverroes.juntadeandalucia.es\/ceipjrj\/wp-json\/wp\/v2\/pages\/99\/revisions"}],"predecessor-version":[{"id":772,"href":"https:\/\/blogsaverroes.juntadeandalucia.es\/ceipjrj\/wp-json\/wp\/v2\/pages\/99\/revisions\/772"}],"wp:attachment":[{"href":"https:\/\/blogsaverroes.juntadeandalucia.es\/ceipjrj\/wp-json\/wp\/v2\/media?parent=99"}],"curies":[{"name":"wp","href":"https:\/\/api.w.org\/{rel}","templated":true}]}}