{"id":2357,"date":"2017-09-21T08:07:48","date_gmt":"2017-09-21T08:07:48","guid":{"rendered":"http:\/\/blogsaverroes.juntadeandalucia.es\/ceipjuan23barbate\/?page_id=2357"},"modified":"2023-03-13T11:52:11","modified_gmt":"2023-03-13T11:52:11","slug":"centro-bilingue","status":"publish","type":"page","link":"https:\/\/blogsaverroes.juntadeandalucia.es\/ceipjuan23barbate\/centro-bilingue\/","title":{"rendered":"Biling\u00fcismo \/ bilingualism"},"content":{"rendered":"<p>&nbsp;<\/p>\n<p><a href=\"https:\/\/blogsaverroes.juntadeandalucia.es\/ceipjuan23barbate\/files\/2017\/09\/centro-bilingue.jpg\"><img loading=\"lazy\" decoding=\"async\" class=\"size-medium wp-image-2369 aligncenter\" src=\"https:\/\/blogsaverroes.juntadeandalucia.es\/ceipjuan23barbate\/files\/2017\/09\/centro-bilingue-300x161.jpg\" alt=\"\" width=\"300\" height=\"161\" srcset=\"https:\/\/blogsaverroes.juntadeandalucia.es\/ceipjuan23barbate\/files\/2017\/09\/centro-bilingue-300x161.jpg 300w, https:\/\/blogsaverroes.juntadeandalucia.es\/ceipjuan23barbate\/files\/2017\/09\/centro-bilingue-24x13.jpg 24w, https:\/\/blogsaverroes.juntadeandalucia.es\/ceipjuan23barbate\/files\/2017\/09\/centro-bilingue-36x19.jpg 36w, https:\/\/blogsaverroes.juntadeandalucia.es\/ceipjuan23barbate\/files\/2017\/09\/centro-bilingue-48x26.jpg 48w, https:\/\/blogsaverroes.juntadeandalucia.es\/ceipjuan23barbate\/files\/2017\/09\/centro-bilingue.jpg 333w\" sizes=\"(max-width: 300px) 100vw, 300px\" \/><\/a><\/p>\n<p>&nbsp;<\/p>\n<div class=\"contenido_detalle\">\n<div class=\"detalle_html\">\n<p style=\"text-align: justify\">Seg\u00fan la <strong>Orden de 28 de junio de 2011<\/strong>, por la que se regula la ense\u00f1anza biling\u00fce en Andaluc\u00eda, un centro biling\u00fce es aquel en el que se ense\u00f1an materias en dos lenguas: en la materna y en otra lengua extranjera.<\/p>\n<p style=\"text-align: justify\">En nuestro se promueve la adquisici\u00f3n de las cinco destrezas b\u00e1sicas de escuchar hablar, conversar, leer y escribir mediante el Aprendizaje Integrado de Contenidos y Lenguas Extranjeras.<\/p>\n<\/div>\n<p><a href=\"https:\/\/drive.google.com\/file\/d\/1Hl_qxyvm6IEokGRgwCulFHha2xTJ3E6a\/view?usp=sharing\">Ficha de Informaci\u00f3n para Auxiliares de Conversaci\u00f3n<\/a><\/p>\n<p style=\"text-align: justify\"><a href=\"https:\/\/drive.google.com\/file\/d\/1VEfj0t9YEL2NIIPDfB0du3LFMzUnasQr\/view?usp=sharing\">Information Sheet for LANGUAGE Assistants<\/a><\/p>\n<p style=\"text-align: justify\">&nbsp;<\/p>\n<\/div>\n","protected":false},"excerpt":{"rendered":"<p>&nbsp; &nbsp; Seg\u00fan la Orden de 28 de junio de 2011, por la que se regula la ense\u00f1anza biling\u00fce en Andaluc\u00eda, un centro biling\u00fce es aquel en el que se ense\u00f1an materias en dos&#46;&#46;&#46;<\/p>\n","protected":false},"author":4600,"featured_media":0,"parent":0,"menu_order":0,"comment_status":"closed","ping_status":"closed","template":"","meta":{"ngg_post_thumbnail":0,"footnotes":"","_mc_calendar":[]},"aioseo_notices":[],"_links":{"self":[{"href":"https:\/\/blogsaverroes.juntadeandalucia.es\/ceipjuan23barbate\/wp-json\/wp\/v2\/pages\/2357"}],"collection":[{"href":"https:\/\/blogsaverroes.juntadeandalucia.es\/ceipjuan23barbate\/wp-json\/wp\/v2\/pages"}],"about":[{"href":"https:\/\/blogsaverroes.juntadeandalucia.es\/ceipjuan23barbate\/wp-json\/wp\/v2\/types\/page"}],"author":[{"embeddable":true,"href":"https:\/\/blogsaverroes.juntadeandalucia.es\/ceipjuan23barbate\/wp-json\/wp\/v2\/users\/4600"}],"replies":[{"embeddable":true,"href":"https:\/\/blogsaverroes.juntadeandalucia.es\/ceipjuan23barbate\/wp-json\/wp\/v2\/comments?post=2357"}],"version-history":[{"count":13,"href":"https:\/\/blogsaverroes.juntadeandalucia.es\/ceipjuan23barbate\/wp-json\/wp\/v2\/pages\/2357\/revisions"}],"predecessor-version":[{"id":2368,"href":"https:\/\/blogsaverroes.juntadeandalucia.es\/ceipjuan23barbate\/wp-json\/wp\/v2\/pages\/2357\/revisions\/2368"}],"wp:attachment":[{"href":"https:\/\/blogsaverroes.juntadeandalucia.es\/ceipjuan23barbate\/wp-json\/wp\/v2\/media?parent=2357"}],"curies":[{"name":"wp","href":"https:\/\/api.w.org\/{rel}","templated":true}]}}