{"id":2454,"date":"2017-11-03T11:11:54","date_gmt":"2017-11-03T11:11:54","guid":{"rendered":"http:\/\/blogsaverroes.juntadeandalucia.es\/ceipjuan23barbate\/?page_id=2454"},"modified":"2018-01-15T10:21:25","modified_gmt":"2018-01-15T10:21:25","slug":"actividades-complementarias","status":"publish","type":"page","link":"https:\/\/blogsaverroes.juntadeandalucia.es\/ceipjuan23barbate\/actividades-complementarias\/","title":{"rendered":"D\u00eda de la alimentacci\u00f3n ( Red de escuelas por un mundo rural vivo)"},"content":{"rendered":"<p>&nbsp;<\/p>\n<p style=\"text-align: center\">PROGRAMA EDUCATIVO ALIMENTA-ACCI\u00d3N<\/p>\n<p style=\"text-align: center\">Programa en el que participa el Centro por el cual se hace reflexionar al alumnado sobre c\u00f3mo debemos cuidar el planeta para dejarlo a las futuras generaciones. A lo largo del curso se ir\u00e1n realizando una serie de actividades con un personaje que viene del futuro para contarles c\u00f3mo est\u00e1 el planeta y qu\u00e9 podemos hacer en el presente para poder cambiar el futuro<\/p>\n<p><a href=\"https:\/\/blogsaverroes.juntadeandalucia.es\/ceipjuan23barbate\/files\/2017\/12\/MOVIL-MIO-DICIEMBRE-2017-1584.jpg\"><img loading=\"lazy\" decoding=\"async\" class=\"alignnone size-medium wp-image-2611 aligncenter\" src=\"https:\/\/blogsaverroes.juntadeandalucia.es\/ceipjuan23barbate\/files\/2017\/12\/MOVIL-MIO-DICIEMBRE-2017-1584-300x169.jpg\" alt=\"\" width=\"300\" height=\"169\" srcset=\"https:\/\/blogsaverroes.juntadeandalucia.es\/ceipjuan23barbate\/files\/2017\/12\/MOVIL-MIO-DICIEMBRE-2017-1584-300x169.jpg 300w, https:\/\/blogsaverroes.juntadeandalucia.es\/ceipjuan23barbate\/files\/2017\/12\/MOVIL-MIO-DICIEMBRE-2017-1584-24x14.jpg 24w, https:\/\/blogsaverroes.juntadeandalucia.es\/ceipjuan23barbate\/files\/2017\/12\/MOVIL-MIO-DICIEMBRE-2017-1584-36x20.jpg 36w, https:\/\/blogsaverroes.juntadeandalucia.es\/ceipjuan23barbate\/files\/2017\/12\/MOVIL-MIO-DICIEMBRE-2017-1584-48x27.jpg 48w, https:\/\/blogsaverroes.juntadeandalucia.es\/ceipjuan23barbate\/files\/2017\/12\/MOVIL-MIO-DICIEMBRE-2017-1584.jpg 448w\" sizes=\"(max-width: 300px) 100vw, 300px\" \/><\/a><a href=\"https:\/\/blogsaverroes.juntadeandalucia.es\/ceipjuan23barbate\/files\/2017\/12\/MOVIL-MIO-DICIEMBRE-2017-1583.jpg\"><img loading=\"lazy\" decoding=\"async\" class=\"size-medium wp-image-2610 aligncenter\" src=\"https:\/\/blogsaverroes.juntadeandalucia.es\/ceipjuan23barbate\/files\/2017\/12\/MOVIL-MIO-DICIEMBRE-2017-1583-300x169.jpg\" alt=\"\" width=\"300\" height=\"169\" srcset=\"https:\/\/blogsaverroes.juntadeandalucia.es\/ceipjuan23barbate\/files\/2017\/12\/MOVIL-MIO-DICIEMBRE-2017-1583-300x169.jpg 300w, https:\/\/blogsaverroes.juntadeandalucia.es\/ceipjuan23barbate\/files\/2017\/12\/MOVIL-MIO-DICIEMBRE-2017-1583-24x14.jpg 24w, https:\/\/blogsaverroes.juntadeandalucia.es\/ceipjuan23barbate\/files\/2017\/12\/MOVIL-MIO-DICIEMBRE-2017-1583-36x20.jpg 36w, https:\/\/blogsaverroes.juntadeandalucia.es\/ceipjuan23barbate\/files\/2017\/12\/MOVIL-MIO-DICIEMBRE-2017-1583-48x27.jpg 48w, https:\/\/blogsaverroes.juntadeandalucia.es\/ceipjuan23barbate\/files\/2017\/12\/MOVIL-MIO-DICIEMBRE-2017-1583.jpg 448w\" sizes=\"(max-width: 300px) 100vw, 300px\" \/><\/a><a href=\"https:\/\/blogsaverroes.juntadeandalucia.es\/ceipjuan23barbate\/files\/2017\/12\/MOVIL-MIO-DICIEMBRE-2017-1569.jpg\"><img loading=\"lazy\" decoding=\"async\" class=\"size-medium wp-image-2608 aligncenter\" src=\"https:\/\/blogsaverroes.juntadeandalucia.es\/ceipjuan23barbate\/files\/2017\/12\/MOVIL-MIO-DICIEMBRE-2017-1569-300x169.jpg\" alt=\"\" width=\"300\" height=\"169\" srcset=\"https:\/\/blogsaverroes.juntadeandalucia.es\/ceipjuan23barbate\/files\/2017\/12\/MOVIL-MIO-DICIEMBRE-2017-1569-300x169.jpg 300w, https:\/\/blogsaverroes.juntadeandalucia.es\/ceipjuan23barbate\/files\/2017\/12\/MOVIL-MIO-DICIEMBRE-2017-1569-768x432.jpg 768w, https:\/\/blogsaverroes.juntadeandalucia.es\/ceipjuan23barbate\/files\/2017\/12\/MOVIL-MIO-DICIEMBRE-2017-1569-1024x576.jpg 1024w, https:\/\/blogsaverroes.juntadeandalucia.es\/ceipjuan23barbate\/files\/2017\/12\/MOVIL-MIO-DICIEMBRE-2017-1569-24x14.jpg 24w, https:\/\/blogsaverroes.juntadeandalucia.es\/ceipjuan23barbate\/files\/2017\/12\/MOVIL-MIO-DICIEMBRE-2017-1569-36x20.jpg 36w, https:\/\/blogsaverroes.juntadeandalucia.es\/ceipjuan23barbate\/files\/2017\/12\/MOVIL-MIO-DICIEMBRE-2017-1569-48x27.jpg 48w, https:\/\/blogsaverroes.juntadeandalucia.es\/ceipjuan23barbate\/files\/2017\/12\/MOVIL-MIO-DICIEMBRE-2017-1569.jpg 1600w\" sizes=\"(max-width: 300px) 100vw, 300px\" \/><\/a> <a href=\"https:\/\/blogsaverroes.juntadeandalucia.es\/ceipjuan23barbate\/files\/2017\/12\/MOVIL-MIO-DICIEMBRE-2017-1568.jpg\"><img loading=\"lazy\" decoding=\"async\" class=\"size-medium wp-image-2607 aligncenter\" src=\"https:\/\/blogsaverroes.juntadeandalucia.es\/ceipjuan23barbate\/files\/2017\/12\/MOVIL-MIO-DICIEMBRE-2017-1568-300x169.jpg\" alt=\"\" width=\"300\" height=\"169\" srcset=\"https:\/\/blogsaverroes.juntadeandalucia.es\/ceipjuan23barbate\/files\/2017\/12\/MOVIL-MIO-DICIEMBRE-2017-1568-300x169.jpg 300w, https:\/\/blogsaverroes.juntadeandalucia.es\/ceipjuan23barbate\/files\/2017\/12\/MOVIL-MIO-DICIEMBRE-2017-1568-768x432.jpg 768w, https:\/\/blogsaverroes.juntadeandalucia.es\/ceipjuan23barbate\/files\/2017\/12\/MOVIL-MIO-DICIEMBRE-2017-1568-1024x576.jpg 1024w, https:\/\/blogsaverroes.juntadeandalucia.es\/ceipjuan23barbate\/files\/2017\/12\/MOVIL-MIO-DICIEMBRE-2017-1568-24x14.jpg 24w, https:\/\/blogsaverroes.juntadeandalucia.es\/ceipjuan23barbate\/files\/2017\/12\/MOVIL-MIO-DICIEMBRE-2017-1568-36x20.jpg 36w, https:\/\/blogsaverroes.juntadeandalucia.es\/ceipjuan23barbate\/files\/2017\/12\/MOVIL-MIO-DICIEMBRE-2017-1568-48x27.jpg 48w, https:\/\/blogsaverroes.juntadeandalucia.es\/ceipjuan23barbate\/files\/2017\/12\/MOVIL-MIO-DICIEMBRE-2017-1568.jpg 1600w\" sizes=\"(max-width: 300px) 100vw, 300px\" \/><\/a> <a href=\"https:\/\/blogsaverroes.juntadeandalucia.es\/ceipjuan23barbate\/files\/2017\/12\/MOVIL-MIO-DICIEMBRE-2017-1567.jpg\"><img loading=\"lazy\" decoding=\"async\" class=\"size-medium wp-image-2606 aligncenter\" src=\"https:\/\/blogsaverroes.juntadeandalucia.es\/ceipjuan23barbate\/files\/2017\/12\/MOVIL-MIO-DICIEMBRE-2017-1567-300x169.jpg\" alt=\"\" width=\"300\" height=\"169\" srcset=\"https:\/\/blogsaverroes.juntadeandalucia.es\/ceipjuan23barbate\/files\/2017\/12\/MOVIL-MIO-DICIEMBRE-2017-1567-300x169.jpg 300w, https:\/\/blogsaverroes.juntadeandalucia.es\/ceipjuan23barbate\/files\/2017\/12\/MOVIL-MIO-DICIEMBRE-2017-1567-768x432.jpg 768w, https:\/\/blogsaverroes.juntadeandalucia.es\/ceipjuan23barbate\/files\/2017\/12\/MOVIL-MIO-DICIEMBRE-2017-1567-1024x576.jpg 1024w, https:\/\/blogsaverroes.juntadeandalucia.es\/ceipjuan23barbate\/files\/2017\/12\/MOVIL-MIO-DICIEMBRE-2017-1567-24x14.jpg 24w, https:\/\/blogsaverroes.juntadeandalucia.es\/ceipjuan23barbate\/files\/2017\/12\/MOVIL-MIO-DICIEMBRE-2017-1567-36x20.jpg 36w, https:\/\/blogsaverroes.juntadeandalucia.es\/ceipjuan23barbate\/files\/2017\/12\/MOVIL-MIO-DICIEMBRE-2017-1567-48x27.jpg 48w, https:\/\/blogsaverroes.juntadeandalucia.es\/ceipjuan23barbate\/files\/2017\/12\/MOVIL-MIO-DICIEMBRE-2017-1567.jpg 1600w\" sizes=\"(max-width: 300px) 100vw, 300px\" \/><\/a> <a href=\"https:\/\/blogsaverroes.juntadeandalucia.es\/ceipjuan23barbate\/files\/2017\/12\/MOVIL-MIO-DICIEMBRE-2017-1565.jpg\"><img loading=\"lazy\" decoding=\"async\" class=\"size-medium wp-image-2605 aligncenter\" src=\"https:\/\/blogsaverroes.juntadeandalucia.es\/ceipjuan23barbate\/files\/2017\/12\/MOVIL-MIO-DICIEMBRE-2017-1565-300x169.jpg\" alt=\"\" width=\"300\" height=\"169\" srcset=\"https:\/\/blogsaverroes.juntadeandalucia.es\/ceipjuan23barbate\/files\/2017\/12\/MOVIL-MIO-DICIEMBRE-2017-1565-300x169.jpg 300w, https:\/\/blogsaverroes.juntadeandalucia.es\/ceipjuan23barbate\/files\/2017\/12\/MOVIL-MIO-DICIEMBRE-2017-1565-768x432.jpg 768w, https:\/\/blogsaverroes.juntadeandalucia.es\/ceipjuan23barbate\/files\/2017\/12\/MOVIL-MIO-DICIEMBRE-2017-1565-1024x576.jpg 1024w, https:\/\/blogsaverroes.juntadeandalucia.es\/ceipjuan23barbate\/files\/2017\/12\/MOVIL-MIO-DICIEMBRE-2017-1565-24x14.jpg 24w, https:\/\/blogsaverroes.juntadeandalucia.es\/ceipjuan23barbate\/files\/2017\/12\/MOVIL-MIO-DICIEMBRE-2017-1565-36x20.jpg 36w, https:\/\/blogsaverroes.juntadeandalucia.es\/ceipjuan23barbate\/files\/2017\/12\/MOVIL-MIO-DICIEMBRE-2017-1565-48x27.jpg 48w, https:\/\/blogsaverroes.juntadeandalucia.es\/ceipjuan23barbate\/files\/2017\/12\/MOVIL-MIO-DICIEMBRE-2017-1565.jpg 1600w\" sizes=\"(max-width: 300px) 100vw, 300px\" \/><\/a> <a href=\"https:\/\/blogsaverroes.juntadeandalucia.es\/ceipjuan23barbate\/files\/2017\/12\/MOVIL-MIO-DICIEMBRE-2017-1562.jpg\"><img loading=\"lazy\" decoding=\"async\" class=\"size-medium wp-image-2604 aligncenter\" src=\"https:\/\/blogsaverroes.juntadeandalucia.es\/ceipjuan23barbate\/files\/2017\/12\/MOVIL-MIO-DICIEMBRE-2017-1562-300x169.jpg\" alt=\"\" width=\"300\" height=\"169\" srcset=\"https:\/\/blogsaverroes.juntadeandalucia.es\/ceipjuan23barbate\/files\/2017\/12\/MOVIL-MIO-DICIEMBRE-2017-1562-300x169.jpg 300w, https:\/\/blogsaverroes.juntadeandalucia.es\/ceipjuan23barbate\/files\/2017\/12\/MOVIL-MIO-DICIEMBRE-2017-1562-768x432.jpg 768w, https:\/\/blogsaverroes.juntadeandalucia.es\/ceipjuan23barbate\/files\/2017\/12\/MOVIL-MIO-DICIEMBRE-2017-1562-1024x576.jpg 1024w, https:\/\/blogsaverroes.juntadeandalucia.es\/ceipjuan23barbate\/files\/2017\/12\/MOVIL-MIO-DICIEMBRE-2017-1562-24x14.jpg 24w, https:\/\/blogsaverroes.juntadeandalucia.es\/ceipjuan23barbate\/files\/2017\/12\/MOVIL-MIO-DICIEMBRE-2017-1562-36x20.jpg 36w, https:\/\/blogsaverroes.juntadeandalucia.es\/ceipjuan23barbate\/files\/2017\/12\/MOVIL-MIO-DICIEMBRE-2017-1562-48x27.jpg 48w, https:\/\/blogsaverroes.juntadeandalucia.es\/ceipjuan23barbate\/files\/2017\/12\/MOVIL-MIO-DICIEMBRE-2017-1562.jpg 1600w\" sizes=\"(max-width: 300px) 100vw, 300px\" \/><\/a> <a href=\"https:\/\/blogsaverroes.juntadeandalucia.es\/ceipjuan23barbate\/files\/2017\/12\/MOVIL-MIO-DICIEMBRE-2017-1561.jpg\"><img loading=\"lazy\" decoding=\"async\" class=\"size-medium wp-image-2603 aligncenter\" src=\"https:\/\/blogsaverroes.juntadeandalucia.es\/ceipjuan23barbate\/files\/2017\/12\/MOVIL-MIO-DICIEMBRE-2017-1561-300x169.jpg\" alt=\"\" width=\"300\" height=\"169\" srcset=\"https:\/\/blogsaverroes.juntadeandalucia.es\/ceipjuan23barbate\/files\/2017\/12\/MOVIL-MIO-DICIEMBRE-2017-1561-300x169.jpg 300w, https:\/\/blogsaverroes.juntadeandalucia.es\/ceipjuan23barbate\/files\/2017\/12\/MOVIL-MIO-DICIEMBRE-2017-1561-768x432.jpg 768w, https:\/\/blogsaverroes.juntadeandalucia.es\/ceipjuan23barbate\/files\/2017\/12\/MOVIL-MIO-DICIEMBRE-2017-1561-1024x576.jpg 1024w, https:\/\/blogsaverroes.juntadeandalucia.es\/ceipjuan23barbate\/files\/2017\/12\/MOVIL-MIO-DICIEMBRE-2017-1561-24x14.jpg 24w, https:\/\/blogsaverroes.juntadeandalucia.es\/ceipjuan23barbate\/files\/2017\/12\/MOVIL-MIO-DICIEMBRE-2017-1561-36x20.jpg 36w, https:\/\/blogsaverroes.juntadeandalucia.es\/ceipjuan23barbate\/files\/2017\/12\/MOVIL-MIO-DICIEMBRE-2017-1561-48x27.jpg 48w, https:\/\/blogsaverroes.juntadeandalucia.es\/ceipjuan23barbate\/files\/2017\/12\/MOVIL-MIO-DICIEMBRE-2017-1561.jpg 1600w\" sizes=\"(max-width: 300px) 100vw, 300px\" \/><\/a> <a href=\"https:\/\/blogsaverroes.juntadeandalucia.es\/ceipjuan23barbate\/files\/2017\/12\/MOVIL-MIO-DICIEMBRE-2017-1560.jpg\"><img loading=\"lazy\" decoding=\"async\" class=\"size-medium wp-image-2602 aligncenter\" src=\"https:\/\/blogsaverroes.juntadeandalucia.es\/ceipjuan23barbate\/files\/2017\/12\/MOVIL-MIO-DICIEMBRE-2017-1560-300x169.jpg\" alt=\"\" width=\"300\" height=\"169\" srcset=\"https:\/\/blogsaverroes.juntadeandalucia.es\/ceipjuan23barbate\/files\/2017\/12\/MOVIL-MIO-DICIEMBRE-2017-1560-300x169.jpg 300w, https:\/\/blogsaverroes.juntadeandalucia.es\/ceipjuan23barbate\/files\/2017\/12\/MOVIL-MIO-DICIEMBRE-2017-1560-768x432.jpg 768w, https:\/\/blogsaverroes.juntadeandalucia.es\/ceipjuan23barbate\/files\/2017\/12\/MOVIL-MIO-DICIEMBRE-2017-1560-1024x576.jpg 1024w, https:\/\/blogsaverroes.juntadeandalucia.es\/ceipjuan23barbate\/files\/2017\/12\/MOVIL-MIO-DICIEMBRE-2017-1560-24x14.jpg 24w, https:\/\/blogsaverroes.juntadeandalucia.es\/ceipjuan23barbate\/files\/2017\/12\/MOVIL-MIO-DICIEMBRE-2017-1560-36x20.jpg 36w, https:\/\/blogsaverroes.juntadeandalucia.es\/ceipjuan23barbate\/files\/2017\/12\/MOVIL-MIO-DICIEMBRE-2017-1560-48x27.jpg 48w, https:\/\/blogsaverroes.juntadeandalucia.es\/ceipjuan23barbate\/files\/2017\/12\/MOVIL-MIO-DICIEMBRE-2017-1560.jpg 1600w\" sizes=\"(max-width: 300px) 100vw, 300px\" \/><\/a> <a href=\"https:\/\/blogsaverroes.juntadeandalucia.es\/ceipjuan23barbate\/files\/2017\/12\/MOVIL-MIO-DICIEMBRE-2017-1557.jpg\"><img loading=\"lazy\" decoding=\"async\" class=\"size-medium wp-image-2601 aligncenter\" src=\"https:\/\/blogsaverroes.juntadeandalucia.es\/ceipjuan23barbate\/files\/2017\/12\/MOVIL-MIO-DICIEMBRE-2017-1557-300x169.jpg\" alt=\"\" width=\"300\" height=\"169\" srcset=\"https:\/\/blogsaverroes.juntadeandalucia.es\/ceipjuan23barbate\/files\/2017\/12\/MOVIL-MIO-DICIEMBRE-2017-1557-300x169.jpg 300w, https:\/\/blogsaverroes.juntadeandalucia.es\/ceipjuan23barbate\/files\/2017\/12\/MOVIL-MIO-DICIEMBRE-2017-1557-768x432.jpg 768w, https:\/\/blogsaverroes.juntadeandalucia.es\/ceipjuan23barbate\/files\/2017\/12\/MOVIL-MIO-DICIEMBRE-2017-1557-1024x576.jpg 1024w, https:\/\/blogsaverroes.juntadeandalucia.es\/ceipjuan23barbate\/files\/2017\/12\/MOVIL-MIO-DICIEMBRE-2017-1557-24x14.jpg 24w, https:\/\/blogsaverroes.juntadeandalucia.es\/ceipjuan23barbate\/files\/2017\/12\/MOVIL-MIO-DICIEMBRE-2017-1557-36x20.jpg 36w, https:\/\/blogsaverroes.juntadeandalucia.es\/ceipjuan23barbate\/files\/2017\/12\/MOVIL-MIO-DICIEMBRE-2017-1557-48x27.jpg 48w, https:\/\/blogsaverroes.juntadeandalucia.es\/ceipjuan23barbate\/files\/2017\/12\/MOVIL-MIO-DICIEMBRE-2017-1557.jpg 1600w\" sizes=\"(max-width: 300px) 100vw, 300px\" \/><\/a> <a href=\"https:\/\/blogsaverroes.juntadeandalucia.es\/ceipjuan23barbate\/files\/2017\/12\/MOVIL-MIO-DICIEMBRE-2017-1556.jpg\"><img loading=\"lazy\" decoding=\"async\" class=\"size-medium wp-image-2600 aligncenter\" src=\"https:\/\/blogsaverroes.juntadeandalucia.es\/ceipjuan23barbate\/files\/2017\/12\/MOVIL-MIO-DICIEMBRE-2017-1556-300x169.jpg\" alt=\"\" width=\"300\" height=\"169\" srcset=\"https:\/\/blogsaverroes.juntadeandalucia.es\/ceipjuan23barbate\/files\/2017\/12\/MOVIL-MIO-DICIEMBRE-2017-1556-300x169.jpg 300w, https:\/\/blogsaverroes.juntadeandalucia.es\/ceipjuan23barbate\/files\/2017\/12\/MOVIL-MIO-DICIEMBRE-2017-1556-768x432.jpg 768w, https:\/\/blogsaverroes.juntadeandalucia.es\/ceipjuan23barbate\/files\/2017\/12\/MOVIL-MIO-DICIEMBRE-2017-1556-1024x576.jpg 1024w, https:\/\/blogsaverroes.juntadeandalucia.es\/ceipjuan23barbate\/files\/2017\/12\/MOVIL-MIO-DICIEMBRE-2017-1556-24x14.jpg 24w, https:\/\/blogsaverroes.juntadeandalucia.es\/ceipjuan23barbate\/files\/2017\/12\/MOVIL-MIO-DICIEMBRE-2017-1556-36x20.jpg 36w, https:\/\/blogsaverroes.juntadeandalucia.es\/ceipjuan23barbate\/files\/2017\/12\/MOVIL-MIO-DICIEMBRE-2017-1556-48x27.jpg 48w, https:\/\/blogsaverroes.juntadeandalucia.es\/ceipjuan23barbate\/files\/2017\/12\/MOVIL-MIO-DICIEMBRE-2017-1556.jpg 1600w\" sizes=\"(max-width: 300px) 100vw, 300px\" \/><\/a> <a href=\"https:\/\/blogsaverroes.juntadeandalucia.es\/ceipjuan23barbate\/files\/2017\/12\/MOVIL-MIO-DICIEMBRE-2017-1554.jpg\"><img loading=\"lazy\" decoding=\"async\" class=\"size-medium wp-image-2599 aligncenter\" src=\"https:\/\/blogsaverroes.juntadeandalucia.es\/ceipjuan23barbate\/files\/2017\/12\/MOVIL-MIO-DICIEMBRE-2017-1554-300x169.jpg\" alt=\"\" width=\"300\" height=\"169\" srcset=\"https:\/\/blogsaverroes.juntadeandalucia.es\/ceipjuan23barbate\/files\/2017\/12\/MOVIL-MIO-DICIEMBRE-2017-1554-300x169.jpg 300w, https:\/\/blogsaverroes.juntadeandalucia.es\/ceipjuan23barbate\/files\/2017\/12\/MOVIL-MIO-DICIEMBRE-2017-1554-768x432.jpg 768w, https:\/\/blogsaverroes.juntadeandalucia.es\/ceipjuan23barbate\/files\/2017\/12\/MOVIL-MIO-DICIEMBRE-2017-1554-1024x576.jpg 1024w, https:\/\/blogsaverroes.juntadeandalucia.es\/ceipjuan23barbate\/files\/2017\/12\/MOVIL-MIO-DICIEMBRE-2017-1554-24x14.jpg 24w, https:\/\/blogsaverroes.juntadeandalucia.es\/ceipjuan23barbate\/files\/2017\/12\/MOVIL-MIO-DICIEMBRE-2017-1554-36x20.jpg 36w, https:\/\/blogsaverroes.juntadeandalucia.es\/ceipjuan23barbate\/files\/2017\/12\/MOVIL-MIO-DICIEMBRE-2017-1554-48x27.jpg 48w, https:\/\/blogsaverroes.juntadeandalucia.es\/ceipjuan23barbate\/files\/2017\/12\/MOVIL-MIO-DICIEMBRE-2017-1554.jpg 1600w\" sizes=\"(max-width: 300px) 100vw, 300px\" \/><\/a> <a href=\"https:\/\/blogsaverroes.juntadeandalucia.es\/ceipjuan23barbate\/files\/2017\/12\/MOVIL-MIO-DICIEMBRE-2017-1553.jpg\"><img loading=\"lazy\" decoding=\"async\" class=\"size-medium wp-image-2598 aligncenter\" src=\"https:\/\/blogsaverroes.juntadeandalucia.es\/ceipjuan23barbate\/files\/2017\/12\/MOVIL-MIO-DICIEMBRE-2017-1553-300x169.jpg\" alt=\"\" width=\"300\" height=\"169\" srcset=\"https:\/\/blogsaverroes.juntadeandalucia.es\/ceipjuan23barbate\/files\/2017\/12\/MOVIL-MIO-DICIEMBRE-2017-1553-300x169.jpg 300w, https:\/\/blogsaverroes.juntadeandalucia.es\/ceipjuan23barbate\/files\/2017\/12\/MOVIL-MIO-DICIEMBRE-2017-1553-768x432.jpg 768w, https:\/\/blogsaverroes.juntadeandalucia.es\/ceipjuan23barbate\/files\/2017\/12\/MOVIL-MIO-DICIEMBRE-2017-1553-1024x576.jpg 1024w, https:\/\/blogsaverroes.juntadeandalucia.es\/ceipjuan23barbate\/files\/2017\/12\/MOVIL-MIO-DICIEMBRE-2017-1553-24x14.jpg 24w, https:\/\/blogsaverroes.juntadeandalucia.es\/ceipjuan23barbate\/files\/2017\/12\/MOVIL-MIO-DICIEMBRE-2017-1553-36x20.jpg 36w, https:\/\/blogsaverroes.juntadeandalucia.es\/ceipjuan23barbate\/files\/2017\/12\/MOVIL-MIO-DICIEMBRE-2017-1553-48x27.jpg 48w, https:\/\/blogsaverroes.juntadeandalucia.es\/ceipjuan23barbate\/files\/2017\/12\/MOVIL-MIO-DICIEMBRE-2017-1553.jpg 1600w\" sizes=\"(max-width: 300px) 100vw, 300px\" \/><\/a> <a href=\"https:\/\/blogsaverroes.juntadeandalucia.es\/ceipjuan23barbate\/files\/2017\/12\/MOVIL-MIO-DICIEMBRE-2017-1549.jpg\"><img loading=\"lazy\" decoding=\"async\" class=\"size-medium wp-image-2596 aligncenter\" src=\"https:\/\/blogsaverroes.juntadeandalucia.es\/ceipjuan23barbate\/files\/2017\/12\/MOVIL-MIO-DICIEMBRE-2017-1549-300x169.jpg\" alt=\"\" width=\"300\" height=\"169\" srcset=\"https:\/\/blogsaverroes.juntadeandalucia.es\/ceipjuan23barbate\/files\/2017\/12\/MOVIL-MIO-DICIEMBRE-2017-1549-300x169.jpg 300w, https:\/\/blogsaverroes.juntadeandalucia.es\/ceipjuan23barbate\/files\/2017\/12\/MOVIL-MIO-DICIEMBRE-2017-1549-768x432.jpg 768w, https:\/\/blogsaverroes.juntadeandalucia.es\/ceipjuan23barbate\/files\/2017\/12\/MOVIL-MIO-DICIEMBRE-2017-1549-1024x576.jpg 1024w, https:\/\/blogsaverroes.juntadeandalucia.es\/ceipjuan23barbate\/files\/2017\/12\/MOVIL-MIO-DICIEMBRE-2017-1549-24x14.jpg 24w, https:\/\/blogsaverroes.juntadeandalucia.es\/ceipjuan23barbate\/files\/2017\/12\/MOVIL-MIO-DICIEMBRE-2017-1549-36x20.jpg 36w, https:\/\/blogsaverroes.juntadeandalucia.es\/ceipjuan23barbate\/files\/2017\/12\/MOVIL-MIO-DICIEMBRE-2017-1549-48x27.jpg 48w, https:\/\/blogsaverroes.juntadeandalucia.es\/ceipjuan23barbate\/files\/2017\/12\/MOVIL-MIO-DICIEMBRE-2017-1549.jpg 1600w\" sizes=\"(max-width: 300px) 100vw, 300px\" \/><\/a> <a href=\"https:\/\/blogsaverroes.juntadeandalucia.es\/ceipjuan23barbate\/files\/2017\/12\/MOVIL-MIO-DICIEMBRE-2017-1545.jpg\"><img loading=\"lazy\" decoding=\"async\" class=\"size-medium wp-image-2594 aligncenter\" src=\"https:\/\/blogsaverroes.juntadeandalucia.es\/ceipjuan23barbate\/files\/2017\/12\/MOVIL-MIO-DICIEMBRE-2017-1545-300x169.jpg\" alt=\"\" width=\"300\" height=\"169\" srcset=\"https:\/\/blogsaverroes.juntadeandalucia.es\/ceipjuan23barbate\/files\/2017\/12\/MOVIL-MIO-DICIEMBRE-2017-1545-300x169.jpg 300w, https:\/\/blogsaverroes.juntadeandalucia.es\/ceipjuan23barbate\/files\/2017\/12\/MOVIL-MIO-DICIEMBRE-2017-1545-768x432.jpg 768w, https:\/\/blogsaverroes.juntadeandalucia.es\/ceipjuan23barbate\/files\/2017\/12\/MOVIL-MIO-DICIEMBRE-2017-1545-1024x576.jpg 1024w, https:\/\/blogsaverroes.juntadeandalucia.es\/ceipjuan23barbate\/files\/2017\/12\/MOVIL-MIO-DICIEMBRE-2017-1545-24x14.jpg 24w, https:\/\/blogsaverroes.juntadeandalucia.es\/ceipjuan23barbate\/files\/2017\/12\/MOVIL-MIO-DICIEMBRE-2017-1545-36x20.jpg 36w, https:\/\/blogsaverroes.juntadeandalucia.es\/ceipjuan23barbate\/files\/2017\/12\/MOVIL-MIO-DICIEMBRE-2017-1545-48x27.jpg 48w, https:\/\/blogsaverroes.juntadeandalucia.es\/ceipjuan23barbate\/files\/2017\/12\/MOVIL-MIO-DICIEMBRE-2017-1545.jpg 1600w\" sizes=\"(max-width: 300px) 100vw, 300px\" \/><\/a> <a href=\"https:\/\/blogsaverroes.juntadeandalucia.es\/ceipjuan23barbate\/files\/2017\/12\/MOVIL-MIO-DICIEMBRE-2017-1543.jpg\"><img loading=\"lazy\" decoding=\"async\" class=\"size-medium wp-image-2593 aligncenter\" src=\"https:\/\/blogsaverroes.juntadeandalucia.es\/ceipjuan23barbate\/files\/2017\/12\/MOVIL-MIO-DICIEMBRE-2017-1543-300x169.jpg\" alt=\"\" width=\"300\" height=\"169\" srcset=\"https:\/\/blogsaverroes.juntadeandalucia.es\/ceipjuan23barbate\/files\/2017\/12\/MOVIL-MIO-DICIEMBRE-2017-1543-300x169.jpg 300w, https:\/\/blogsaverroes.juntadeandalucia.es\/ceipjuan23barbate\/files\/2017\/12\/MOVIL-MIO-DICIEMBRE-2017-1543-768x432.jpg 768w, https:\/\/blogsaverroes.juntadeandalucia.es\/ceipjuan23barbate\/files\/2017\/12\/MOVIL-MIO-DICIEMBRE-2017-1543-1024x576.jpg 1024w, https:\/\/blogsaverroes.juntadeandalucia.es\/ceipjuan23barbate\/files\/2017\/12\/MOVIL-MIO-DICIEMBRE-2017-1543-24x14.jpg 24w, https:\/\/blogsaverroes.juntadeandalucia.es\/ceipjuan23barbate\/files\/2017\/12\/MOVIL-MIO-DICIEMBRE-2017-1543-36x20.jpg 36w, https:\/\/blogsaverroes.juntadeandalucia.es\/ceipjuan23barbate\/files\/2017\/12\/MOVIL-MIO-DICIEMBRE-2017-1543-48x27.jpg 48w, https:\/\/blogsaverroes.juntadeandalucia.es\/ceipjuan23barbate\/files\/2017\/12\/MOVIL-MIO-DICIEMBRE-2017-1543.jpg 1600w\" sizes=\"(max-width: 300px) 100vw, 300px\" \/><\/a> <a href=\"https:\/\/blogsaverroes.juntadeandalucia.es\/ceipjuan23barbate\/files\/2017\/12\/MOVIL-MIO-DICIEMBRE-2017-1542.jpg\"><img loading=\"lazy\" decoding=\"async\" class=\"size-medium wp-image-2592 aligncenter\" src=\"https:\/\/blogsaverroes.juntadeandalucia.es\/ceipjuan23barbate\/files\/2017\/12\/MOVIL-MIO-DICIEMBRE-2017-1542-300x169.jpg\" alt=\"\" width=\"300\" height=\"169\" srcset=\"https:\/\/blogsaverroes.juntadeandalucia.es\/ceipjuan23barbate\/files\/2017\/12\/MOVIL-MIO-DICIEMBRE-2017-1542-300x169.jpg 300w, https:\/\/blogsaverroes.juntadeandalucia.es\/ceipjuan23barbate\/files\/2017\/12\/MOVIL-MIO-DICIEMBRE-2017-1542-768x432.jpg 768w, https:\/\/blogsaverroes.juntadeandalucia.es\/ceipjuan23barbate\/files\/2017\/12\/MOVIL-MIO-DICIEMBRE-2017-1542-1024x576.jpg 1024w, https:\/\/blogsaverroes.juntadeandalucia.es\/ceipjuan23barbate\/files\/2017\/12\/MOVIL-MIO-DICIEMBRE-2017-1542-24x14.jpg 24w, https:\/\/blogsaverroes.juntadeandalucia.es\/ceipjuan23barbate\/files\/2017\/12\/MOVIL-MIO-DICIEMBRE-2017-1542-36x20.jpg 36w, https:\/\/blogsaverroes.juntadeandalucia.es\/ceipjuan23barbate\/files\/2017\/12\/MOVIL-MIO-DICIEMBRE-2017-1542-48x27.jpg 48w, https:\/\/blogsaverroes.juntadeandalucia.es\/ceipjuan23barbate\/files\/2017\/12\/MOVIL-MIO-DICIEMBRE-2017-1542.jpg 1600w\" sizes=\"(max-width: 300px) 100vw, 300px\" \/><\/a> <a href=\"https:\/\/blogsaverroes.juntadeandalucia.es\/ceipjuan23barbate\/files\/2017\/12\/MOVIL-MIO-DICIEMBRE-2017-1541.jpg\"><img loading=\"lazy\" decoding=\"async\" class=\"size-medium wp-image-2591 aligncenter\" src=\"https:\/\/blogsaverroes.juntadeandalucia.es\/ceipjuan23barbate\/files\/2017\/12\/MOVIL-MIO-DICIEMBRE-2017-1541-300x169.jpg\" alt=\"\" width=\"300\" height=\"169\" srcset=\"https:\/\/blogsaverroes.juntadeandalucia.es\/ceipjuan23barbate\/files\/2017\/12\/MOVIL-MIO-DICIEMBRE-2017-1541-300x169.jpg 300w, https:\/\/blogsaverroes.juntadeandalucia.es\/ceipjuan23barbate\/files\/2017\/12\/MOVIL-MIO-DICIEMBRE-2017-1541-768x432.jpg 768w, https:\/\/blogsaverroes.juntadeandalucia.es\/ceipjuan23barbate\/files\/2017\/12\/MOVIL-MIO-DICIEMBRE-2017-1541-1024x576.jpg 1024w, https:\/\/blogsaverroes.juntadeandalucia.es\/ceipjuan23barbate\/files\/2017\/12\/MOVIL-MIO-DICIEMBRE-2017-1541-24x14.jpg 24w, https:\/\/blogsaverroes.juntadeandalucia.es\/ceipjuan23barbate\/files\/2017\/12\/MOVIL-MIO-DICIEMBRE-2017-1541-36x20.jpg 36w, https:\/\/blogsaverroes.juntadeandalucia.es\/ceipjuan23barbate\/files\/2017\/12\/MOVIL-MIO-DICIEMBRE-2017-1541-48x27.jpg 48w, https:\/\/blogsaverroes.juntadeandalucia.es\/ceipjuan23barbate\/files\/2017\/12\/MOVIL-MIO-DICIEMBRE-2017-1541.jpg 1600w\" sizes=\"(max-width: 300px) 100vw, 300px\" \/><\/a><\/p>\n","protected":false},"excerpt":{"rendered":"<p>&nbsp; PROGRAMA EDUCATIVO ALIMENTA-ACCI\u00d3N Programa en el que participa el Centro por el cual se hace reflexionar al alumnado sobre c\u00f3mo debemos cuidar el planeta para dejarlo a las futuras generaciones. A lo largo&#46;&#46;&#46;<\/p>\n","protected":false},"author":4600,"featured_media":0,"parent":0,"menu_order":0,"comment_status":"closed","ping_status":"closed","template":"","meta":{"ngg_post_thumbnail":0,"footnotes":"","_mc_calendar":[]},"aioseo_notices":[],"_links":{"self":[{"href":"https:\/\/blogsaverroes.juntadeandalucia.es\/ceipjuan23barbate\/wp-json\/wp\/v2\/pages\/2454"}],"collection":[{"href":"https:\/\/blogsaverroes.juntadeandalucia.es\/ceipjuan23barbate\/wp-json\/wp\/v2\/pages"}],"about":[{"href":"https:\/\/blogsaverroes.juntadeandalucia.es\/ceipjuan23barbate\/wp-json\/wp\/v2\/types\/page"}],"author":[{"embeddable":true,"href":"https:\/\/blogsaverroes.juntadeandalucia.es\/ceipjuan23barbate\/wp-json\/wp\/v2\/users\/4600"}],"replies":[{"embeddable":true,"href":"https:\/\/blogsaverroes.juntadeandalucia.es\/ceipjuan23barbate\/wp-json\/wp\/v2\/comments?post=2454"}],"version-history":[{"count":4,"href":"https:\/\/blogsaverroes.juntadeandalucia.es\/ceipjuan23barbate\/wp-json\/wp\/v2\/pages\/2454\/revisions"}],"predecessor-version":[{"id":2671,"href":"https:\/\/blogsaverroes.juntadeandalucia.es\/ceipjuan23barbate\/wp-json\/wp\/v2\/pages\/2454\/revisions\/2671"}],"wp:attachment":[{"href":"https:\/\/blogsaverroes.juntadeandalucia.es\/ceipjuan23barbate\/wp-json\/wp\/v2\/media?parent=2454"}],"curies":[{"name":"wp","href":"https:\/\/api.w.org\/{rel}","templated":true}]}}