{"id":2812,"date":"2019-12-01T17:11:00","date_gmt":"2019-12-01T17:11:00","guid":{"rendered":"https:\/\/blogsaverroes.juntadeandalucia.es\/ceipjuan23barbate\/?page_id=2812"},"modified":"2021-11-15T21:10:04","modified_gmt":"2021-11-15T21:10:04","slug":"dia-de-halloween","status":"publish","type":"page","link":"https:\/\/blogsaverroes.juntadeandalucia.es\/ceipjuan23barbate\/dia-de-halloween\/","title":{"rendered":"D\u00cdA DE HALLOWEEN 2021"},"content":{"rendered":"<p style=\"text-align: justify\">Durante el presente curso hemos trabajado Halloween con actividades l\u00fadicas y saludables.&nbsp;<\/p>\n<p style=\"text-align: justify\">A continuaci\u00f3n os dejamos una muestra de fotos de dibujos y cuentos terror\u00edficos, y uno de los v\u00eddeos sobre los desayunos saludables de primero de Educaci\u00f3n primaria.<\/p>\n<p>Al final de esta noticia encontrar\u00e9is un enlace para ver el resumen al completo. \u00a1Disfrutadlo!.<\/p>\n<p><a href=\"https:\/\/blogsaverroes.juntadeandalucia.es\/ceipjuan23barbate\/files\/2021\/11\/WhatsApp-Image-2021-11-10-at-12.17.27.jpeg\"><img loading=\"lazy\" decoding=\"async\" class=\"alignnone wp-image-3364\" src=\"https:\/\/blogsaverroes.juntadeandalucia.es\/ceipjuan23barbate\/files\/2021\/11\/WhatsApp-Image-2021-11-10-at-12.17.27-300x169.jpeg\" alt=\"\" width=\"238\" height=\"134\" srcset=\"https:\/\/blogsaverroes.juntadeandalucia.es\/ceipjuan23barbate\/files\/2021\/11\/WhatsApp-Image-2021-11-10-at-12.17.27-300x169.jpeg 300w, https:\/\/blogsaverroes.juntadeandalucia.es\/ceipjuan23barbate\/files\/2021\/11\/WhatsApp-Image-2021-11-10-at-12.17.27-1024x576.jpeg 1024w, https:\/\/blogsaverroes.juntadeandalucia.es\/ceipjuan23barbate\/files\/2021\/11\/WhatsApp-Image-2021-11-10-at-12.17.27-768x432.jpeg 768w, https:\/\/blogsaverroes.juntadeandalucia.es\/ceipjuan23barbate\/files\/2021\/11\/WhatsApp-Image-2021-11-10-at-12.17.27-1536x864.jpeg 1536w, https:\/\/blogsaverroes.juntadeandalucia.es\/ceipjuan23barbate\/files\/2021\/11\/WhatsApp-Image-2021-11-10-at-12.17.27.jpeg 1600w\" sizes=\"(max-width: 238px) 100vw, 238px\" \/>&nbsp; <\/a> <a href=\"https:\/\/blogsaverroes.juntadeandalucia.es\/ceipjuan23barbate\/files\/2021\/11\/WhatsApp-Image-2021-11-10-at-12.17.18.jpeg\"><img loading=\"lazy\" decoding=\"async\" class=\"alignnone wp-image-3365\" src=\"https:\/\/blogsaverroes.juntadeandalucia.es\/ceipjuan23barbate\/files\/2021\/11\/WhatsApp-Image-2021-11-10-at-12.17.18-300x169.jpeg\" alt=\"\" width=\"247\" height=\"139\" srcset=\"https:\/\/blogsaverroes.juntadeandalucia.es\/ceipjuan23barbate\/files\/2021\/11\/WhatsApp-Image-2021-11-10-at-12.17.18-300x169.jpeg 300w, https:\/\/blogsaverroes.juntadeandalucia.es\/ceipjuan23barbate\/files\/2021\/11\/WhatsApp-Image-2021-11-10-at-12.17.18-1024x576.jpeg 1024w, https:\/\/blogsaverroes.juntadeandalucia.es\/ceipjuan23barbate\/files\/2021\/11\/WhatsApp-Image-2021-11-10-at-12.17.18-768x432.jpeg 768w, https:\/\/blogsaverroes.juntadeandalucia.es\/ceipjuan23barbate\/files\/2021\/11\/WhatsApp-Image-2021-11-10-at-12.17.18-1536x864.jpeg 1536w, https:\/\/blogsaverroes.juntadeandalucia.es\/ceipjuan23barbate\/files\/2021\/11\/WhatsApp-Image-2021-11-10-at-12.17.18.jpeg 1600w\" sizes=\"(max-width: 247px) 100vw, 247px\" \/><\/a><\/p>\n<p><a href=\"https:\/\/blogsaverroes.juntadeandalucia.es\/ceipjuan23barbate\/files\/2021\/11\/WhatsApp-Image-2021-11-10-at-12.17.09.jpeg\"><img loading=\"lazy\" decoding=\"async\" class=\"alignnone size-medium wp-image-3366\" src=\"https:\/\/blogsaverroes.juntadeandalucia.es\/ceipjuan23barbate\/files\/2021\/11\/WhatsApp-Image-2021-11-10-at-12.17.09-225x300.jpeg\" alt=\"\" width=\"225\" height=\"300\" srcset=\"https:\/\/blogsaverroes.juntadeandalucia.es\/ceipjuan23barbate\/files\/2021\/11\/WhatsApp-Image-2021-11-10-at-12.17.09-225x300.jpeg 225w, https:\/\/blogsaverroes.juntadeandalucia.es\/ceipjuan23barbate\/files\/2021\/11\/WhatsApp-Image-2021-11-10-at-12.17.09.jpeg 768w\" sizes=\"(max-width: 225px) 100vw, 225px\" \/>&nbsp; &nbsp; &nbsp; &nbsp; &nbsp; &nbsp; <\/a> <a href=\"https:\/\/blogsaverroes.juntadeandalucia.es\/ceipjuan23barbate\/files\/2021\/11\/WhatsApp-Image-2021-11-10-at-12.16.50.jpeg\"><img loading=\"lazy\" decoding=\"async\" class=\"alignnone size-medium wp-image-3367\" src=\"https:\/\/blogsaverroes.juntadeandalucia.es\/ceipjuan23barbate\/files\/2021\/11\/WhatsApp-Image-2021-11-10-at-12.16.50-225x300.jpeg\" alt=\"\" width=\"225\" height=\"300\" srcset=\"https:\/\/blogsaverroes.juntadeandalucia.es\/ceipjuan23barbate\/files\/2021\/11\/WhatsApp-Image-2021-11-10-at-12.16.50-225x300.jpeg 225w, https:\/\/blogsaverroes.juntadeandalucia.es\/ceipjuan23barbate\/files\/2021\/11\/WhatsApp-Image-2021-11-10-at-12.16.50.jpeg 768w\" sizes=\"(max-width: 225px) 100vw, 225px\" \/><\/a><\/p>\n<p><a href=\"https:\/\/blogsaverroes.juntadeandalucia.es\/ceipjuan23barbate\/files\/2021\/11\/WhatsApp-Image-2021-11-10-at-12.16.59.jpeg\"><img loading=\"lazy\" decoding=\"async\" class=\"size-medium wp-image-3368 aligncenter\" src=\"https:\/\/blogsaverroes.juntadeandalucia.es\/ceipjuan23barbate\/files\/2021\/11\/WhatsApp-Image-2021-11-10-at-12.16.59-300x225.jpeg\" alt=\"\" width=\"300\" height=\"225\" srcset=\"https:\/\/blogsaverroes.juntadeandalucia.es\/ceipjuan23barbate\/files\/2021\/11\/WhatsApp-Image-2021-11-10-at-12.16.59-300x225.jpeg 300w, https:\/\/blogsaverroes.juntadeandalucia.es\/ceipjuan23barbate\/files\/2021\/11\/WhatsApp-Image-2021-11-10-at-12.16.59-768x576.jpeg 768w, https:\/\/blogsaverroes.juntadeandalucia.es\/ceipjuan23barbate\/files\/2021\/11\/WhatsApp-Image-2021-11-10-at-12.16.59.jpeg 1024w\" sizes=\"(max-width: 300px) 100vw, 300px\" \/><\/a><\/p>\n<p>&nbsp;<\/p>\n<div style=\"width: 848px;\" class=\"wp-video\"><!--[if lt IE 9]><script>document.createElement('video');<\/script><![endif]-->\n<video class=\"wp-video-shortcode\" id=\"video-2812-1\" width=\"848\" height=\"480\" preload=\"metadata\" controls=\"controls\"><source type=\"video\/mp4\" src=\"https:\/\/blogsaverroes.juntadeandalucia.es\/ceipjuan23barbate\/files\/2021\/11\/WhatsApp-Video-2021-11-10-at-12.18.32.mp4?_=1\" \/><a href=\"https:\/\/blogsaverroes.juntadeandalucia.es\/ceipjuan23barbate\/files\/2021\/11\/WhatsApp-Video-2021-11-10-at-12.18.32.mp4\">https:\/\/blogsaverroes.juntadeandalucia.es\/ceipjuan23barbate\/files\/2021\/11\/WhatsApp-Video-2021-11-10-at-12.18.32.mp4<\/a><\/video><\/div>\n<p>&nbsp;<\/p>\n<h3><strong>Halloween en el Juan XXIII:<\/strong><\/h3>\n<p>https:\/\/drive.google.com\/file\/d\/1MgPA5ROaUKaq3JnjNZy2InrMK2D4iRox\/view?usp=sharing<\/p>\n","protected":false},"excerpt":{"rendered":"<p>Durante el presente curso hemos trabajado Halloween con actividades l\u00fadicas y saludables.&nbsp; A continuaci\u00f3n os dejamos una muestra de fotos de dibujos y cuentos terror\u00edficos, y uno de los v\u00eddeos sobre los desayunos saludables&#46;&#46;&#46;<\/p>\n","protected":false},"author":4600,"featured_media":0,"parent":0,"menu_order":0,"comment_status":"closed","ping_status":"closed","template":"","meta":{"ngg_post_thumbnail":0,"footnotes":"","_mc_calendar":[]},"aioseo_notices":[],"_links":{"self":[{"href":"https:\/\/blogsaverroes.juntadeandalucia.es\/ceipjuan23barbate\/wp-json\/wp\/v2\/pages\/2812"}],"collection":[{"href":"https:\/\/blogsaverroes.juntadeandalucia.es\/ceipjuan23barbate\/wp-json\/wp\/v2\/pages"}],"about":[{"href":"https:\/\/blogsaverroes.juntadeandalucia.es\/ceipjuan23barbate\/wp-json\/wp\/v2\/types\/page"}],"author":[{"embeddable":true,"href":"https:\/\/blogsaverroes.juntadeandalucia.es\/ceipjuan23barbate\/wp-json\/wp\/v2\/users\/4600"}],"replies":[{"embeddable":true,"href":"https:\/\/blogsaverroes.juntadeandalucia.es\/ceipjuan23barbate\/wp-json\/wp\/v2\/comments?post=2812"}],"version-history":[{"count":8,"href":"https:\/\/blogsaverroes.juntadeandalucia.es\/ceipjuan23barbate\/wp-json\/wp\/v2\/pages\/2812\/revisions"}],"predecessor-version":[{"id":3394,"href":"https:\/\/blogsaverroes.juntadeandalucia.es\/ceipjuan23barbate\/wp-json\/wp\/v2\/pages\/2812\/revisions\/3394"}],"wp:attachment":[{"href":"https:\/\/blogsaverroes.juntadeandalucia.es\/ceipjuan23barbate\/wp-json\/wp\/v2\/media?parent=2812"}],"curies":[{"name":"wp","href":"https:\/\/api.w.org\/{rel}","templated":true}]}}